{"id":1015,"date":"2024-05-17T13:38:24","date_gmt":"2024-05-17T11:38:24","guid":{"rendered":"https:\/\/kehila-olomouc.cz\/stolpersteine\/?page_id=1015"},"modified":"2025-11-11T21:03:09","modified_gmt":"2025-11-11T20:03:09","slug":"uvod","status":"publish","type":"page","link":"https:\/\/kehila-olomouc.cz\/stolpersteine\/","title":{"rendered":"\u00davod"},"content":{"rendered":"<h1><strong>Stolpersteine\u00a0Olomouc<\/strong><\/h1>\n<div>\n<p style=\"text-align: justify;\"><span>S my\u0161lenkou p\u0159ipomenout ob\u011bti holokaustu um\u00edst\u011bn\u00edm pam\u011btn\u00edho kamene p\u0159ed d\u016fm, kde p\u0159ed deportac\u00ed do koncentra\u010dn\u00edho t\u00e1bora \u017eil \u010dlov\u011bk zavra\u017ed\u011bn\u00fd nacisty, p\u0159i\u0161el v letech 1993\/94 n\u011bmeck\u00fd um\u011blec Gunter Demnig. N\u00e1pad p\u0159en\u00e9st tento projekt do \u010cesk\u00e9 republiky vze\u0161el z prost\u0159ed\u00ed \u010cesk\u00e9 unie \u017eidovsk\u00e9 ml\u00e1de\u017ee, p\u0159i\u010dem\u017e prvn\u00ed kameny byly polo\u017eeny v pra\u017esk\u00fdch chodn\u00edc\u00edch v \u0159\u00edjnu 2008. \u017didovsk\u00e1 obec Olomouc pak za\u010dala kameny Stolpersteine pokl\u00e1dat v Olomouci od roku 2011. <strong>V p\u0159\u00edpad\u011b z\u00e1jmu o polo\u017een\u00ed kamen\u016f Stolpersteine kontaktujte\u00a0<\/strong><\/span><strong><a rel=\"nofollow noopener\" class=\"reset interactable cursor-pointer decoration-1 underline-offset-1 text-super hover:underline font-semibold\" target=\"_blank\" href=\"mailto:kehila@kehila-olomouc.cz\"><span class=\"text-box-trim-both\">kehila@kehila-olomouc.cz<\/span><\/a>. <\/strong><\/p>\n<p><b><a href=\"http:\/\/www.stolpersteine.com\/\" target=\"_blank\" rel=\"noopener noreferrer\">Stolpersteine<\/a>, jsou betonov\u00e9 kostky o rozm\u011brech 10 x 10 x 10 cm s n\u00e1pisem na mosazn\u00e9 desti\u010dce na vrchu, vyz\u00fdvaj\u00ed kolemjdouc\u00ed, aby se zastavili a vzdali \u00factu jm\u00e9nu ob\u011bti vyryt\u00e9mu na kameni.<\/b><\/p>\n<p>K listopadu 2025 se v Olomouci nach\u00e1z\u00ed <strong>408 kamen\u016f.<\/strong>\u00a0<\/p>\n<p><a href=\"https:\/\/www.youtube.com\/watch?v=VO4xv4_vgj8\" target=\"_blank\" rel=\"noopener\">Jak \u010distit Stolpersteine.<\/a><\/p>\n<\/div>\n<ul>\n<li>\n<h3>Seznam<\/h3>\n<p><a href=\"https:\/\/kehila-olomouc.cz\/stolpersteine\/seznam\/\"><\/a><\/p>\n<\/li>\n<li>\n<h3>Mapa<\/h3>\n<p><a href=\"https:\/\/kehila-olomouc.cz\/stolpersteine\/mapa\/\"><\/a><\/p>\n<\/li>\n<\/ul>\n<p><img decoding=\"async\" src=\"\/stolpersteine\/wp-content\/uploads\/2024\/06\/IMG_7714.jpg\" alt=\"\"><\/p>\n<ul>\n<li>\n<p>        <img decoding=\"async\" src=\"\/stolpersteine\/wp-content\/uploads\/2024\/12\/P1060675-scaled.jpg\" alt=\"\"><\/p>\n<h3>P1060675<\/h3>\n<\/li>\n<li>\n<p>        <img decoding=\"async\" src=\"\/stolpersteine\/wp-content\/uploads\/2024\/12\/IMG_9613-2-scaled.jpg\" alt=\"\"><\/p>\n<h3>IMG_9613<\/h3>\n<\/li>\n<\/ul>\n<p><!--more--><br \/>\n<!-- {\"type\":\"layout\",\"children\":[{\"type\":\"section\",\"props\":{\"image_position\":\"center-center\",\"style\":\"default\",\"title_breakpoint\":\"xl\",\"title_position\":\"top-left\",\"title_rotation\":\"left\",\"vertical_align\":\"middle\",\"width\":\"default\"},\"children\":[{\"type\":\"row\",\"props\":{\"column_gap\":\"large\",\"layout\":\"1-2,1-2\"},\"children\":[{\"type\":\"column\",\"props\":{\"image_position\":\"center-center\",\"position_sticky_breakpoint\":\"m\",\"width_medium\":\"1-2\"},\"children\":[{\"type\":\"headline\",\"props\":{\"content\":\"<strong>Stolpersteine\\u00a0Olomouc<\\\/strong>\",\"title_element\":\"h1\",\"title_style\":\"heading-small\"}},{\"type\":\"text\",\"props\":{\"column_breakpoint\":\"m\",\"content\":\"\n\n<p style=\\\"text-align: justify;\\\"><span>S my\\u0161lenkou p\\u0159ipomenout ob\\u011bti holokaustu um\\u00edst\\u011bn\\u00edm pam\\u011btn\\u00edho kamene p\\u0159ed d\\u016fm, kde p\\u0159ed deportac\\u00ed do koncentra\\u010dn\\u00edho t\\u00e1bora \\u017eil \\u010dlov\\u011bk zavra\\u017ed\\u011bn\\u00fd nacisty, p\\u0159i\\u0161el v letech 1993\\\/94 n\\u011bmeck\\u00fd um\\u011blec Gunter Demnig. N\\u00e1pad p\\u0159en\\u00e9st tento projekt do \\u010cesk\\u00e9 republiky vze\\u0161el z prost\\u0159ed\\u00ed \\u010cesk\\u00e9 unie \\u017eidovsk\\u00e9 ml\\u00e1de\\u017ee, p\\u0159i\\u010dem\\u017e prvn\\u00ed kameny byly polo\\u017eeny v pra\\u017esk\\u00fdch chodn\\u00edc\\u00edch v \\u0159\\u00edjnu 2008. \\u017didovsk\\u00e1 obec Olomouc pak za\\u010dala kameny Stolpersteine pokl\\u00e1dat v Olomouci od roku 2011. <strong>V p\\u0159\\u00edpad\\u011b z\\u00e1jmu o polo\\u017een\\u00ed kamen\\u016f Stolpersteine kontaktujte\\u00a0<\\\/strong><\\\/span><strong><a rel=\\\"nofollow noopener\\\" class=\\\"reset interactable cursor-pointer decoration-1 underline-offset-1 text-super hover:underline font-semibold\\\" target=\\\"_blank\\\" href=\\\"mailto:kehila@kehila-olomouc.cz\\\"><span class=\\\"text-box-trim-both\\\">kehila@kehila-olomouc.cz<\\\/span><\\\/a>. <\\\/strong><\\\/p>\\n\n\n<p><b><a href=\\\"http:\\\/\\\/www.stolpersteine.com\\\/\\\" target=\\\"_blank\\\" rel=\\\"noopener noreferrer\\\">Stolpersteine<\\\/a>, jsou betonov\\u00e9 kostky o rozm\\u011brech 10 x 10 x 10 cm s n\\u00e1pisem na mosazn\\u00e9 desti\\u010dce na vrchu, vyz\\u00fdvaj\\u00ed kolemjdouc\\u00ed, aby se zastavili a vzdali \\u00factu jm\\u00e9nu ob\\u011bti vyryt\\u00e9mu na kameni.<\\\/b><\\\/p>\\n\n\n<p>K listopadu 2025 se v Olomouci nach\\u00e1z\\u00ed <strong>408 kamen\\u016f.<\\\/strong>\\u00a0<br \\\/><br \\\/><a href=\\\"https:\\\/\\\/www.youtube.com\\\/watch?v=VO4xv4_vgj8\\\" target=\\\"_blank\\\" rel=\\\"noopener\\\">Jak \\u010distit Stolpersteine.<\\\/a><\\\/p>\",\"css\":\".el-element {font-size: 120%; letter-spacing: 0; }\",\"margin\":\"default\"}},{\"type\":\"button\",\"props\":{\"button_size\":\"large\",\"fullwidth\":true,\"grid_column_gap\":\"small\",\"grid_row_gap\":\"small\",\"margin\":\"default\",\"status\":\"disabled\"},\"children\":[{\"type\":\"button_item\",\"props\":{\"button_style\":\"primary\",\"content\":\"M\\u00e1te z\\u00e1jem o polo\\u017een\\u00ed kamen\\u016f Stolpersteine?\",\"icon\":\"info\",\"icon_align\":\"left\",\"link\":\"#footer\"}}]},{\"type\":\"grid\",\"props\":{\"content_column_breakpoint\":\"m\",\"css\":\".uk-panel {border-radius:8px !important; padding: 30px;}\",\"filter_align\":\"left\",\"filter_all\":true,\"filter_grid_breakpoint\":\"m\",\"filter_grid_width\":\"auto\",\"filter_position\":\"top\",\"filter_style\":\"tab\",\"grid_default\":\"1\",\"grid_medium\":\"2\",\"icon_width\":\"40\",\"image_align\":\"left\",\"image_grid_breakpoint\":\"m\",\"image_grid_column_gap\":\"small\",\"image_grid_row_gap\":\"collapse\",\"image_grid_width\":\"1-3\",\"image_svg_color\":\"emphasis\",\"image_transition\":\"scale-up\",\"image_vertical_align\":true,\"item_animation\":true,\"link_style\":\"default\",\"link_text\":\"\",\"margin\":\"medium\",\"meta_align\":\"below-title\",\"meta_element\":\"div\",\"meta_style\":\"text-meta\",\"panel_link\":true,\"panel_padding\":\"default\",\"panel_style\":\"tile-primary\",\"show_content\":true,\"show_image\":true,\"show_link\":true,\"show_meta\":true,\"show_title\":true,\"text_align\":\"center\",\"title_align\":\"top\",\"title_element\":\"h3\",\"title_grid_breakpoint\":\"m\",\"title_grid_width\":\"1-2\",\"title_hover_style\":\"reset\"},\"children\":[{\"type\":\"grid_item\",\"props\":{\"icon\":\"table\",\"link\":\"https:\\\/\\\/kehila-olomouc.cz\\\/stolpersteine\\\/seznam\\\/\",\"title\":\"Seznam\"}},{\"type\":\"grid_item\",\"props\":{\"icon\":\"world\",\"link\":\"https:\\\/\\\/kehila-olomouc.cz\\\/stolpersteine\\\/mapa\\\/\",\"title\":\"Mapa\"}}]}]},{\"type\":\"column\",\"props\":{\"image_position\":\"center-center\",\"position_sticky_breakpoint\":\"m\",\"width_medium\":\"1-2\"},\"children\":[{\"type\":\"image\",\"props\":{\"css\":\".el-image {margin-bottom:10px;}\",\"image\":\"wp-content\\\/uploads\\\/2024\\\/06\\\/IMG_7714.jpg\",\"image_border\":\"rounded\",\"image_box_shadow\":\"medium\",\"image_svg_color\":\"emphasis\",\"margin\":\"remove-vertical\",\"margin_remove_top\":false}},{\"type\":\"grid\",\"props\":{\"content_column_breakpoint\":\"m\",\"filter_align\":\"left\",\"filter_all\":true,\"filter_grid_breakpoint\":\"m\",\"filter_grid_width\":\"auto\",\"filter_position\":\"top\",\"filter_style\":\"tab\",\"grid_column_gap\":\"medium\",\"grid_default\":\"1\",\"grid_medium\":\"2\",\"icon_width\":80,\"image_align\":\"top\",\"image_border\":\"rounded\",\"image_box_shadow\":\"medium\",\"image_grid_breakpoint\":\"m\",\"image_grid_width\":\"1-2\",\"image_svg_color\":\"emphasis\",\"item_animation\":true,\"link_style\":\"default\",\"link_text\":\"Read more\",\"margin\":\"default\",\"margin_remove_bottom\":false,\"margin_remove_top\":false,\"meta_align\":\"below-title\",\"meta_element\":\"div\",\"meta_style\":\"text-meta\",\"show_content\":false,\"show_image\":true,\"show_link\":false,\"show_meta\":false,\"show_title\":false,\"title_align\":\"top\",\"title_element\":\"h3\",\"title_grid_breakpoint\":\"m\",\"title_grid_width\":\"1-2\",\"title_hover_style\":\"reset\"},\"children\":[{\"type\":\"grid_item\",\"props\":{\"image\":\"wp-content\\\/uploads\\\/2024\\\/12\\\/P1060675-scaled.jpg\",\"title\":\"P1060675\"}},{\"type\":\"grid_item\",\"props\":{\"image\":\"wp-content\\\/uploads\\\/2024\\\/12\\\/IMG_9613-2-scaled.jpg\",\"title\":\"IMG_9613\"}}]}]}]}]}],\"version\":\"4.1.3\"} --><\/p>\n","protected":false},"excerpt":{"rendered":"<p>Stolpersteine\u00a0Olomouc S my\u0161lenkou p\u0159ipomenout ob\u011bti holokaustu um\u00edst\u011bn\u00edm pam\u011btn\u00edho kamene p\u0159ed d\u016fm, kde p\u0159ed deportac\u00ed do koncentra\u010dn\u00edho t\u00e1bora \u017eil \u010dlov\u011bk zavra\u017ed\u011bn\u00fd nacisty, p\u0159i\u0161el v letech 1993\/94 n\u011bmeck\u00fd um\u011blec Gunter Demnig. N\u00e1pad p\u0159en\u00e9st tento projekt do \u010cesk\u00e9 republiky vze\u0161el z prost\u0159ed\u00ed \u010cesk\u00e9 unie \u017eidovsk\u00e9 ml\u00e1de\u017ee, p\u0159i\u010dem\u017e prvn\u00ed kameny byly polo\u017eeny v pra\u017esk\u00fdch chodn\u00edc\u00edch v \u0159\u00edjnu 2008. \u017didovsk\u00e1 [&hellip;]<\/p>\n","protected":false},"author":1,"featured_media":0,"parent":0,"menu_order":0,"comment_status":"closed","ping_status":"closed","template":"","meta":{"_acf_changed":false,"footnotes":""},"class_list":["post-1015","page","type-page","status-publish","hentry"],"acf":[],"aioseo_notices":[],"_links":{"self":[{"href":"https:\/\/kehila-olomouc.cz\/stolpersteine\/wp-json\/wp\/v2\/pages\/1015","targetHints":{"allow":["GET"]}}],"collection":[{"href":"https:\/\/kehila-olomouc.cz\/stolpersteine\/wp-json\/wp\/v2\/pages"}],"about":[{"href":"https:\/\/kehila-olomouc.cz\/stolpersteine\/wp-json\/wp\/v2\/types\/page"}],"author":[{"embeddable":true,"href":"https:\/\/kehila-olomouc.cz\/stolpersteine\/wp-json\/wp\/v2\/users\/1"}],"replies":[{"embeddable":true,"href":"https:\/\/kehila-olomouc.cz\/stolpersteine\/wp-json\/wp\/v2\/comments?post=1015"}],"version-history":[{"count":70,"href":"https:\/\/kehila-olomouc.cz\/stolpersteine\/wp-json\/wp\/v2\/pages\/1015\/revisions"}],"predecessor-version":[{"id":2563,"href":"https:\/\/kehila-olomouc.cz\/stolpersteine\/wp-json\/wp\/v2\/pages\/1015\/revisions\/2563"}],"wp:attachment":[{"href":"https:\/\/kehila-olomouc.cz\/stolpersteine\/wp-json\/wp\/v2\/media?parent=1015"}],"curies":[{"name":"wp","href":"https:\/\/api.w.org\/{rel}","templated":true}]}}