{"id":9837,"date":"2023-02-02T16:46:16","date_gmt":"2023-02-02T14:46:16","guid":{"rendered":"https:\/\/kehila-olomouc.cz\/rs\/?page_id=9837"},"modified":"2023-02-02T16:48:21","modified_gmt":"2023-02-02T14:48:21","slug":"koser-catering","status":"publish","type":"page","link":"https:\/\/kehila-olomouc.cz\/rs\/soucastnost\/koser-catering\/","title":{"rendered":"Ko\u0161er catering &#8211; stravov\u00e1n\u00ed"},"content":{"rendered":"<p>Nab\u00edz\u00edme v Olomouci ko\u0161er catering pro firmy a organizace. V\u0161echno maso je ko\u0161er lemehadrin.<br \/>\nKontaktujte n\u00e1s na <strong>kehila@kehila-olomouc<\/strong> nebo <strong>+420 585223119<\/strong>.<\/p>\n<p>J\u00eddlo na m\u00edst\u011b:<\/p>\n<p><a href=\"https:\/\/kehila-olomouc.cz\/rs_english\/wp-content\/uploads\/\/abcd.jpg\"><img loading=\"lazy\" decoding=\"async\" class=\"alignleft size-medium wp-image-5720\" src=\"https:\/\/kehila-olomouc.cz\/rs_english\/wp-content\/uploads\/\/abcd-225x300.jpg\" sizes=\"(max-width: 225px) 100vw, 225px\" srcset=\"https:\/\/kehila-olomouc.cz\/rs_english\/wp-content\/uploads\/abcd-225x300.jpg 225w, https:\/\/kehila-olomouc.cz\/rs_english\/wp-content\/uploads\/abcd.jpg 480w\" alt=\"\" width=\"225\" height=\"300\"><\/a><a href=\"https:\/\/kehila-olomouc.cz\/rs_english\/wp-content\/uploads\/\/abcde.jpg\"><img loading=\"lazy\" decoding=\"async\" class=\"alignleft size-medium wp-image-5721\" src=\"https:\/\/kehila-olomouc.cz\/rs_english\/wp-content\/uploads\/\/abcde-300x225.jpg\" sizes=\"(max-width: 300px) 100vw, 300px\" srcset=\"https:\/\/kehila-olomouc.cz\/rs_english\/wp-content\/uploads\/abcde-300x225.jpg 300w, https:\/\/kehila-olomouc.cz\/rs_english\/wp-content\/uploads\/abcde.jpg 640w\" alt=\"\" width=\"300\" height=\"225\"><\/a><a href=\"https:\/\/kehila-olomouc.cz\/rs_english\/wp-content\/uploads\/\/abc.jpg\"><img loading=\"lazy\" decoding=\"async\" class=\"alignleft size-medium wp-image-5719\" src=\"https:\/\/kehila-olomouc.cz\/rs_english\/wp-content\/uploads\/\/abc-300x267.jpg\" sizes=\"(max-width: 300px) 100vw, 300px\" srcset=\"https:\/\/kehila-olomouc.cz\/rs_english\/wp-content\/uploads\/abc-300x267.jpg 300w, https:\/\/kehila-olomouc.cz\/rs_english\/wp-content\/uploads\/abc.jpg 640w\" alt=\"\" width=\"300\" height=\"267\"><\/a><\/p>\n<p>&nbsp;<\/p>\n<p>&nbsp;<\/p>\n<p>&nbsp;<\/p>\n<p>&nbsp;<\/p>\n<p>&nbsp;<\/p>\n<p>&nbsp;<\/p>\n<p>&nbsp;<\/p>\n<p>&nbsp;<\/p>\n<p>&nbsp;<\/p>\n<p>&nbsp;<\/p>\n<p>&nbsp;<\/p>\n<p>&nbsp;<\/p>\n<p>&nbsp;<\/p>\n<p>&nbsp;<\/p>\n<p>&nbsp;<\/p>\n<p>Dovoz:<\/p>\n<p><a href=\"https:\/\/kehila-olomouc.cz\/rs_english\/wp-content\/uploads\/\/aaaaaaa.jpg\"><img loading=\"lazy\" decoding=\"async\" class=\"alignleft size-medium wp-image-5718\" src=\"https:\/\/kehila-olomouc.cz\/rs_english\/wp-content\/uploads\/\/aaaaaaa-300x225.jpg\" sizes=\"(max-width: 300px) 100vw, 300px\" srcset=\"https:\/\/kehila-olomouc.cz\/rs_english\/wp-content\/uploads\/aaaaaaa-300x225.jpg 300w, https:\/\/kehila-olomouc.cz\/rs_english\/wp-content\/uploads\/aaaaaaa-1024x768.jpg 1024w, https:\/\/kehila-olomouc.cz\/rs_english\/wp-content\/uploads\/aaaaaaa-768x576.jpg 768w, https:\/\/kehila-olomouc.cz\/rs_english\/wp-content\/uploads\/aaaaaaa.jpg 1238w\" alt=\"\" width=\"300\" height=\"225\"><\/a><a href=\"https:\/\/kehila-olomouc.cz\/rs_english\/wp-content\/uploads\/\/IMG_6602.jpg\"><img loading=\"lazy\" decoding=\"async\" class=\"alignleft size-medium wp-image-5728\" src=\"https:\/\/kehila-olomouc.cz\/rs_english\/wp-content\/uploads\/\/IMG_6602-225x300.jpg\" sizes=\"(max-width: 225px) 100vw, 225px\" srcset=\"https:\/\/kehila-olomouc.cz\/rs_english\/wp-content\/uploads\/IMG_6602-225x300.jpg 225w, https:\/\/kehila-olomouc.cz\/rs_english\/wp-content\/uploads\/IMG_6602.jpg 737w\" alt=\"\" width=\"225\" height=\"300\"><\/a><a href=\"https:\/\/kehila-olomouc.cz\/rs_english\/wp-content\/uploads\/\/IMG_6596.jpg\"><img loading=\"lazy\" decoding=\"async\" class=\"alignleft size-medium wp-image-5726\" src=\"https:\/\/kehila-olomouc.cz\/rs_english\/wp-content\/uploads\/\/IMG_6596-300x225.jpg\" sizes=\"(max-width: 300px) 100vw, 300px\" srcset=\"https:\/\/kehila-olomouc.cz\/rs_english\/wp-content\/uploads\/IMG_6596-300x225.jpg 300w, https:\/\/kehila-olomouc.cz\/rs_english\/wp-content\/uploads\/IMG_6596-768x576.jpg 768w, https:\/\/kehila-olomouc.cz\/rs_english\/wp-content\/uploads\/IMG_6596.jpg 978w\" alt=\"\" width=\"300\" height=\"225\"><\/a><a href=\"https:\/\/kehila-olomouc.cz\/rs_english\/wp-content\/uploads\/\/IMG_6595.jpg\"><img loading=\"lazy\" decoding=\"async\" class=\"alignleft size-medium wp-image-5725\" src=\"https:\/\/kehila-olomouc.cz\/rs_english\/wp-content\/uploads\/\/IMG_6595-225x300.jpg\" sizes=\"(max-width: 225px) 100vw, 225px\" srcset=\"https:\/\/kehila-olomouc.cz\/rs_english\/wp-content\/uploads\/IMG_6595-225x300.jpg 225w, https:\/\/kehila-olomouc.cz\/rs_english\/wp-content\/uploads\/IMG_6595.jpg 713w\" alt=\"\" width=\"225\" height=\"300\"><\/a><a href=\"https:\/\/kehila-olomouc.cz\/rs_english\/wp-content\/uploads\/\/IMG_6594.jpg\"><img loading=\"lazy\" decoding=\"async\" class=\"alignleft size-medium wp-image-5724\" src=\"https:\/\/kehila-olomouc.cz\/rs_english\/wp-content\/uploads\/\/IMG_6594-225x300.jpg\" sizes=\"(max-width: 225px) 100vw, 225px\" srcset=\"https:\/\/kehila-olomouc.cz\/rs_english\/wp-content\/uploads\/IMG_6594-225x300.jpg 225w, https:\/\/kehila-olomouc.cz\/rs_english\/wp-content\/uploads\/IMG_6594.jpg 723w\" alt=\"\" width=\"225\" height=\"300\"><\/a><a href=\"https:\/\/kehila-olomouc.cz\/rs_english\/wp-content\/uploads\/\/IMG_6597.jpg\"><img loading=\"lazy\" decoding=\"async\" class=\"alignleft size-medium wp-image-5727\" src=\"https:\/\/kehila-olomouc.cz\/rs_english\/wp-content\/uploads\/\/IMG_6597-225x300.jpg\" sizes=\"(max-width: 225px) 100vw, 225px\" srcset=\"https:\/\/kehila-olomouc.cz\/rs_english\/wp-content\/uploads\/IMG_6597-225x300.jpg 225w, https:\/\/kehila-olomouc.cz\/rs_english\/wp-content\/uploads\/IMG_6597-768x1024.jpg 768w, https:\/\/kehila-olomouc.cz\/rs_english\/wp-content\/uploads\/IMG_6597.jpg 793w\" alt=\"\" width=\"225\" height=\"300\"><\/a><a href=\"https:\/\/kehila-olomouc.cz\/rs_english\/wp-content\/uploads\/\/IMG_6593.jpg\"><img loading=\"lazy\" decoding=\"async\" class=\"alignleft size-medium wp-image-5723\" src=\"https:\/\/kehila-olomouc.cz\/rs_english\/wp-content\/uploads\/\/IMG_6593-225x300.jpg\" sizes=\"(max-width: 225px) 100vw, 225px\" srcset=\"https:\/\/kehila-olomouc.cz\/rs_english\/wp-content\/uploads\/IMG_6593-225x300.jpg 225w, https:\/\/kehila-olomouc.cz\/rs_english\/wp-content\/uploads\/IMG_6593.jpg 726w\" alt=\"\" width=\"225\" height=\"300\"><\/a><a href=\"https:\/\/kehila-olomouc.cz\/rs_english\/wp-content\/uploads\/\/IMG_6592.jpg\"><img loading=\"lazy\" decoding=\"async\" class=\"alignleft size-medium wp-image-5722\" src=\"https:\/\/kehila-olomouc.cz\/rs_english\/wp-content\/uploads\/\/IMG_6592-225x300.jpg\" sizes=\"(max-width: 225px) 100vw, 225px\" srcset=\"https:\/\/kehila-olomouc.cz\/rs_english\/wp-content\/uploads\/IMG_6592-225x300.jpg 225w, https:\/\/kehila-olomouc.cz\/rs_english\/wp-content\/uploads\/IMG_6592.jpg 726w\" alt=\"\" width=\"225\" height=\"300\"><\/a><a href=\"https:\/\/kehila-olomouc.cz\/rs_english\/wp-content\/uploads\/\/aaaa.jpg\"><img loading=\"lazy\" decoding=\"async\" class=\"alignleft size-medium wp-image-5717\" src=\"https:\/\/kehila-olomouc.cz\/rs_english\/wp-content\/uploads\/\/aaaa-169x300.jpg\" sizes=\"(max-width: 169px) 100vw, 169px\" srcset=\"https:\/\/kehila-olomouc.cz\/rs_english\/wp-content\/uploads\/aaaa-169x300.jpg 169w, https:\/\/kehila-olomouc.cz\/rs_english\/wp-content\/uploads\/aaaa-576x1024.jpg 576w, https:\/\/kehila-olomouc.cz\/rs_english\/wp-content\/uploads\/aaaa.jpg 651w\" alt=\"\" width=\"169\" height=\"300\"><\/a><\/p>\n<p>&nbsp;<\/p>\n<p>&nbsp;<\/p>\n<p>&nbsp;<\/p>\n<p>&nbsp;<\/p>\n<p>&nbsp;<\/p>\n<p>&nbsp;<\/p>\n<p>&nbsp;<\/p>\n<p>&nbsp;<\/p>\n<p>&nbsp;<\/p>\n<p>&nbsp;<\/p>\n<p>&nbsp;<\/p>\n<p>&nbsp;<\/p>\n<p>&nbsp;<\/p>\n<p>&nbsp;<\/p>\n<p>&nbsp;<\/p>\n<p>&nbsp;<\/p>\n<p>&nbsp;<\/p>\n<p>&nbsp;<\/p>\n<p>&nbsp;<\/p>\n<p>&nbsp;<\/p>\n<p>&nbsp;<\/p>\n<p>&nbsp;<\/p>\n<p>&nbsp;<\/p>\n<p>&nbsp;<\/p>\n<p>&nbsp;<\/p>\n<p>&nbsp;<\/p>\n<p>&nbsp;<\/p>\n<p>&nbsp;<\/p>\n<p>&nbsp;<\/p>\n<p>&nbsp;<\/p>\n<p>&nbsp;<\/p>\n<p>&nbsp;<\/p>\n<p>&nbsp;<\/p>\n<p>&nbsp;<\/p>\n<p>&nbsp;<\/p>\n<p>&nbsp;<\/p>\n<p>&nbsp;<\/p>\n<p>&nbsp;<\/p>\n<p>&nbsp;<\/p>\n<p>&nbsp;<\/p>\n<p>&nbsp;<\/p>\n<p>&nbsp;<\/p>\n<p>&nbsp;<\/p>\n<p>&nbsp;<\/p>\n<p>Vybran\u00e9 hech\u0161er masa:<\/p>\n<p><a href=\"https:\/\/kehila-olomouc.cz\/rs_english\/wp-content\/uploads\/\/kosher-meat-2.jpg\"><img loading=\"lazy\" decoding=\"async\" class=\"alignleft size-medium wp-image-5730\" src=\"https:\/\/kehila-olomouc.cz\/rs_english\/wp-content\/uploads\/\/kosher-meat-2-300x225.jpg\" sizes=\"(max-width: 300px) 100vw, 300px\" srcset=\"https:\/\/kehila-olomouc.cz\/rs_english\/wp-content\/uploads\/kosher-meat-2-300x225.jpg 300w, https:\/\/kehila-olomouc.cz\/rs_english\/wp-content\/uploads\/kosher-meat-2-1024x768.jpg 1024w, https:\/\/kehila-olomouc.cz\/rs_english\/wp-content\/uploads\/kosher-meat-2-768x576.jpg 768w, https:\/\/kehila-olomouc.cz\/rs_english\/wp-content\/uploads\/kosher-meat-2-1536x1152.jpg 1536w, https:\/\/kehila-olomouc.cz\/rs_english\/wp-content\/uploads\/kosher-meat-2.jpg 1632w\" alt=\"\" width=\"300\" height=\"225\"><\/a><a href=\"https:\/\/kehila-olomouc.cz\/rs_english\/wp-content\/uploads\/\/kosher-meat-3.jpg\"><img loading=\"lazy\" decoding=\"async\" class=\"alignleft size-medium wp-image-5731\" src=\"https:\/\/kehila-olomouc.cz\/rs_english\/wp-content\/uploads\/\/kosher-meat-3-225x300.jpg\" sizes=\"(max-width: 225px) 100vw, 225px\" srcset=\"https:\/\/kehila-olomouc.cz\/rs_english\/wp-content\/uploads\/kosher-meat-3-225x300.jpg 225w, https:\/\/kehila-olomouc.cz\/rs_english\/wp-content\/uploads\/kosher-meat-3-768x1024.jpg 768w, https:\/\/kehila-olomouc.cz\/rs_english\/wp-content\/uploads\/kosher-meat-3-1152x1536.jpg 1152w, https:\/\/kehila-olomouc.cz\/rs_english\/wp-content\/uploads\/kosher-meat-3.jpg 1224w\" alt=\"\" width=\"225\" height=\"300\"><\/a><a href=\"https:\/\/kehila-olomouc.cz\/rs_english\/wp-content\/uploads\/\/kosher-meat-4.jpg\"><img loading=\"lazy\" decoding=\"async\" class=\"alignleft size-medium wp-image-5732\" src=\"https:\/\/kehila-olomouc.cz\/rs_english\/wp-content\/uploads\/\/kosher-meat-4-300x205.jpg\" sizes=\"(max-width: 300px) 100vw, 300px\" srcset=\"https:\/\/kehila-olomouc.cz\/rs_english\/wp-content\/uploads\/kosher-meat-4-300x205.jpg 300w, https:\/\/kehila-olomouc.cz\/rs_english\/wp-content\/uploads\/kosher-meat-4-768x525.jpg 768w, https:\/\/kehila-olomouc.cz\/rs_english\/wp-content\/uploads\/kosher-meat-4.jpg 1010w\" alt=\"\" width=\"300\" height=\"205\"><\/a><a href=\"https:\/\/kehila-olomouc.cz\/rs_english\/wp-content\/uploads\/\/IMG_E6615.jpg\"><img loading=\"lazy\" decoding=\"async\" class=\"alignleft size-medium wp-image-5729\" src=\"https:\/\/kehila-olomouc.cz\/rs_english\/wp-content\/uploads\/\/IMG_E6615-300x106.jpg\" sizes=\"(max-width: 300px) 100vw, 300px\" srcset=\"https:\/\/kehila-olomouc.cz\/rs_english\/wp-content\/uploads\/IMG_E6615-300x106.jpg 300w, https:\/\/kehila-olomouc.cz\/rs_english\/wp-content\/uploads\/IMG_E6615-1024x362.jpg 1024w, https:\/\/kehila-olomouc.cz\/rs_english\/wp-content\/uploads\/IMG_E6615-768x272.jpg 768w, https:\/\/kehila-olomouc.cz\/rs_english\/wp-content\/uploads\/IMG_E6615.jpg 1212w\" alt=\"\" width=\"300\" height=\"106\"><\/a><\/p>\n","protected":false},"excerpt":{"rendered":"<p>Nab\u00edz\u00edme v Olomouci ko\u0161er catering pro firmy a organizace. V\u0161echno maso je ko\u0161er lemehadrin.<br \/>\nKontaktujte n\u00e1s na kehila@kehila-olomouc nebo +420 585223119.<br \/>\nJ\u00eddlo na m\u00edst\u011b:<\/p>\n<p>&nbsp;<br \/>\n&nbsp;<br \/>\n&nbsp;<br \/>\n&nbsp;<br \/>\n&nbsp;<br \/>\n&nbsp;<br \/>\n&nbsp;<br \/>\n&nbsp;<br \/>\n&nbsp;<br \/>\n&nbsp;<br \/>\n&nbsp;<br \/>\n&nbsp;<br \/>\n&nbsp;<br \/>\n&nbsp;<br \/>\n&nbsp;<br \/>\nDovoz:<\/p>\n<p>&nbsp;<br \/>\n&nbsp;<br \/>\n&nbsp;<br \/>\n&nbsp;<br \/>\n&nbsp;<br \/>\n&nbsp;<br \/>\n&nbsp;<br \/>\n&nbsp;<br \/>\n&nbsp;<br \/>\n&nbsp;<br \/>\n&nbsp;<br \/>\n&nbsp;<br \/>\n&nbsp;<br \/>\n&nbsp;<br \/>\n&nbsp;<br \/>\n&nbsp;<br \/>\n&nbsp;<br \/>\n&nbsp;<br \/>\n&nbsp;<br \/>\n&nbsp;<br \/>\n&nbsp;<br \/>\n&nbsp;<br \/>\n&nbsp;<br \/>\n&nbsp;<br \/>\n&nbsp;<br \/>\n&nbsp;<br \/>\n&nbsp;<br \/>\n&nbsp;<br \/>\n&nbsp;<br \/>\n&nbsp;<br \/>\n&nbsp;<br \/>\n&nbsp;<br \/>\n&nbsp;<br \/>\n&nbsp;<br \/>\n&nbsp;<br \/>\n&nbsp;<br \/>\n&nbsp;<br \/>\n&nbsp;<br \/>\n&nbsp;<br \/>\n&nbsp;<br \/>\n&nbsp;<br \/>\n&nbsp;<br \/>\n&nbsp;<br \/>\n&nbsp;<br \/>\nVybran\u00e9 hech\u0161er masa:<\/p>\n","protected":false},"author":3,"featured_media":0,"parent":48,"menu_order":3,"comment_status":"closed","ping_status":"closed","template":"","meta":{"ngg_post_thumbnail":0,"footnotes":""},"class_list":["post-9837","page","type-page","status-publish","hentry"],"_links":{"self":[{"href":"https:\/\/kehila-olomouc.cz\/rs\/wp-json\/wp\/v2\/pages\/9837"}],"collection":[{"href":"https:\/\/kehila-olomouc.cz\/rs\/wp-json\/wp\/v2\/pages"}],"about":[{"href":"https:\/\/kehila-olomouc.cz\/rs\/wp-json\/wp\/v2\/types\/page"}],"author":[{"embeddable":true,"href":"https:\/\/kehila-olomouc.cz\/rs\/wp-json\/wp\/v2\/users\/3"}],"replies":[{"embeddable":true,"href":"https:\/\/kehila-olomouc.cz\/rs\/wp-json\/wp\/v2\/comments?post=9837"}],"version-history":[{"count":5,"href":"https:\/\/kehila-olomouc.cz\/rs\/wp-json\/wp\/v2\/pages\/9837\/revisions"}],"predecessor-version":[{"id":9842,"href":"https:\/\/kehila-olomouc.cz\/rs\/wp-json\/wp\/v2\/pages\/9837\/revisions\/9842"}],"up":[{"embeddable":true,"href":"https:\/\/kehila-olomouc.cz\/rs\/wp-json\/wp\/v2\/pages\/48"}],"wp:attachment":[{"href":"https:\/\/kehila-olomouc.cz\/rs\/wp-json\/wp\/v2\/media?parent=9837"}],"curies":[{"name":"wp","href":"https:\/\/api.w.org\/{rel}","templated":true}]}}