{"id":96,"date":"2008-10-16T13:14:07","date_gmt":"2008-10-16T11:14:07","guid":{"rendered":"http:\/\/kehila-olomouc.cz\/rs\/?page_id=96"},"modified":"2011-12-14T13:33:53","modified_gmt":"2011-12-14T11:33:53","slug":"synagoga","status":"publish","type":"page","link":"https:\/\/kehila-olomouc.cz\/rs\/historie\/synagoga\/","title":{"rendered":"Synagoga a modlitebny"},"content":{"rendered":"<p style=\"text-align: justify;\">Od po\u010d\u00e1tku 19.stol. fungovala na p\u0159edm\u011bst\u00ed B\u011blidlech v soukrom\u00e9m statku Fischelov\u00fdch (dnes d\u016fm Libu\u0161ina ul. \u010d. 9\/\u010dp. 44) ortodoxn\u00ed modlitebna, je\u017e zde p\u016fsobila a\u017e do 30. let 20. stol. Po uvoln\u011bn\u00ed pom\u011br\u016f a n\u00e1r\u016fstu po\u010dtu \u017did\u016f po po1. 19. stol. musela b\u00fdt z\u0159\u00edzena modlitebna ve vnit\u0159n\u00edm m\u011bst\u011b: v letech 1859-62 existovala v dom\u011b Litovelsk\u00e1 ul. \u010dp. 406 (dnes Riegrova ul. \u010d. l), pot\u00e9 v letech 1862-3 v dom\u011b \u010cesk\u00e1 ul. \u010dp. 447 (dnes ul. 8. kv\u011btna \u010d. 2) a v r. 1863 pro ni adaptov\u00e1no l. patro domu B\u011blidla \u010dp. 586 (dnes Sokolsk\u00e1 ul. \u010d. 7). \u017didovsk\u00e1 komunita budovu v r. 1867 odkoupila a p\u0159em\u011bnila ji ve sv\u016fj obecn\u00ed d\u016fm. Pr\u016f\u010del\u00ed t\u0159\u00edpodla\u017en\u00ed budovy \u010dlen\u00ed antikizuj\u00edc\u00ed port\u00e1l a \u0161est podokenn\u00edch reli\u00e9f\u016f s biblick\u00fdmi motivy. 1) Do dne\u0161n\u00ed podoby m\u011bl b\u00fdt d\u016fm p\u0159estav\u011bn snad architektem Jakobem Gartnerem (viz J. K\u0161\u00edr 1932), v r. 1900 byl prod\u00e1n t\u011blov\u00fdchovn\u00e9 jednot\u011b Sokol.<\/p>\n<p style=\"text-align: justify;\">Pro uspokojen\u00ed duchovn\u00edch pot\u0159eb \u010dlen\u016f byla v letech 1895-7 vystav\u011bna v p\u00e1smu zru\u0161en\u00fdch hradeb na tehdy vznikaj\u00edc\u00edm n\u00e1m\u011bst\u00ed Marie Terezie podle projektu v\u00fdznamn\u00e9ho v\u00edde\u0148sk\u00e9ho architekta Jakoba Gartnera 2) <a href=\"http:\/\/kehila-olomouc.cz\/rs\/soucastnost\/fotogalerie-2\/souhrn-fotogalerii\/virtualni-rekonstrukce-olomoucke-synagogy\/\" target=\"_blank\">synagoga<\/a>.<\/p>\n<p style=\"text-align: justify;\">&nbsp;<\/p>\n<div class=\"mceTemp mceIEcenter\" style=\"text-align: center;\">\n<dl id=\"attachment_507\" class=\"wp-caption aligncenter\" style=\"width: 389px;\">\n<dt class=\"wp-caption-dt\"><a href=\"http:\/\/kehila-olomouc.cz\/rs\/wp-content\/uploads\/synagoga-pred-dokoncenim.jpg\"><img loading=\"lazy\" decoding=\"async\" class=\"size-full wp-image-507 \" title=\"synagoga-pred-dokoncenim\" src=\"http:\/\/kehila-olomouc.cz\/rs\/wp-content\/uploads\/synagoga-pred-dokoncenim.jpg\" alt=\"Synagoga p\u0159ed dokon\u010den\u00edm\" width=\"379\" height=\"256\" srcset=\"https:\/\/kehila-olomouc.cz\/rs\/wp-content\/uploads\/synagoga-pred-dokoncenim.jpg 379w, https:\/\/kehila-olomouc.cz\/rs\/wp-content\/uploads\/synagoga-pred-dokoncenim-300x202.jpg 300w\" sizes=\"(max-width: 379px) 100vw, 379px\" \/><\/a><\/dt>\n<dd class=\"wp-caption-dd\">Synagoga p\u0159ed dokon\u010den\u00edm<\/dd>\n<\/dl>\n<\/div>\n<p><br class=\"spacer_\" \/><\/p>\n<p style=\"text-align: justify;\">Velkolep\u00e9 d\u00edlo bylo postaveno m\u00edstn\u00edmi firmami n\u00e1kladem \u010dtvrt milionu zlat\u00fdch. Budova vystav\u011bn\u00e1 v tehdy m\u00f3dn\u00edm orient\u00e1ln\u011b-byzantsk\u00e9m slohu m\u011bla impozantn\u00ed vzhled: jej\u00ed rozm\u011bry \u010dinily 22&#215;39 m a v\u00fd\u0161ka cel\u00fdch 38 m. Po\u017eadavek orientace svatost\u00e1nku k v\u00fdchodu nemohl b\u00fdt v dan\u00e9 urbanistick\u00e9 situaci pln\u011b respektov\u00e1n, n\u00fdbr\u017e osa sm\u011b\u0159uje k jihov\u00fdchodu.<\/p>\n<div class=\"mceTemp mceIEcenter\" style=\"text-align: center;\">\n<dl id=\"attachment_508\" class=\"wp-caption aligncenter\" style=\"width: 248px;\">\n<dt class=\"wp-caption-dt\"><a href=\"http:\/\/kehila-olomouc.cz\/rs\/wp-content\/uploads\/synagoga-fotka.jpg\"><img loading=\"lazy\" decoding=\"async\" class=\"size-medium wp-image-508\" title=\"synagoga-fotka\" src=\"http:\/\/kehila-olomouc.cz\/rs\/wp-content\/uploads\/synagoga-fotka-238x300.jpg\" alt=\"Pr\u016f\u010del\u00ed olomouck\u00e9 synagogy, dobov\u00e1 pohlednice, kolem r. 1900\" width=\"238\" height=\"300\" srcset=\"https:\/\/kehila-olomouc.cz\/rs\/wp-content\/uploads\/synagoga-fotka-238x300.jpg 238w, https:\/\/kehila-olomouc.cz\/rs\/wp-content\/uploads\/synagoga-fotka.jpg 277w\" sizes=\"(max-width: 238px) 100vw, 238px\" \/><\/a><\/dt>\n<dd class=\"wp-caption-dd\">Pr\u016f\u010del\u00ed olomouck\u00e9 synagogy, dobov\u00e1 pohlednice, kolem r. 1900<\/dd>\n<\/dl>\n<\/div>\n<p style=\"text-align: justify;\"><a href=\"http:\/\/kehila-olomouc.cz\/rs\/soucastnost\/fotogalerie-2\/souhrn-fotogalerii\/virtualni-rekonstrukce-olomoucke-synagogy\/\" target=\"_blank\">Olomouck\u00e1 synagoga<\/a> byla samostatn\u011b stoj\u00edc\u00ed stavba komponovan\u00e1 na hlavn\u00ed osu, v\u00fdrazn\u011b pod\u00e9ln\u00e9ho \u0159e\u0161en\u00ed, s lok\u00e1ln\u011b dominantn\u00edm p\u016fsoben\u00edm. Vnit\u0159n\u00ed rozvrh byl tradi\u010dn\u00ed: z p\u0159eds\u00edn\u011b na severoz\u00e1padn\u00ed stran\u011b vstup pro mu\u017ee do vestibulu a hlavn\u00edho s\u00e1lu v p\u0159\u00edzem\u00ed, kde \u010dty\u0159i pil\u00ed\u0159e vyn\u00e1\u0161ely \u017eeleznou konstrukci kupole, bo\u010dn\u00edm schodi\u0161t\u011bm v\u00fdstup do patra na \u017eenskou galerii po t\u0159ech stran\u00e1ch s\u00edn\u011b. S\u00e1l ukon\u010dovalo vyv\u00fd\u0161en\u00e9 podium s \u0159e\u010dni\u0161t\u011bm (almemorem) a svatost\u00e1nkem (aron ha-kode\u0161em) ve form\u011b mal\u00e9ho chr\u00e1mku. Zaj\u00edmav\u00fdm prvkem ov\u0161em byla mal\u00e1 denn\u00ed modlitebna situovan\u00e1 je\u0161t\u011b za svatost\u00e1nkem na jihov\u00fdchodn\u00edm okraji budovy &#8211; obsahovala sv\u016fj vlastn\u00ed svatost\u00e1nek, \u0159e\u010dni\u0161t\u011b a 50 m\u00edst v lavic\u00edch. V pat\u0159e nad touto modlitebnou byl um\u00edst\u011bn zp\u011bv\u00e1ck\u00fd ch\u00f3r a varhany. Vnit\u0159n\u00ed v\u00fdzdoba synagogy byla architektonicky velmi bohat\u00e1. Templ obsahoval 440 m\u00edst k sezen\u00ed pro mu\u017ee a 304 pro \u017eeny.<\/p>\n<p style=\"text-align: justify;\">Zvn\u011bj\u0161ku poutala pozornost vysok\u00e1 kupole ukon\u010den\u00e1 v\u011b\u017ei\u010dkou a dal\u0161\u00ed dv\u011b v\u011b\u017ei\u010dky v roz\u00edch pr\u016f\u010del\u00ed. Fas\u00e1du z dvoubarevn\u00e9ho re\u017en\u00e9ho ciheln\u00e9ho zdiva pro\u010dle\u0148ovala okna s rozetami a jemn\u00e9 tvaroslov\u00ed detail\u016f odkazuj\u00edc\u00edch na typicky romantick\u00e9 orient\u00e1ln\u00ed motivy. \u0160t\u00edt nad vstupem z Terezsk\u00e9ho n\u00e1m\u011bst\u00ed ukon\u010dovalo kamenn\u00e9 desatero, zadn\u00ed pr\u016f\u010del\u00ed sm\u011b\u0159ovalo do Lafayettovy ulice.<\/p>\n<p style=\"text-align: justify;\"><a href=\"http:\/\/kehila-olomouc.cz\/rs\/soucastnost\/fotogalerie-2\/souhrn-fotogalerii\/virtualni-rekonstrukce-olomoucke-synagogy\/\" target=\"_blank\">Synagoga<\/a> byla slavnostn\u011b zasv\u011bcena dne 11. dubna 1897. Men\u0161\u00ed stavebn\u00ed \u00fapravy templu prov\u00e1d\u011bla v r.1932 firma ing.Bed\u0159icha Sch\u00f6nfelda (interi\u00e9r), r. 1937 ing. Arno\u0161ta Weisze (fas\u00e1da).<\/p>\n<h2 style=\"text-align: center;\"><strong><a href=\"http:\/\/kehila-olomouc.cz\/rs\/soucastnost\/fotogalerie-2\/souhrn-fotogalerii\/virtualni-rekonstrukce-olomoucke-synagogy\/\" target=\"_blank\">Virtu\u00e1ln\u00ed rekonstrukce olomouck\u00e9 synagogy<\/a><\/strong><\/h2>\n<h2 style=\"text-align: center;\"><strong><a href=\"http:\/\/www.youtube.com\/watch?v=OokewstUY6M \" target=\"_blank\">Rekonstrukce  3D podoby olomouck\u00e9 synagogy<br \/>\nve vizualizaci MOF&#8217;s na youtube<\/a><\/strong><\/h2>\n<div class=\"mceTemp mceIEcenter\" style=\"text-align: center;\">\n<dl id=\"attachment_509\" class=\"wp-caption aligncenter\" style=\"width: 422px;\">\n<dt class=\"wp-caption-dt\"><a href=\"http:\/\/kehila-olomouc.cz\/rs\/wp-content\/uploads\/synagoga-pohlednice.jpg\"><img loading=\"lazy\" decoding=\"async\" class=\"size-full wp-image-509\" title=\"synagoga-pohlednice\" src=\"http:\/\/kehila-olomouc.cz\/rs\/wp-content\/uploads\/synagoga-pohlednice.jpg\" alt=\"ohlednice olomouck\u00e9 synagogy\" width=\"412\" height=\"292\" srcset=\"https:\/\/kehila-olomouc.cz\/rs\/wp-content\/uploads\/synagoga-pohlednice.jpg 412w, https:\/\/kehila-olomouc.cz\/rs\/wp-content\/uploads\/synagoga-pohlednice-300x212.jpg 300w\" sizes=\"(max-width: 412px) 100vw, 412px\" \/><\/a><\/dt>\n<dd class=\"wp-caption-dd\">ohlednice olomouck\u00e9 synagogy<\/dd>\n<\/dl>\n<\/div>\n<div class=\"mceTemp mceIEcenter\" style=\"text-align: center;\">\n<dl id=\"attachment_510\" class=\"wp-caption aligncenter\" style=\"width: 288px;\">\n<dt class=\"wp-caption-dt\"><a href=\"http:\/\/kehila-olomouc.cz\/rs\/wp-content\/uploads\/synagoga-vnitrek.jpg\"><img loading=\"lazy\" decoding=\"async\" class=\"size-full wp-image-510\" title=\"synagoga-vnitrek\" src=\"http:\/\/kehila-olomouc.cz\/rs\/wp-content\/uploads\/synagoga-vnitrek.jpg\" alt=\"Vnit\u0159n\u00ed prostor synagogy\" width=\"278\" height=\"386\" srcset=\"https:\/\/kehila-olomouc.cz\/rs\/wp-content\/uploads\/synagoga-vnitrek.jpg 278w, https:\/\/kehila-olomouc.cz\/rs\/wp-content\/uploads\/synagoga-vnitrek-216x300.jpg 216w\" sizes=\"(max-width: 278px) 100vw, 278px\" \/><\/a><\/dt>\n<dd class=\"wp-caption-dd\">Vnit\u0159n\u00ed prostor synagogy<\/dd>\n<\/dl>\n<\/div>\n<p style=\"text-align: justify;\">Bezprost\u0159edn\u011b po okupaci, v noci z 15. na 16. b\u0159ezna 1939, byla <a href=\"http:\/\/kehila-olomouc.cz\/rs\/soucastnost\/fotogalerie-2\/souhrn-fotogalerii\/virtualni-rekonstrukce-olomoucke-synagogy\/\" target=\"_blank\">synagoga<\/a> m\u00edstn\u00edmi fa\u0161isty vyp\u00e1lena. Po\u017e\u00e1r se pokou\u0161elo bezv\u00fdsledn\u011b uhasit 15 hasi\u010dsk\u00fdch sbor\u016f, \u0161koda byla \u00fa\u0159edn\u00edm odhadem vy\u010d\u00edslena na 1 milion korun. 3) Trosky odklizeny v zim\u011b 1939-40.<\/p>\n<p><br class=\"spacer_\" \/><\/p>\n<div class=\"mceTemp mceIEcenter\" style=\"text-align: center;\">\n<dl id=\"attachment_512\" class=\"wp-caption aligncenter\" style=\"width: 286px;\">\n<dt class=\"wp-caption-dt\"><a href=\"http:\/\/kehila-olomouc.cz\/rs\/wp-content\/uploads\/synagoga-hori.jpg\"><img loading=\"lazy\" decoding=\"async\" class=\"size-full wp-image-512\" title=\"synagoga-hori\" src=\"http:\/\/kehila-olomouc.cz\/rs\/wp-content\/uploads\/synagoga-hori.jpg\" alt=\"Synagoga ho\u0159\u00ed (15. b\u0159ezna 1939)\" width=\"276\" height=\"309\" srcset=\"https:\/\/kehila-olomouc.cz\/rs\/wp-content\/uploads\/synagoga-hori.jpg 276w, https:\/\/kehila-olomouc.cz\/rs\/wp-content\/uploads\/synagoga-hori-267x300.jpg 267w\" sizes=\"(max-width: 276px) 100vw, 276px\" \/><\/a><\/dt>\n<dd class=\"wp-caption-dd\">Synagoga ho\u0159\u00ed (15. b\u0159ezna 1939)<\/dd>\n<\/dl>\n<\/div>\n<div class=\"mceTemp mceIEcenter\" style=\"text-align: center;\">\n<dl id=\"attachment_513\" class=\"wp-caption aligncenter\" style=\"width: 403px;\">\n<dt class=\"wp-caption-dt\"><a href=\"http:\/\/kehila-olomouc.cz\/rs\/wp-content\/uploads\/synagoga-zricenina.jpg\"><img loading=\"lazy\" decoding=\"async\" class=\"size-full wp-image-513\" title=\"synagoga-zricenina\" src=\"http:\/\/kehila-olomouc.cz\/rs\/wp-content\/uploads\/synagoga-zricenina.jpg\" alt=\"Pohled na zni\u010denou kopuli synagogy\" width=\"393\" height=\"259\" srcset=\"https:\/\/kehila-olomouc.cz\/rs\/wp-content\/uploads\/synagoga-zricenina.jpg 393w, https:\/\/kehila-olomouc.cz\/rs\/wp-content\/uploads\/synagoga-zricenina-300x197.jpg 300w\" sizes=\"(max-width: 393px) 100vw, 393px\" \/><\/a><\/dt>\n<dd class=\"wp-caption-dd\">Pohled na zni\u010denou kopuli synagogy<\/dd>\n<\/dl>\n<\/div>\n<div class=\"mceTemp mceIEcenter\" style=\"text-align: center;\">\n<dl id=\"attachment_514\" class=\"wp-caption aligncenter\" style=\"width: 301px;\">\n<dt class=\"wp-caption-dt\"><a href=\"http:\/\/kehila-olomouc.cz\/rs\/wp-content\/uploads\/s-zricenina2.jpg\"><img loading=\"lazy\" decoding=\"async\" class=\"size-full wp-image-514\" title=\"s-zricenina2\" src=\"http:\/\/kehila-olomouc.cz\/rs\/wp-content\/uploads\/s-zricenina2.jpg\" alt=\"Z\u0159\u00edcenina synagogy\" width=\"291\" height=\"431\" srcset=\"https:\/\/kehila-olomouc.cz\/rs\/wp-content\/uploads\/s-zricenina2.jpg 291w, https:\/\/kehila-olomouc.cz\/rs\/wp-content\/uploads\/s-zricenina2-202x300.jpg 202w\" sizes=\"(max-width: 291px) 100vw, 291px\" \/><\/a><\/dt>\n<dd class=\"wp-caption-dd\">Z\u0159\u00edcenina synagogy<\/dd>\n<\/dl>\n<\/div>\n<p style=\"text-align: justify;\">Pozemek byl pozd\u011bji upraven na par\u010d\u00edk, jeho\u017e st\u0159ed &#8222;zdobilo&#8220; v obdob\u00ed komunistick\u00e9 vl\u00e1dy kamenn\u00e9 souso\u0161\u00ed Lenina a Stalina; dnes plocha slou\u017e\u00ed k parkov\u00e1n\u00ed aut. Dne 7. b\u0159ezna 1990 byla pobl\u00ed\u017e m\u00edsta vyp\u00e1len\u00e9 synagogy na dne\u0161n\u00edm Palachov\u011b n\u00e1m\u011bst\u00ed, na fas\u00e1d\u011b budovy sousedn\u00ed p\u0159\u00edrodov\u011bdeck\u00e9 fakulty Univerzity Palack\u00e9ho, t\u0159\u00edda Svobody \u010d.26-28, za p\u0159\u00edtomnosti \u0161irok\u00e9 ve\u0159ejnosti slavnostn\u011b odhalena pam\u011btn\u00ed deska, d\u00edlo architekta Zde\u0148ka Hynka a socha\u0159e Zde\u0148ka P\u0159ikryla.<\/p>\n<div class=\"mceTemp mceIEcenter\" style=\"text-align: center;\">\n<dl id=\"attachment_511\" class=\"wp-caption aligncenter\" style=\"width: 463px;\">\n<dt class=\"wp-caption-dt\"><a href=\"http:\/\/kehila-olomouc.cz\/rs\/wp-content\/uploads\/synagoga-deska.jpg\"><img loading=\"lazy\" decoding=\"async\" class=\"size-full wp-image-511\" title=\"synagoga-deska\" src=\"http:\/\/kehila-olomouc.cz\/rs\/wp-content\/uploads\/synagoga-deska.jpg\" alt=\"Pam\u011btn\u00ed deska na pam\u00e1tku vyp\u00e1len\u00e9 synagogy\" width=\"453\" height=\"310\" srcset=\"https:\/\/kehila-olomouc.cz\/rs\/wp-content\/uploads\/synagoga-deska.jpg 453w, https:\/\/kehila-olomouc.cz\/rs\/wp-content\/uploads\/synagoga-deska-300x205.jpg 300w\" sizes=\"(max-width: 453px) 100vw, 453px\" \/><\/a><\/dt>\n<dd class=\"wp-caption-dd\">Pam\u011btn\u00ed deska na pam\u00e1tku vyp\u00e1len\u00e9 synagogy<\/dd>\n<\/dl>\n<\/div>\n<p style=\"text-align: justify;\">V t\u011bsn\u00e9m sousedstv\u00ed synagogy si \u017eidovsk\u00e1 obec v letech 1895-7 t\u00e9\u017e od architekta Jakoba Gartnera v obdobn\u00e9m architektonick\u00e9m proveden\u00ed nechala postavit sv\u016fj nov\u00fd obecn\u00ed d\u016fm s kancel\u00e1\u0159emi a rabin\u00e1tem (Lafayettova ulice \u010d. 16\/\u010dp. 638). V letech 1930-33 obec vystav\u011bla v Rooseveltov\u011b ulici \u010d. 13\/\u010dp. 393 na Nov\u00fdch Sadech t\u00e9\u017e vlastn\u00ed chudobinec a starobinec.<\/p>\n<p style=\"text-align: justify;\">V prvn\u00edch letech okupace a po v\u00e1lce slou\u017eila \u017eidovsk\u00e9 pospolitosti modlitebna s kancel\u00e1\u0159\u00ed v pat\u0159e domu Palack\u00e9ho ul. \u010d. 2. V r. 1955 byla p\u0159em\u00edst\u011bna a za\u0159\u00edzena do domu na Doln\u00edm n\u00e1m\u011bst\u00ed, tehdy Rud\u00e9 arm\u00e1dy, \u010d. 4 (slavnostn\u00ed zasv\u011bcen\u00ed 30. 8. 1955). Posledn\u00ed st\u011bhov\u00e1n\u00ed modlitebny a kancel\u00e1\u0159e nastalo roku 1969 do m\u00edstnost\u00ed v l. pat\u0159e domu na Komensk\u00e9ho t\u0159\u00edd\u011b \u010d. 7. Vnit\u0159n\u00edmu vybaven\u00ed v\u00e9vod\u00ed p\u016fsobiv\u00fd svatost\u00e1nek (aron ha-kode\u0161) barokn\u00edch forem z l. po1. 18.stol. 4) , v p\u0159eds\u00edni pout\u00e1 pozornost pam\u011btn\u00ed tabule se jm\u00e9ny ob\u011bt\u00ed holocaustu z Olomouce.<\/p>\n<p style=\"text-align: justify;\">1) Na bo\u010dn\u00edm \u0161t\u00edt\u011b v\u00a0pat\u0159e domu je dodnes zachov\u00e1n v\u00fdklenek &#8211; ark\u00fd\u0159, v\u00a0n\u011bm\u017e snad byly z\u00a0m\u00edstnosti modlitebny ulo\u017eeny t\u00f3ry; proti tomu hovo\u0159\u00ed fakt, \u00a0\u017ee ark\u00fd\u0159 je orientov\u00e1n k\u00a0z\u00e1padu. V\u00a0sousedn\u00edm dom\u011b Sokolsk\u00e1 9\/585 je na podest\u011b schodi\u0161t\u011b v\u00a0nejvy\u0161\u0161\u00edm pat\u0159e zase k\u00a0vid\u011bn\u00ed zbytek p\u016fvodn\u00ed \u010derno-b\u00edl\u00e9 kamenn\u00e9 dla\u017eby s\u00a0motivem \u0161estic\u00edp\u00e9 hv\u011bzdy.<br \/>\n2) Jakob Gartner ( 1861 P\u0159erov &#8211; 1921 V\u00edde\u0148 ) , autor synagog v\u00a0Hole\u0161ov\u011b (1893), Opav\u011b (1895-6), ale t\u00e9\u017e v\u00a0Hlohovci, Debrec\u00edn\u011b a V\u00eddni.<br \/>\n3) Poda\u0159ilo se zachr\u00e1nit pouze \u0161est oken s barevnou vitr\u00e1\u017e\u00ed, je\u017e jsou dnes v soukrom\u00e9m dr\u017een\u00ed.<br \/>\n4) Byl sem p\u0159enesen ze zru\u0161en\u00e9 a zbo\u0159en\u00e9 synagogy v Bu\u010dovic\u00edch na Vy\u0161kovsku.<\/p>\n<p>\u00a9\u00a0<a href=\"mailto:jaroslav.klenovsky@zob.cz\">Jaroslav Klenovsk\u00fd<\/a><\/p>\n<p><a href=\"http:\/\/www.youtube.com\/watch?v=OokewstUY6M \" target=\"_blank\"><br \/>\n<\/a><\/p>\n","protected":false},"excerpt":{"rendered":"<div style=\\\"text-align:justify;\\\">Od po\u010d\u00e1tku 19.stol. fungovala na p\u0159edm\u011bst\u00ed B\u011blidlech v soukrom\u00e9m statku Fischelov\u00fdch (dnes d\u016fm Libu\u0161ina ul. \u010d. 9\/\u010dp. 44) ortodoxn\u00ed modlitebna, je\u017e zde p\u016fsobila a\u017e do 30. let 20. stol. Po uvoln\u011bn\u00ed pom\u011br\u016f a n\u00e1r\u016fstu po\u010dtu \u017did\u016f po po1. 19. stol. musela b\u00fdt z\u0159\u00edzena modlitebna ve vnit\u0159n\u00edm m\u011bst\u011b: v letech 1859-62 existovala v dom\u011b Litovelsk\u00e1 ul. \u010dp. 406 (dnes Riegrova ul. \u010d. l), pot\u00e9 v letech 1862-3 v dom\u011b \u010cesk\u00e1 ul. \u010dp. 447 (dnes ul. 8. kv\u011btna \u010d. 2) a v r. 1863 pro ni adaptov\u00e1no l. patro domu B\u011blidla \u010dp. &#8230;<\/div>\n","protected":false},"author":3,"featured_media":0,"parent":20,"menu_order":8,"comment_status":"open","ping_status":"open","template":"","meta":{"ngg_post_thumbnail":0,"footnotes":""},"class_list":["post-96","page","type-page","status-publish","hentry"],"_links":{"self":[{"href":"https:\/\/kehila-olomouc.cz\/rs\/wp-json\/wp\/v2\/pages\/96"}],"collection":[{"href":"https:\/\/kehila-olomouc.cz\/rs\/wp-json\/wp\/v2\/pages"}],"about":[{"href":"https:\/\/kehila-olomouc.cz\/rs\/wp-json\/wp\/v2\/types\/page"}],"author":[{"embeddable":true,"href":"https:\/\/kehila-olomouc.cz\/rs\/wp-json\/wp\/v2\/users\/3"}],"replies":[{"embeddable":true,"href":"https:\/\/kehila-olomouc.cz\/rs\/wp-json\/wp\/v2\/comments?post=96"}],"version-history":[{"count":21,"href":"https:\/\/kehila-olomouc.cz\/rs\/wp-json\/wp\/v2\/pages\/96\/revisions"}],"predecessor-version":[{"id":506,"href":"https:\/\/kehila-olomouc.cz\/rs\/wp-json\/wp\/v2\/pages\/96\/revisions\/506"}],"up":[{"embeddable":true,"href":"https:\/\/kehila-olomouc.cz\/rs\/wp-json\/wp\/v2\/pages\/20"}],"wp:attachment":[{"href":"https:\/\/kehila-olomouc.cz\/rs\/wp-json\/wp\/v2\/media?parent=96"}],"curies":[{"name":"wp","href":"https:\/\/api.w.org\/{rel}","templated":true}]}}