{"id":94,"date":"2008-10-16T13:13:44","date_gmt":"2008-10-16T11:13:44","guid":{"rendered":"http:\/\/kehila-olomouc.cz\/rs\/?page_id=94"},"modified":"2008-11-26T14:47:50","modified_gmt":"2008-11-26T12:47:50","slug":"stredoveke-pamatky","status":"publish","type":"page","link":"https:\/\/kehila-olomouc.cz\/rs\/historie\/stredoveke-pamatky\/","title":{"rendered":"St\u0159edov\u011bk\u00e9 pam\u00e1tky"},"content":{"rendered":"<p>St\u0159edov\u011bk\u00e1 \u017didovsk\u00e1 ulice (platea judeorum) b\u00fdvala do r.1454 v prostoru dne\u0161n\u00ed Universitn\u00ed ulice, st\u00e1valy zde na dv\u011b des\u00edtky dom\u016f i se \u0161kolou \u010dili synagogou. Vstup do ghetta zaji\u0161\u0165ovaly dv\u011b br\u00e1ny, dnes ji\u017e zmizel\u00e9: prvn\u00ed od dominik\u00e1nsk\u00e9ho kostela sv.Michala a druh\u00e1 od \u00fast\u00ed nyn\u011bj\u0161\u00ed Denisovy ulice.<\/p>\n<p>T\u0159et\u00ed mo\u017en\u00fd vstup byl (ov\u0161em pon\u011bkud nepohodln\u00fd) branou zvanou \u017didovskou v m\u011bstsk\u00fdch hradb\u00e1ch. P\u016fvodn\u00ed v\u011b\u017eov\u00e1 hmota \u017didovsk\u00e9 fortny \u010di br\u00e1ny v linii gotick\u00fdch hradeb dodnes p\u0159il\u00e9h\u00e1 k dvorn\u00ed \u010d\u00e1sti b\u00fdval\u00e9ho jezuitsk\u00e9ho konviktu. \u010cty\u0159podla\u017en\u00ed br\u00e1na zprost\u0159edkov\u00e1vala sestup z m\u011bsta na koli\u0161t\u011b pobl\u00ed\u017e Michalsk\u00e9ho v\u00fdpadu na Z\u00e1vod\u00ed, v ohb\u00ed hradeb ve strm\u00e9 ter\u00e9nn\u00ed situaci. Br\u00e1na poch\u00e1z\u00ed ze 14.stolet\u00ed, pod pozd\u011bj\u0161\u00edmi stavebn\u00edmi \u00fapravami se dochovala v relativn\u011b velmi dobr\u00e9m stavu.<\/p>\n<p>P\u0159esn\u00e9 situov\u00e1n\u00ed st\u0159edov\u011bk\u00e9 synagogy v \u017didovsk\u00e9 ulici nezn\u00e1me, v\u00edme jen, \u017ee se nal\u00e9zala na jej\u00ed v\u00fdchodn\u00ed stran\u011b: je\u0161t\u011b v r.1549 budova st\u00e1la, pozd\u011bji byla p\u0159ibli\u017en\u011b na jej\u00edm m\u00edst\u011b postavena kaple Bo\u017e\u00edho t\u011bla. Z\u00e1stavba cel\u00e9 v\u00fdchodn\u00ed strany \u017didovsk\u00e9 ulice byla v dob\u011b barokn\u00ed (v 1.1660-67) p\u0159estav\u011bna na jezuitsk\u00fd konvikt (\u010dp. 225) * , uli\u010dka dostala jm\u00e9no Bo\u017e\u00edho t\u011bla, dnes Universitn\u00ed.<\/p>\n<p>St\u0159edov\u011bk\u00fd \u017eidovsk\u00fd h\u0159bitov (zm\u00edn\u011bn r.1363) se nal\u00e9zal na jihoz\u00e1padn\u00ed stran\u011b j\u00e1dra u m\u011bstsk\u00fdch hradeb v sousedstv\u00ed N\u011bmeck\u00e9ho Povlu. Jako poz\u016fstatek tohoto poh\u0159ebi\u0161t\u011b se v depozit\u00e1\u0159i Vlastiv\u011bdn\u00e9ho muzea v Olomouci dnes nach\u00e1z\u00ed st\u0159edov\u011bk\u00fd \u017eidovsk\u00fd n\u00e1hrobek s hebrejsk\u00fdm textem, p\u0159etesan\u00fd na. st\u0159\u00edlnu a druhotn\u011b osazen\u00fd v m\u011bstsk\u00fdch hradb\u00e1ch. Nalezen byl p\u0159i stavebn\u00edch prac\u00edch v r.1905 v Ko\u017eelu\u017esk\u00e9 ulici. N\u011bkolik dal\u0161\u00edch n\u00e1hrobk\u016f je\u0161t\u011b z\u016fst\u00e1v\u00e1 v hradb\u00e1ch zazd\u011bno.<\/p>\n<p>V listopadu 1997 byly b\u011bhem archeologick\u00e9ho v\u00fdzkumu pod podlahou presbyt\u00e1\u0159e kostela Neposkvrn\u011bn\u00e9ho Po\u010det\u00ed Panny Marie na Sokolsk\u00e9 ulici v Olomouci nalezeny t\u0159i fragmenty rozm\u011brn\u00fdch kamenn\u00fdch desek s hebrejsk\u00fdmi n\u00e1pisy poch\u00e1zej\u00edc\u00ed z doby mezi roky 1341 a\u017e 1396. V dne\u0161n\u00ed dob\u011b se nach\u00e1zej\u00ed ve Vlastiv\u011bdn\u00e9m muzeu v Olomouci.<\/p>\n<p>* Pozn\u00e1mka: P\u0159i archeologick\u00e9m pr\u016fzkumu pro nov\u00e9ho u\u017eivatele budovy Universitu Palack\u00e9ho v Olomouci byly v r.1995 pod podlahou p\u0159\u00edzem\u00ed nalezeny zbytky kamenn\u00e9ho zdiva star\u0161\u00ed, ran\u011b st\u0159edov\u011bk\u00e9 z\u00e1stavby. Na jejich interpretaci v\u0161ak podle vedouc\u00edho v\u00fdzkumu dr. Josefa Bl\u00e1hy nutno vy\u010dkat do skon\u010den\u00ed prac\u00ed.<\/p>\n<p>\u00a9\u00a0 <a href=\"mailto:jaroslav.klenovsky@zob.cz\">Jaroslav Klenovsk\u00fd<\/a><\/p>\n<p><br class=\"spacer_\" \/><\/p>\n","protected":false},"excerpt":{"rendered":"<div style=\\\"text-align:justify;\\\">St\u0159edov\u011bk\u00e1 \u017didovsk\u00e1 ulice (platea judeorum) b\u00fdvala do r.1454 v prostoru dne\u0161n\u00ed Universitn\u00ed ulice, st\u00e1valy zde na dv\u011b des\u00edtky dom\u016f i se \u0161kolou \u010dili synagogou. Vstup do ghetta zaji\u0161\u0165ovaly dv\u011b br\u00e1ny, dnes ji\u017e zmizel\u00e9: prvn\u00ed od dominik\u00e1nsk\u00e9ho kostela sv.Michala a druh\u00e1 od \u00fast\u00ed nyn\u011bj\u0161\u00ed Denisovy ulice.<br \/>\nT\u0159et\u00ed mo\u017en\u00fd vstup byl (ov\u0161em pon\u011bkud nepohodln\u00fd) branou zvanou \u017didovskou v m\u011bstsk\u00fdch hradb\u00e1ch. P\u016fvodn\u00ed v\u011b\u017eov\u00e1 hmota \u017didovsk\u00e9 fortny \u010di br\u00e1ny v linii gotick\u00fdch hradeb dodnes p\u0159il\u00e9h\u00e1 k dvorn\u00ed \u010d\u00e1sti b\u00fdval\u00e9ho jezuitsk\u00e9ho konviktu. \u010cty\u0159podla\u017en\u00ed br\u00e1na zprost\u0159edkov\u00e1vala sestup z m\u011bsta na koli\u0161t\u011b pobl\u00ed\u017e Michalsk\u00e9ho v\u00fdpadu na Z\u00e1vod\u00ed, v &#8230;<\/div>\n","protected":false},"author":3,"featured_media":0,"parent":20,"menu_order":7,"comment_status":"open","ping_status":"open","template":"","meta":{"ngg_post_thumbnail":0,"footnotes":""},"class_list":["post-94","page","type-page","status-publish","hentry"],"_links":{"self":[{"href":"https:\/\/kehila-olomouc.cz\/rs\/wp-json\/wp\/v2\/pages\/94"}],"collection":[{"href":"https:\/\/kehila-olomouc.cz\/rs\/wp-json\/wp\/v2\/pages"}],"about":[{"href":"https:\/\/kehila-olomouc.cz\/rs\/wp-json\/wp\/v2\/types\/page"}],"author":[{"embeddable":true,"href":"https:\/\/kehila-olomouc.cz\/rs\/wp-json\/wp\/v2\/users\/3"}],"replies":[{"embeddable":true,"href":"https:\/\/kehila-olomouc.cz\/rs\/wp-json\/wp\/v2\/comments?post=94"}],"version-history":[{"count":4,"href":"https:\/\/kehila-olomouc.cz\/rs\/wp-json\/wp\/v2\/pages\/94\/revisions"}],"predecessor-version":[{"id":503,"href":"https:\/\/kehila-olomouc.cz\/rs\/wp-json\/wp\/v2\/pages\/94\/revisions\/503"}],"up":[{"embeddable":true,"href":"https:\/\/kehila-olomouc.cz\/rs\/wp-json\/wp\/v2\/pages\/20"}],"wp:attachment":[{"href":"https:\/\/kehila-olomouc.cz\/rs\/wp-json\/wp\/v2\/media?parent=94"}],"curies":[{"name":"wp","href":"https:\/\/api.w.org\/{rel}","templated":true}]}}