{"id":92,"date":"2008-10-16T13:13:21","date_gmt":"2008-10-16T11:13:21","guid":{"rendered":"http:\/\/kehila-olomouc.cz\/rs\/?page_id=92"},"modified":"2012-03-14T16:41:53","modified_gmt":"2012-03-14T14:41:53","slug":"pamatnik","status":"publish","type":"page","link":"https:\/\/kehila-olomouc.cz\/rs\/historie\/pamatnik\/","title":{"rendered":"Pam\u00e1tn\u00edk ob\u011btem \u0160oa"},"content":{"rendered":"<h6 style=\"text-align: center;\">5. kv\u011btna 2005 na den Jom ha \u0160oa<br \/>\n\u017didovsk\u00e1 obec Olomouc za p\u0159isp\u011bn\u00ed Evropsk\u00e9 komise<br \/>\nodhalila \u010dty\u0159i pam\u011btn\u00ed desky s 1325 jm\u00e9ny \u017eidovsk\u00fdch ob\u011bt\u00ed Holocaustu poch\u00e1zej\u00edc\u00edch z Olomouce.<\/h6>\n<p>\u017didovsk\u00e1 obec Olomouc obdr\u017eela finan\u010dn\u00ed grant od Evropsk\u00e9 komise na vybudov\u00e1n\u00ed jmenn\u00e9ho pam\u00e1tn\u00edku \u017eidovsk\u00fdch ob\u011bt\u00ed Holocaustu, poch\u00e1zej\u00edc\u00edch z\u00a0Olomouce. V\u00a0r\u00e1mci tohoto projektu, na kter\u00e9m se \u017dO Olomouc, pod\u00edlela 33% vznikly 4 pam\u011btn\u00ed desky z\u00a0\u010dern\u00e9 \u0161v\u00e9dsk\u00e9 \u017euly, kter\u00e9 byly instalov\u00e1ny po obou stran\u00e1ch ji\u017e st\u00e1vaj\u00edc\u00edho pam\u00e1tn\u00edku postaven\u00e9ho v\u00a0roce 1949 na \u017eidovsk\u00e9m h\u0159bitov\u011b v Olomouci.<\/p>\n<p>Seznam jmen byl sestaven z\u00a0t\u011bchto pramen\u016f:<\/p>\n<ul>\n<li>doklady z\u00a0\u017didovsk\u00e9ho muzea v\u00a0Praze<\/li>\n<li>doklady z\u00a0\u017didovsk\u00e9 obce Olomouc<\/li>\n<li>pam\u011btn\u00ed deska na \u017dO Olomouc<\/li>\n<\/ul>\n<p style=\"text-align: center;\"><a href=\"http:\/\/kehila-olomouc.cz\/rs\/wp-content\/uploads\/navrh-pamatnik.jpg\"><img loading=\"lazy\" decoding=\"async\" class=\"size-full wp-image-493 aligncenter\" title=\"navrh-pamatnik\" src=\"http:\/\/kehila-olomouc.cz\/rs\/wp-content\/uploads\/navrh-pamatnik.jpg\" alt=\"\" width=\"500\" height=\"144\" srcset=\"https:\/\/kehila-olomouc.cz\/rs\/wp-content\/uploads\/navrh-pamatnik.jpg 843w, https:\/\/kehila-olomouc.cz\/rs\/wp-content\/uploads\/navrh-pamatnik-300x86.jpg 300w\" sizes=\"(max-width: 500px) 100vw, 500px\" \/><\/a><\/p>\n<p>&nbsp;<\/p>\n<p>Ji\u017e v\u00a0roce 1939 po okupaci \u010ceskoslovenska byli zat\u010deni v\u00fdznamn\u00ed ob\u010dan\u00e9 \u017eidovsk\u00e9ho p\u016fvodu z\u00a0Olomouce v\u00a0r\u00e1mci tzv. akce Albrecht der Erste. O osudu t\u011bchto ob\u010dan\u016f nen\u00ed p\u0159esn\u00e1 evidence. N\u011bkte\u0159\u00ed byli propu\u0161t\u011bni, ale pozd\u011bji byli za\u0159azeni do transport\u016f sm\u011brem Terez\u00edn. Ostatn\u00ed byli p\u0159\u00edmo deportov\u00e1ni do koncentra\u010dn\u00edch t\u00e1bor\u016f a tam zahynuli. V\u011bt\u0161ina z\u00a0nich byla bu\u010f sv\u00fdmi p\u0159\u00edbuzn\u00fdmi, nebo \u017didovskou obc\u00ed v\u00a0Olomouci po skon\u010den\u00ed v\u00e1lky zaznamen\u00e1na jako ob\u011bti Holocaustu. Nen\u00ed v\u0161ak jistota, \u017ee seznam obsahuje jm\u00e9na v\u0161ech zahynul\u00fdch ob\u011bt\u00ed.<\/p>\n<h1 style=\"text-align: center;\"><a href=\"http:\/\/kehila-olomouc.cz\/rs\/wp-content\/uploads\/seznam-jmen.pdf\">Jmenn\u00fd seznam ob\u011bt\u00ed<\/a><\/h1>\n<p style=\"text-align: center;\"><a href=\"http:\/\/kehila-olomouc.cz\/rs\/wp-content\/uploads\/desky.jpg\"><img loading=\"lazy\" decoding=\"async\" class=\"size-full wp-image-492 aligncenter\" title=\"desky\" src=\"http:\/\/kehila-olomouc.cz\/rs\/wp-content\/uploads\/desky.jpg\" alt=\"\" width=\"403\" height=\"302\" srcset=\"https:\/\/kehila-olomouc.cz\/rs\/wp-content\/uploads\/desky.jpg 403w, https:\/\/kehila-olomouc.cz\/rs\/wp-content\/uploads\/desky-300x224.jpg 300w\" sizes=\"(max-width: 403px) 100vw, 403px\" \/><\/a><\/p>\n<h6 style=\"text-align: center;\">Pam\u011btn\u00ed desky projektoval Ing. Arch. Jaroslav Nov\u00e1\u010dek, v\u00fdrobu a technick\u00e9 pr\u00e1ce zajistil pan Milo\u0161 Br\u00fcckner,<br \/>\nKamenosocha\u0159stv\u00ed Olomouc.<\/h6>\n<h6 style=\"text-align: center;\">Odhalen\u00ed provedl velvyslanec Izraele v\u00a0Praze jeho excellence Arthur Avnon, europoslanec Ing. Jan B\u0159ezina a n\u00e1m\u011bstek statut\u00e1rn\u00edho m\u011bsta Olomouc Ing. Vladim\u00edr Pokorn\u00fd.<\/h6>\n<p style=\"text-align: center;\">ngg_shortcode_0_placeholder<\/p>\n","protected":false},"excerpt":{"rendered":"<div style=\\\"text-align:justify;\\\">5. kv\u011btna 2005 na den Jom ha \u0160oa<br \/>\n\u017didovsk\u00e1 obec Olomouc za p\u0159isp\u011bn\u00ed Evropsk\u00e9 komise<br \/>\nodhalila \u010dty\u0159i pam\u011btn\u00ed desky s 1325 jm\u00e9ny \u017eidovsk\u00fdch ob\u011bt\u00ed Holocaustu poch\u00e1zej\u00edc\u00edch z Olomouce.<br \/>\n\u017didovsk\u00e1 obec Olomouc obdr\u017eela finan\u010dn\u00ed grant od Evropsk\u00e9 komise na vybudov\u00e1n\u00ed jmenn\u00e9ho pam\u00e1tn\u00edku \u017eidovsk\u00fdch ob\u011bt\u00ed Holocaustu, poch\u00e1zej\u00edc\u00edch z\u00a0Olomouce. V\u00a0r\u00e1mci tohoto projektu, na kter\u00e9m se \u017dO Olomouc, pod\u00edlela 33% vznikly 4 pam\u011btn\u00ed desky z\u00a0\u010dern\u00e9 \u0161v\u00e9dsk\u00e9 \u017euly, kter\u00e9 byly instalov\u00e1ny po obou stran\u00e1ch ji\u017e st\u00e1vaj\u00edc\u00edho pam\u00e1tn\u00edku postaven\u00e9ho v\u00a0roce 1949 na \u017eidovsk\u00e9m h\u0159bitov\u011b v Olomouci.<br \/>\nSeznam jmen byl sestaven z\u00a0t\u011bchto pramen\u016f:<\/p>\n<p>doklady z\u00a0\u017didovsk\u00e9ho muzea v\u00a0Praze<br \/>\ndoklady z\u00a0\u017didovsk\u00e9 obce Olomouc<br \/>\npam\u011btn\u00ed deska na &#8230;<\/p><\/div>\n","protected":false},"author":3,"featured_media":0,"parent":20,"menu_order":5,"comment_status":"open","ping_status":"open","template":"","meta":{"ngg_post_thumbnail":0,"footnotes":""},"class_list":["post-92","page","type-page","status-publish","hentry"],"_links":{"self":[{"href":"https:\/\/kehila-olomouc.cz\/rs\/wp-json\/wp\/v2\/pages\/92"}],"collection":[{"href":"https:\/\/kehila-olomouc.cz\/rs\/wp-json\/wp\/v2\/pages"}],"about":[{"href":"https:\/\/kehila-olomouc.cz\/rs\/wp-json\/wp\/v2\/types\/page"}],"author":[{"embeddable":true,"href":"https:\/\/kehila-olomouc.cz\/rs\/wp-json\/wp\/v2\/users\/3"}],"replies":[{"embeddable":true,"href":"https:\/\/kehila-olomouc.cz\/rs\/wp-json\/wp\/v2\/comments?post=92"}],"version-history":[{"count":16,"href":"https:\/\/kehila-olomouc.cz\/rs\/wp-json\/wp\/v2\/pages\/92\/revisions"}],"predecessor-version":[{"id":491,"href":"https:\/\/kehila-olomouc.cz\/rs\/wp-json\/wp\/v2\/pages\/92\/revisions\/491"}],"up":[{"embeddable":true,"href":"https:\/\/kehila-olomouc.cz\/rs\/wp-json\/wp\/v2\/pages\/20"}],"wp:attachment":[{"href":"https:\/\/kehila-olomouc.cz\/rs\/wp-json\/wp\/v2\/media?parent=92"}],"curies":[{"name":"wp","href":"https:\/\/api.w.org\/{rel}","templated":true}]}}