{"id":8516,"date":"2016-08-21T10:50:03","date_gmt":"2016-08-21T08:50:03","guid":{"rendered":"http:\/\/kehila-olomouc.cz\/rs\/?page_id=8516"},"modified":"2016-08-21T10:52:07","modified_gmt":"2016-08-21T08:52:07","slug":"otto-zweig","status":"publish","type":"page","link":"https:\/\/kehila-olomouc.cz\/rs\/soucastnost\/stolpersteine-2\/otto-zweig\/","title":{"rendered":"Otto Zweig"},"content":{"rendered":"<p>Adresa: <a href=\"https:\/\/www.google.com\/maps\/d\/viewer?mid=zFcC0AXi_eZA.kr_Q-_iTZAOc\" target=\"_blank\">t\u0159. Spojenc\u016f 996\/16, Olomouc<\/a><br \/>\nsou\u0159adnice: 49\u00b035&#8217;33.2&#8243;N 17\u00b014&#8217;46.1&#8243;E<br \/>\nK\u00e1men zmizel\u00fdch polo\u017een: 2015<\/p>\n<p><a href=\"http:\/\/kehila-olomouc.cz\/rs\/wp-content\/uploads\/Otto-Zweig.jpg\" rel=\"attachment wp-att-8517\"><img loading=\"lazy\" decoding=\"async\" class=\"alignleft size-medium wp-image-8517\" src=\"http:\/\/kehila-olomouc.cz\/rs\/wp-content\/uploads\/Otto-Zweig-296x300.jpg\" alt=\"Otto Zweig\" width=\"296\" height=\"300\" srcset=\"https:\/\/kehila-olomouc.cz\/rs\/wp-content\/uploads\/Otto-Zweig-296x300.jpg 296w, https:\/\/kehila-olomouc.cz\/rs\/wp-content\/uploads\/Otto-Zweig.jpg 599w\" sizes=\"(max-width: 296px) 100vw, 296px\" \/><\/a><\/p>\n<p>&nbsp;<\/p>\n<p>&nbsp;<\/p>\n<p>&nbsp;<\/p>\n<p>&nbsp;<\/p>\n<p>&nbsp;<\/p>\n<p>&nbsp;<\/p>\n<p>&nbsp;<\/p>\n<p>&nbsp;<\/p>\n<p>&nbsp;<\/p>\n<p>N\u00e1pis na kameni:<\/p>\n<p>ZDE BYDLEL<br \/>\nOTTO\u00a0ZWEIG<br \/>\nNAR. 1874<br \/>\nDEPORTOV\u00c1N 1942<br \/>\nDO TEREZ\u00cdNA<br \/>\nZAVRA\u017dD\u011aN<br \/>\nV TREBLINCE<\/p>\n<p>Dal\u0161\u00ed zn\u00e1m\u00e9 \u00fadaje:<br \/>\nNarozen 11. 01. 1874<br \/>\nTransport AAo, \u010d. 580 (08. 07. 1942, Olomouc -&gt; Terez\u00edn)<br \/>\nTransport Bv, \u010d. 1818 (15. 10. 1942, Terez\u00edn -&gt; Treblinka)<br \/>\nZahynul<\/p>\n<p><a href=\"http:\/\/www.holocaust.cz\/databaze-obeti\/obet\/136461-otto-zweig\/\" target=\"_blank\">Ob\u011b\u0165 v datab\u00e1zi Institutu Terez\u00ednsk\u00e9 iniciativy<\/a><\/p>\n","protected":false},"excerpt":{"rendered":"<p>Adresa: t\u0159. Spojenc\u016f 996\/16, Olomouc<br \/>\nsou\u0159adnice: 49\u00b035&#8217;33.2&#8243;N 17\u00b014&#8217;46.1&#8243;E<br \/>\nK\u00e1men zmizel\u00fdch polo\u017een: 2015<\/p>\n<p>&nbsp;<br \/>\n&nbsp;<br \/>\n&nbsp;<br \/>\n&nbsp;<br \/>\n&nbsp;<br \/>\n&nbsp;<br \/>\n&nbsp;<br \/>\n&nbsp;<br \/>\n&nbsp;<br \/>\nN\u00e1pis na kameni:<br \/>\nZDE BYDLEL<br \/>\nOTTO\u00a0ZWEIG<br \/>\nNAR. 1874<br \/>\nDEPORTOV\u00c1N 1942<br \/>\nDO TEREZ\u00cdNA<br \/>\nZAVRA\u017dD\u011aN<br \/>\nV TREBLINCE<br \/>\nDal\u0161\u00ed zn\u00e1m\u00e9 \u00fadaje:<br \/>\nNarozen 11. 01. 1874<br \/>\nTransport AAo, \u010d. 580 (08. 07. 1942, Olomouc -&gt; Terez\u00edn)<br \/>\nTransport Bv, \u010d. 1818 (15. 10. 1942, Terez\u00edn -&gt; Treblinka)<br \/>\nZahynul<br \/>\nOb\u011b\u0165 v datab\u00e1zi Institutu Terez\u00ednsk\u00e9 iniciativy<\/p>\n","protected":false},"author":3,"featured_media":0,"parent":7602,"menu_order":0,"comment_status":"closed","ping_status":"closed","template":"","meta":{"ngg_post_thumbnail":0,"footnotes":""},"class_list":["post-8516","page","type-page","status-publish","hentry"],"_links":{"self":[{"href":"https:\/\/kehila-olomouc.cz\/rs\/wp-json\/wp\/v2\/pages\/8516"}],"collection":[{"href":"https:\/\/kehila-olomouc.cz\/rs\/wp-json\/wp\/v2\/pages"}],"about":[{"href":"https:\/\/kehila-olomouc.cz\/rs\/wp-json\/wp\/v2\/types\/page"}],"author":[{"embeddable":true,"href":"https:\/\/kehila-olomouc.cz\/rs\/wp-json\/wp\/v2\/users\/3"}],"replies":[{"embeddable":true,"href":"https:\/\/kehila-olomouc.cz\/rs\/wp-json\/wp\/v2\/comments?post=8516"}],"version-history":[{"count":4,"href":"https:\/\/kehila-olomouc.cz\/rs\/wp-json\/wp\/v2\/pages\/8516\/revisions"}],"predecessor-version":[{"id":8521,"href":"https:\/\/kehila-olomouc.cz\/rs\/wp-json\/wp\/v2\/pages\/8516\/revisions\/8521"}],"up":[{"embeddable":true,"href":"https:\/\/kehila-olomouc.cz\/rs\/wp-json\/wp\/v2\/pages\/7602"}],"wp:attachment":[{"href":"https:\/\/kehila-olomouc.cz\/rs\/wp-json\/wp\/v2\/media?parent=8516"}],"curies":[{"name":"wp","href":"https:\/\/api.w.org\/{rel}","templated":true}]}}