{"id":8271,"date":"2016-08-11T00:00:54","date_gmt":"2016-08-10T22:00:54","guid":{"rendered":"http:\/\/kehila-olomouc.cz\/rs\/?page_id=8271"},"modified":"2016-08-14T01:32:23","modified_gmt":"2016-08-13T23:32:23","slug":"josef-jarolim","status":"publish","type":"page","link":"https:\/\/kehila-olomouc.cz\/rs\/soucastnost\/stolpersteine-2\/josef-jarolim\/","title":{"rendered":"Josef Jarol\u00edm"},"content":{"rendered":"<p>Adresa: <a href=\"https:\/\/www.google.com\/maps\/d\/viewer?mid=12_cSHfP87mJ4QRHT1dfmFBc3jcs\" target=\"_blank\">Masarykova 1050\/20, Olomouc<\/a><br \/>\nsou\u0159adnice: 49\u00b035&#8217;40.8&#8243;N 17\u00b016&#8217;11.5&#8243;E<br \/>\nK\u00e1men zmizel\u00fdch polo\u017een: 2015<\/p>\n<p><a href=\"http:\/\/kehila-olomouc.cz\/rs\/wp-content\/uploads\/Josef-Jarol\u00edm.jpg\" rel=\"attachment wp-att-8273\"><img loading=\"lazy\" decoding=\"async\" class=\"alignleft size-medium wp-image-8273\" src=\"http:\/\/kehila-olomouc.cz\/rs\/wp-content\/uploads\/Josef-Jarol\u00edm-300x300.jpg\" alt=\"Josef Jarol\u00edm\" width=\"300\" height=\"300\" srcset=\"https:\/\/kehila-olomouc.cz\/rs\/wp-content\/uploads\/Josef-Jarol\u00edm-300x300.jpg 300w, https:\/\/kehila-olomouc.cz\/rs\/wp-content\/uploads\/Josef-Jarol\u00edm-150x150.jpg 150w, https:\/\/kehila-olomouc.cz\/rs\/wp-content\/uploads\/Josef-Jarol\u00edm.jpg 669w\" sizes=\"(max-width: 300px) 100vw, 300px\" \/><\/a><\/p>\n<p>&nbsp;<\/p>\n<p>&nbsp;<\/p>\n<p>&nbsp;<\/p>\n<p>&nbsp;<\/p>\n<p>&nbsp;<\/p>\n<p>&nbsp;<\/p>\n<p>&nbsp;<\/p>\n<p>&nbsp;<\/p>\n<p>&nbsp;<\/p>\n<p><span style=\"text-decoration: underline;\">N\u00e1pis na kameni:<\/span><br \/>\nZDE BYDLEL<br \/>\nJOSEF JAROL\u00cdM<br \/>\nNAR. 1888<br \/>\nDEPORTOV\u00c1N 1942<br \/>\nDO TEREZ\u00cdNA<br \/>\nZAVRA\u017dD\u011aN<br \/>\nV OSV\u011aTIMI<\/p>\n<p><span style=\"text-decoration: underline;\">Dal\u0161\u00ed zn\u00e1m\u00e9 \u00fadaje:<\/span><br \/>\nNarozen 16. 10. 1888<br \/>\nTransport AAo, \u010d. 104 (08. 07. 1942, Olomouc -&gt; Terez\u00edn)<br \/>\nTransport Er, \u010d. 824 (16. 10. 1944, Terez\u00edn -&gt; Osv\u011btim)<br \/>\nZahynul<\/p>\n<p><a href=\"http:\/\/www.holocaust.cz\/databaze-obeti\/obet\/96073-josef-jarolim\/\" target=\"_blank\">Ob\u011b\u0165 v datab\u00e1zi Institutu Terez\u00ednsk\u00e9 iniciativy<\/a><\/p>\n<p><a href=\"http:\/\/kehila-olomouc.cz\/rs\/wp-content\/uploads\/Jarol\u00edm-Josef_16.10.1888_OL_30.12.1935.jpg\"><img loading=\"lazy\" decoding=\"async\" class=\"aligncenter wp-image-8282\" src=\"http:\/\/kehila-olomouc.cz\/rs\/wp-content\/uploads\/Jarol\u00edm-Josef_16.10.1888_OL_30.12.1935.jpg\" alt=\"Jarol\u00edm Josef_16.10.1888_OL_30.12.1935\" width=\"549\" height=\"433\" srcset=\"https:\/\/kehila-olomouc.cz\/rs\/wp-content\/uploads\/Jarol\u00edm-Josef_16.10.1888_OL_30.12.1935.jpg 750w, https:\/\/kehila-olomouc.cz\/rs\/wp-content\/uploads\/Jarol\u00edm-Josef_16.10.1888_OL_30.12.1935-300x237.jpg 300w\" sizes=\"(max-width: 549px) 100vw, 549px\" \/><\/a><\/p>\n<p style=\"text-align: center;\">\n","protected":false},"excerpt":{"rendered":"<p>Adresa: Masarykova 1050\/20, Olomouc<br \/>\nsou\u0159adnice: 49\u00b035&#8217;40.8&#8243;N 17\u00b016&#8217;11.5&#8243;E<br \/>\nK\u00e1men zmizel\u00fdch polo\u017een: 2015<\/p>\n<p>&nbsp;<br \/>\n&nbsp;<br \/>\n&nbsp;<br \/>\n&nbsp;<br \/>\n&nbsp;<br \/>\n&nbsp;<br \/>\n&nbsp;<br \/>\n&nbsp;<br \/>\n&nbsp;<br \/>\nN\u00e1pis na kameni:<br \/>\nZDE BYDLEL<br \/>\nJOSEF JAROL\u00cdM<br \/>\nNAR. 1888<br \/>\nDEPORTOV\u00c1N 1942<br \/>\nDO TEREZ\u00cdNA<br \/>\nZAVRA\u017dD\u011aN<br \/>\nV OSV\u011aTIMI<br \/>\nDal\u0161\u00ed zn\u00e1m\u00e9 \u00fadaje:<br \/>\nNarozen 16. 10. 1888<br \/>\nTransport AAo, \u010d. 104 (08. 07. 1942, Olomouc -&gt; Terez\u00edn)<br \/>\nTransport Er, \u010d. 824 (16. 10. 1944, Terez\u00edn -&gt; Osv\u011btim)<br \/>\nZahynul<br \/>\nOb\u011b\u0165 v datab\u00e1zi Institutu Terez\u00ednsk\u00e9 iniciativy<\/p>\n","protected":false},"author":3,"featured_media":0,"parent":7602,"menu_order":0,"comment_status":"closed","ping_status":"closed","template":"","meta":{"ngg_post_thumbnail":0,"footnotes":""},"class_list":["post-8271","page","type-page","status-publish","hentry"],"_links":{"self":[{"href":"https:\/\/kehila-olomouc.cz\/rs\/wp-json\/wp\/v2\/pages\/8271"}],"collection":[{"href":"https:\/\/kehila-olomouc.cz\/rs\/wp-json\/wp\/v2\/pages"}],"about":[{"href":"https:\/\/kehila-olomouc.cz\/rs\/wp-json\/wp\/v2\/types\/page"}],"author":[{"embeddable":true,"href":"https:\/\/kehila-olomouc.cz\/rs\/wp-json\/wp\/v2\/users\/3"}],"replies":[{"embeddable":true,"href":"https:\/\/kehila-olomouc.cz\/rs\/wp-json\/wp\/v2\/comments?post=8271"}],"version-history":[{"count":7,"href":"https:\/\/kehila-olomouc.cz\/rs\/wp-json\/wp\/v2\/pages\/8271\/revisions"}],"predecessor-version":[{"id":8371,"href":"https:\/\/kehila-olomouc.cz\/rs\/wp-json\/wp\/v2\/pages\/8271\/revisions\/8371"}],"up":[{"embeddable":true,"href":"https:\/\/kehila-olomouc.cz\/rs\/wp-json\/wp\/v2\/pages\/7602"}],"wp:attachment":[{"href":"https:\/\/kehila-olomouc.cz\/rs\/wp-json\/wp\/v2\/media?parent=8271"}],"curies":[{"name":"wp","href":"https:\/\/api.w.org\/{rel}","templated":true}]}}