{"id":8238,"date":"2016-08-09T20:06:24","date_gmt":"2016-08-09T18:06:24","guid":{"rendered":"http:\/\/kehila-olomouc.cz\/rs\/?page_id=8238"},"modified":"2016-08-09T20:06:24","modified_gmt":"2016-08-09T18:06:24","slug":"robert-fried","status":"publish","type":"page","link":"https:\/\/kehila-olomouc.cz\/rs\/soucastnost\/stolpersteine-2\/robert-fried\/","title":{"rendered":"Robert Fried"},"content":{"rendered":"<p>Adresa: <a href=\"https:\/\/www.google.com\/maps\/d\/viewer?mid=12_cSHfP87mJ4QRHT1dfmFBc3jcs\" target=\"_blank\">Pavel\u010d\u00e1kova 7\/9<strong>, <\/strong>Olomouc<\/a><br \/>\nsou\u0159adnice: 49\u00b035&#8217;33.2&#8243;N 17\u00b015&#8217;02.4&#8243;E<br \/>\nK\u00e1men zmizel\u00fdch polo\u017een: 2016<\/p>\n<p><a href=\"http:\/\/kehila-olomouc.cz\/rs\/wp-content\/uploads\/Robert-Fried.jpg\" rel=\"attachment wp-att-8239\"><img loading=\"lazy\" decoding=\"async\" class=\"alignleft size-medium wp-image-8239\" src=\"http:\/\/kehila-olomouc.cz\/rs\/wp-content\/uploads\/Robert-Fried-296x300.jpg\" alt=\"Robert Fried\" width=\"296\" height=\"300\" srcset=\"https:\/\/kehila-olomouc.cz\/rs\/wp-content\/uploads\/Robert-Fried-296x300.jpg 296w, https:\/\/kehila-olomouc.cz\/rs\/wp-content\/uploads\/Robert-Fried.jpg 675w\" sizes=\"(max-width: 296px) 100vw, 296px\" \/><\/a><\/p>\n<p>&nbsp;<\/p>\n<p>&nbsp;<\/p>\n<p>&nbsp;<\/p>\n<p>&nbsp;<\/p>\n<p>&nbsp;<\/p>\n<p>&nbsp;<\/p>\n<p>&nbsp;<\/p>\n<p>&nbsp;<\/p>\n<p>&nbsp;<\/p>\n<p>N\u00e1pis na kameni:<\/p>\n<p>ZDE BYDLEL<br \/>\nROBERT\u00a0FRIED<br \/>\nNAR. 1906<br \/>\nZAT\u010cEN GESTAPEM 1939<br \/>\nZAVRA\u017dD\u011aN 11.7.1940<br \/>\nV BUCHENWALDU<\/p>\n<p>Dal\u0161\u00ed zn\u00e1m\u00e9 \u00fadaje:<br \/>\nNarozen 9. 1. 1906<\/p>\n","protected":false},"excerpt":{"rendered":"<p>Adresa: Pavel\u010d\u00e1kova 7\/9, Olomouc<br \/>\nsou\u0159adnice: 49\u00b035&#8217;33.2&#8243;N 17\u00b015&#8217;02.4&#8243;E<br \/>\nK\u00e1men zmizel\u00fdch polo\u017een: 2016<\/p>\n<p>&nbsp;<br \/>\n&nbsp;<br \/>\n&nbsp;<br \/>\n&nbsp;<br \/>\n&nbsp;<br \/>\n&nbsp;<br \/>\n&nbsp;<br \/>\n&nbsp;<br \/>\n&nbsp;<br \/>\nN\u00e1pis na kameni:<br \/>\nZDE BYDLEL<br \/>\nROBERT\u00a0FRIED<br \/>\nNAR. 1906<br \/>\nZAT\u010cEN GESTAPEM 1939<br \/>\nZAVRA\u017dD\u011aN 11.7.1940<br \/>\nV BUCHENWALDU<br \/>\nDal\u0161\u00ed zn\u00e1m\u00e9 \u00fadaje:<br \/>\nNarozen 9. 1. 1906<\/p>\n","protected":false},"author":3,"featured_media":0,"parent":7602,"menu_order":0,"comment_status":"closed","ping_status":"closed","template":"","meta":{"ngg_post_thumbnail":0,"footnotes":""},"class_list":["post-8238","page","type-page","status-publish","hentry"],"_links":{"self":[{"href":"https:\/\/kehila-olomouc.cz\/rs\/wp-json\/wp\/v2\/pages\/8238"}],"collection":[{"href":"https:\/\/kehila-olomouc.cz\/rs\/wp-json\/wp\/v2\/pages"}],"about":[{"href":"https:\/\/kehila-olomouc.cz\/rs\/wp-json\/wp\/v2\/types\/page"}],"author":[{"embeddable":true,"href":"https:\/\/kehila-olomouc.cz\/rs\/wp-json\/wp\/v2\/users\/3"}],"replies":[{"embeddable":true,"href":"https:\/\/kehila-olomouc.cz\/rs\/wp-json\/wp\/v2\/comments?post=8238"}],"version-history":[{"count":1,"href":"https:\/\/kehila-olomouc.cz\/rs\/wp-json\/wp\/v2\/pages\/8238\/revisions"}],"predecessor-version":[{"id":8240,"href":"https:\/\/kehila-olomouc.cz\/rs\/wp-json\/wp\/v2\/pages\/8238\/revisions\/8240"}],"up":[{"embeddable":true,"href":"https:\/\/kehila-olomouc.cz\/rs\/wp-json\/wp\/v2\/pages\/7602"}],"wp:attachment":[{"href":"https:\/\/kehila-olomouc.cz\/rs\/wp-json\/wp\/v2\/media?parent=8238"}],"curies":[{"name":"wp","href":"https:\/\/api.w.org\/{rel}","templated":true}]}}