{"id":8220,"date":"2016-08-09T19:39:52","date_gmt":"2016-08-09T17:39:52","guid":{"rendered":"http:\/\/kehila-olomouc.cz\/rs\/?page_id=8220"},"modified":"2016-08-09T19:56:08","modified_gmt":"2016-08-09T17:56:08","slug":"julius-fried","status":"publish","type":"page","link":"https:\/\/kehila-olomouc.cz\/rs\/soucastnost\/stolpersteine-2\/julius-fried\/","title":{"rendered":"Julius Fried"},"content":{"rendered":"<p>Adresa: <a href=\"https:\/\/www.google.com\/maps\/d\/viewer?mid=12_cSHfP87mJ4QRHT1dfmFBc3jcs\" target=\"_blank\">Pavel\u010d\u00e1kova 7\/9<strong>, <\/strong>Olomouc<\/a><br \/>\nsou\u0159adnice: 49\u00b035&#8217;33.2&#8243;N 17\u00b015&#8217;02.4&#8243;E<br \/>\nK\u00e1men zmizel\u00fdch polo\u017een: 2016<\/p>\n<p><a href=\"http:\/\/kehila-olomouc.cz\/rs\/wp-content\/uploads\/Julius-Fried.jpg\" rel=\"attachment wp-att-8222\"><img loading=\"lazy\" decoding=\"async\" class=\"alignleft size-medium wp-image-8222\" src=\"http:\/\/kehila-olomouc.cz\/rs\/wp-content\/uploads\/Julius-Fried-298x300.jpg\" alt=\"Julius Fried\" width=\"298\" height=\"300\" srcset=\"https:\/\/kehila-olomouc.cz\/rs\/wp-content\/uploads\/Julius-Fried-298x300.jpg 298w, https:\/\/kehila-olomouc.cz\/rs\/wp-content\/uploads\/Julius-Fried-150x150.jpg 150w, https:\/\/kehila-olomouc.cz\/rs\/wp-content\/uploads\/Julius-Fried.jpg 705w\" sizes=\"(max-width: 298px) 100vw, 298px\" \/><\/a><\/p>\n<p>&nbsp;<\/p>\n<p>&nbsp;<\/p>\n<p>&nbsp;<\/p>\n<p>&nbsp;<\/p>\n<p>&nbsp;<\/p>\n<p>&nbsp;<\/p>\n<p>&nbsp;<\/p>\n<p>&nbsp;<\/p>\n<p>&nbsp;<\/p>\n<p>N\u00e1pis na kameni:<\/p>\n<p>ZDE BYDLEL<br \/>\nJULIUS FRIED<br \/>\nNAR. 1867<br \/>\nDEPORTOV\u00c1N 1942<br \/>\nDO TEREZ\u00cdNA<br \/>\nZAVRA\u017dD\u011aN<br \/>\nV TREBLINCE<\/p>\n<p>Dal\u0161\u00ed zn\u00e1m\u00e9 \u00fadaje:<br \/>\nNarozen 26. 09. 1867<br \/>\nTransport AAf, \u010d. 582 (26. 06. 1942, Olomouc -&gt; Terez\u00edn)<br \/>\nTransport Bv, \u010d. 1428 (15. 10. 1942, Terez\u00edn -&gt; Treblinka)<br \/>\nZahynul<\/p>\n<p><a href=\"http:\/\/www.holocaust.cz\/databaze-obeti\/obet\/86456-julius-fried\/\" target=\"_blank\">Ob\u011b\u0165 v datab\u00e1zi Institutu Terez\u00ednsk\u00e9 iniciativy<\/a><\/p>\n<p style=\"text-align: center;\">\n","protected":false},"excerpt":{"rendered":"<p>Adresa: Pavel\u010d\u00e1kova 7\/9, Olomouc<br \/>\nsou\u0159adnice: 49\u00b035&#8217;33.2&#8243;N 17\u00b015&#8217;02.4&#8243;E<br \/>\nK\u00e1men zmizel\u00fdch polo\u017een: 2016<\/p>\n<p>&nbsp;<br \/>\n&nbsp;<br \/>\n&nbsp;<br \/>\n&nbsp;<br \/>\n&nbsp;<br \/>\n&nbsp;<br \/>\n&nbsp;<br \/>\n&nbsp;<br \/>\n&nbsp;<br \/>\nN\u00e1pis na kameni:<br \/>\nZDE BYDLEL<br \/>\nJULIUS FRIED<br \/>\nNAR. 1867<br \/>\nDEPORTOV\u00c1N 1942<br \/>\nDO TEREZ\u00cdNA<br \/>\nZAVRA\u017dD\u011aN<br \/>\nV TREBLINCE<br \/>\nDal\u0161\u00ed zn\u00e1m\u00e9 \u00fadaje:<br \/>\nNarozen 26. 09. 1867<br \/>\nTransport AAf, \u010d. 582 (26. 06. 1942, Olomouc -&gt; Terez\u00edn)<br \/>\nTransport Bv, \u010d. 1428 (15. 10. 1942, Terez\u00edn -&gt; Treblinka)<br \/>\nZahynul<br \/>\nOb\u011b\u0165 v datab\u00e1zi Institutu Terez\u00ednsk\u00e9 iniciativy<\/p>\n","protected":false},"author":3,"featured_media":0,"parent":7602,"menu_order":0,"comment_status":"closed","ping_status":"closed","template":"","meta":{"ngg_post_thumbnail":0,"footnotes":""},"class_list":["post-8220","page","type-page","status-publish","hentry"],"_links":{"self":[{"href":"https:\/\/kehila-olomouc.cz\/rs\/wp-json\/wp\/v2\/pages\/8220"}],"collection":[{"href":"https:\/\/kehila-olomouc.cz\/rs\/wp-json\/wp\/v2\/pages"}],"about":[{"href":"https:\/\/kehila-olomouc.cz\/rs\/wp-json\/wp\/v2\/types\/page"}],"author":[{"embeddable":true,"href":"https:\/\/kehila-olomouc.cz\/rs\/wp-json\/wp\/v2\/users\/3"}],"replies":[{"embeddable":true,"href":"https:\/\/kehila-olomouc.cz\/rs\/wp-json\/wp\/v2\/comments?post=8220"}],"version-history":[{"count":5,"href":"https:\/\/kehila-olomouc.cz\/rs\/wp-json\/wp\/v2\/pages\/8220\/revisions"}],"predecessor-version":[{"id":8226,"href":"https:\/\/kehila-olomouc.cz\/rs\/wp-json\/wp\/v2\/pages\/8220\/revisions\/8226"}],"up":[{"embeddable":true,"href":"https:\/\/kehila-olomouc.cz\/rs\/wp-json\/wp\/v2\/pages\/7602"}],"wp:attachment":[{"href":"https:\/\/kehila-olomouc.cz\/rs\/wp-json\/wp\/v2\/media?parent=8220"}],"curies":[{"name":"wp","href":"https:\/\/api.w.org\/{rel}","templated":true}]}}