{"id":8084,"date":"2016-08-04T22:32:07","date_gmt":"2016-08-04T20:32:07","guid":{"rendered":"http:\/\/kehila-olomouc.cz\/rs\/?page_id=8084"},"modified":"2016-08-04T22:32:31","modified_gmt":"2016-08-04T20:32:31","slug":"herta-kaufmannova","status":"publish","type":"page","link":"https:\/\/kehila-olomouc.cz\/rs\/soucastnost\/stolpersteine-2\/herta-kaufmannova\/","title":{"rendered":"Herta Kaufmannov\u00e1"},"content":{"rendered":"<p>Adresa: <strong><a href=\"https:\/\/www.google.com\/maps\/d\/viewer?mid=12_cSHfP87mJ4QRHT1dfmFBc3jcs\" target=\"_blank\">Riegrova 372\/4<\/a><\/strong><br \/>\nsou\u0159adnice: 49\u00b035&#8217;39.7&#8243;N 17\u00b014&#8217;57.3&#8243;E<br \/>\nK\u00e1men zmizel\u00fdch polo\u017een: 2015<\/p>\n<p><a href=\"http:\/\/kehila-olomouc.cz\/rs\/wp-content\/uploads\/Kaufmannov\u00e1-Herta.jpg\" rel=\"attachment wp-att-8085\"><img loading=\"lazy\" decoding=\"async\" class=\"alignleft size-medium wp-image-8085\" src=\"http:\/\/kehila-olomouc.cz\/rs\/wp-content\/uploads\/Kaufmannov\u00e1-Herta-300x298.jpg\" alt=\"Kaufmannov\u00e1 Herta\" width=\"300\" height=\"298\" srcset=\"https:\/\/kehila-olomouc.cz\/rs\/wp-content\/uploads\/Kaufmannov\u00e1-Herta-300x298.jpg 300w, https:\/\/kehila-olomouc.cz\/rs\/wp-content\/uploads\/Kaufmannov\u00e1-Herta-150x150.jpg 150w, https:\/\/kehila-olomouc.cz\/rs\/wp-content\/uploads\/Kaufmannov\u00e1-Herta.jpg 757w\" sizes=\"(max-width: 300px) 100vw, 300px\" \/><\/a><\/p>\n<p>&nbsp;<\/p>\n<p>&nbsp;<\/p>\n<p>&nbsp;<\/p>\n<p>&nbsp;<\/p>\n<p>&nbsp;<\/p>\n<p>&nbsp;<\/p>\n<p>&nbsp;<\/p>\n<p>&nbsp;<\/p>\n<p>&nbsp;<\/p>\n<p><span style=\"text-decoration: underline;\">N\u00e1pis na kameni:<\/span><\/p>\n<p>ZDE BYDLELA<br \/>\nHERTA\u00a0KAUFMANNOV\u00c1<br \/>\nNAR. 1933<br \/>\nDEPORTOV\u00c1NA 1942<br \/>\nDO TEREZ\u00cdNA<br \/>\nZAVRA\u017dD\u011aNA 1942<br \/>\nV MAL\u00c9M TROSTINCI<\/p>\n<p><span style=\"text-decoration: underline;\">Dal\u0161\u00ed zn\u00e1m\u00e9 \u00fadaje:<\/span><br \/>\nNarozena 12. 08. 1933<br \/>\nTransport AAm, \u010d. 426 (04. 07. 1942, Olomouc -&gt; Terez\u00edn)<br \/>\nTransport Bk, \u010d. 111 (08. 09. 1942, Terez\u00edn -&gt; Mal\u00fd Trostinec)<br \/>\nZahynula<\/p>\n<p><a href=\"http:\/\/www.holocaust.cz\/databaze-obeti\/obet\/98014-herta-kaufmannova\/\" target=\"_blank\">Ob\u011b\u0165 v datab\u00e1zi Institutu Terez\u00ednsk\u00e9 iniciativy<\/a><\/p>\n","protected":false},"excerpt":{"rendered":"<p>Adresa: Riegrova 372\/4<br \/>\nsou\u0159adnice: 49\u00b035&#8217;39.7&#8243;N 17\u00b014&#8217;57.3&#8243;E<br \/>\nK\u00e1men zmizel\u00fdch polo\u017een: 2015<\/p>\n<p>&nbsp;<br \/>\n&nbsp;<br \/>\n&nbsp;<br \/>\n&nbsp;<br \/>\n&nbsp;<br \/>\n&nbsp;<br \/>\n&nbsp;<br \/>\n&nbsp;<br \/>\n&nbsp;<br \/>\nN\u00e1pis na kameni:<br \/>\nZDE BYDLELA<br \/>\nHERTA\u00a0KAUFMANNOV\u00c1<br \/>\nNAR. 1933<br \/>\nDEPORTOV\u00c1NA 1942<br \/>\nDO TEREZ\u00cdNA<br \/>\nZAVRA\u017dD\u011aNA 1942<br \/>\nV MAL\u00c9M TROSTINCI<br \/>\nDal\u0161\u00ed zn\u00e1m\u00e9 \u00fadaje:<br \/>\nNarozena 12. 08. 1933<br \/>\nTransport AAm, \u010d. 426 (04. 07. 1942, Olomouc -&gt; Terez\u00edn)<br \/>\nTransport Bk, \u010d. 111 (08. 09. 1942, Terez\u00edn -&gt; Mal\u00fd Trostinec)<br \/>\nZahynula<br \/>\nOb\u011b\u0165 v datab\u00e1zi Institutu Terez\u00ednsk\u00e9 iniciativy<\/p>\n","protected":false},"author":3,"featured_media":0,"parent":7602,"menu_order":0,"comment_status":"closed","ping_status":"closed","template":"","meta":{"ngg_post_thumbnail":0,"footnotes":""},"class_list":["post-8084","page","type-page","status-publish","hentry"],"_links":{"self":[{"href":"https:\/\/kehila-olomouc.cz\/rs\/wp-json\/wp\/v2\/pages\/8084"}],"collection":[{"href":"https:\/\/kehila-olomouc.cz\/rs\/wp-json\/wp\/v2\/pages"}],"about":[{"href":"https:\/\/kehila-olomouc.cz\/rs\/wp-json\/wp\/v2\/types\/page"}],"author":[{"embeddable":true,"href":"https:\/\/kehila-olomouc.cz\/rs\/wp-json\/wp\/v2\/users\/3"}],"replies":[{"embeddable":true,"href":"https:\/\/kehila-olomouc.cz\/rs\/wp-json\/wp\/v2\/comments?post=8084"}],"version-history":[{"count":2,"href":"https:\/\/kehila-olomouc.cz\/rs\/wp-json\/wp\/v2\/pages\/8084\/revisions"}],"predecessor-version":[{"id":8087,"href":"https:\/\/kehila-olomouc.cz\/rs\/wp-json\/wp\/v2\/pages\/8084\/revisions\/8087"}],"up":[{"embeddable":true,"href":"https:\/\/kehila-olomouc.cz\/rs\/wp-json\/wp\/v2\/pages\/7602"}],"wp:attachment":[{"href":"https:\/\/kehila-olomouc.cz\/rs\/wp-json\/wp\/v2\/media?parent=8084"}],"curies":[{"name":"wp","href":"https:\/\/api.w.org\/{rel}","templated":true}]}}