{"id":8060,"date":"2016-07-24T15:07:43","date_gmt":"2016-07-24T13:07:43","guid":{"rendered":"http:\/\/kehila-olomouc.cz\/rs\/?page_id=8060"},"modified":"2016-08-04T22:29:18","modified_gmt":"2016-08-04T20:29:18","slug":"irma-hirschova","status":"publish","type":"page","link":"https:\/\/kehila-olomouc.cz\/rs\/soucastnost\/stolpersteine-2\/irma-hirschova\/","title":{"rendered":"Irma Hirschov\u00e1"},"content":{"rendered":"<p>Adresa:\u00a0<strong><a href=\"https:\/\/www.google.com\/maps\/d\/viewer?mid=12_cSHfP87mJ4QRHT1dfmFBc3jcs\" target=\"_blank\">B. N\u011bmcov\u00e9 146\/1<\/a><\/strong><br \/>\nsou\u0159adnice: 49\u00b035&#8217;40.2&#8243;N 17\u00b014&#8217;30.1&#8243;E<br \/>\nK\u00e1men zmizel\u00fdch polo\u017een: 2015<\/p>\n<p><a href=\"http:\/\/kehila-olomouc.cz\/rs\/wp-content\/uploads\/Irma-Hirschov\u00e1.jpg\" rel=\"attachment wp-att-8062\"><img loading=\"lazy\" decoding=\"async\" class=\"alignleft wp-image-8062 size-medium\" src=\"http:\/\/kehila-olomouc.cz\/rs\/wp-content\/uploads\/Irma-Hirschov\u00e1-296x300.jpg\" alt=\"Irma Hirschov\u00e1\" width=\"296\" height=\"300\" srcset=\"https:\/\/kehila-olomouc.cz\/rs\/wp-content\/uploads\/Irma-Hirschov\u00e1-296x300.jpg 296w, https:\/\/kehila-olomouc.cz\/rs\/wp-content\/uploads\/Irma-Hirschov\u00e1.jpg 646w\" sizes=\"(max-width: 296px) 100vw, 296px\" \/><\/a><\/p>\n<p>&nbsp;<\/p>\n<p>&nbsp;<\/p>\n<p>&nbsp;<\/p>\n<p>&nbsp;<\/p>\n<p>&nbsp;<\/p>\n<p>&nbsp;<\/p>\n<p>&nbsp;<\/p>\n<p>&nbsp;<\/p>\n<p>&nbsp;<\/p>\n<p><span style=\"text-decoration: underline;\">N\u00e1pis na kameni:<\/span><\/p>\n<p>ZDE BYDLELA<br \/>\nIRMA HIRSCHOV\u00c1<br \/>\nNAR. 1885<br \/>\nDEPORTOV\u00c1NA 1942<br \/>\nDO TEREZ\u00cdNA<br \/>\nZAVRA\u017dD\u011aNA<br \/>\nV OSV\u011aTIMI<\/p>\n<p><span style=\"text-decoration: underline;\">Dal\u0161\u00ed zn\u00e1m\u00e9 \u00fadaje:<\/span><br \/>\nNarozena\u00a029.3.1885<br \/>\nTransport AAm, \u010d. 232 (04. 07. 1942, Olomouc -&gt; Terez\u00edn)<br \/>\nTransport Dm, \u010d. 3004 (06. 09. 1943, Terez\u00edn -&gt; Osv\u011btim)<br \/>\nZahynula<\/p>\n<p><a href=\"http:\/\/www.holocaust.cz\/databaze-obeti\/obet\/94216-irma-hirschova\/\" target=\"_blank\">Ob\u011b\u0165 v datab\u00e1zi Institutu Terez\u00ednsk\u00e9 iniciativy<\/a><\/p>\n","protected":false},"excerpt":{"rendered":"<p>Adresa:\u00a0B. N\u011bmcov\u00e9 146\/1<br \/>\nsou\u0159adnice: 49\u00b035&#8217;40.2&#8243;N 17\u00b014&#8217;30.1&#8243;E<br \/>\nK\u00e1men zmizel\u00fdch polo\u017een: 2015<\/p>\n<p>&nbsp;<br \/>\n&nbsp;<br \/>\n&nbsp;<br \/>\n&nbsp;<br \/>\n&nbsp;<br \/>\n&nbsp;<br \/>\n&nbsp;<br \/>\n&nbsp;<br \/>\n&nbsp;<br \/>\nN\u00e1pis na kameni:<br \/>\nZDE BYDLELA<br \/>\nIRMA HIRSCHOV\u00c1<br \/>\nNAR. 1885<br \/>\nDEPORTOV\u00c1NA 1942<br \/>\nDO TEREZ\u00cdNA<br \/>\nZAVRA\u017dD\u011aNA<br \/>\nV OSV\u011aTIMI<br \/>\nDal\u0161\u00ed zn\u00e1m\u00e9 \u00fadaje:<br \/>\nNarozena\u00a029.3.1885<br \/>\nTransport AAm, \u010d. 232 (04. 07. 1942, Olomouc -&gt; Terez\u00edn)<br \/>\nTransport Dm, \u010d. 3004 (06. 09. 1943, Terez\u00edn -&gt; Osv\u011btim)<br \/>\nZahynula<br \/>\nOb\u011b\u0165 v datab\u00e1zi Institutu Terez\u00ednsk\u00e9 iniciativy<\/p>\n","protected":false},"author":3,"featured_media":0,"parent":7602,"menu_order":0,"comment_status":"closed","ping_status":"closed","template":"","meta":{"ngg_post_thumbnail":0,"footnotes":""},"class_list":["post-8060","page","type-page","status-publish","hentry"],"_links":{"self":[{"href":"https:\/\/kehila-olomouc.cz\/rs\/wp-json\/wp\/v2\/pages\/8060"}],"collection":[{"href":"https:\/\/kehila-olomouc.cz\/rs\/wp-json\/wp\/v2\/pages"}],"about":[{"href":"https:\/\/kehila-olomouc.cz\/rs\/wp-json\/wp\/v2\/types\/page"}],"author":[{"embeddable":true,"href":"https:\/\/kehila-olomouc.cz\/rs\/wp-json\/wp\/v2\/users\/3"}],"replies":[{"embeddable":true,"href":"https:\/\/kehila-olomouc.cz\/rs\/wp-json\/wp\/v2\/comments?post=8060"}],"version-history":[{"count":5,"href":"https:\/\/kehila-olomouc.cz\/rs\/wp-json\/wp\/v2\/pages\/8060\/revisions"}],"predecessor-version":[{"id":8081,"href":"https:\/\/kehila-olomouc.cz\/rs\/wp-json\/wp\/v2\/pages\/8060\/revisions\/8081"}],"up":[{"embeddable":true,"href":"https:\/\/kehila-olomouc.cz\/rs\/wp-json\/wp\/v2\/pages\/7602"}],"wp:attachment":[{"href":"https:\/\/kehila-olomouc.cz\/rs\/wp-json\/wp\/v2\/media?parent=8060"}],"curies":[{"name":"wp","href":"https:\/\/api.w.org\/{rel}","templated":true}]}}