{"id":8040,"date":"2016-07-24T14:23:19","date_gmt":"2016-07-24T12:23:19","guid":{"rendered":"http:\/\/kehila-olomouc.cz\/rs\/?page_id=8040"},"modified":"2016-08-04T22:47:07","modified_gmt":"2016-08-04T20:47:07","slug":"julius-hirsch","status":"publish","type":"page","link":"https:\/\/kehila-olomouc.cz\/rs\/soucastnost\/stolpersteine-2\/julius-hirsch\/","title":{"rendered":"Julius Hirsch"},"content":{"rendered":"<p>Adresa:\u00a0<strong><a href=\"https:\/\/www.google.com\/maps\/d\/u\/0\/edit?mid=12_cSHfP87mJ4QRHT1dfmFBc3jcs\" target=\"_blank\">B. N\u011bmcov\u00e9 146\/1<\/a><\/strong><br \/>\nsou\u0159adnice: 49\u00b035&#8217;40.2&#8243;N 17\u00b014&#8217;30.1&#8243;E<br \/>\nK\u00e1men zmizel\u00fdch polo\u017een: 2015<\/p>\n<p><a href=\"http:\/\/kehila-olomouc.cz\/rs\/wp-content\/uploads\/Julius-Hirsch.jpg\" rel=\"attachment wp-att-8041\"><img loading=\"lazy\" decoding=\"async\" class=\"alignleft wp-image-8041 size-medium\" src=\"http:\/\/kehila-olomouc.cz\/rs\/wp-content\/uploads\/Julius-Hirsch-297x300.jpg\" alt=\"Julius Hirsch\" width=\"297\" height=\"300\" srcset=\"https:\/\/kehila-olomouc.cz\/rs\/wp-content\/uploads\/Julius-Hirsch-297x300.jpg 297w, https:\/\/kehila-olomouc.cz\/rs\/wp-content\/uploads\/Julius-Hirsch.jpg 688w\" sizes=\"(max-width: 297px) 100vw, 297px\" \/><\/a><\/p>\n<p>&nbsp;<\/p>\n<p>&nbsp;<\/p>\n<p>&nbsp;<\/p>\n<p>&nbsp;<\/p>\n<p>&nbsp;<\/p>\n<p>&nbsp;<\/p>\n<p>&nbsp;<\/p>\n<p>&nbsp;<\/p>\n<p>&nbsp;<\/p>\n<p><span style=\"text-decoration: underline;\">N\u00e1pis na kameni:<\/span><\/p>\n<p>ZDE BYDLEL<br \/>\nJULIUS\u00a0HIRSCH<br \/>\nNAR. 1879<br \/>\nZAT\u010cEN GESTAPEM<br \/>\nV Z\u00c1\u0158\u00cd 1941<br \/>\nZAVRA\u017dD\u011aN 31.12.1942<br \/>\nV BRN\u011a<\/p>\n<p><span style=\"text-decoration: underline;\">Dal\u0161\u00ed zn\u00e1m\u00e9 \u00fadaje:<\/span><br \/>\nNarozen\u00a09. 12. 1879<\/p>\n<p><a href=\"http:\/\/kehila-olomouc.cz\/rs\/wp-content\/uploads\/Hirsch-Julius-Dr.-techn._9.12.1879_PP_24.9.1941_l\u00edc.jpg\" rel=\"http:\/\/kehila-olomouc.cz\/rs\/wp-content\/uploads\/Hirsch-Julius-Dr.-techn._9.12.1879_PP_24.9.1941_l\u00edc.jpg\"><img loading=\"lazy\" decoding=\"async\" class=\"aligncenter wp-image-8044\" src=\"http:\/\/kehila-olomouc.cz\/rs\/wp-content\/uploads\/Hirsch-Julius-Dr.-techn._9.12.1879_PP_24.9.1941_l\u00edc.jpg\" alt=\"Hirsch Julius Dr. techn._9.12.1879_PP_24.9.1941_l\u00edc\" width=\"580\" height=\"411\" srcset=\"https:\/\/kehila-olomouc.cz\/rs\/wp-content\/uploads\/Hirsch-Julius-Dr.-techn._9.12.1879_PP_24.9.1941_l\u00edc.jpg 848w, https:\/\/kehila-olomouc.cz\/rs\/wp-content\/uploads\/Hirsch-Julius-Dr.-techn._9.12.1879_PP_24.9.1941_l\u00edc-300x213.jpg 300w, https:\/\/kehila-olomouc.cz\/rs\/wp-content\/uploads\/Hirsch-Julius-Dr.-techn._9.12.1879_PP_24.9.1941_l\u00edc-768x544.jpg 768w\" sizes=\"(max-width: 580px) 100vw, 580px\" \/><\/a><\/p>\n<p><a href=\"http:\/\/kehila-olomouc.cz\/rs\/wp-content\/uploads\/Hirsch-Julius-Dr.-techn._9.12.1879_PP_24.9.1941_rub.jpg\" rel=\"attachment wp-att-8045\"><img loading=\"lazy\" decoding=\"async\" class=\"aligncenter wp-image-8045 \" src=\"http:\/\/kehila-olomouc.cz\/rs\/wp-content\/uploads\/Hirsch-Julius-Dr.-techn._9.12.1879_PP_24.9.1941_rub.jpg\" alt=\"Hirsch Julius Dr. techn._9.12.1879_PP_24.9.1941_rub\" width=\"578\" height=\"410\" srcset=\"https:\/\/kehila-olomouc.cz\/rs\/wp-content\/uploads\/Hirsch-Julius-Dr.-techn._9.12.1879_PP_24.9.1941_rub.jpg 922w, https:\/\/kehila-olomouc.cz\/rs\/wp-content\/uploads\/Hirsch-Julius-Dr.-techn._9.12.1879_PP_24.9.1941_rub-300x213.jpg 300w, https:\/\/kehila-olomouc.cz\/rs\/wp-content\/uploads\/Hirsch-Julius-Dr.-techn._9.12.1879_PP_24.9.1941_rub-768x545.jpg 768w\" sizes=\"(max-width: 578px) 100vw, 578px\" \/><\/a><\/p>\n","protected":false},"excerpt":{"rendered":"<p>Adresa:\u00a0B. N\u011bmcov\u00e9 146\/1<br \/>\nsou\u0159adnice: 49\u00b035&#8217;40.2&#8243;N 17\u00b014&#8217;30.1&#8243;E<br \/>\nK\u00e1men zmizel\u00fdch polo\u017een: 2015<\/p>\n<p>&nbsp;<br \/>\n&nbsp;<br \/>\n&nbsp;<br \/>\n&nbsp;<br \/>\n&nbsp;<br \/>\n&nbsp;<br \/>\n&nbsp;<br \/>\n&nbsp;<br \/>\n&nbsp;<br \/>\nN\u00e1pis na kameni:<br \/>\nZDE BYDLEL<br \/>\nJULIUS\u00a0HIRSCH<br \/>\nNAR. 1879<br \/>\nZAT\u010cEN GESTAPEM<br \/>\nV Z\u00c1\u0158\u00cd 1941<br \/>\nZAVRA\u017dD\u011aN 31.12.1942<br \/>\nV BRN\u011a<br \/>\nDal\u0161\u00ed zn\u00e1m\u00e9 \u00fadaje:<br \/>\nNarozen\u00a09. 12. 1879<\/p>\n","protected":false},"author":3,"featured_media":0,"parent":7602,"menu_order":0,"comment_status":"closed","ping_status":"closed","template":"","meta":{"ngg_post_thumbnail":0,"footnotes":""},"class_list":["post-8040","page","type-page","status-publish","hentry"],"_links":{"self":[{"href":"https:\/\/kehila-olomouc.cz\/rs\/wp-json\/wp\/v2\/pages\/8040"}],"collection":[{"href":"https:\/\/kehila-olomouc.cz\/rs\/wp-json\/wp\/v2\/pages"}],"about":[{"href":"https:\/\/kehila-olomouc.cz\/rs\/wp-json\/wp\/v2\/types\/page"}],"author":[{"embeddable":true,"href":"https:\/\/kehila-olomouc.cz\/rs\/wp-json\/wp\/v2\/users\/3"}],"replies":[{"embeddable":true,"href":"https:\/\/kehila-olomouc.cz\/rs\/wp-json\/wp\/v2\/comments?post=8040"}],"version-history":[{"count":9,"href":"https:\/\/kehila-olomouc.cz\/rs\/wp-json\/wp\/v2\/pages\/8040\/revisions"}],"predecessor-version":[{"id":8089,"href":"https:\/\/kehila-olomouc.cz\/rs\/wp-json\/wp\/v2\/pages\/8040\/revisions\/8089"}],"up":[{"embeddable":true,"href":"https:\/\/kehila-olomouc.cz\/rs\/wp-json\/wp\/v2\/pages\/7602"}],"wp:attachment":[{"href":"https:\/\/kehila-olomouc.cz\/rs\/wp-json\/wp\/v2\/media?parent=8040"}],"curies":[{"name":"wp","href":"https:\/\/api.w.org\/{rel}","templated":true}]}}