{"id":7663,"date":"2015-12-01T00:45:19","date_gmt":"2015-11-30T22:45:19","guid":{"rendered":"http:\/\/kehila-olomouc.cz\/rs\/?page_id=7663"},"modified":"2015-12-01T00:58:31","modified_gmt":"2015-11-30T22:58:31","slug":"kamila-gratzerova","status":"publish","type":"page","link":"https:\/\/kehila-olomouc.cz\/rs\/soucastnost\/stolpersteine-2\/kamila-gratzerova\/","title":{"rendered":"Kamila Gr\u00e4tzerov\u00e1"},"content":{"rendered":"<p>Adresa:\u00a0<a href=\"https:\/\/www.google.com\/maps\/d\/viewer?mid=zFcC0AXi_eZA.kr_Q-_iTZAOc\" target=\"_blank\"><strong>V\u00edde\u0148sk\u00e1 676\/7, Olomouc &#8211; m\u011bsto<\/strong><\/a><br \/>\nsou\u0159adnice: N49\u00b0 35&#8242; 26.08&#8243; E17\u00b0 14&#8242; 55.39&#8243;<br \/>\nK\u00e1men zmizel\u00fdch polo\u017een: 2015<\/p>\n<p><a href=\"http:\/\/kehila-olomouc.cz\/rs\/wp-content\/uploads\/Kamila-Gr\u00e4tzerov\u00e1.jpg\"><img loading=\"lazy\" decoding=\"async\" class=\"alignleft wp-image-7672\" src=\"http:\/\/kehila-olomouc.cz\/rs\/wp-content\/uploads\/Kamila-Gr\u00e4tzerov\u00e1.jpg\" alt=\"Kamila Gr\u00e4tzerov\u00e1\" width=\"317\" height=\"310\" srcset=\"https:\/\/kehila-olomouc.cz\/rs\/wp-content\/uploads\/Kamila-Gr\u00e4tzerov\u00e1.jpg 710w, https:\/\/kehila-olomouc.cz\/rs\/wp-content\/uploads\/Kamila-Gr\u00e4tzerov\u00e1-300x294.jpg 300w\" sizes=\"(max-width: 317px) 100vw, 317px\" \/><\/a><\/p>\n<p>&nbsp;<\/p>\n<p>&nbsp;<\/p>\n<p>&nbsp;<\/p>\n<p>&nbsp;<\/p>\n<p>&nbsp;<\/p>\n<p>&nbsp;<\/p>\n<p>&nbsp;<\/p>\n<p>&nbsp;<\/p>\n<p>&nbsp;<\/p>\n<p>&nbsp;<\/p>\n<p>N\u00e1pis na kameni:<br \/>\nZDE BYDLELA<br \/>\nKAMILA GR\u00c4TZEROV\u00c1<br \/>\nNAR. 1873<br \/>\nDEPORTOV\u00c1NA 1942<br \/>\nDO TEREZ\u00cdNA<br \/>\nZAVRA\u017dD\u011aNA<br \/>\nV TREBLINCE<\/p>\n<p>Dal\u0161\u00ed zn\u00e1m\u00e9 \u00fadaje:<br \/>\nNarozena 09. 01. 1873<br \/>\nTransport AAm, \u010d. 111 (04. 07. 1942, Olomouc -&gt; Terez\u00edn)<br \/>\nTransport Bx, \u010d. 1554 (22. 10. 1942, Terez\u00edn -&gt; Treblinka)<br \/>\nZahynula<\/p>\n<p><a href=\"http:\/\/www.holocaust.cz\/databaze-obeti\/obet\/90008-kamila-gr-tzerova\/\" target=\"_blank\">Ob\u011b\u0165 v datab\u00e1zi Institutu Terez\u00ednsk\u00e9 iniciativy<\/a><\/p>\n","protected":false},"excerpt":{"rendered":"<p>Adresa:\u00a0V\u00edde\u0148sk\u00e1 676\/7, Olomouc &#8211; m\u011bsto<br \/>\nsou\u0159adnice: N49\u00b0 35&#8242; 26.08&#8243; E17\u00b0 14&#8242; 55.39&#8243;<br \/>\nK\u00e1men zmizel\u00fdch polo\u017een: 2015<\/p>\n<p>&nbsp;<br \/>\n&nbsp;<br \/>\n&nbsp;<br \/>\n&nbsp;<br \/>\n&nbsp;<br \/>\n&nbsp;<br \/>\n&nbsp;<br \/>\n&nbsp;<br \/>\n&nbsp;<br \/>\n&nbsp;<br \/>\nN\u00e1pis na kameni:<br \/>\nZDE BYDLELA<br \/>\nKAMILA GR\u00c4TZEROV\u00c1<br \/>\nNAR. 1873<br \/>\nDEPORTOV\u00c1NA 1942<br \/>\nDO TEREZ\u00cdNA<br \/>\nZAVRA\u017dD\u011aNA<br \/>\nV TREBLINCE<br \/>\nDal\u0161\u00ed zn\u00e1m\u00e9 \u00fadaje:<br \/>\nNarozena 09. 01. 1873<br \/>\nTransport AAm, \u010d. 111 (04. 07. 1942, Olomouc -&gt; Terez\u00edn)<br \/>\nTransport Bx, \u010d. 1554 (22. 10. 1942, Terez\u00edn -&gt; Treblinka)<br \/>\nZahynula<br \/>\nOb\u011b\u0165 v datab\u00e1zi Institutu Terez\u00ednsk\u00e9 iniciativy<\/p>\n","protected":false},"author":3,"featured_media":0,"parent":7602,"menu_order":0,"comment_status":"closed","ping_status":"closed","template":"","meta":{"ngg_post_thumbnail":0,"footnotes":""},"class_list":["post-7663","page","type-page","status-publish","hentry"],"_links":{"self":[{"href":"https:\/\/kehila-olomouc.cz\/rs\/wp-json\/wp\/v2\/pages\/7663"}],"collection":[{"href":"https:\/\/kehila-olomouc.cz\/rs\/wp-json\/wp\/v2\/pages"}],"about":[{"href":"https:\/\/kehila-olomouc.cz\/rs\/wp-json\/wp\/v2\/types\/page"}],"author":[{"embeddable":true,"href":"https:\/\/kehila-olomouc.cz\/rs\/wp-json\/wp\/v2\/users\/3"}],"replies":[{"embeddable":true,"href":"https:\/\/kehila-olomouc.cz\/rs\/wp-json\/wp\/v2\/comments?post=7663"}],"version-history":[{"count":4,"href":"https:\/\/kehila-olomouc.cz\/rs\/wp-json\/wp\/v2\/pages\/7663\/revisions"}],"predecessor-version":[{"id":7675,"href":"https:\/\/kehila-olomouc.cz\/rs\/wp-json\/wp\/v2\/pages\/7663\/revisions\/7675"}],"up":[{"embeddable":true,"href":"https:\/\/kehila-olomouc.cz\/rs\/wp-json\/wp\/v2\/pages\/7602"}],"wp:attachment":[{"href":"https:\/\/kehila-olomouc.cz\/rs\/wp-json\/wp\/v2\/media?parent=7663"}],"curies":[{"name":"wp","href":"https:\/\/api.w.org\/{rel}","templated":true}]}}