{"id":6955,"date":"2015-04-28T23:12:39","date_gmt":"2015-04-28T21:12:39","guid":{"rendered":"http:\/\/kehila-olomouc.cz\/rs\/?page_id=6955"},"modified":"2015-12-04T11:50:32","modified_gmt":"2015-12-04T09:50:32","slug":"walter-hass","status":"publish","type":"page","link":"https:\/\/kehila-olomouc.cz\/rs\/soucastnost\/stolpersteine-2\/walter-hass\/","title":{"rendered":"Walter Hass"},"content":{"rendered":"<p>Adresa:\u00a0<strong><a href=\"https:\/\/www.google.com\/maps\/d\/viewer?mid=zFcC0AXi_eZA.kr_Q-_iTZAOc\" target=\"_blank\">Komensk\u00e9ho 917\/25, Olomouc<\/a><\/strong><br \/>\nsou\u0159adnice: N 49\u00b035&#8217;51.4&#8243; E 17\u00b015&#8217;58.3&#8243;<br \/>\nK\u00e1men zmizel\u00fdch polo\u017een: 2015<\/p>\n<p><a href=\"http:\/\/kehila-olomouc.cz\/rs\/wp-content\/uploads\/Walter-Haas-001.jpg\"><img loading=\"lazy\" decoding=\"async\" class=\"alignnone wp-image-6956\" src=\"http:\/\/kehila-olomouc.cz\/rs\/wp-content\/uploads\/Walter-Haas-001.jpg\" alt=\"Walter Haas-001\" width=\"321\" height=\"287\" srcset=\"https:\/\/kehila-olomouc.cz\/rs\/wp-content\/uploads\/Walter-Haas-001.jpg 668w, https:\/\/kehila-olomouc.cz\/rs\/wp-content\/uploads\/Walter-Haas-001-300x269.jpg 300w\" sizes=\"(max-width: 321px) 100vw, 321px\" \/><\/a><\/p>\n<p>N\u00e1pis na kameni:<\/p>\n<p>ZDE BYDLEL<br \/>\nWALTER HAAS<br \/>\nNAR. 1902<br \/>\nPO P\u0158\u00cdJEZDU NACIST\u016e ZAT\u010cEN<br \/>\nZAVRA\u017dD\u011aN 18. 3. 1939<br \/>\nVE V\u011aZNICI KRAJSK\u00c9HO SOUDU<br \/>\nV OLOMOUCI<\/p>\n<p>Dal\u0161\u00ed zn\u00e1m\u00e9 \u00fadaje:<br \/>\nNarozen 2. 12. 1902<\/p>\n","protected":false},"excerpt":{"rendered":"<p>Adresa:\u00a0Komensk\u00e9ho 917\/25, Olomouc<br \/>\nsou\u0159adnice: N 49\u00b035&#8217;51.4&#8243; E 17\u00b015&#8217;58.3&#8243;<br \/>\nK\u00e1men zmizel\u00fdch polo\u017een: 2015<\/p>\n<p>N\u00e1pis na kameni:<br \/>\nZDE BYDLEL<br \/>\nWALTER HAAS<br \/>\nNAR. 1902<br \/>\nPO P\u0158\u00cdJEZDU NACIST\u016e ZAT\u010cEN<br \/>\nZAVRA\u017dD\u011aN 18. 3. 1939<br \/>\nVE V\u011aZNICI KRAJSK\u00c9HO SOUDU<br \/>\nV OLOMOUCI<br \/>\nDal\u0161\u00ed zn\u00e1m\u00e9 \u00fadaje:<br \/>\nNarozen 2. 12. 1902<\/p>\n","protected":false},"author":3,"featured_media":0,"parent":7602,"menu_order":0,"comment_status":"closed","ping_status":"closed","template":"","meta":{"ngg_post_thumbnail":0,"footnotes":""},"class_list":["post-6955","page","type-page","status-publish","hentry"],"_links":{"self":[{"href":"https:\/\/kehila-olomouc.cz\/rs\/wp-json\/wp\/v2\/pages\/6955"}],"collection":[{"href":"https:\/\/kehila-olomouc.cz\/rs\/wp-json\/wp\/v2\/pages"}],"about":[{"href":"https:\/\/kehila-olomouc.cz\/rs\/wp-json\/wp\/v2\/types\/page"}],"author":[{"embeddable":true,"href":"https:\/\/kehila-olomouc.cz\/rs\/wp-json\/wp\/v2\/users\/3"}],"replies":[{"embeddable":true,"href":"https:\/\/kehila-olomouc.cz\/rs\/wp-json\/wp\/v2\/comments?post=6955"}],"version-history":[{"count":3,"href":"https:\/\/kehila-olomouc.cz\/rs\/wp-json\/wp\/v2\/pages\/6955\/revisions"}],"predecessor-version":[{"id":7926,"href":"https:\/\/kehila-olomouc.cz\/rs\/wp-json\/wp\/v2\/pages\/6955\/revisions\/7926"}],"up":[{"embeddable":true,"href":"https:\/\/kehila-olomouc.cz\/rs\/wp-json\/wp\/v2\/pages\/7602"}],"wp:attachment":[{"href":"https:\/\/kehila-olomouc.cz\/rs\/wp-json\/wp\/v2\/media?parent=6955"}],"curies":[{"name":"wp","href":"https:\/\/api.w.org\/{rel}","templated":true}]}}