{"id":6263,"date":"2013-07-14T22:19:25","date_gmt":"2013-07-14T20:19:25","guid":{"rendered":"http:\/\/kehila-olomouc.cz\/rs\/?page_id=6263"},"modified":"2015-12-04T11:38:04","modified_gmt":"2015-12-04T09:38:04","slug":"zikmund-rosenfeld","status":"publish","type":"page","link":"https:\/\/kehila-olomouc.cz\/rs\/soucastnost\/stolpersteine-2\/zikmund-rosenfeld\/","title":{"rendered":"Zikmund Rosenfeld"},"content":{"rendered":"<p>Adresa: <strong><a href=\"https:\/\/www.google.com\/maps\/d\/viewer?mid=zFcC0AXi_eZA.kr_Q-_iTZAOc\" target=\"_blank\">Na Letn\u00e9 207\/15, Olomouc<\/a><\/strong><br \/>\nsou\u0159adnice: N49\u00b0 36&#8242; 10.23&#8243; E17\u00b0 15&#8242; 48.17&#8243;<br \/>\nK\u00e1men zmizel\u00fdch polo\u017een: 2013<\/p>\n<p><a href=\"http:\/\/kehila-olomouc.cz\/rs\/wp-content\/uploads\/rosenfeld_zikmund_kamen.jpg\"><img loading=\"lazy\" decoding=\"async\" class=\" wp-image-6368 alignnone\" src=\"http:\/\/kehila-olomouc.cz\/rs\/wp-content\/uploads\/rosenfeld_zikmund_kamen.jpg\" alt=\"rosenfeld_zikmund_kamen\" width=\"286\" height=\"286\" srcset=\"https:\/\/kehila-olomouc.cz\/rs\/wp-content\/uploads\/rosenfeld_zikmund_kamen.jpg 477w, https:\/\/kehila-olomouc.cz\/rs\/wp-content\/uploads\/rosenfeld_zikmund_kamen-150x150.jpg 150w, https:\/\/kehila-olomouc.cz\/rs\/wp-content\/uploads\/rosenfeld_zikmund_kamen-300x300.jpg 300w\" sizes=\"(max-width: 286px) 100vw, 286px\" \/><\/a><\/p>\n<p><span style=\"text-decoration: underline;\">N\u00e1pis na kameni:<\/span><br \/>\nZDE BYDLEL<br \/>\nZIKMUND ROSENFELD<br \/>\nNAR. 1863<br \/>\nDEPORTOV\u00c1N 1942<br \/>\nDO TEREZ\u00cdNA<br \/>\nZAVRA\u017dD\u011aN<br \/>\nV TREBLINCE<\/p>\n<p><span style=\"text-decoration: underline;\">Dal\u0161\u00ed zn\u00e1m\u00e9 \u00fadaje:<\/span><br \/>\nNarozen 24. 10. 1863<br \/>\ntransport AAm, \u010d. 376 (04. 07. 1942 Olomouc -&gt; Terez\u00edn)<br \/>\ntransport Bx, \u010d. 1588 (22. 10. 1942 Terez\u00edn -&gt; Treblinka)<br \/>\nZahynul<\/p>\n<p><a href=\"http:\/\/holocaust.cz\/cz\/victims\/PERSON.ITI.1780624\" target=\"_blank\">Ob\u011b\u0165 v datab\u00e1zi Institutu Terez\u00ednsk\u00e9 iniciativy<\/a><\/p>\n<p style=\"text-align: center;\"><strong>Zikmund Rosenfeld<\/strong><\/p>\n<p style=\"text-align: center;\"><img loading=\"lazy\" decoding=\"async\" class=\"aligncenter wp-image-6267\" src=\"http:\/\/kehila-olomouc.cz\/rs\/wp-content\/uploads\/Rosenfeld-Zikmund_24.10.1863_foto-724x1024.jpg\" alt=\"Rosenfeld Zikmund_24.10.1863_foto\" width=\"434\" height=\"614\" srcset=\"https:\/\/kehila-olomouc.cz\/rs\/wp-content\/uploads\/Rosenfeld-Zikmund_24.10.1863_foto-724x1024.jpg 724w, https:\/\/kehila-olomouc.cz\/rs\/wp-content\/uploads\/Rosenfeld-Zikmund_24.10.1863_foto-212x300.jpg 212w, https:\/\/kehila-olomouc.cz\/rs\/wp-content\/uploads\/Rosenfeld-Zikmund_24.10.1863_foto.jpg 1058w\" sizes=\"(max-width: 434px) 100vw, 434px\" \/><\/p>\n<p style=\"text-align: center;\"><strong>Rosenfeld Zikmund<\/strong> + man\u017eelka pochovan\u00e1 v P\u0159erov\u011b 1936<\/p>\n<p style=\"text-align: center;\"><a href=\"http:\/\/kehila-olomouc.cz\/rs\/wp-content\/uploads\/Rosenfeld-Zikmund-+-man\u017eelka-pochovan\u00e1-v-P\u0159erov\u011b.jpg\"><img loading=\"lazy\" decoding=\"async\" class=\"aligncenter wp-image-6266\" src=\"http:\/\/kehila-olomouc.cz\/rs\/wp-content\/uploads\/Rosenfeld-Zikmund-+-man\u017eelka-pochovan\u00e1-v-P\u0159erov\u011b-1024x747.jpg\" alt=\"Rosenfeld Zikmund + man\u017eelka pochovan\u00e1 v P\u0159erov\u011b\" width=\"430\" height=\"314\" srcset=\"https:\/\/kehila-olomouc.cz\/rs\/wp-content\/uploads\/Rosenfeld-Zikmund-+-man\u017eelka-pochovan\u00e1-v-P\u0159erov\u011b-1024x747.jpg 1024w, https:\/\/kehila-olomouc.cz\/rs\/wp-content\/uploads\/Rosenfeld-Zikmund-+-man\u017eelka-pochovan\u00e1-v-P\u0159erov\u011b-300x219.jpg 300w, https:\/\/kehila-olomouc.cz\/rs\/wp-content\/uploads\/Rosenfeld-Zikmund-+-man\u017eelka-pochovan\u00e1-v-P\u0159erov\u011b.jpg 1397w\" sizes=\"(max-width: 430px) 100vw, 430px\" \/><\/a><\/p>\n","protected":false},"excerpt":{"rendered":"<p>Adresa: Na Letn\u00e9 207\/15, Olomouc<br \/>\nsou\u0159adnice: N49\u00b0 36&#8242; 10.23&#8243; E17\u00b0 15&#8242; 48.17&#8243;<br \/>\nK\u00e1men zmizel\u00fdch polo\u017een: 2013<\/p>\n<p>N\u00e1pis na kameni:<br \/>\nZDE BYDLEL<br \/>\nZIKMUND ROSENFELD<br \/>\nNAR. 1863<br \/>\nDEPORTOV\u00c1N 1942<br \/>\nDO TEREZ\u00cdNA<br \/>\nZAVRA\u017dD\u011aN<br \/>\nV TREBLINCE<br \/>\nDal\u0161\u00ed zn\u00e1m\u00e9 \u00fadaje:<br \/>\nNarozen 24. 10. 1863<br \/>\ntransport AAm, \u010d. 376 (04. 07. 1942 Olomouc -&gt; Terez\u00edn)<br \/>\ntransport Bx, \u010d. 1588 (22. 10. 1942 Terez\u00edn -&gt; Treblinka)<br \/>\nZahynul<br \/>\nOb\u011b\u0165 v datab\u00e1zi Institutu Terez\u00ednsk\u00e9 iniciativy<br \/>\nZikmund Rosenfeld<\/p>\n<p>Rosenfeld Zikmund + man\u017eelka pochovan\u00e1 v P\u0159erov\u011b 1936<\/p>\n","protected":false},"author":3,"featured_media":0,"parent":7602,"menu_order":0,"comment_status":"closed","ping_status":"closed","template":"","meta":{"ngg_post_thumbnail":0,"footnotes":""},"class_list":["post-6263","page","type-page","status-publish","hentry"],"_links":{"self":[{"href":"https:\/\/kehila-olomouc.cz\/rs\/wp-json\/wp\/v2\/pages\/6263"}],"collection":[{"href":"https:\/\/kehila-olomouc.cz\/rs\/wp-json\/wp\/v2\/pages"}],"about":[{"href":"https:\/\/kehila-olomouc.cz\/rs\/wp-json\/wp\/v2\/types\/page"}],"author":[{"embeddable":true,"href":"https:\/\/kehila-olomouc.cz\/rs\/wp-json\/wp\/v2\/users\/3"}],"replies":[{"embeddable":true,"href":"https:\/\/kehila-olomouc.cz\/rs\/wp-json\/wp\/v2\/comments?post=6263"}],"version-history":[{"count":11,"href":"https:\/\/kehila-olomouc.cz\/rs\/wp-json\/wp\/v2\/pages\/6263\/revisions"}],"predecessor-version":[{"id":7885,"href":"https:\/\/kehila-olomouc.cz\/rs\/wp-json\/wp\/v2\/pages\/6263\/revisions\/7885"}],"up":[{"embeddable":true,"href":"https:\/\/kehila-olomouc.cz\/rs\/wp-json\/wp\/v2\/pages\/7602"}],"wp:attachment":[{"href":"https:\/\/kehila-olomouc.cz\/rs\/wp-json\/wp\/v2\/media?parent=6263"}],"curies":[{"name":"wp","href":"https:\/\/api.w.org\/{rel}","templated":true}]}}