{"id":6245,"date":"2013-07-14T21:50:50","date_gmt":"2013-07-14T19:50:50","guid":{"rendered":"http:\/\/kehila-olomouc.cz\/rs\/?page_id=6245"},"modified":"2015-12-04T11:37:40","modified_gmt":"2015-12-04T09:37:40","slug":"vitezslav-redlich","status":"publish","type":"page","link":"https:\/\/kehila-olomouc.cz\/rs\/soucastnost\/stolpersteine-2\/vitezslav-redlich\/","title":{"rendered":"V\u00edt\u011bzslav Redlich"},"content":{"rendered":"<p>Adresa: <a href=\"https:\/\/www.google.com\/maps\/d\/viewer?mid=zFcC0AXi_eZA.kr_Q-_iTZAOc\" target=\"_blank\"><strong>1. m\u00e1je 838\/28, Olomouc<\/strong><\/a><br \/>\nsou\u0159adnice: N49\u00b0 35&#8242; 48.67&#8243; E17\u00b0 15&#8242; 37.63&#8243;<br \/>\nK\u00e1men zmizel\u00fdch polo\u017een: 2013<\/p>\n<p><a href=\"http:\/\/kehila-olomouc.cz\/rs\/wp-content\/uploads\/redlich_vitezslav_kamen.jpg\"><img loading=\"lazy\" decoding=\"async\" class=\" wp-image-6364 alignnone\" src=\"http:\/\/kehila-olomouc.cz\/rs\/wp-content\/uploads\/redlich_vitezslav_kamen.jpg\" alt=\"redlich_vitezslav_kamen\" width=\"287\" height=\"286\" srcset=\"https:\/\/kehila-olomouc.cz\/rs\/wp-content\/uploads\/redlich_vitezslav_kamen.jpg 478w, https:\/\/kehila-olomouc.cz\/rs\/wp-content\/uploads\/redlich_vitezslav_kamen-150x150.jpg 150w, https:\/\/kehila-olomouc.cz\/rs\/wp-content\/uploads\/redlich_vitezslav_kamen-300x298.jpg 300w\" sizes=\"(max-width: 287px) 100vw, 287px\" \/><\/a><\/p>\n<p><span style=\"text-decoration: underline;\">N\u00e1pis na kameni:<\/span><br \/>\nZDE BYDLEL<br \/>\nV\u00cdT\u011aZSLAV REDLICH<br \/>\nNAR. 1910<br \/>\nDEPORTOV\u00c1N 1942<br \/>\nDO TEREZ\u00cdNA<br \/>\nZAVRA\u017dD\u011aN<br \/>\nV TREBLINCE<\/p>\n<p><span style=\"text-decoration: underline;\">Dal\u0161\u00ed zn\u00e1m\u00e9 \u00fadaje:<\/span><br \/>\nNarozen 13. 04. 1910<br \/>\ntransport AAo, \u010d. 371 (08. 07. 1942 Olomouc -&gt; Terez\u00edn)<br \/>\ntransport Bw, \u010d. 1916 (19. 10. 1942 Terez\u00edn -&gt; Treblinka)<br \/>\nZahynul<\/p>\n<p><a href=\"http:\/\/holocaust.cz\/cz\/victims\/PERSON.ITI.1754312\" target=\"_blank\">Ob\u011b\u0165 v datab\u00e1zi Institutu Terez\u00ednsk\u00e9 iniciativy<\/a><\/p>\n<p style=\"text-align: center;\">V\u00edt\u011bzslav Redlich<\/p>\n<p style=\"text-align: center;\"><a href=\"http:\/\/kehila-olomouc.cz\/rs\/wp-content\/uploads\/Redlich-V\u00edt\u011bzslav_13.4.1910_foto-nedatovan\u00e9_1.jpg\"><img loading=\"lazy\" decoding=\"async\" class=\"aligncenter wp-image-6255\" src=\"http:\/\/kehila-olomouc.cz\/rs\/wp-content\/uploads\/Redlich-V\u00edt\u011bzslav_13.4.1910_foto-nedatovan\u00e9_1-642x1024.jpg\" alt=\"Redlich V\u00edt\u011bzslav_13.4.1910_foto nedatovan\u00e9_1\" width=\"449\" height=\"717\" srcset=\"https:\/\/kehila-olomouc.cz\/rs\/wp-content\/uploads\/Redlich-V\u00edt\u011bzslav_13.4.1910_foto-nedatovan\u00e9_1-642x1024.jpg 642w, https:\/\/kehila-olomouc.cz\/rs\/wp-content\/uploads\/Redlich-V\u00edt\u011bzslav_13.4.1910_foto-nedatovan\u00e9_1-188x300.jpg 188w, https:\/\/kehila-olomouc.cz\/rs\/wp-content\/uploads\/Redlich-V\u00edt\u011bzslav_13.4.1910_foto-nedatovan\u00e9_1.jpg 926w\" sizes=\"(max-width: 449px) 100vw, 449px\" \/><\/a><\/p>\n<p style=\"text-align: center;\"><a href=\"http:\/\/kehila-olomouc.cz\/rs\/wp-content\/uploads\/Redlich-V\u00edt\u011bzslav_13.4.1910_foto-nedatovan\u00e9_2.jpg\"><img loading=\"lazy\" decoding=\"async\" class=\"aligncenter wp-image-6256\" src=\"http:\/\/kehila-olomouc.cz\/rs\/wp-content\/uploads\/Redlich-V\u00edt\u011bzslav_13.4.1910_foto-nedatovan\u00e9_2-659x1024.jpg\" alt=\"Redlich V\u00edt\u011bzslav_13.4.1910_foto nedatovan\u00e9_2\" width=\"461\" height=\"717\" srcset=\"https:\/\/kehila-olomouc.cz\/rs\/wp-content\/uploads\/Redlich-V\u00edt\u011bzslav_13.4.1910_foto-nedatovan\u00e9_2-659x1024.jpg 659w, https:\/\/kehila-olomouc.cz\/rs\/wp-content\/uploads\/Redlich-V\u00edt\u011bzslav_13.4.1910_foto-nedatovan\u00e9_2-193x300.jpg 193w, https:\/\/kehila-olomouc.cz\/rs\/wp-content\/uploads\/Redlich-V\u00edt\u011bzslav_13.4.1910_foto-nedatovan\u00e9_2.jpg 1005w\" sizes=\"(max-width: 461px) 100vw, 461px\" \/><\/a><\/p>\n<p>&nbsp;<\/p>\n","protected":false},"excerpt":{"rendered":"<p>Adresa: 1. m\u00e1je 838\/28, Olomouc<br \/>\nsou\u0159adnice: N49\u00b0 35&#8242; 48.67&#8243; E17\u00b0 15&#8242; 37.63&#8243;<br \/>\nK\u00e1men zmizel\u00fdch polo\u017een: 2013<\/p>\n<p>N\u00e1pis na kameni:<br \/>\nZDE BYDLEL<br \/>\nV\u00cdT\u011aZSLAV REDLICH<br \/>\nNAR. 1910<br \/>\nDEPORTOV\u00c1N 1942<br \/>\nDO TEREZ\u00cdNA<br \/>\nZAVRA\u017dD\u011aN<br \/>\nV TREBLINCE<br \/>\nDal\u0161\u00ed zn\u00e1m\u00e9 \u00fadaje:<br \/>\nNarozen 13. 04. 1910<br \/>\ntransport AAo, \u010d. 371 (08. 07. 1942 Olomouc -&gt; Terez\u00edn)<br \/>\ntransport Bw, \u010d. 1916 (19. 10. 1942 Terez\u00edn -&gt; Treblinka)<br \/>\nZahynul<br \/>\nOb\u011b\u0165 v datab\u00e1zi Institutu Terez\u00ednsk\u00e9 iniciativy<br \/>\nV\u00edt\u011bzslav Redlich<\/p>\n<p>&nbsp;<\/p>\n","protected":false},"author":3,"featured_media":0,"parent":7602,"menu_order":0,"comment_status":"closed","ping_status":"closed","template":"","meta":{"ngg_post_thumbnail":0,"footnotes":""},"class_list":["post-6245","page","type-page","status-publish","hentry"],"_links":{"self":[{"href":"https:\/\/kehila-olomouc.cz\/rs\/wp-json\/wp\/v2\/pages\/6245"}],"collection":[{"href":"https:\/\/kehila-olomouc.cz\/rs\/wp-json\/wp\/v2\/pages"}],"about":[{"href":"https:\/\/kehila-olomouc.cz\/rs\/wp-json\/wp\/v2\/types\/page"}],"author":[{"embeddable":true,"href":"https:\/\/kehila-olomouc.cz\/rs\/wp-json\/wp\/v2\/users\/3"}],"replies":[{"embeddable":true,"href":"https:\/\/kehila-olomouc.cz\/rs\/wp-json\/wp\/v2\/comments?post=6245"}],"version-history":[{"count":8,"href":"https:\/\/kehila-olomouc.cz\/rs\/wp-json\/wp\/v2\/pages\/6245\/revisions"}],"predecessor-version":[{"id":7879,"href":"https:\/\/kehila-olomouc.cz\/rs\/wp-json\/wp\/v2\/pages\/6245\/revisions\/7879"}],"up":[{"embeddable":true,"href":"https:\/\/kehila-olomouc.cz\/rs\/wp-json\/wp\/v2\/pages\/7602"}],"wp:attachment":[{"href":"https:\/\/kehila-olomouc.cz\/rs\/wp-json\/wp\/v2\/media?parent=6245"}],"curies":[{"name":"wp","href":"https:\/\/api.w.org\/{rel}","templated":true}]}}