{"id":6231,"date":"2013-07-12T17:44:35","date_gmt":"2013-07-12T15:44:35","guid":{"rendered":"http:\/\/kehila-olomouc.cz\/rs\/?page_id=6231"},"modified":"2015-12-04T11:37:13","modified_gmt":"2015-12-04T09:37:13","slug":"pavel-gotzlinger","status":"publish","type":"page","link":"https:\/\/kehila-olomouc.cz\/rs\/soucastnost\/stolpersteine-2\/pavel-gotzlinger\/","title":{"rendered":"Pavel G\u00f6tzlinger"},"content":{"rendered":"<p>Adresa: <a href=\"https:\/\/www.google.com\/maps\/d\/viewer?mid=zFcC0AXi_eZA.kr_Q-_iTZAOc\" target=\"_blank\"><strong>Krapkova 439\/34, Olomouc<\/strong><\/a><br \/>\nsou\u0159adnice: N49\u00b0 35&#8242; 28.91&#8243; E17\u00b0 14&#8242; 39.56&#8243;<br \/>\nK\u00e1men zmizel\u00fdch polo\u017een: 2013<\/p>\n<p><a href=\"http:\/\/kehila-olomouc.cz\/rs\/wp-content\/uploads\/gotzlinger_pavel_kamen.jpg\"><img loading=\"lazy\" decoding=\"async\" class=\" wp-image-6356 alignnone\" src=\"http:\/\/kehila-olomouc.cz\/rs\/wp-content\/uploads\/gotzlinger_pavel_kamen.jpg\" alt=\"gotzlinger_pavel_kamen\" width=\"287\" height=\"291\" srcset=\"https:\/\/kehila-olomouc.cz\/rs\/wp-content\/uploads\/gotzlinger_pavel_kamen.jpg 478w, https:\/\/kehila-olomouc.cz\/rs\/wp-content\/uploads\/gotzlinger_pavel_kamen-295x300.jpg 295w\" sizes=\"(max-width: 287px) 100vw, 287px\" \/><\/a><\/p>\n<p><span style=\"text-decoration: underline;\">N\u00e1pis na kameni:<\/span><br \/>\nZDE \u017dIL<br \/>\nPAVEL G\u00d6TZLINGER<br \/>\nNAR. 1930<br \/>\nDEPORTOV\u00c1N 1942<br \/>\nDO TEREZ\u00cdNA<br \/>\nZAVRA\u017dD\u011aN<br \/>\nV OSV\u011aTIMI<\/p>\n<p><span style=\"text-decoration: underline;\">Dal\u0161\u00ed zn\u00e1m\u00e9 \u00fadaje:<\/span><br \/>\nNarozen 03. 09. 1930<br \/>\ntransport AAm, \u010d. 175 (04. 07. 1942 Olomouc -&gt; Terez\u00edn)<br \/>\ntransport Er, \u010d. 1339 (16. 10. 1944 Terez\u00edn -&gt; Osv\u011btim)<br \/>\nZahynul<\/p>\n<p><a href=\"http:\/\/holocaust.cz\/cz\/victims\/PERSON.ITI.1395629\" target=\"_blank\">Ob\u011b\u0165 v datab\u00e1zi Institutu Terez\u00ednsk\u00e9 iniciativy<\/a><\/p>\n<p>&nbsp;<\/p>\n","protected":false},"excerpt":{"rendered":"<p>Adresa: Krapkova 439\/34, Olomouc<br \/>\nsou\u0159adnice: N49\u00b0 35&#8242; 28.91&#8243; E17\u00b0 14&#8242; 39.56&#8243;<br \/>\nK\u00e1men zmizel\u00fdch polo\u017een: 2013<\/p>\n<p>N\u00e1pis na kameni:<br \/>\nZDE \u017dIL<br \/>\nPAVEL G\u00d6TZLINGER<br \/>\nNAR. 1930<br \/>\nDEPORTOV\u00c1N 1942<br \/>\nDO TEREZ\u00cdNA<br \/>\nZAVRA\u017dD\u011aN<br \/>\nV OSV\u011aTIMI<br \/>\nDal\u0161\u00ed zn\u00e1m\u00e9 \u00fadaje:<br \/>\nNarozen 03. 09. 1930<br \/>\ntransport AAm, \u010d. 175 (04. 07. 1942 Olomouc -&gt; Terez\u00edn)<br \/>\ntransport Er, \u010d. 1339 (16. 10. 1944 Terez\u00edn -&gt; Osv\u011btim)<br \/>\nZahynul<br \/>\nOb\u011b\u0165 v datab\u00e1zi Institutu Terez\u00ednsk\u00e9 iniciativy<br \/>\n&nbsp;<\/p>\n","protected":false},"author":3,"featured_media":0,"parent":7602,"menu_order":0,"comment_status":"closed","ping_status":"closed","template":"","meta":{"ngg_post_thumbnail":0,"footnotes":""},"class_list":["post-6231","page","type-page","status-publish","hentry"],"_links":{"self":[{"href":"https:\/\/kehila-olomouc.cz\/rs\/wp-json\/wp\/v2\/pages\/6231"}],"collection":[{"href":"https:\/\/kehila-olomouc.cz\/rs\/wp-json\/wp\/v2\/pages"}],"about":[{"href":"https:\/\/kehila-olomouc.cz\/rs\/wp-json\/wp\/v2\/types\/page"}],"author":[{"embeddable":true,"href":"https:\/\/kehila-olomouc.cz\/rs\/wp-json\/wp\/v2\/users\/3"}],"replies":[{"embeddable":true,"href":"https:\/\/kehila-olomouc.cz\/rs\/wp-json\/wp\/v2\/comments?post=6231"}],"version-history":[{"count":8,"href":"https:\/\/kehila-olomouc.cz\/rs\/wp-json\/wp\/v2\/pages\/6231\/revisions"}],"predecessor-version":[{"id":7873,"href":"https:\/\/kehila-olomouc.cz\/rs\/wp-json\/wp\/v2\/pages\/6231\/revisions\/7873"}],"up":[{"embeddable":true,"href":"https:\/\/kehila-olomouc.cz\/rs\/wp-json\/wp\/v2\/pages\/7602"}],"wp:attachment":[{"href":"https:\/\/kehila-olomouc.cz\/rs\/wp-json\/wp\/v2\/media?parent=6231"}],"curies":[{"name":"wp","href":"https:\/\/api.w.org\/{rel}","templated":true}]}}