{"id":6213,"date":"2013-07-12T17:15:31","date_gmt":"2013-07-12T15:15:31","guid":{"rendered":"http:\/\/kehila-olomouc.cz\/rs\/?page_id=6213"},"modified":"2015-12-04T11:11:00","modified_gmt":"2015-12-04T09:11:00","slug":"hugo-groak","status":"publish","type":"page","link":"https:\/\/kehila-olomouc.cz\/rs\/soucastnost\/stolpersteine-2\/hugo-groak\/","title":{"rendered":"Hugo Gro\u00e1k"},"content":{"rendered":"<p>Adresa: <strong><a href=\"https:\/\/www.google.com\/maps\/d\/viewer?mid=zFcC0AXi_eZA.kr_Q-_iTZAOc\" target=\"_blank\">t\u0159\u00edda Svobody 596\/21, Olomouc<\/a><\/strong><br \/>\nsou\u0159adnice: N49\u00b0 35&#8242; 37.62&#8243; E17\u00b0 14&#8242; 52.89&#8243;<br \/>\nK\u00e1men zmizel\u00fdch polo\u017een: 2013<\/p>\n<p><a href=\"http:\/\/kehila-olomouc.cz\/rs\/wp-content\/uploads\/groak_hugo_kamen.jpg\"><img loading=\"lazy\" decoding=\"async\" class=\" wp-image-6344 alignnone\" src=\"http:\/\/kehila-olomouc.cz\/rs\/wp-content\/uploads\/groak_hugo_kamen.jpg\" alt=\"groak_hugo_kamen\" width=\"287\" height=\"289\" srcset=\"https:\/\/kehila-olomouc.cz\/rs\/wp-content\/uploads\/groak_hugo_kamen.jpg 479w, https:\/\/kehila-olomouc.cz\/rs\/wp-content\/uploads\/groak_hugo_kamen-150x150.jpg 150w, https:\/\/kehila-olomouc.cz\/rs\/wp-content\/uploads\/groak_hugo_kamen-298x300.jpg 298w\" sizes=\"(max-width: 287px) 100vw, 287px\" \/><\/a><\/p>\n<p><span style=\"text-decoration: underline;\">N\u00e1pis na kameni:<\/span><br \/>\nZDE BYDLEL<br \/>\nHUGO GRO\u00c1K<br \/>\nNAR. 1881<br \/>\nDEPORTOV\u00c1N 1942<br \/>\nDO TEREZ\u00cdNA<br \/>\nZAVRA\u017dD\u011aN 18. 11. 1942<br \/>\nTAMT\u00c9\u017d<\/p>\n<p><span style=\"text-decoration: underline;\">Dal\u0161\u00ed zn\u00e1m\u00e9 \u00fadaje:<\/span><br \/>\nNarozen 03. 05. 1881<br \/>\ntransport AAo, \u010d. 181 (08. 07. 1942 Olomouc -&gt; Terez\u00edn)<br \/>\nZahynul 18. 11. 1942 Terez\u00edn<\/p>\n<p><a href=\"http:\/\/holocaust.cz\/cz\/victims\/PERSON.ITI.1408551\" target=\"_blank\">Ob\u011b\u0165 v datab\u00e1zi Institutu Terez\u00ednsk\u00e9 iniciativy<\/a><\/p>\n<p style=\"text-align: justify;\">Rodina Gro\u00e1k\u016f pat\u0159ila k\u00a0v\u00fdznamn\u00fdm olomouck\u00fdm podnikatelsk\u00fdm rodin\u00e1m od roku 1864, kdy Josef Gro\u00e1k p\u0159evzal koup\u00ed od knihtiska\u0159e Antona Halausky jeho Knihtiska\u0159stv\u00ed olomouck\u00e9 c. k. Franti\u0161kovy univerzity, tedy knihtisk\u00e1rnu, obchod s\u00a0knihami, um\u011bleck\u00fdmi p\u0159edm\u011bty a hudebninami. Jeho knihtiska\u0159sk\u00fd a litografick\u00fd podnik se stal jedn\u00edm z\u00a0nejv\u00fdznamn\u011bj\u0161\u00edch v\u00a0Olomouci. Josef Gro\u00e1k byl vydavatelem novin M\u00e4hrisches Tagblatt (Moravsk\u00fd den\u00edk), \u010dlenem olomouck\u00e9ho m\u011bstsk\u00e9ho zastupitelstva, v\u00fdboru \u017didovsk\u00e9 n\u00e1bo\u017eensk\u00e9 obce v\u00a0Olomouci a p\u0159edsedou spole\u010denstva tiska\u0159sk\u00fdch \u017eivnost\u00ed. Po otcov\u011b smrti p\u0159evzal podnik Hugo Gro\u00e1k a vedl ho a\u017e do nacistick\u00e9 okupace pod firemn\u00ed zna\u010dkou \u201eIGO\u201c. Od 1. dubna 1909 s\u00eddlila knihtiska\u0159sk\u00e1 firma v\u00a0novostavb\u011b na dne\u0161n\u00ed t\u0159\u00edd\u011b Svobody 21 (\u010d. p. 596), v\u00a0n\u00ed\u017e tak\u00e9 Hugo Gro\u00e1k se svou \u017eenou bydlel v\u00a0prvn\u00edm poschod\u00ed.<\/p>\n<p style=\"text-align: justify;\"><b>Hugo Gro\u00e1k<\/b> byl zat\u010den dne 1. 9. 1939. Zpo\u010d\u00e1tku byl internov\u00e1n v\u00a0b\u00fdval\u00fdch \u017eelez\u00e1rn\u00e1ch ve \u0160t\u011bp\u00e1nov\u011b u Olomouce. Pozd\u011bji byl p\u0159evezen do koncentra\u010dn\u00edho t\u00e1bora Buchenwald, z\u00a0n\u011bho\u017e byl propu\u0161t\u011bn v\u00a0srpnu 1940 nebo v\u00a0prosinci 1941 jako invalida. P\u0159ihl\u00e1\u0161ku \u017eidovsk\u00e9ho majetku v\u00a0roce 1940 podala jm\u00e9nem sv\u00e9ho \u201eposti\u017een\u00e9ho man\u017eela Hugo Gro\u00e1ka\u201c, Olomouc, Vodn\u00ed ulice 22, jeho man\u017eelka Eli\u0161ka Gro\u00e1kov\u00e1. V\u00a0p\u0159ihl\u00e1\u0161ce uvedla, \u017ee man\u017eel vlastn\u00ed jen sb\u00edrku po\u0161tovn\u00edch zn\u00e1mek po Dr. Siegfriedovi Brochovi, kter\u00e1 byla zabavena a ulo\u017eena v\u00a0sejfu u \u010cesk\u00e9 Union banky.<\/p>\n<p style=\"text-align: center;\">Seder u Broch\u016f. Zprava druh\u00fd <strong>Hugo Gro\u00e1k<\/strong>, t\u0159et\u00ed jeho man\u017eelka\u00a0<a href=\"http:\/\/kehila-olomouc.cz\/rs\/soucastnost\/stolpersteine\/eliska-groakova\">Eli\u0161ka Gro\u00e1kov\u00e1<\/a><\/p>\n<p style=\"text-align: center;\"><a href=\"http:\/\/kehila-olomouc.cz\/rs\/wp-content\/uploads\/Seder-u-Broch\u016f.-Zprava-druh\u00fd-Hugo-Gro\u00e1k-t\u0159et\u00ed-Eli\u0161ka-Gro\u00e1kov\u00e1.jpg\"><img loading=\"lazy\" decoding=\"async\" class=\"aligncenter\" src=\"http:\/\/kehila-olomouc.cz\/rs\/wp-content\/uploads\/Seder-u-Broch\u016f.-Zprava-druh\u00fd-Hugo-Gro\u00e1k-t\u0159et\u00ed-Eli\u0161ka-Gro\u00e1kov\u00e1-1024x639.jpg\" alt=\"Seder u Broch\u016f. Zprava druh\u00fd Hugo Gro\u00e1k, t\u0159et\u00ed Eli\u0161ka Gro\u00e1kov\u00e1\" width=\"553\" height=\"345\" \/><\/a><\/p>\n<p style=\"text-align: center;\">\u00damrtn\u00ed list &#8211; Terez\u00edn<\/p>\n<p style=\"text-align: center;\"><a href=\"http:\/\/kehila-olomouc.cz\/rs\/wp-content\/uploads\/Gro\u00e1k-Hugo_3.5.1881_UL_18.11.1942.jpg\"><img loading=\"lazy\" decoding=\"async\" class=\"aligncenter wp-image-6219\" src=\"http:\/\/kehila-olomouc.cz\/rs\/wp-content\/uploads\/Gro\u00e1k-Hugo_3.5.1881_UL_18.11.1942-717x1024.jpg\" alt=\"Gro\u00e1k Hugo_3.5.1881_UL_18.11.1942\" width=\"430\" height=\"614\" srcset=\"https:\/\/kehila-olomouc.cz\/rs\/wp-content\/uploads\/Gro\u00e1k-Hugo_3.5.1881_UL_18.11.1942-717x1024.jpg 717w, https:\/\/kehila-olomouc.cz\/rs\/wp-content\/uploads\/Gro\u00e1k-Hugo_3.5.1881_UL_18.11.1942-210x300.jpg 210w, https:\/\/kehila-olomouc.cz\/rs\/wp-content\/uploads\/Gro\u00e1k-Hugo_3.5.1881_UL_18.11.1942.jpg 800w\" sizes=\"(max-width: 430px) 100vw, 430px\" \/><\/a><\/p>\n","protected":false},"excerpt":{"rendered":"<div style=\\\"text-align:justify;\\\">Adresa: t\u0159\u00edda Svobody 596\/21, Olomouc<br \/>\nsou\u0159adnice: N49\u00b0 35&#8242; 37.62&#8243; E17\u00b0 14&#8242; 52.89&#8243;<br \/>\nK\u00e1men zmizel\u00fdch polo\u017een: 2013<\/p>\n<p>N\u00e1pis na kameni:<br \/>\nZDE BYDLEL<br \/>\nHUGO GRO\u00c1K<br \/>\nNAR. 1881<br \/>\nDEPORTOV\u00c1N 1942<br \/>\nDO TEREZ\u00cdNA<br \/>\nZAVRA\u017dD\u011aN 18. 11. 1942<br \/>\nTAMT\u00c9\u017d<br \/>\nDal\u0161\u00ed zn\u00e1m\u00e9 \u00fadaje:<br \/>\nNarozen 03. 05. 1881<br \/>\ntransport AAo, \u010d. 181 (08. 07. 1942 Olomouc -&gt; Terez\u00edn)<br \/>\nZahynul 18. 11. 1942 Terez\u00edn<br \/>\nOb\u011b\u0165 v datab\u00e1zi Institutu Terez\u00ednsk\u00e9 iniciativy<br \/>\nRodina Gro\u00e1k\u016f pat\u0159ila k\u00a0v\u00fdznamn\u00fdm olomouck\u00fdm podnikatelsk\u00fdm rodin\u00e1m od roku 1864, kdy Josef Gro\u00e1k p\u0159evzal koup\u00ed od knihtiska\u0159e Antona Halausky jeho Knihtiska\u0159stv\u00ed olomouck\u00e9 c. k. Franti\u0161kovy univerzity, tedy knihtisk\u00e1rnu, obchod s\u00a0knihami, um\u011bleck\u00fdmi p\u0159edm\u011bty a hudebninami. Jeho knihtiska\u0159sk\u00fd a litografick\u00fd podnik se stal jedn\u00edm z\u00a0nejv\u00fdznamn\u011bj\u0161\u00edch v\u00a0Olomouci. &#8230;<\/p><\/div>\n","protected":false},"author":3,"featured_media":0,"parent":7602,"menu_order":0,"comment_status":"closed","ping_status":"closed","template":"","meta":{"ngg_post_thumbnail":0,"footnotes":""},"class_list":["post-6213","page","type-page","status-publish","hentry"],"_links":{"self":[{"href":"https:\/\/kehila-olomouc.cz\/rs\/wp-json\/wp\/v2\/pages\/6213"}],"collection":[{"href":"https:\/\/kehila-olomouc.cz\/rs\/wp-json\/wp\/v2\/pages"}],"about":[{"href":"https:\/\/kehila-olomouc.cz\/rs\/wp-json\/wp\/v2\/types\/page"}],"author":[{"embeddable":true,"href":"https:\/\/kehila-olomouc.cz\/rs\/wp-json\/wp\/v2\/users\/3"}],"replies":[{"embeddable":true,"href":"https:\/\/kehila-olomouc.cz\/rs\/wp-json\/wp\/v2\/comments?post=6213"}],"version-history":[{"count":10,"href":"https:\/\/kehila-olomouc.cz\/rs\/wp-json\/wp\/v2\/pages\/6213\/revisions"}],"predecessor-version":[{"id":7865,"href":"https:\/\/kehila-olomouc.cz\/rs\/wp-json\/wp\/v2\/pages\/6213\/revisions\/7865"}],"up":[{"embeddable":true,"href":"https:\/\/kehila-olomouc.cz\/rs\/wp-json\/wp\/v2\/pages\/7602"}],"wp:attachment":[{"href":"https:\/\/kehila-olomouc.cz\/rs\/wp-json\/wp\/v2\/media?parent=6213"}],"curies":[{"name":"wp","href":"https:\/\/api.w.org\/{rel}","templated":true}]}}