{"id":6133,"date":"2013-07-11T21:29:28","date_gmt":"2013-07-11T19:29:28","guid":{"rendered":"http:\/\/kehila-olomouc.cz\/rs\/?page_id=6133"},"modified":"2015-12-04T11:08:32","modified_gmt":"2015-12-04T09:08:32","slug":"irma-gotzlingerova","status":"publish","type":"page","link":"https:\/\/kehila-olomouc.cz\/rs\/soucastnost\/stolpersteine-2\/irma-gotzlingerova\/","title":{"rendered":"Irma G\u00f6tzlingerov\u00e1"},"content":{"rendered":"<p>Adresa:\u00a0<strong><a href=\"https:\/\/maps.google.cz\/maps\/ms?msa=0&amp;msid=210487031850907092813.0004c6e56c315288944fa&amp;hl=cs&amp;brcurrent=5,0,0&amp;ie=UTF8&amp;ll=49.616827,17.268276&amp;spn=0.044432,0.077162&amp;t=h&amp;z=14&amp;vpsrc=1&amp;iwloc=0004ccb4dcf5d605844fd\" target=\"_blank\">Komensk\u00e9ho 921\/23, Olomouc<\/a><\/strong><br \/>\nsou\u0159adnice: N49\u00b0 35&#8242; 50.87&#8243; E17\u00b0 15&#8242; 57.60&#8243;<br \/>\nK\u00e1men zmizel\u00fdch polo\u017een: 2013<\/p>\n<p><a href=\"http:\/\/kehila-olomouc.cz\/rs\/wp-content\/uploads\/gotzlingerova_irma_kamen.jpg\"><img loading=\"lazy\" decoding=\"async\" class=\" wp-image-6348 alignnone\" src=\"http:\/\/kehila-olomouc.cz\/rs\/wp-content\/uploads\/gotzlingerova_irma_kamen.jpg\" alt=\"gotzlingerova_irma_kamen\" width=\"287\" height=\"290\" srcset=\"https:\/\/kehila-olomouc.cz\/rs\/wp-content\/uploads\/gotzlingerova_irma_kamen.jpg 478w, https:\/\/kehila-olomouc.cz\/rs\/wp-content\/uploads\/gotzlingerova_irma_kamen-296x300.jpg 296w\" sizes=\"(max-width: 287px) 100vw, 287px\" \/><\/a><\/p>\n<p><span style=\"text-decoration: underline;\">N\u00e1pis na kameni:<\/span><br \/>\nZDE BYDLELA<br \/>\nIRMA G\u00d6TZLINGEROV\u00c1<br \/>\nNAR. 1892<br \/>\nDEPORTOV\u00c1NA 1942<br \/>\nDO TEREZ\u00cdNA<br \/>\nZAVRA\u017dD\u011aNA<br \/>\nV BARANOVI\u010cI<\/p>\n<p><span style=\"text-decoration: underline;\">Dal\u0161\u00ed zn\u00e1m\u00e9 \u00fadaje:<\/span><br \/>\nNarozena 04. 12. 1892<br \/>\ntransport AAo, \u010d. 683 (08.07.1942 Olomouc -&gt; Terez\u00edn)<br \/>\ntransport AAy, \u010d. 603 (28.07.1942 Terez\u00edn -&gt; Baranovi\u010di)<br \/>\nZahynula<\/p>\n<p><a href=\"http:\/\/holocaust.cz\/cz\/victims\/PERSON.ITI.1395590\" target=\"_blank\">Ob\u011b\u0165 v datab\u00e1zi Institutu Terez\u00ednsk\u00e9 iniciativy<\/a><\/p>\n","protected":false},"excerpt":{"rendered":"<p>Adresa:\u00a0Komensk\u00e9ho 921\/23, Olomouc<br \/>\nsou\u0159adnice: N49\u00b0 35&#8242; 50.87&#8243; E17\u00b0 15&#8242; 57.60&#8243;<br \/>\nK\u00e1men zmizel\u00fdch polo\u017een: 2013<\/p>\n<p>N\u00e1pis na kameni:<br \/>\nZDE BYDLELA<br \/>\nIRMA G\u00d6TZLINGEROV\u00c1<br \/>\nNAR. 1892<br \/>\nDEPORTOV\u00c1NA 1942<br \/>\nDO TEREZ\u00cdNA<br \/>\nZAVRA\u017dD\u011aNA<br \/>\nV BARANOVI\u010cI<br \/>\nDal\u0161\u00ed zn\u00e1m\u00e9 \u00fadaje:<br \/>\nNarozena 04. 12. 1892<br \/>\ntransport AAo, \u010d. 683 (08.07.1942 Olomouc -&gt; Terez\u00edn)<br \/>\ntransport AAy, \u010d. 603 (28.07.1942 Terez\u00edn -&gt; Baranovi\u010di)<br \/>\nZahynula<br \/>\nOb\u011b\u0165 v datab\u00e1zi Institutu Terez\u00ednsk\u00e9 iniciativy<\/p>\n","protected":false},"author":3,"featured_media":0,"parent":7602,"menu_order":0,"comment_status":"closed","ping_status":"closed","template":"","meta":{"ngg_post_thumbnail":0,"footnotes":""},"class_list":["post-6133","page","type-page","status-publish","hentry"],"_links":{"self":[{"href":"https:\/\/kehila-olomouc.cz\/rs\/wp-json\/wp\/v2\/pages\/6133"}],"collection":[{"href":"https:\/\/kehila-olomouc.cz\/rs\/wp-json\/wp\/v2\/pages"}],"about":[{"href":"https:\/\/kehila-olomouc.cz\/rs\/wp-json\/wp\/v2\/types\/page"}],"author":[{"embeddable":true,"href":"https:\/\/kehila-olomouc.cz\/rs\/wp-json\/wp\/v2\/users\/3"}],"replies":[{"embeddable":true,"href":"https:\/\/kehila-olomouc.cz\/rs\/wp-json\/wp\/v2\/comments?post=6133"}],"version-history":[{"count":5,"href":"https:\/\/kehila-olomouc.cz\/rs\/wp-json\/wp\/v2\/pages\/6133\/revisions"}],"predecessor-version":[{"id":7836,"href":"https:\/\/kehila-olomouc.cz\/rs\/wp-json\/wp\/v2\/pages\/6133\/revisions\/7836"}],"up":[{"embeddable":true,"href":"https:\/\/kehila-olomouc.cz\/rs\/wp-json\/wp\/v2\/pages\/7602"}],"wp:attachment":[{"href":"https:\/\/kehila-olomouc.cz\/rs\/wp-json\/wp\/v2\/media?parent=6133"}],"curies":[{"name":"wp","href":"https:\/\/api.w.org\/{rel}","templated":true}]}}