{"id":6108,"date":"2013-07-10T22:07:55","date_gmt":"2013-07-10T20:07:55","guid":{"rendered":"http:\/\/kehila-olomouc.cz\/rs\/?page_id=6108"},"modified":"2015-12-04T11:08:17","modified_gmt":"2015-12-04T09:08:17","slug":"renata-berlova","status":"publish","type":"page","link":"https:\/\/kehila-olomouc.cz\/rs\/soucastnost\/stolpersteine-2\/renata-berlova\/","title":{"rendered":"Renata Berlov\u00e1"},"content":{"rendered":"<p>Adresa:\u00a0<a href=\"https:\/\/www.google.com\/maps\/d\/viewer?mid=zFcC0AXi_eZA.kr_Q-_iTZAOc\" target=\"_blank\"><strong>\u017dilinsk\u00e1 650\/20, Olomouc<\/strong><\/a><br \/>\nsou\u0159adnice: N49\u00b0 35&#8242; 44.32&#8243; E17\u00b0 14&#8242; 6.57&#8243;<br \/>\nK\u00e1men zmizel\u00fdch polo\u017een: 2013<\/p>\n<p><a href=\"http:\/\/kehila-olomouc.cz\/rs\/wp-content\/uploads\/berlova_renata_kamen.jpg\"><img loading=\"lazy\" decoding=\"async\" class=\" wp-image-6370 alignnone\" src=\"http:\/\/kehila-olomouc.cz\/rs\/wp-content\/uploads\/berlova_renata_kamen.jpg\" alt=\"berlova_renata_kamen\" width=\"286\" height=\"291\" srcset=\"https:\/\/kehila-olomouc.cz\/rs\/wp-content\/uploads\/berlova_renata_kamen.jpg 477w, https:\/\/kehila-olomouc.cz\/rs\/wp-content\/uploads\/berlova_renata_kamen-295x300.jpg 295w\" sizes=\"(max-width: 286px) 100vw, 286px\" \/><\/a><\/p>\n<p><span style=\"text-decoration: underline;\">N\u00e1pis na kameni:<\/span><br \/>\nZDE BYDLELA<br \/>\nRENATA BERLOV\u00c1<br \/>\nNAR. 1934<br \/>\nDEPORTOV\u00c1NA 1942<br \/>\nDO TEREZ\u00cdNA<br \/>\nZAVRA\u017dD\u011aNA<br \/>\nV TREBLINCE<\/p>\n<p><span style=\"text-decoration: underline;\">Dal\u0161\u00ed zn\u00e1m\u00e9 \u00fadaje:<\/span><br \/>\nNarozena 17.01.1934<br \/>\ntransport AAm, \u010d. 245 (04.07.1942 Olomouc -&gt; Terez\u00edn)<br \/>\nZahynula 24. 08. 1942 Terez\u00edn<\/p>\n<p><a href=\"http:\/\/holocaust.cz\/cz\/victims\/PERSON.ITI.1241020\" target=\"_blank\">Ob\u011b\u0165 v datab\u00e1zi Institutu Terez\u00ednsk\u00e9 iniciativy<\/a><\/p>\n<p style=\"text-align: center;\">Dole druh\u00e1 zleva <strong><a href=\"http:\/\/kehila-olomouc.cz\/rs\/soucastnost\/stolpersteine\/ruth-walterova\/\">Ruth Walterov\u00e1<\/a>,\u00a0<\/strong>naho\u0159e druh\u00e1 zleva jej\u00ed sestra\u00a0<strong><a href=\"http:\/\/kehila-olomouc.cz\/rs\/soucastnost\/stolpersteine\/marketa-walterova\/\">Mark\u00e9ta Walterov\u00e1<\/a><\/strong>, \u010dtvrt\u00e1 jejich sest\u0159enice\u00a0<strong>Renata Berlov\u00e1<\/strong><\/p>\n<p style=\"text-align: center;\">\u010dervenec 1940 p\u0159ed domem \u017dilinsk\u00e1 20.<\/p>\n<p style=\"text-align: center;\"><a href=\"http:\/\/kehila-olomouc.cz\/rs\/wp-content\/uploads\/naho\u0159e-druh\u00e1-zleva-Mark\u00e9ta-Wlaterov\u00e1-\u010dtvrt\u00e1-Renata-Berlov\u00e1-sest\u0159enice-dole-druh\u00e1-zleva-Ruth-Walterov\u00e1-majitel-fota-Eva-Mal\u00e1-Kreislerov\u00e1-\u010dervenec-1940.jpg\"><img loading=\"lazy\" decoding=\"async\" title=\"naho\u0159e druh\u00e1 zleva Mark\u00e9ta Wlaterov\u00e1, \u010dtvrt\u00e1 Renata Berlov\u00e1 (sest\u0159enice); dole druh\u00e1 zleva Ruth Walterov\u00e1 - majitel fota Eva (Mal\u00e1) Kreislerov\u00e1 - \u010dervenec 1940\" src=\"http:\/\/kehila-olomouc.cz\/rs\/wp-content\/uploads\/naho\u0159e-druh\u00e1-zleva-Mark\u00e9ta-Wlaterov\u00e1-\u010dtvrt\u00e1-Renata-Berlov\u00e1-sest\u0159enice-dole-druh\u00e1-zleva-Ruth-Walterov\u00e1-majitel-fota-Eva-Mal\u00e1-Kreislerov\u00e1-\u010dervenec-1940.jpg\" alt=\"\" width=\"572\" height=\"384\" \/><\/a><\/p>\n<p style=\"text-align: center;\">Prvn\u00ed zprava naho\u0159e\u00a0<strong>Renata Berlov\u00e1<\/strong>, t\u0159et\u00ed\u00a0<strong><a href=\"http:\/\/kehila-olomouc.cz\/rs\/soucastnost\/stolpersteine\/marketa-walterova\/\">Mark\u00e9ta Walterov\u00e1<\/a><\/strong>, prvn\u00ed dole zprava\u00a0<strong><a href=\"http:\/\/kehila-olomouc.cz\/rs\/soucastnost\/stolpersteine\/ruth-walterova\/\">Ruth Walterov\u00e1<br \/>\n<\/a><\/strong>\u010dervenec 1940 p\u0159ed domem \u017dilinsk\u00e1 20.<\/p>\n<p><a href=\"http:\/\/kehila-olomouc.cz\/rs\/wp-content\/uploads\/prvn\u00ed-z-prava-naho\u0159e-Renata-Berlov\u00e1-t\u0159et\u00ed-Mark\u00e9ta-Wlaterov\u00e1-prvn\u00ed-dole-zprava-Ruth-Walterov\u00e1-druh\u00e1-Eva-Mal\u00e1-Kreislov\u00e1-\u010dervenec-1940.jpg\"><img loading=\"lazy\" decoding=\"async\" class=\"aligncenter\" title=\"prvn\u00ed z prava naho\u0159e Renata Berlov\u00e1, t\u0159et\u00ed Mark\u00e9ta Wlaterov\u00e1, prvn\u00ed dole zprava Ruth Walterov\u00e1, druh\u00e1 Eva (Mal\u00e1) Kreislov\u00e1 - \u010dervenec 1940\" src=\"http:\/\/kehila-olomouc.cz\/rs\/wp-content\/uploads\/prvn\u00ed-z-prava-naho\u0159e-Renata-Berlov\u00e1-t\u0159et\u00ed-Mark\u00e9ta-Wlaterov\u00e1-prvn\u00ed-dole-zprava-Ruth-Walterov\u00e1-druh\u00e1-Eva-Mal\u00e1-Kreislov\u00e1-\u010dervenec-1940.jpg\" alt=\"\" width=\"607\" height=\"406\" \/><\/a><\/p>\n<p style=\"text-align: center;\">\u00damrtn\u00ed list &#8211; Ghetto Terez\u00edn<\/p>\n<p style=\"text-align: center;\"><a href=\"http:\/\/kehila-olomouc.cz\/rs\/wp-content\/uploads\/Berlov\u00e1-Renata_17.1.1934_UL_24.8.1942.jpg\"><img loading=\"lazy\" decoding=\"async\" class=\"aligncenter wp-image-6109\" src=\"http:\/\/kehila-olomouc.cz\/rs\/wp-content\/uploads\/Berlov\u00e1-Renata_17.1.1934_UL_24.8.1942.jpg\" alt=\"Berlov\u00e1 Renata_17.1.1934_UL_24.8.1942\" width=\"560\" height=\"800\" srcset=\"https:\/\/kehila-olomouc.cz\/rs\/wp-content\/uploads\/Berlov\u00e1-Renata_17.1.1934_UL_24.8.1942.jpg 800w, https:\/\/kehila-olomouc.cz\/rs\/wp-content\/uploads\/Berlov\u00e1-Renata_17.1.1934_UL_24.8.1942-209x300.jpg 209w, https:\/\/kehila-olomouc.cz\/rs\/wp-content\/uploads\/Berlov\u00e1-Renata_17.1.1934_UL_24.8.1942-716x1024.jpg 716w\" sizes=\"(max-width: 560px) 100vw, 560px\" \/><\/a><\/p>\n","protected":false},"excerpt":{"rendered":"<p>Adresa:\u00a0\u017dilinsk\u00e1 650\/20, Olomouc<br \/>\nsou\u0159adnice: N49\u00b0 35&#8242; 44.32&#8243; E17\u00b0 14&#8242; 6.57&#8243;<br \/>\nK\u00e1men zmizel\u00fdch polo\u017een: 2013<\/p>\n<p>N\u00e1pis na kameni:<br \/>\nZDE BYDLELA<br \/>\nRENATA BERLOV\u00c1<br \/>\nNAR. 1934<br \/>\nDEPORTOV\u00c1NA 1942<br \/>\nDO TEREZ\u00cdNA<br \/>\nZAVRA\u017dD\u011aNA<br \/>\nV TREBLINCE<br \/>\nDal\u0161\u00ed zn\u00e1m\u00e9 \u00fadaje:<br \/>\nNarozena 17.01.1934<br \/>\ntransport AAm, \u010d. 245 (04.07.1942 Olomouc -&gt; Terez\u00edn)<br \/>\nZahynula 24. 08. 1942 Terez\u00edn<br \/>\nOb\u011b\u0165 v datab\u00e1zi Institutu Terez\u00ednsk\u00e9 iniciativy<br \/>\nDole druh\u00e1 zleva Ruth Walterov\u00e1,\u00a0naho\u0159e druh\u00e1 zleva jej\u00ed sestra\u00a0Mark\u00e9ta Walterov\u00e1, \u010dtvrt\u00e1 jejich sest\u0159enice\u00a0Renata Berlov\u00e1<br \/>\n\u010dervenec 1940 p\u0159ed domem \u017dilinsk\u00e1 20.<\/p>\n<p>Prvn\u00ed zprava naho\u0159e\u00a0Renata Berlov\u00e1, t\u0159et\u00ed\u00a0Mark\u00e9ta Walterov\u00e1, prvn\u00ed dole zprava\u00a0Ruth Walterov\u00e1<br \/>\n\u010dervenec 1940 p\u0159ed domem \u017dilinsk\u00e1 20.<\/p>\n<p>\u00damrtn\u00ed list &#8211; Ghetto Terez\u00edn<\/p>\n","protected":false},"author":3,"featured_media":0,"parent":7602,"menu_order":0,"comment_status":"closed","ping_status":"closed","template":"","meta":{"ngg_post_thumbnail":0,"footnotes":""},"class_list":["post-6108","page","type-page","status-publish","hentry"],"_links":{"self":[{"href":"https:\/\/kehila-olomouc.cz\/rs\/wp-json\/wp\/v2\/pages\/6108"}],"collection":[{"href":"https:\/\/kehila-olomouc.cz\/rs\/wp-json\/wp\/v2\/pages"}],"about":[{"href":"https:\/\/kehila-olomouc.cz\/rs\/wp-json\/wp\/v2\/types\/page"}],"author":[{"embeddable":true,"href":"https:\/\/kehila-olomouc.cz\/rs\/wp-json\/wp\/v2\/users\/3"}],"replies":[{"embeddable":true,"href":"https:\/\/kehila-olomouc.cz\/rs\/wp-json\/wp\/v2\/comments?post=6108"}],"version-history":[{"count":9,"href":"https:\/\/kehila-olomouc.cz\/rs\/wp-json\/wp\/v2\/pages\/6108\/revisions"}],"predecessor-version":[{"id":7832,"href":"https:\/\/kehila-olomouc.cz\/rs\/wp-json\/wp\/v2\/pages\/6108\/revisions\/7832"}],"up":[{"embeddable":true,"href":"https:\/\/kehila-olomouc.cz\/rs\/wp-json\/wp\/v2\/pages\/7602"}],"wp:attachment":[{"href":"https:\/\/kehila-olomouc.cz\/rs\/wp-json\/wp\/v2\/media?parent=6108"}],"curies":[{"name":"wp","href":"https:\/\/api.w.org\/{rel}","templated":true}]}}