{"id":6093,"date":"2013-06-28T13:41:26","date_gmt":"2013-06-28T11:41:26","guid":{"rendered":"http:\/\/kehila-olomouc.cz\/rs\/navsteva-kozi-farmy-23-6-2013\/"},"modified":"2013-06-28T13:41:47","modified_gmt":"2013-06-28T11:41:47","slug":"navsteva-kozi-farmy-23-6-2013","status":"publish","type":"page","link":"https:\/\/kehila-olomouc.cz\/rs\/soucastnost\/fotogalerie-2\/souhrn-fotogalerii\/navsteva-kozi-farmy-23-6-2013\/","title":{"rendered":"n\u00e1v\u0161t\u011bva koz\u00ed farmy 23.6.2013"},"content":{"rendered":"","protected":true},"excerpt":{"rendered":"","protected":true},"author":3,"featured_media":0,"parent":1770,"menu_order":0,"comment_status":"closed","ping_status":"closed","template":"","meta":{"ngg_post_thumbnail":0,"footnotes":""},"class_list":["post-6093","page","type-page","status-publish","post-password-required","hentry"],"_links":{"self":[{"href":"https:\/\/kehila-olomouc.cz\/rs\/wp-json\/wp\/v2\/pages\/6093"}],"collection":[{"href":"https:\/\/kehila-olomouc.cz\/rs\/wp-json\/wp\/v2\/pages"}],"about":[{"href":"https:\/\/kehila-olomouc.cz\/rs\/wp-json\/wp\/v2\/types\/page"}],"author":[{"embeddable":true,"href":"https:\/\/kehila-olomouc.cz\/rs\/wp-json\/wp\/v2\/users\/3"}],"replies":[{"embeddable":true,"href":"https:\/\/kehila-olomouc.cz\/rs\/wp-json\/wp\/v2\/comments?post=6093"}],"version-history":[{"count":3,"href":"https:\/\/kehila-olomouc.cz\/rs\/wp-json\/wp\/v2\/pages\/6093\/revisions"}],"predecessor-version":[{"id":6096,"href":"https:\/\/kehila-olomouc.cz\/rs\/wp-json\/wp\/v2\/pages\/6093\/revisions\/6096"}],"up":[{"embeddable":true,"href":"https:\/\/kehila-olomouc.cz\/rs\/wp-json\/wp\/v2\/pages\/1770"}],"wp:attachment":[{"href":"https:\/\/kehila-olomouc.cz\/rs\/wp-json\/wp\/v2\/media?parent=6093"}],"curies":[{"name":"wp","href":"https:\/\/api.w.org\/{rel}","templated":true}]}}