{"id":5909,"date":"2012-12-11T15:12:24","date_gmt":"2012-12-11T13:12:24","guid":{"rendered":"http:\/\/kehila-olomouc.cz\/rs\/?page_id=5909"},"modified":"2012-12-11T15:13:03","modified_gmt":"2012-12-11T13:13:03","slug":"mistni-a-casova-dostupnost","status":"publish","type":"page","link":"https:\/\/kehila-olomouc.cz\/rs\/socialni-pece\/pro-zajemce-o-sluzbu\/mistni-a-casova-dostupnost\/","title":{"rendered":"M\u00edstn\u00ed a \u010dasov\u00e1 dostupnost"},"content":{"rendered":"<p>Slu\u017eby jsou poskytovan\u00e9 v\u00a0t\u00fddnu<\/p>\n<p align=\"center\"><strong>pond\u011bl\u00ed, \u00fater\u00fd, \u010dtvrtek, p\u00e1tek, od 9:00 hod. do 11:00 hod. v\u00a0kancel\u00e1\u0159i \u017dOO<\/strong><\/p>\n<p align=\"center\"><strong>st\u0159eda od 14:00 hod. do 16:00 hod. je vyhrazena pro ter\u00e9nn\u00ed slu\u017ebu <\/strong><\/p>\n<p>na z\u00e1klad\u011b dohody s\u00a0u\u017eivatelem.<\/p>\n<p>M\u00edstem poskytov\u00e1n\u00ed ambulantn\u00ed formy slu\u017eby je s\u00eddlo \u017didovsk\u00e9 obce Olomouc na ulici Komensk\u00e9ho 7.<\/p>\n<p>Budova je dostupn\u00e1 ve\u0159ejnou dopravou, tramvaj\u00ed \u010d. 2 Ne\u0159ed\u00edn \u2013 Fibichova \u2013 Ne\u0159ed\u00edn, nejbli\u017e\u0161\u00ed zast\u00e1vka \u201eU D\u00f3mu\u201c cca 100 metr\u016f od s\u00eddla \u017didovsk\u00e9 obce Olomouc. Tato zast\u00e1vka nen\u00ed bezbari\u00e9rov\u00e1. Nejbli\u017e\u0161\u00ed bezbari\u00e9rov\u00e1 zast\u00e1vka je N\u00e1m. Republiky, cca 400 m od s\u00eddla \u017didovsk\u00e9 obce Olomouc. Trasa do s\u00eddla nen\u00ed bezbari\u00e9rov\u00e1, chodn\u00edky jsou \u00fazk\u00e9 s\u00a0ter\u00e9nn\u00edmi zlomy a obrubn\u00edky, vozovka je z\u00a0dla\u017eebn\u00edch kostek. Informace o spoj\u00edch a n\u00edzkopodla\u017en\u00edch tramvaj\u00edch jsou k\u00a0dispozici na str\u00e1nk\u00e1ch Dopravn\u00edho podniku M\u011bsta Olomouce <a href=\"http:\/\/www.dpmo.cz\/\">www.dpmo.cz<\/a>.<\/p>\n<p>Pro vstup u\u017eivatele je ur\u010den zvonek \u017dO na budov\u011b s\u00eddla \u017dO na ulici Komensk\u00e9ho 7, Olomouc. Po zazvon\u011bn\u00ed se ozve pracovn\u00edk prost\u0159ednictv\u00edm videotelefonu a automaticky otev\u00edr\u00e1 vstupn\u00ed dve\u0159e. Kancel\u00e1\u0159 se nach\u00e1z\u00ed v\u00a0prvn\u00edm pat\u0159e budovy, kter\u00e1, vzhledem ke sv\u00e9mu st\u00e1\u0159\u00ed, nen\u00ed vybavena v\u00fdtahem. Z\u00e1jemce, nebo u\u017eivatel slu\u017eby, tedy mus\u00ed p\u0159ekonat schodi\u0161t\u011b.<\/p>\n<p>V\u00a0p\u0159\u00edpad\u011b osob s\u00a0posti\u017een\u00edm pohybov\u00e9ho \u00fastroj\u00ed jsou p\u0159edem sjedn\u00e1ny individu\u00e1ln\u00ed podm\u00ednky poskytnut\u00ed slu\u017eby, a to bu\u010f za asistence pracovn\u00edk\u016f poskytovatele k\u00a0p\u0159ekon\u00e1n\u00ed bari\u00e9ry, nebo n\u00e1v\u0161t\u011bvou poskytovatele na smluven\u00e9m m\u00edst\u011b.<\/p>\n<p>Kancel\u00e1\u0159 soci\u00e1ln\u00edho pracovn\u00edka je vybavena po\u010d\u00edta\u010dem, telefonem, uzamykatelnou sk\u0159\u00edn\u00ed, pro uchov\u00e1v\u00e1n\u00ed dokumentace. V\u00a0prostor\u00e1ch \u017dO jsou k\u00a0dispozici spole\u010densk\u00e9 prostory, kuchy\u0148 a modlitebna. K\u00a0dispozici jsou tak\u00e9 d\u00e1msk\u00e9 a p\u00e1nsk\u00e9 toalety, kter\u00e9 nejsou bezbari\u00e9rov\u00e9.<\/p>\n","protected":false},"excerpt":{"rendered":"<div style=\\\"text-align:justify;\\\">Slu\u017eby jsou poskytovan\u00e9 v\u00a0t\u00fddnu<br \/>\npond\u011bl\u00ed, \u00fater\u00fd, \u010dtvrtek, p\u00e1tek, od 9:00 hod. do 11:00 hod. v\u00a0kancel\u00e1\u0159i \u017dOO<br \/>\nst\u0159eda od 14:00 hod. do 16:00 hod. je vyhrazena pro ter\u00e9nn\u00ed slu\u017ebu<br \/>\nna z\u00e1klad\u011b dohody s\u00a0u\u017eivatelem.<br \/>\nM\u00edstem poskytov\u00e1n\u00ed ambulantn\u00ed formy slu\u017eby je s\u00eddlo \u017didovsk\u00e9 obce Olomouc na ulici Komensk\u00e9ho 7.<br \/>\nBudova je dostupn\u00e1 ve\u0159ejnou dopravou, tramvaj\u00ed \u010d. 2 Ne\u0159ed\u00edn \u2013 Fibichova \u2013 Ne\u0159ed\u00edn, nejbli\u017e\u0161\u00ed zast\u00e1vka \u201eU D\u00f3mu\u201c cca 100 metr\u016f od s\u00eddla \u017didovsk\u00e9 obce Olomouc. Tato zast\u00e1vka nen\u00ed bezbari\u00e9rov\u00e1. Nejbli\u017e\u0161\u00ed bezbari\u00e9rov\u00e1 zast\u00e1vka je N\u00e1m. Republiky, cca 400 m od s\u00eddla \u017didovsk\u00e9 obce Olomouc. Trasa do s\u00eddla nen\u00ed bezbari\u00e9rov\u00e1, &#8230;<\/div>\n","protected":false},"author":3,"featured_media":0,"parent":5396,"menu_order":10,"comment_status":"closed","ping_status":"closed","template":"","meta":{"ngg_post_thumbnail":0,"footnotes":""},"class_list":["post-5909","page","type-page","status-publish","hentry"],"_links":{"self":[{"href":"https:\/\/kehila-olomouc.cz\/rs\/wp-json\/wp\/v2\/pages\/5909"}],"collection":[{"href":"https:\/\/kehila-olomouc.cz\/rs\/wp-json\/wp\/v2\/pages"}],"about":[{"href":"https:\/\/kehila-olomouc.cz\/rs\/wp-json\/wp\/v2\/types\/page"}],"author":[{"embeddable":true,"href":"https:\/\/kehila-olomouc.cz\/rs\/wp-json\/wp\/v2\/users\/3"}],"replies":[{"embeddable":true,"href":"https:\/\/kehila-olomouc.cz\/rs\/wp-json\/wp\/v2\/comments?post=5909"}],"version-history":[{"count":2,"href":"https:\/\/kehila-olomouc.cz\/rs\/wp-json\/wp\/v2\/pages\/5909\/revisions"}],"predecessor-version":[{"id":5912,"href":"https:\/\/kehila-olomouc.cz\/rs\/wp-json\/wp\/v2\/pages\/5909\/revisions\/5912"}],"up":[{"embeddable":true,"href":"https:\/\/kehila-olomouc.cz\/rs\/wp-json\/wp\/v2\/pages\/5396"}],"wp:attachment":[{"href":"https:\/\/kehila-olomouc.cz\/rs\/wp-json\/wp\/v2\/media?parent=5909"}],"curies":[{"name":"wp","href":"https:\/\/api.w.org\/{rel}","templated":true}]}}