{"id":5665,"date":"2012-10-23T00:05:46","date_gmt":"2012-10-22T22:05:46","guid":{"rendered":"http:\/\/kehila-olomouc.cz\/rs\/?page_id=5665"},"modified":"2015-12-04T11:00:45","modified_gmt":"2015-12-04T09:00:45","slug":"olga-engelmannova","status":"publish","type":"page","link":"https:\/\/kehila-olomouc.cz\/rs\/soucastnost\/stolpersteine-2\/olga-engelmannova\/","title":{"rendered":"Olga Engelmannov\u00e1"},"content":{"rendered":"<p>Adresa:\u00a0<a href=\"https:\/\/www.google.com\/maps\/d\/viewer?mid=zFcC0AXi_eZA.kr_Q-_iTZAOc\" target=\"_blank\"><strong>Pavlovick\u00e1 14\/55, Olomouc<\/strong><\/a><br \/>\nsou\u0159adnice: N49\u00b0 36&#8242; 18.62&#8243; E17\u00b0 16&#8242; 49.12&#8243;<br \/>\nK\u00e1men zmizel\u00fdch polo\u017een: 2012<\/p>\n<p><a href=\"http:\/\/kehila-olomouc.cz\/rs\/wp-content\/uploads\/O.-Engelmannov\u00e1.jpg\"><img loading=\"lazy\" decoding=\"async\" class=\"alignnone wp-image-5826\" title=\"Olga Engelmannov\u00e1\" src=\"http:\/\/kehila-olomouc.cz\/rs\/wp-content\/uploads\/O.-Engelmannov\u00e1.jpg\" alt=\"\" width=\"280\" height=\"280\" srcset=\"https:\/\/kehila-olomouc.cz\/rs\/wp-content\/uploads\/O.-Engelmannov\u00e1.jpg 400w, https:\/\/kehila-olomouc.cz\/rs\/wp-content\/uploads\/O.-Engelmannov\u00e1-150x150.jpg 150w, https:\/\/kehila-olomouc.cz\/rs\/wp-content\/uploads\/O.-Engelmannov\u00e1-300x300.jpg 300w\" sizes=\"(max-width: 280px) 100vw, 280px\" \/><\/a><\/p>\n<p><span style=\"text-decoration: underline;\">N\u00e1pis na kameni:<\/span><\/p>\n<p>ZDE BYDLELA<br \/>\nOLGA ENGELMANNOV\u00c1<br \/>\nNAR. 1895<br \/>\nDEPORTOV\u00c1NA 1942<br \/>\nDO TEREZ\u00cdNA<br \/>\nZAVRA\u017dD\u011aNA<br \/>\nV MAL\u00c9M TROSTINCI<\/p>\n<p><span style=\"text-decoration: underline;\">Dal\u0161\u00ed zn\u00e1m\u00e9 \u00fadaje:<\/span><br \/>\nNarozena 29. 11. 1895<br \/>\ntransport AAm, \u010d. 225 (04.07.1942 Olomouc -&gt; Terez\u00edn)<br \/>\ntransport Bc, \u010d. 469 (25.08.1942 Terez\u00edn -&gt; Mal\u00fd Trostinec)<br \/>\nZahynula<\/p>\n<p><a href=\"http:\/\/holocaust.cz\/cz\/victims\/PERSON.ITI.1309829\" target=\"_blank\">Ob\u011b\u0165 v datab\u00e1zi Institutu Terez\u00ednsk\u00e9 iniciativy<\/a><\/p>\n<p style=\"text-align: center;\"><strong>Olga Engelmannov\u00e1<\/strong> posledn\u00ed vpravo<\/p>\n<p style=\"text-align: center;\"><a href=\"http:\/\/kehila-olomouc.cz\/rs\/wp-content\/uploads\/Olga-Engelmannov\u00e1_28.12.1895-posledn\u00ed-vpravo.jpg\"><img loading=\"lazy\" decoding=\"async\" class=\"aligncenter wp-image-5871\" title=\"Olga Engelmannov\u00e1_28.12.1895 posledn\u00ed vpravo\" src=\"http:\/\/kehila-olomouc.cz\/rs\/wp-content\/uploads\/Olga-Engelmannov\u00e1_28.12.1895-posledn\u00ed-vpravo.jpg\" alt=\"\" width=\"534\" height=\"362\" srcset=\"https:\/\/kehila-olomouc.cz\/rs\/wp-content\/uploads\/Olga-Engelmannov\u00e1_28.12.1895-posledn\u00ed-vpravo.jpg 763w, https:\/\/kehila-olomouc.cz\/rs\/wp-content\/uploads\/Olga-Engelmannov\u00e1_28.12.1895-posledn\u00ed-vpravo-300x203.jpg 300w\" sizes=\"(max-width: 534px) 100vw, 534px\" \/><\/a><\/p>\n","protected":false},"excerpt":{"rendered":"<p>Adresa:\u00a0Pavlovick\u00e1 14\/55, Olomouc<br \/>\nsou\u0159adnice: N49\u00b0 36&#8242; 18.62&#8243; E17\u00b0 16&#8242; 49.12&#8243;<br \/>\nK\u00e1men zmizel\u00fdch polo\u017een: 2012<\/p>\n<p>N\u00e1pis na kameni:<br \/>\nZDE BYDLELA<br \/>\nOLGA ENGELMANNOV\u00c1<br \/>\nNAR. 1895<br \/>\nDEPORTOV\u00c1NA 1942<br \/>\nDO TEREZ\u00cdNA<br \/>\nZAVRA\u017dD\u011aNA<br \/>\nV MAL\u00c9M TROSTINCI<br \/>\nDal\u0161\u00ed zn\u00e1m\u00e9 \u00fadaje:<br \/>\nNarozena 29. 11. 1895<br \/>\ntransport AAm, \u010d. 225 (04.07.1942 Olomouc -&gt; Terez\u00edn)<br \/>\ntransport Bc, \u010d. 469 (25.08.1942 Terez\u00edn -&gt; Mal\u00fd Trostinec)<br \/>\nZahynula<br \/>\nOb\u011b\u0165 v datab\u00e1zi Institutu Terez\u00ednsk\u00e9 iniciativy<br \/>\nOlga Engelmannov\u00e1 posledn\u00ed vpravo<\/p>\n","protected":false},"author":3,"featured_media":0,"parent":7602,"menu_order":0,"comment_status":"closed","ping_status":"closed","template":"","meta":{"ngg_post_thumbnail":0,"footnotes":""},"class_list":["post-5665","page","type-page","status-publish","hentry"],"_links":{"self":[{"href":"https:\/\/kehila-olomouc.cz\/rs\/wp-json\/wp\/v2\/pages\/5665"}],"collection":[{"href":"https:\/\/kehila-olomouc.cz\/rs\/wp-json\/wp\/v2\/pages"}],"about":[{"href":"https:\/\/kehila-olomouc.cz\/rs\/wp-json\/wp\/v2\/types\/page"}],"author":[{"embeddable":true,"href":"https:\/\/kehila-olomouc.cz\/rs\/wp-json\/wp\/v2\/users\/3"}],"replies":[{"embeddable":true,"href":"https:\/\/kehila-olomouc.cz\/rs\/wp-json\/wp\/v2\/comments?post=5665"}],"version-history":[{"count":9,"href":"https:\/\/kehila-olomouc.cz\/rs\/wp-json\/wp\/v2\/pages\/5665\/revisions"}],"predecessor-version":[{"id":7826,"href":"https:\/\/kehila-olomouc.cz\/rs\/wp-json\/wp\/v2\/pages\/5665\/revisions\/7826"}],"up":[{"embeddable":true,"href":"https:\/\/kehila-olomouc.cz\/rs\/wp-json\/wp\/v2\/pages\/7602"}],"wp:attachment":[{"href":"https:\/\/kehila-olomouc.cz\/rs\/wp-json\/wp\/v2\/media?parent=5665"}],"curies":[{"name":"wp","href":"https:\/\/api.w.org\/{rel}","templated":true}]}}