{"id":5603,"date":"2012-10-22T11:46:07","date_gmt":"2012-10-22T09:46:07","guid":{"rendered":"http:\/\/kehila-olomouc.cz\/rs\/?page_id=5603"},"modified":"2015-12-04T10:59:03","modified_gmt":"2015-12-04T08:59:03","slug":"marta-oppenheimova","status":"publish","type":"page","link":"https:\/\/kehila-olomouc.cz\/rs\/soucastnost\/stolpersteine-2\/marta-oppenheimova\/","title":{"rendered":"Marta Oppenheimov\u00e1"},"content":{"rendered":"<p>Adresa:\u00a0<a href=\"https:\/\/www.google.com\/maps\/d\/viewer?mid=zFcC0AXi_eZA.kr_Q-_iTZAOc\" target=\"_blank\"><strong>t\u0159\u00edda Svobody 24 (zbo\u0159eno), Olomouc<\/strong><\/a><br \/>\nsou\u0159adnice: N49\u00b0 35&#8242; 26.40&#8243; E17\u00b0 15&#8242; 3.57&#8243;<br \/>\nK\u00e1men zmizel\u00fdch polo\u017een: 2012<\/p>\n<p><a href=\"http:\/\/kehila-olomouc.cz\/rs\/wp-content\/uploads\/M.-Oppenheimov\u00e1.jpg\"><img loading=\"lazy\" decoding=\"async\" class=\"alignnone wp-image-5822\" title=\"Marta Oppenheimov\u00e1\" src=\"http:\/\/kehila-olomouc.cz\/rs\/wp-content\/uploads\/M.-Oppenheimov\u00e1.jpg\" alt=\"\" width=\"280\" height=\"280\" srcset=\"https:\/\/kehila-olomouc.cz\/rs\/wp-content\/uploads\/M.-Oppenheimov\u00e1.jpg 400w, https:\/\/kehila-olomouc.cz\/rs\/wp-content\/uploads\/M.-Oppenheimov\u00e1-150x150.jpg 150w, https:\/\/kehila-olomouc.cz\/rs\/wp-content\/uploads\/M.-Oppenheimov\u00e1-300x300.jpg 300w\" sizes=\"(max-width: 280px) 100vw, 280px\" \/><\/a><\/p>\n<p><span style=\"text-decoration: underline;\">N\u00e1pis na kameni:<\/span><\/p>\n<p>ZDE BYDLELA<br \/>\nMARTA OPPENHEIMOV\u00c1<br \/>\nNAR. 1883<br \/>\nDEPORTOV\u00c1NA 1942<br \/>\nDO TEREZ\u00cdNA<br \/>\nZAVRA\u017dD\u011aNA<br \/>\nV TREBLINCE<\/p>\n<p><span style=\"text-decoration: underline;\">Dal\u0161\u00ed zn\u00e1m\u00e9 \u00fadaje:<\/span><br \/>\nNarozena 25. 03. 1883<br \/>\ntransport AAo, \u010d. 491 (08.07.1942 Olomouc -&gt; Terez\u00edn)<br \/>\ntransport Bv, \u010d. 1810 (15.10.1942 Terez\u00edn -&gt; Treblinka)<br \/>\nZahynula<\/p>\n<p><a href=\"http:\/\/holocaust.cz\/cz\/victims\/PERSON.ITI.1693615\" target=\"_blank\">Ob\u011b\u0165 v datab\u00e1zi Institutu Terez\u00ednsk\u00e9 iniciativy<\/a><\/p>\n","protected":false},"excerpt":{"rendered":"<p>Adresa:\u00a0t\u0159\u00edda Svobody 24 (zbo\u0159eno), Olomouc<br \/>\nsou\u0159adnice: N49\u00b0 35&#8242; 26.40&#8243; E17\u00b0 15&#8242; 3.57&#8243;<br \/>\nK\u00e1men zmizel\u00fdch polo\u017een: 2012<\/p>\n<p>N\u00e1pis na kameni:<br \/>\nZDE BYDLELA<br \/>\nMARTA OPPENHEIMOV\u00c1<br \/>\nNAR. 1883<br \/>\nDEPORTOV\u00c1NA 1942<br \/>\nDO TEREZ\u00cdNA<br \/>\nZAVRA\u017dD\u011aNA<br \/>\nV TREBLINCE<br \/>\nDal\u0161\u00ed zn\u00e1m\u00e9 \u00fadaje:<br \/>\nNarozena 25. 03. 1883<br \/>\ntransport AAo, \u010d. 491 (08.07.1942 Olomouc -&gt; Terez\u00edn)<br \/>\ntransport Bv, \u010d. 1810 (15.10.1942 Terez\u00edn -&gt; Treblinka)<br \/>\nZahynula<br \/>\nOb\u011b\u0165 v datab\u00e1zi Institutu Terez\u00ednsk\u00e9 iniciativy<\/p>\n","protected":false},"author":3,"featured_media":0,"parent":7602,"menu_order":0,"comment_status":"closed","ping_status":"closed","template":"","meta":{"ngg_post_thumbnail":0,"footnotes":""},"class_list":["post-5603","page","type-page","status-publish","hentry"],"_links":{"self":[{"href":"https:\/\/kehila-olomouc.cz\/rs\/wp-json\/wp\/v2\/pages\/5603"}],"collection":[{"href":"https:\/\/kehila-olomouc.cz\/rs\/wp-json\/wp\/v2\/pages"}],"about":[{"href":"https:\/\/kehila-olomouc.cz\/rs\/wp-json\/wp\/v2\/types\/page"}],"author":[{"embeddable":true,"href":"https:\/\/kehila-olomouc.cz\/rs\/wp-json\/wp\/v2\/users\/3"}],"replies":[{"embeddable":true,"href":"https:\/\/kehila-olomouc.cz\/rs\/wp-json\/wp\/v2\/comments?post=5603"}],"version-history":[{"count":7,"href":"https:\/\/kehila-olomouc.cz\/rs\/wp-json\/wp\/v2\/pages\/5603\/revisions"}],"predecessor-version":[{"id":7803,"href":"https:\/\/kehila-olomouc.cz\/rs\/wp-json\/wp\/v2\/pages\/5603\/revisions\/7803"}],"up":[{"embeddable":true,"href":"https:\/\/kehila-olomouc.cz\/rs\/wp-json\/wp\/v2\/pages\/7602"}],"wp:attachment":[{"href":"https:\/\/kehila-olomouc.cz\/rs\/wp-json\/wp\/v2\/media?parent=5603"}],"curies":[{"name":"wp","href":"https:\/\/api.w.org\/{rel}","templated":true}]}}