{"id":5581,"date":"2012-10-21T02:57:21","date_gmt":"2012-10-21T00:57:21","guid":{"rendered":"http:\/\/kehila-olomouc.cz\/rs\/?page_id=5581"},"modified":"2015-12-04T10:58:21","modified_gmt":"2015-12-04T08:58:21","slug":"peter-engelmann","status":"publish","type":"page","link":"https:\/\/kehila-olomouc.cz\/rs\/soucastnost\/stolpersteine-2\/peter-engelmann\/","title":{"rendered":"Peter Engelmann"},"content":{"rendered":"<p>Adresa: <a href=\"https:\/\/www.google.com\/maps\/d\/viewer?mid=zFcC0AXi_eZA.kr_Q-_iTZAOc\" target=\"_blank\"><strong>Litovelsk\u00e1 553\/26, Olomouc<\/strong><\/a><br \/>\nsou\u0159adnice: N49\u00b0 35&#8242; 48.37&#8243; E17\u00b0 14&#8242; 14.36&#8243;<br \/>\nK\u00e1men zmizel\u00fdch polo\u017een: 2012<\/p>\n<p><a href=\"http:\/\/kehila-olomouc.cz\/rs\/wp-content\/uploads\/P.-Engelmann.jpg\"><img loading=\"lazy\" decoding=\"async\" class=\"alignnone wp-image-5828\" title=\"Peter Engelmann\" src=\"http:\/\/kehila-olomouc.cz\/rs\/wp-content\/uploads\/P.-Engelmann.jpg\" alt=\"\" width=\"280\" height=\"280\" srcset=\"https:\/\/kehila-olomouc.cz\/rs\/wp-content\/uploads\/P.-Engelmann.jpg 400w, https:\/\/kehila-olomouc.cz\/rs\/wp-content\/uploads\/P.-Engelmann-150x150.jpg 150w, https:\/\/kehila-olomouc.cz\/rs\/wp-content\/uploads\/P.-Engelmann-300x300.jpg 300w\" sizes=\"(max-width: 280px) 100vw, 280px\" \/><\/a><\/p>\n<p><span style=\"text-decoration: underline;\">N\u00e1pis na kameni:<\/span><\/p>\n<p>ZDE BYDLEL<br \/>\nPETER ENGELMANN<br \/>\nNAR. 1892<br \/>\nPO P\u0158\u00cdJEZDU NACIST\u016e<br \/>\nZVOLIL 16. 3. 1939<br \/>\nDOBROVOLN\u00dd ODCHOD<br \/>\nZE \u017dIVOTA<\/p>\n<p><span style=\"text-decoration: underline;\">Dal\u0161\u00ed zn\u00e1m\u00e9 \u00fadaje:<\/span><br \/>\nNarozen 21.5.1892<\/p>\n<p style=\"text-align: center;\"><strong>Peter Engemann<\/strong> a man\u017eelkou <a href=\"http:\/\/kehila-olomouc.cz\/rs\/soucastnost\/stolpersteine\/anna-engelmannova\/\"><strong>Annou<\/strong><\/a><\/p>\n<p style=\"text-align: center;\"><a href=\"http:\/\/kehila-olomouc.cz\/rs\/wp-content\/uploads\/Peter-und-Anna-Engelmann.jpg\"><img loading=\"lazy\" decoding=\"async\" class=\"aligncenter wp-image-5584\" title=\"Peter und Anna Engelmann\" src=\"http:\/\/kehila-olomouc.cz\/rs\/wp-content\/uploads\/Peter-und-Anna-Engelmann.jpg\" alt=\"\" width=\"482\" height=\"643\" srcset=\"https:\/\/kehila-olomouc.cz\/rs\/wp-content\/uploads\/Peter-und-Anna-Engelmann.jpg 1148w, https:\/\/kehila-olomouc.cz\/rs\/wp-content\/uploads\/Peter-und-Anna-Engelmann-224x300.jpg 224w, https:\/\/kehila-olomouc.cz\/rs\/wp-content\/uploads\/Peter-und-Anna-Engelmann-767x1024.jpg 767w\" sizes=\"(max-width: 482px) 100vw, 482px\" \/><\/a><\/p>\n<p style=\"text-align: center;\">rub fotografie<\/p>\n<p style=\"text-align: center;\"><a href=\"http:\/\/kehila-olomouc.cz\/rs\/wp-content\/uploads\/Peter-und-Anna-Engelmann2.jpg\"><img loading=\"lazy\" decoding=\"async\" class=\"aligncenter wp-image-5585\" title=\"Peter und Anna Engelmann2\" src=\"http:\/\/kehila-olomouc.cz\/rs\/wp-content\/uploads\/Peter-und-Anna-Engelmann2.jpg\" alt=\"\" width=\"479\" height=\"359\" srcset=\"https:\/\/kehila-olomouc.cz\/rs\/wp-content\/uploads\/Peter-und-Anna-Engelmann2.jpg 1427w, https:\/\/kehila-olomouc.cz\/rs\/wp-content\/uploads\/Peter-und-Anna-Engelmann2-300x224.jpg 300w, https:\/\/kehila-olomouc.cz\/rs\/wp-content\/uploads\/Peter-und-Anna-Engelmann2-1024x767.jpg 1024w\" sizes=\"(max-width: 479px) 100vw, 479px\" \/><\/a><\/p>\n","protected":false},"excerpt":{"rendered":"<p>Adresa: Litovelsk\u00e1 553\/26, Olomouc<br \/>\nsou\u0159adnice: N49\u00b0 35&#8242; 48.37&#8243; E17\u00b0 14&#8242; 14.36&#8243;<br \/>\nK\u00e1men zmizel\u00fdch polo\u017een: 2012<\/p>\n<p>N\u00e1pis na kameni:<br \/>\nZDE BYDLEL<br \/>\nPETER ENGELMANN<br \/>\nNAR. 1892<br \/>\nPO P\u0158\u00cdJEZDU NACIST\u016e<br \/>\nZVOLIL 16. 3. 1939<br \/>\nDOBROVOLN\u00dd ODCHOD<br \/>\nZE \u017dIVOTA<br \/>\nDal\u0161\u00ed zn\u00e1m\u00e9 \u00fadaje:<br \/>\nNarozen 21.5.1892<br \/>\nPeter Engemann a man\u017eelkou Annou<\/p>\n<p>rub fotografie<\/p>\n","protected":false},"author":3,"featured_media":0,"parent":7602,"menu_order":0,"comment_status":"closed","ping_status":"closed","template":"","meta":{"ngg_post_thumbnail":0,"footnotes":""},"class_list":["post-5581","page","type-page","status-publish","hentry"],"_links":{"self":[{"href":"https:\/\/kehila-olomouc.cz\/rs\/wp-json\/wp\/v2\/pages\/5581"}],"collection":[{"href":"https:\/\/kehila-olomouc.cz\/rs\/wp-json\/wp\/v2\/pages"}],"about":[{"href":"https:\/\/kehila-olomouc.cz\/rs\/wp-json\/wp\/v2\/types\/page"}],"author":[{"embeddable":true,"href":"https:\/\/kehila-olomouc.cz\/rs\/wp-json\/wp\/v2\/users\/3"}],"replies":[{"embeddable":true,"href":"https:\/\/kehila-olomouc.cz\/rs\/wp-json\/wp\/v2\/comments?post=5581"}],"version-history":[{"count":8,"href":"https:\/\/kehila-olomouc.cz\/rs\/wp-json\/wp\/v2\/pages\/5581\/revisions"}],"predecessor-version":[{"id":7793,"href":"https:\/\/kehila-olomouc.cz\/rs\/wp-json\/wp\/v2\/pages\/5581\/revisions\/7793"}],"up":[{"embeddable":true,"href":"https:\/\/kehila-olomouc.cz\/rs\/wp-json\/wp\/v2\/pages\/7602"}],"wp:attachment":[{"href":"https:\/\/kehila-olomouc.cz\/rs\/wp-json\/wp\/v2\/media?parent=5581"}],"curies":[{"name":"wp","href":"https:\/\/api.w.org\/{rel}","templated":true}]}}