{"id":5572,"date":"2012-10-21T02:34:38","date_gmt":"2012-10-21T00:34:38","guid":{"rendered":"http:\/\/kehila-olomouc.cz\/rs\/?page_id=5572"},"modified":"2015-12-04T10:57:35","modified_gmt":"2015-12-04T08:57:35","slug":"ida-braunova","status":"publish","type":"page","link":"https:\/\/kehila-olomouc.cz\/rs\/soucastnost\/stolpersteine-2\/ida-braunova\/","title":{"rendered":"Ida Braunov\u00e1"},"content":{"rendered":"<p>Adresa:\u00a0<strong><a href=\"https:\/\/www.google.com\/maps\/d\/viewer?mid=zFcC0AXi_eZA.kr_Q-_iTZAOc\" target=\"_blank\">Pavel\u010d\u00e1kova 444\/20, Olomouc<\/a><\/strong><br \/>\nsou\u0159adnice: N49\u00b0 35&#8242; 32.11&#8243; E17\u00b0 15&#8242; 0.78&#8243;<br \/>\nK\u00e1men zmizel\u00fdch polo\u017een: 2012<\/p>\n<p><a href=\"http:\/\/kehila-olomouc.cz\/rs\/wp-content\/uploads\/I.-Braunov\u00e1.jpg\"><img loading=\"lazy\" decoding=\"async\" class=\"alignnone wp-image-5800\" title=\"Ida Braunov\u00e1\" src=\"http:\/\/kehila-olomouc.cz\/rs\/wp-content\/uploads\/I.-Braunov\u00e1.jpg\" alt=\"\" width=\"280\" height=\"280\" srcset=\"https:\/\/kehila-olomouc.cz\/rs\/wp-content\/uploads\/I.-Braunov\u00e1.jpg 400w, https:\/\/kehila-olomouc.cz\/rs\/wp-content\/uploads\/I.-Braunov\u00e1-150x150.jpg 150w, https:\/\/kehila-olomouc.cz\/rs\/wp-content\/uploads\/I.-Braunov\u00e1-300x300.jpg 300w\" sizes=\"(max-width: 280px) 100vw, 280px\" \/><\/a><\/p>\n<p><span style=\"text-decoration: underline;\">N\u00e1pis na kameni:<\/span><\/p>\n<p>ZDE BYDLELA<br \/>\nIDA BRAUNOV\u00c1<br \/>\nNAR. 1887<br \/>\nDEPORTOV\u00c1NA 1942<br \/>\nDO TEREZ\u00cdNA<br \/>\nZAVRA\u017dD\u011aNA 7. 3. 1944<br \/>\nV OSV\u011aTIMI<\/p>\n<p><span style=\"text-decoration: underline;\">Dal\u0161\u00ed zn\u00e1m\u00e9 \u00fadaje:<\/span><br \/>\nNarozena 08. 12. 1887<br \/>\ntransport AAo, \u010d. 640 (08.07.1942 Olomouc -&gt; Terez\u00edn)<br \/>\ntransport Dl, \u010d. 194 (06.09.1943 Terez\u00edn -&gt; Osv\u011btim)<br \/>\nZahynula<\/p>\n<p><a href=\"http:\/\/holocaust.cz\/cz\/victims\/PERSON.ITI.1265239\" target=\"_blank\">Ob\u011b\u0165 v datab\u00e1zi Institutu Terez\u00ednsk\u00e9 iniciativy<\/a><\/p>\n<p style=\"text-align: center;\"><strong>Ida Braunov\u00e1<\/strong><\/p>\n<p style=\"text-align: center;\"><a href=\"http:\/\/kehila-olomouc.cz\/rs\/wp-content\/uploads\/Ida-Braunov\u00e1.jpg\"><img loading=\"lazy\" decoding=\"async\" class=\"aligncenter wp-image-5573\" title=\"Ida Braunov\u00e1\" src=\"http:\/\/kehila-olomouc.cz\/rs\/wp-content\/uploads\/Ida-Braunov\u00e1.jpg\" alt=\"\" width=\"464\" height=\"698\" srcset=\"https:\/\/kehila-olomouc.cz\/rs\/wp-content\/uploads\/Ida-Braunov\u00e1.jpg 859w, https:\/\/kehila-olomouc.cz\/rs\/wp-content\/uploads\/Ida-Braunov\u00e1-199x300.jpg 199w, https:\/\/kehila-olomouc.cz\/rs\/wp-content\/uploads\/Ida-Braunov\u00e1-680x1024.jpg 680w\" sizes=\"(max-width: 464px) 100vw, 464px\" \/><\/a><\/p>\n","protected":false},"excerpt":{"rendered":"<p>Adresa:\u00a0Pavel\u010d\u00e1kova 444\/20, Olomouc<br \/>\nsou\u0159adnice: N49\u00b0 35&#8242; 32.11&#8243; E17\u00b0 15&#8242; 0.78&#8243;<br \/>\nK\u00e1men zmizel\u00fdch polo\u017een: 2012<\/p>\n<p>N\u00e1pis na kameni:<br \/>\nZDE BYDLELA<br \/>\nIDA BRAUNOV\u00c1<br \/>\nNAR. 1887<br \/>\nDEPORTOV\u00c1NA 1942<br \/>\nDO TEREZ\u00cdNA<br \/>\nZAVRA\u017dD\u011aNA 7. 3. 1944<br \/>\nV OSV\u011aTIMI<br \/>\nDal\u0161\u00ed zn\u00e1m\u00e9 \u00fadaje:<br \/>\nNarozena 08. 12. 1887<br \/>\ntransport AAo, \u010d. 640 (08.07.1942 Olomouc -&gt; Terez\u00edn)<br \/>\ntransport Dl, \u010d. 194 (06.09.1943 Terez\u00edn -&gt; Osv\u011btim)<br \/>\nZahynula<br \/>\nOb\u011b\u0165 v datab\u00e1zi Institutu Terez\u00ednsk\u00e9 iniciativy<br \/>\nIda Braunov\u00e1<\/p>\n","protected":false},"author":3,"featured_media":0,"parent":7602,"menu_order":0,"comment_status":"closed","ping_status":"closed","template":"","meta":{"ngg_post_thumbnail":0,"footnotes":""},"class_list":["post-5572","page","type-page","status-publish","hentry"],"_links":{"self":[{"href":"https:\/\/kehila-olomouc.cz\/rs\/wp-json\/wp\/v2\/pages\/5572"}],"collection":[{"href":"https:\/\/kehila-olomouc.cz\/rs\/wp-json\/wp\/v2\/pages"}],"about":[{"href":"https:\/\/kehila-olomouc.cz\/rs\/wp-json\/wp\/v2\/types\/page"}],"author":[{"embeddable":true,"href":"https:\/\/kehila-olomouc.cz\/rs\/wp-json\/wp\/v2\/users\/3"}],"replies":[{"embeddable":true,"href":"https:\/\/kehila-olomouc.cz\/rs\/wp-json\/wp\/v2\/comments?post=5572"}],"version-history":[{"count":7,"href":"https:\/\/kehila-olomouc.cz\/rs\/wp-json\/wp\/v2\/pages\/5572\/revisions"}],"predecessor-version":[{"id":7789,"href":"https:\/\/kehila-olomouc.cz\/rs\/wp-json\/wp\/v2\/pages\/5572\/revisions\/7789"}],"up":[{"embeddable":true,"href":"https:\/\/kehila-olomouc.cz\/rs\/wp-json\/wp\/v2\/pages\/7602"}],"wp:attachment":[{"href":"https:\/\/kehila-olomouc.cz\/rs\/wp-json\/wp\/v2\/media?parent=5572"}],"curies":[{"name":"wp","href":"https:\/\/api.w.org\/{rel}","templated":true}]}}