{"id":5568,"date":"2012-10-21T02:28:50","date_gmt":"2012-10-21T00:28:50","guid":{"rendered":"http:\/\/kehila-olomouc.cz\/rs\/?page_id=5568"},"modified":"2015-12-04T10:57:26","modified_gmt":"2015-12-04T08:57:26","slug":"julius-braun","status":"publish","type":"page","link":"https:\/\/kehila-olomouc.cz\/rs\/soucastnost\/stolpersteine-2\/julius-braun\/","title":{"rendered":"Julius Braun"},"content":{"rendered":"<p>Adresa: <strong><a href=\"https:\/\/www.google.com\/maps\/d\/viewer?mid=zFcC0AXi_eZA.kr_Q-_iTZAOc\" target=\"_blank\">Pavel\u010d\u00e1kova 444\/20, Olomouc<\/a><\/strong><br \/>\nsou\u0159adnice: N49\u00b0 35&#8242; 32.11&#8243; E17\u00b0 15&#8242; 0.78&#8243;<br \/>\nK\u00e1men zmizel\u00fdch polo\u017een: 2012<\/p>\n<p><a href=\"http:\/\/kehila-olomouc.cz\/rs\/wp-content\/uploads\/J.-Braun.jpg\"><img loading=\"lazy\" decoding=\"async\" class=\"alignnone wp-image-5816\" title=\"Julius Braun\" src=\"http:\/\/kehila-olomouc.cz\/rs\/wp-content\/uploads\/J.-Braun.jpg\" alt=\"\" width=\"280\" height=\"280\" srcset=\"https:\/\/kehila-olomouc.cz\/rs\/wp-content\/uploads\/J.-Braun.jpg 400w, https:\/\/kehila-olomouc.cz\/rs\/wp-content\/uploads\/J.-Braun-150x150.jpg 150w, https:\/\/kehila-olomouc.cz\/rs\/wp-content\/uploads\/J.-Braun-300x300.jpg 300w\" sizes=\"(max-width: 280px) 100vw, 280px\" \/><\/a><\/p>\n<p><span style=\"text-decoration: underline;\">N\u00e1pis na kameni:<\/span><\/p>\n<p>ZDE BYDLEL<br \/>\nJULIUS BRAUN<br \/>\nNAR. 1871<br \/>\nDEPORTOV\u00c1N 1942<br \/>\nDO TEREZ\u00cdNA<br \/>\nZAVRA\u017dD\u011aN 29. 3. 1943<br \/>\nTAMT\u00c9\u017d<\/p>\n<p><span style=\"text-decoration: underline;\">Dal\u0161\u00ed zn\u00e1m\u00e9 \u00fadaje:<\/span><br \/>\nNarozen 20. 05. 1871<br \/>\ntransport AAo, \u010d. 639 (08.07.1942 Olomouc -&gt; Terez\u00edn)<br \/>\nZahynul 29. 03. 1943 Terez\u00edn<\/p>\n<p><a href=\"http:\/\/holocaust.cz\/cz\/victims\/PERSON.ITI.1265551\" target=\"_blank\">Ob\u011b\u0165 v datab\u00e1zi Institutu Terez\u00ednsk\u00e9 iniciativy<\/a><\/p>\n<p style=\"text-align: center;\"><strong>Julius Braun<\/strong><\/p>\n<p style=\"text-align: center;\"><a href=\"http:\/\/kehila-olomouc.cz\/rs\/wp-content\/uploads\/Julius-Braun.jpg\"><img loading=\"lazy\" decoding=\"async\" class=\"aligncenter wp-image-5569\" title=\"Julius Braun\" src=\"http:\/\/kehila-olomouc.cz\/rs\/wp-content\/uploads\/Julius-Braun.jpg\" alt=\"\" width=\"422\" height=\"636\" srcset=\"https:\/\/kehila-olomouc.cz\/rs\/wp-content\/uploads\/Julius-Braun.jpg 782w, https:\/\/kehila-olomouc.cz\/rs\/wp-content\/uploads\/Julius-Braun-679x1024.jpg 679w\" sizes=\"(max-width: 422px) 100vw, 422px\" \/><\/a><\/p>\n","protected":false},"excerpt":{"rendered":"<p>Adresa: Pavel\u010d\u00e1kova 444\/20, Olomouc<br \/>\nsou\u0159adnice: N49\u00b0 35&#8242; 32.11&#8243; E17\u00b0 15&#8242; 0.78&#8243;<br \/>\nK\u00e1men zmizel\u00fdch polo\u017een: 2012<\/p>\n<p>N\u00e1pis na kameni:<br \/>\nZDE BYDLEL<br \/>\nJULIUS BRAUN<br \/>\nNAR. 1871<br \/>\nDEPORTOV\u00c1N 1942<br \/>\nDO TEREZ\u00cdNA<br \/>\nZAVRA\u017dD\u011aN 29. 3. 1943<br \/>\nTAMT\u00c9\u017d<br \/>\nDal\u0161\u00ed zn\u00e1m\u00e9 \u00fadaje:<br \/>\nNarozen 20. 05. 1871<br \/>\ntransport AAo, \u010d. 639 (08.07.1942 Olomouc -&gt; Terez\u00edn)<br \/>\nZahynul 29. 03. 1943 Terez\u00edn<br \/>\nOb\u011b\u0165 v datab\u00e1zi Institutu Terez\u00ednsk\u00e9 iniciativy<br \/>\nJulius Braun<\/p>\n","protected":false},"author":3,"featured_media":0,"parent":7602,"menu_order":0,"comment_status":"closed","ping_status":"closed","template":"","meta":{"ngg_post_thumbnail":0,"footnotes":""},"class_list":["post-5568","page","type-page","status-publish","hentry"],"_links":{"self":[{"href":"https:\/\/kehila-olomouc.cz\/rs\/wp-json\/wp\/v2\/pages\/5568"}],"collection":[{"href":"https:\/\/kehila-olomouc.cz\/rs\/wp-json\/wp\/v2\/pages"}],"about":[{"href":"https:\/\/kehila-olomouc.cz\/rs\/wp-json\/wp\/v2\/types\/page"}],"author":[{"embeddable":true,"href":"https:\/\/kehila-olomouc.cz\/rs\/wp-json\/wp\/v2\/users\/3"}],"replies":[{"embeddable":true,"href":"https:\/\/kehila-olomouc.cz\/rs\/wp-json\/wp\/v2\/comments?post=5568"}],"version-history":[{"count":7,"href":"https:\/\/kehila-olomouc.cz\/rs\/wp-json\/wp\/v2\/pages\/5568\/revisions"}],"predecessor-version":[{"id":7787,"href":"https:\/\/kehila-olomouc.cz\/rs\/wp-json\/wp\/v2\/pages\/5568\/revisions\/7787"}],"up":[{"embeddable":true,"href":"https:\/\/kehila-olomouc.cz\/rs\/wp-json\/wp\/v2\/pages\/7602"}],"wp:attachment":[{"href":"https:\/\/kehila-olomouc.cz\/rs\/wp-json\/wp\/v2\/media?parent=5568"}],"curies":[{"name":"wp","href":"https:\/\/api.w.org\/{rel}","templated":true}]}}