{"id":5550,"date":"2012-10-19T11:43:40","date_gmt":"2012-10-19T09:43:40","guid":{"rendered":"http:\/\/kehila-olomouc.cz\/rs\/?page_id=5550"},"modified":"2015-12-04T10:54:55","modified_gmt":"2015-12-04T08:54:55","slug":"josefina-bergerova","status":"publish","type":"page","link":"https:\/\/kehila-olomouc.cz\/rs\/soucastnost\/stolpersteine-2\/josefina-bergerova\/","title":{"rendered":"Josefina Bergerov\u00e1"},"content":{"rendered":"<p>Adresa: <a href=\"https:\/\/www.google.com\/maps\/d\/viewer?mid=zFcC0AXi_eZA.kr_Q-_iTZAOc\" target=\"_blank\"><strong>Komensk\u00e9ho 886\/22, Olomouc<\/strong><\/a><br \/>\nsou\u0159adnice: N49\u00b0 35&#8242; 50.61&#8243; E17\u00b0 16&#8242; 0.58&#8243;<br \/>\nK\u00e1men zmizel\u00fdch polo\u017een: 2012<\/p>\n<p><a href=\"http:\/\/kehila-olomouc.cz\/rs\/wp-content\/uploads\/J.-Bergerov\u00e1.jpg\"><img loading=\"lazy\" decoding=\"async\" class=\"alignnone wp-image-5814\" title=\"Josefina Bergerov\u00e1\" src=\"http:\/\/kehila-olomouc.cz\/rs\/wp-content\/uploads\/J.-Bergerov\u00e1.jpg\" alt=\"\" width=\"280\" height=\"280\" srcset=\"https:\/\/kehila-olomouc.cz\/rs\/wp-content\/uploads\/J.-Bergerov\u00e1.jpg 400w, https:\/\/kehila-olomouc.cz\/rs\/wp-content\/uploads\/J.-Bergerov\u00e1-150x150.jpg 150w, https:\/\/kehila-olomouc.cz\/rs\/wp-content\/uploads\/J.-Bergerov\u00e1-300x300.jpg 300w\" sizes=\"(max-width: 280px) 100vw, 280px\" \/><\/a><\/p>\n<p><span style=\"text-decoration: underline;\">N\u00e1pis na kameni:<\/span><br \/>\nZDE BYDLELA<br \/>\nJOSEFINA BERGEROV\u00c1<br \/>\nNAR. 1862<br \/>\nDEPORTOV\u00c1NA 1942<br \/>\nDO TEREZ\u00cdNA<br \/>\nZAVRA\u017dD\u011aNA 2. 10. 1942<br \/>\nTAMT\u00c9\u017d<\/p>\n<p><span style=\"text-decoration: underline;\">Dal\u0161\u00ed zn\u00e1m\u00e9 \u00fadaje:<\/span><br \/>\nNarozena 12. 04. 1862<br \/>\ntransport AAm, \u010d. 238 (04.07.1942 Olomouc -&gt; Terez\u00edn)<br \/>\nZahynula 02. 10. 1942 Terez\u00edn<\/p>\n<p><a href=\"http:\/\/holocaust.cz\/cz\/victims\/PERSON.ITI.1236795\" target=\"_blank\">Ob\u011b\u0165 v datab\u00e1zi Institutu Terez\u00ednsk\u00e9 iniciativy<\/a><\/p>\n<p style=\"text-align: center;\">\u00damrtn\u00ed list z Terez\u00edna.<\/p>\n<p style=\"text-align: center;\"><a href=\"http:\/\/kehila-olomouc.cz\/rs\/wp-content\/uploads\/Berger-Josefine_11.3.1942_UL_2.10.1942.jpg\"><img loading=\"lazy\" decoding=\"async\" class=\"aligncenter wp-image-5552\" title=\"Berger Josefine_11.3.1942_UL_2.10.1942\" src=\"http:\/\/kehila-olomouc.cz\/rs\/wp-content\/uploads\/Berger-Josefine_11.3.1942_UL_2.10.1942.jpg\" alt=\"\" width=\"531\" height=\"748\" srcset=\"https:\/\/kehila-olomouc.cz\/rs\/wp-content\/uploads\/Berger-Josefine_11.3.1942_UL_2.10.1942.jpg 590w, https:\/\/kehila-olomouc.cz\/rs\/wp-content\/uploads\/Berger-Josefine_11.3.1942_UL_2.10.1942-212x300.jpg 212w\" sizes=\"(max-width: 531px) 100vw, 531px\" \/><\/a><\/p>\n","protected":false},"excerpt":{"rendered":"<p>Adresa: Komensk\u00e9ho 886\/22, Olomouc<br \/>\nsou\u0159adnice: N49\u00b0 35&#8242; 50.61&#8243; E17\u00b0 16&#8242; 0.58&#8243;<br \/>\nK\u00e1men zmizel\u00fdch polo\u017een: 2012<\/p>\n<p>N\u00e1pis na kameni:<br \/>\nZDE BYDLELA<br \/>\nJOSEFINA BERGEROV\u00c1<br \/>\nNAR. 1862<br \/>\nDEPORTOV\u00c1NA 1942<br \/>\nDO TEREZ\u00cdNA<br \/>\nZAVRA\u017dD\u011aNA 2. 10. 1942<br \/>\nTAMT\u00c9\u017d<br \/>\nDal\u0161\u00ed zn\u00e1m\u00e9 \u00fadaje:<br \/>\nNarozena 12. 04. 1862<br \/>\ntransport AAm, \u010d. 238 (04.07.1942 Olomouc -&gt; Terez\u00edn)<br \/>\nZahynula 02. 10. 1942 Terez\u00edn<br \/>\nOb\u011b\u0165 v datab\u00e1zi Institutu Terez\u00ednsk\u00e9 iniciativy<br \/>\n\u00damrtn\u00ed list z Terez\u00edna.<\/p>\n","protected":false},"author":3,"featured_media":0,"parent":7602,"menu_order":0,"comment_status":"closed","ping_status":"closed","template":"","meta":{"ngg_post_thumbnail":0,"footnotes":""},"class_list":["post-5550","page","type-page","status-publish","hentry"],"_links":{"self":[{"href":"https:\/\/kehila-olomouc.cz\/rs\/wp-json\/wp\/v2\/pages\/5550"}],"collection":[{"href":"https:\/\/kehila-olomouc.cz\/rs\/wp-json\/wp\/v2\/pages"}],"about":[{"href":"https:\/\/kehila-olomouc.cz\/rs\/wp-json\/wp\/v2\/types\/page"}],"author":[{"embeddable":true,"href":"https:\/\/kehila-olomouc.cz\/rs\/wp-json\/wp\/v2\/users\/3"}],"replies":[{"embeddable":true,"href":"https:\/\/kehila-olomouc.cz\/rs\/wp-json\/wp\/v2\/comments?post=5550"}],"version-history":[{"count":8,"href":"https:\/\/kehila-olomouc.cz\/rs\/wp-json\/wp\/v2\/pages\/5550\/revisions"}],"predecessor-version":[{"id":7783,"href":"https:\/\/kehila-olomouc.cz\/rs\/wp-json\/wp\/v2\/pages\/5550\/revisions\/7783"}],"up":[{"embeddable":true,"href":"https:\/\/kehila-olomouc.cz\/rs\/wp-json\/wp\/v2\/pages\/7602"}],"wp:attachment":[{"href":"https:\/\/kehila-olomouc.cz\/rs\/wp-json\/wp\/v2\/media?parent=5550"}],"curies":[{"name":"wp","href":"https:\/\/api.w.org\/{rel}","templated":true}]}}