{"id":5524,"date":"2012-10-19T11:32:30","date_gmt":"2012-10-19T09:32:30","guid":{"rendered":"http:\/\/kehila-olomouc.cz\/rs\/?page_id=5524"},"modified":"2015-12-04T10:54:45","modified_gmt":"2015-12-04T08:54:45","slug":"helena-haasova","status":"publish","type":"page","link":"https:\/\/kehila-olomouc.cz\/rs\/soucastnost\/stolpersteine-2\/helena-haasova\/","title":{"rendered":"Helena Haasov\u00e1"},"content":{"rendered":"<p>Adresa:\u00a0<strong><a href=\"https:\/\/www.google.com\/maps\/d\/viewer?mid=zFcC0AXi_eZA.kr_Q-_iTZAOc\" target=\"_blank\">Komensk\u00e9ho 921\/23, Olomouc<\/a><\/strong><br \/>\nsou\u0159adnice: N49\u00b0 35&#8242; 50.87&#8243; E17\u00b0 15&#8242; 57.60&#8243;<br \/>\nK\u00e1men zmizel\u00fdch polo\u017een: 2012<\/p>\n<p><a href=\"http:\/\/kehila-olomouc.cz\/rs\/wp-content\/uploads\/H.-Haasov\u00e1.jpg\"><img loading=\"lazy\" decoding=\"async\" class=\"alignnone wp-image-5796\" title=\"Helena Haasov\u00e1\" src=\"http:\/\/kehila-olomouc.cz\/rs\/wp-content\/uploads\/H.-Haasov\u00e1.jpg\" alt=\"\" width=\"280\" height=\"280\" srcset=\"https:\/\/kehila-olomouc.cz\/rs\/wp-content\/uploads\/H.-Haasov\u00e1.jpg 400w, https:\/\/kehila-olomouc.cz\/rs\/wp-content\/uploads\/H.-Haasov\u00e1-150x150.jpg 150w, https:\/\/kehila-olomouc.cz\/rs\/wp-content\/uploads\/H.-Haasov\u00e1-300x300.jpg 300w\" sizes=\"(max-width: 280px) 100vw, 280px\" \/><\/a><\/p>\n<p><span style=\"text-decoration: underline;\">N\u00e1pis na kameni:<\/span><br \/>\nZDE BYDLELA<br \/>\nHELENA HAASOV\u00c1<br \/>\nNAR. 1896<br \/>\nDEPORTOV\u00c1NA 1942<br \/>\nDO TEREZ\u00cdNA<br \/>\nZAVRA\u017dD\u011aNA 12. 8. 1943<br \/>\nTAMT\u00c9\u017d<\/p>\n<p><span style=\"text-decoration: underline;\">Dal\u0161\u00ed zn\u00e1m\u00e9 \u00fadaje:<\/span><br \/>\nNarozena 14. 11. 1896<br \/>\ntransport AAo, \u010d. 659 (08.07.1942 Olomouc -&gt; Terez\u00edn)<br \/>\nZahynula 12. 08. 1943 Terez\u00edn<\/p>\n<p><a href=\"http:\/\/holocaust.cz\/cz\/victims\/PERSON.ITI.1427193\" target=\"_blank\">Ob\u011b\u0165 v datab\u00e1zi Institutu Terez\u00ednsk\u00e9 iniciativy<\/a><\/p>\n<p style=\"text-align: center;\"><strong>Helena Haasov\u00e1<\/strong> s dcerou Gertrudou, kter\u00e1 p\u0159e\u017eila koncentra\u010dn\u00ed t\u00e1bory.<br \/>\n(foto p\u0159ibli\u017en\u011b rok 1928)<br \/>\n<a href=\"http:\/\/kehila-olomouc.cz\/rs\/wp-content\/uploads\/Helena-Haasov\u00e1-s-dcerou-Gertrudou.jpg\"><img loading=\"lazy\" decoding=\"async\" class=\"aligncenter wp-image-5612\" title=\"Helena Haasov\u00e1 s dcerou Gertrudou\" src=\"http:\/\/kehila-olomouc.cz\/rs\/wp-content\/uploads\/Helena-Haasov\u00e1-s-dcerou-Gertrudou.jpg\" alt=\"\" width=\"455\" height=\"654\" srcset=\"https:\/\/kehila-olomouc.cz\/rs\/wp-content\/uploads\/Helena-Haasov\u00e1-s-dcerou-Gertrudou.jpg 949w, https:\/\/kehila-olomouc.cz\/rs\/wp-content\/uploads\/Helena-Haasov\u00e1-s-dcerou-Gertrudou-209x300.jpg 209w, https:\/\/kehila-olomouc.cz\/rs\/wp-content\/uploads\/Helena-Haasov\u00e1-s-dcerou-Gertrudou-713x1024.jpg 713w\" sizes=\"(max-width: 455px) 100vw, 455px\" \/><\/a><\/p>\n<p style=\"text-align: center;\">\u00damrtn\u00ed list <strong>Heleny Haasov\u00e9<\/strong> z Terez\u00edna.<\/p>\n<p style=\"text-align: center;\"><a href=\"http:\/\/kehila-olomouc.cz\/rs\/wp-content\/uploads\/Haasov\u00e1-Helena_14.11.1896_UL_12.8.1943.jpg\"><img loading=\"lazy\" decoding=\"async\" class=\"aligncenter wp-image-5546\" title=\"Haasov\u00e1 Helena_14.11.1896_UL_12.8.1943\" src=\"http:\/\/kehila-olomouc.cz\/rs\/wp-content\/uploads\/Haasov\u00e1-Helena_14.11.1896_UL_12.8.1943.jpg\" alt=\"\" width=\"531\" height=\"751\" srcset=\"https:\/\/kehila-olomouc.cz\/rs\/wp-content\/uploads\/Haasov\u00e1-Helena_14.11.1896_UL_12.8.1943.jpg 590w, https:\/\/kehila-olomouc.cz\/rs\/wp-content\/uploads\/Haasov\u00e1-Helena_14.11.1896_UL_12.8.1943-212x300.jpg 212w\" sizes=\"(max-width: 531px) 100vw, 531px\" \/><\/a><\/p>\n","protected":false},"excerpt":{"rendered":"<p>Adresa:\u00a0Komensk\u00e9ho 921\/23, Olomouc<br \/>\nsou\u0159adnice: N49\u00b0 35&#8242; 50.87&#8243; E17\u00b0 15&#8242; 57.60&#8243;<br \/>\nK\u00e1men zmizel\u00fdch polo\u017een: 2012<\/p>\n<p>N\u00e1pis na kameni:<br \/>\nZDE BYDLELA<br \/>\nHELENA HAASOV\u00c1<br \/>\nNAR. 1896<br \/>\nDEPORTOV\u00c1NA 1942<br \/>\nDO TEREZ\u00cdNA<br \/>\nZAVRA\u017dD\u011aNA 12. 8. 1943<br \/>\nTAMT\u00c9\u017d<br \/>\nDal\u0161\u00ed zn\u00e1m\u00e9 \u00fadaje:<br \/>\nNarozena 14. 11. 1896<br \/>\ntransport AAo, \u010d. 659 (08.07.1942 Olomouc -&gt; Terez\u00edn)<br \/>\nZahynula 12. 08. 1943 Terez\u00edn<br \/>\nOb\u011b\u0165 v datab\u00e1zi Institutu Terez\u00ednsk\u00e9 iniciativy<br \/>\nHelena Haasov\u00e1 s dcerou Gertrudou, kter\u00e1 p\u0159e\u017eila koncentra\u010dn\u00ed t\u00e1bory.<br \/>\n(foto p\u0159ibli\u017en\u011b rok 1928)<\/p>\n<p>\u00damrtn\u00ed list Heleny Haasov\u00e9 z Terez\u00edna.<\/p>\n","protected":false},"author":3,"featured_media":0,"parent":7602,"menu_order":0,"comment_status":"closed","ping_status":"closed","template":"","meta":{"ngg_post_thumbnail":0,"footnotes":""},"class_list":["post-5524","page","type-page","status-publish","hentry"],"_links":{"self":[{"href":"https:\/\/kehila-olomouc.cz\/rs\/wp-json\/wp\/v2\/pages\/5524"}],"collection":[{"href":"https:\/\/kehila-olomouc.cz\/rs\/wp-json\/wp\/v2\/pages"}],"about":[{"href":"https:\/\/kehila-olomouc.cz\/rs\/wp-json\/wp\/v2\/types\/page"}],"author":[{"embeddable":true,"href":"https:\/\/kehila-olomouc.cz\/rs\/wp-json\/wp\/v2\/users\/3"}],"replies":[{"embeddable":true,"href":"https:\/\/kehila-olomouc.cz\/rs\/wp-json\/wp\/v2\/comments?post=5524"}],"version-history":[{"count":12,"href":"https:\/\/kehila-olomouc.cz\/rs\/wp-json\/wp\/v2\/pages\/5524\/revisions"}],"predecessor-version":[{"id":7781,"href":"https:\/\/kehila-olomouc.cz\/rs\/wp-json\/wp\/v2\/pages\/5524\/revisions\/7781"}],"up":[{"embeddable":true,"href":"https:\/\/kehila-olomouc.cz\/rs\/wp-json\/wp\/v2\/pages\/7602"}],"wp:attachment":[{"href":"https:\/\/kehila-olomouc.cz\/rs\/wp-json\/wp\/v2\/media?parent=5524"}],"curies":[{"name":"wp","href":"https:\/\/api.w.org\/{rel}","templated":true}]}}