{"id":5464,"date":"2012-10-19T11:36:30","date_gmt":"2012-10-19T09:36:30","guid":{"rendered":"http:\/\/kehila-olomouc.cz\/rs\/?page_id=5464"},"modified":"2015-12-04T10:43:07","modified_gmt":"2015-12-04T08:43:07","slug":"zita-gottliebova","status":"publish","type":"page","link":"https:\/\/kehila-olomouc.cz\/rs\/soucastnost\/stolpersteine-2\/zita-gottliebova\/","title":{"rendered":"Zita Gottliebov\u00e1"},"content":{"rendered":"<p>Adresa:\u00a0<strong><a href=\"https:\/\/www.google.com\/maps\/d\/viewer?mid=zFcC0AXi_eZA.kr_Q-_iTZAOc\" target=\"_blank\">Komensk\u00e9ho 862\/7, Olomouc<\/a><\/strong><br \/>\nsou\u0159adnice: N49\u00b0 35&#8242; 49.56&#8243; E17\u00b0 15&#8242; 46.07&#8243;<br \/>\nK\u00e1men zmizel\u00fdch polo\u017een: 2012<\/p>\n<p><a href=\"http:\/\/kehila-olomouc.cz\/rs\/wp-content\/uploads\/Z.-Gottliebov\u00e1.jpg\"><img loading=\"lazy\" decoding=\"async\" class=\"alignnone wp-image-5846\" title=\"Zita Gottliebov\u00e1\" src=\"http:\/\/kehila-olomouc.cz\/rs\/wp-content\/uploads\/Z.-Gottliebov\u00e1.jpg\" alt=\"\" width=\"280\" height=\"280\" srcset=\"https:\/\/kehila-olomouc.cz\/rs\/wp-content\/uploads\/Z.-Gottliebov\u00e1.jpg 400w, https:\/\/kehila-olomouc.cz\/rs\/wp-content\/uploads\/Z.-Gottliebov\u00e1-150x150.jpg 150w, https:\/\/kehila-olomouc.cz\/rs\/wp-content\/uploads\/Z.-Gottliebov\u00e1-300x300.jpg 300w\" sizes=\"(max-width: 280px) 100vw, 280px\" \/><\/a><\/p>\n<p><span style=\"text-decoration: underline;\">N\u00e1pis na kameni:<\/span><\/p>\n<p>ZDE BYDLELA<br \/>\nZITA GOTTLIEBOV\u00c1<br \/>\nNAR. 1912<br \/>\nDEPORTOV\u00c1NA 1942<br \/>\nDO TEREZ\u00cdNA<br \/>\nZAVRA\u017dD\u011aNA<br \/>\nV MAL\u00c9M TROSTINCI<\/p>\n<p><span style=\"text-decoration: underline;\"><br \/>\nDal\u0161\u00ed zn\u00e1m\u00e9 \u00fadaje:<\/span><br \/>\nNarozena 03. 10. 1912<br \/>\ntransport AAm, \u010d. 346 (04. 07. 1942 Olomouc -&gt; Terez\u00edn)<br \/>\ntransport Bc, \u010d. 489 (25. 08. 1942 Terez\u00edn -&gt; Mal\u00fd Trostinec)<br \/>\nZahynula<\/p>\n<p><a href=\"http:\/\/holocaust.cz\/cz\/victims\/PERSON.ITI.1405652\" target=\"_blank\">Ob\u011b\u0165 v datab\u00e1zi Institutu Terez\u00ednsk\u00e9 iniciativy<\/a><\/p>\n<p style=\"text-align: center;\">Rodokmen<\/p>\n<p><a href=\"http:\/\/kehila-olomouc.cz\/rs\/wp-content\/uploads\/Rodokmen-F\u00f6rster-Abel.jpg\"><img loading=\"lazy\" decoding=\"async\" class=\"aligncenter\" title=\"Rodokmen F\u00f6rster - Abel\" src=\"http:\/\/kehila-olomouc.cz\/rs\/wp-content\/uploads\/Rodokmen-F\u00f6rster-Abel.jpg\" alt=\"\" width=\"531\" height=\"375\" \/><\/a><\/p>\n","protected":false},"excerpt":{"rendered":"<p>Adresa:\u00a0Komensk\u00e9ho 862\/7, Olomouc<br \/>\nsou\u0159adnice: N49\u00b0 35&#8242; 49.56&#8243; E17\u00b0 15&#8242; 46.07&#8243;<br \/>\nK\u00e1men zmizel\u00fdch polo\u017een: 2012<\/p>\n<p>N\u00e1pis na kameni:<br \/>\nZDE BYDLELA<br \/>\nZITA GOTTLIEBOV\u00c1<br \/>\nNAR. 1912<br \/>\nDEPORTOV\u00c1NA 1942<br \/>\nDO TEREZ\u00cdNA<br \/>\nZAVRA\u017dD\u011aNA<br \/>\nV MAL\u00c9M TROSTINCI<\/p>\n<p>Dal\u0161\u00ed zn\u00e1m\u00e9 \u00fadaje:<br \/>\nNarozena 03. 10. 1912<br \/>\ntransport AAm, \u010d. 346 (04. 07. 1942 Olomouc -&gt; Terez\u00edn)<br \/>\ntransport Bc, \u010d. 489 (25. 08. 1942 Terez\u00edn -&gt; Mal\u00fd Trostinec)<br \/>\nZahynula<br \/>\nOb\u011b\u0165 v datab\u00e1zi Institutu Terez\u00ednsk\u00e9 iniciativy<br \/>\nRodokmen<\/p>\n","protected":false},"author":3,"featured_media":0,"parent":7602,"menu_order":0,"comment_status":"closed","ping_status":"closed","template":"","meta":{"ngg_post_thumbnail":0,"footnotes":""},"class_list":["post-5464","page","type-page","status-publish","hentry"],"_links":{"self":[{"href":"https:\/\/kehila-olomouc.cz\/rs\/wp-json\/wp\/v2\/pages\/5464"}],"collection":[{"href":"https:\/\/kehila-olomouc.cz\/rs\/wp-json\/wp\/v2\/pages"}],"about":[{"href":"https:\/\/kehila-olomouc.cz\/rs\/wp-json\/wp\/v2\/types\/page"}],"author":[{"embeddable":true,"href":"https:\/\/kehila-olomouc.cz\/rs\/wp-json\/wp\/v2\/users\/3"}],"replies":[{"embeddable":true,"href":"https:\/\/kehila-olomouc.cz\/rs\/wp-json\/wp\/v2\/comments?post=5464"}],"version-history":[{"count":9,"href":"https:\/\/kehila-olomouc.cz\/rs\/wp-json\/wp\/v2\/pages\/5464\/revisions"}],"predecessor-version":[{"id":7695,"href":"https:\/\/kehila-olomouc.cz\/rs\/wp-json\/wp\/v2\/pages\/5464\/revisions\/7695"}],"up":[{"embeddable":true,"href":"https:\/\/kehila-olomouc.cz\/rs\/wp-json\/wp\/v2\/pages\/7602"}],"wp:attachment":[{"href":"https:\/\/kehila-olomouc.cz\/rs\/wp-json\/wp\/v2\/media?parent=5464"}],"curies":[{"name":"wp","href":"https:\/\/api.w.org\/{rel}","templated":true}]}}