{"id":5455,"date":"2012-10-19T11:35:35","date_gmt":"2012-10-19T09:35:35","guid":{"rendered":"http:\/\/kehila-olomouc.cz\/rs\/?page_id=5455"},"modified":"2015-12-04T10:53:33","modified_gmt":"2015-12-04T08:53:33","slug":"irena-abelova","status":"publish","type":"page","link":"https:\/\/kehila-olomouc.cz\/rs\/soucastnost\/stolpersteine-2\/irena-abelova\/","title":{"rendered":"Irena Abelov\u00e1"},"content":{"rendered":"<p>Adresa:\u00a0<strong><a href=\"https:\/\/www.google.com\/maps\/d\/viewer?mid=zFcC0AXi_eZA.kr_Q-_iTZAOc\" target=\"_blank\">Komensk\u00e9ho 862\/7, Olomouc<\/a><\/strong><br \/>\nsou\u0159adnice: N49\u00b0 35&#8242; 49.56&#8243; E17\u00b0 15&#8242; 46.07&#8243;<br \/>\nK\u00e1men zmizel\u00fdch polo\u017een: 2012<\/p>\n<p><a href=\"http:\/\/kehila-olomouc.cz\/rs\/wp-content\/uploads\/I.-Abelov\u00e1.jpg\"><img loading=\"lazy\" decoding=\"async\" class=\"alignnone wp-image-5804\" title=\"Irena Abelov\u00e1\" src=\"http:\/\/kehila-olomouc.cz\/rs\/wp-content\/uploads\/I.-Abelov\u00e1.jpg\" alt=\"\" width=\"280\" height=\"280\" srcset=\"https:\/\/kehila-olomouc.cz\/rs\/wp-content\/uploads\/I.-Abelov\u00e1.jpg 400w, https:\/\/kehila-olomouc.cz\/rs\/wp-content\/uploads\/I.-Abelov\u00e1-150x150.jpg 150w, https:\/\/kehila-olomouc.cz\/rs\/wp-content\/uploads\/I.-Abelov\u00e1-300x300.jpg 300w\" sizes=\"(max-width: 280px) 100vw, 280px\" \/><\/a><\/p>\n<p><span style=\"text-decoration: underline;\">N\u00e1pis na kameni:<\/span><\/p>\n<p>ZDE BYDLELA<br \/>\nIRENA ABELOV\u00c1<br \/>\nNAR. 1897<br \/>\nDEPORTOV\u00c1NA 1942<br \/>\nDO TEREZ\u00cdNA<br \/>\nZAVRA\u017dD\u011aNA 7. 3. 1944<br \/>\nV\u00a0OSV\u011aTIMI<\/p>\n<p><span style=\"text-decoration: underline;\"><br \/>\nDal\u0161\u00ed zn\u00e1m\u00e9 \u00fadaje:<\/span><br \/>\nNarozena 29. 03. 1897<br \/>\ntransport AAm, \u010d. 349 (04. 07. 1942 Olomouc -&gt; Terez\u00edn)<br \/>\ntransport Dm, \u010d. 4430 (06. 09. 1943 Terez\u00edn -&gt; Osv\u011btim)<br \/>\nZahynula<\/p>\n<p><a href=\"http:\/\/holocaust.cz\/cz\/victims\/PERSON.ITI.2051232\" target=\"_blank\">Ob\u011b\u0165 v datab\u00e1zi Institutu Terez\u00ednsk\u00e9 iniciativy<\/a><\/p>\n<p style=\"text-align: center;\"><strong>Irena (F\u00f6rsterov\u00e1) Abelov\u00e1<\/strong><\/p>\n<p style=\"text-align: center;\"><a href=\"http:\/\/kehila-olomouc.cz\/rs\/wp-content\/uploads\/Irena-F\u00f6rsterov\u00e1-Abelov\u00e1.jpg\"><img loading=\"lazy\" decoding=\"async\" class=\"aligncenter wp-image-5694\" title=\"Irena (F\u00f6rsterov\u00e1) Abelov\u00e1\" src=\"http:\/\/kehila-olomouc.cz\/rs\/wp-content\/uploads\/Irena-F\u00f6rsterov\u00e1-Abelov\u00e1-706x1024.jpg\" alt=\"\" width=\"494\" height=\"717\" srcset=\"https:\/\/kehila-olomouc.cz\/rs\/wp-content\/uploads\/Irena-F\u00f6rsterov\u00e1-Abelov\u00e1-706x1024.jpg 706w, https:\/\/kehila-olomouc.cz\/rs\/wp-content\/uploads\/Irena-F\u00f6rsterov\u00e1-Abelov\u00e1-207x300.jpg 207w, https:\/\/kehila-olomouc.cz\/rs\/wp-content\/uploads\/Irena-F\u00f6rsterov\u00e1-Abelov\u00e1.jpg 1010w\" sizes=\"(max-width: 494px) 100vw, 494px\" \/><\/a><\/p>\n<p style=\"text-align: center;\">Rodokmen<\/p>\n<p><a href=\"http:\/\/kehila-olomouc.cz\/rs\/wp-content\/uploads\/Rodokmen-F\u00f6rster-Abel.jpg\"><img loading=\"lazy\" decoding=\"async\" class=\"aligncenter\" title=\"Rodokmen F\u00f6rster - Abel\" src=\"http:\/\/kehila-olomouc.cz\/rs\/wp-content\/uploads\/Rodokmen-F\u00f6rster-Abel.jpg\" alt=\"\" width=\"531\" height=\"375\" \/><\/a><\/p>\n","protected":false},"excerpt":{"rendered":"<p>Adresa:\u00a0Komensk\u00e9ho 862\/7, Olomouc<br \/>\nsou\u0159adnice: N49\u00b0 35&#8242; 49.56&#8243; E17\u00b0 15&#8242; 46.07&#8243;<br \/>\nK\u00e1men zmizel\u00fdch polo\u017een: 2012<\/p>\n<p>N\u00e1pis na kameni:<br \/>\nZDE BYDLELA<br \/>\nIRENA ABELOV\u00c1<br \/>\nNAR. 1897<br \/>\nDEPORTOV\u00c1NA 1942<br \/>\nDO TEREZ\u00cdNA<br \/>\nZAVRA\u017dD\u011aNA 7. 3. 1944<br \/>\nV\u00a0OSV\u011aTIMI<\/p>\n<p>Dal\u0161\u00ed zn\u00e1m\u00e9 \u00fadaje:<br \/>\nNarozena 29. 03. 1897<br \/>\ntransport AAm, \u010d. 349 (04. 07. 1942 Olomouc -&gt; Terez\u00edn)<br \/>\ntransport Dm, \u010d. 4430 (06. 09. 1943 Terez\u00edn -&gt; Osv\u011btim)<br \/>\nZahynula<br \/>\nOb\u011b\u0165 v datab\u00e1zi Institutu Terez\u00ednsk\u00e9 iniciativy<br \/>\nIrena (F\u00f6rsterov\u00e1) Abelov\u00e1<\/p>\n<p>Rodokmen<\/p>\n","protected":false},"author":3,"featured_media":0,"parent":7602,"menu_order":0,"comment_status":"closed","ping_status":"closed","template":"","meta":{"ngg_post_thumbnail":0,"footnotes":""},"class_list":["post-5455","page","type-page","status-publish","hentry"],"_links":{"self":[{"href":"https:\/\/kehila-olomouc.cz\/rs\/wp-json\/wp\/v2\/pages\/5455"}],"collection":[{"href":"https:\/\/kehila-olomouc.cz\/rs\/wp-json\/wp\/v2\/pages"}],"about":[{"href":"https:\/\/kehila-olomouc.cz\/rs\/wp-json\/wp\/v2\/types\/page"}],"author":[{"embeddable":true,"href":"https:\/\/kehila-olomouc.cz\/rs\/wp-json\/wp\/v2\/users\/3"}],"replies":[{"embeddable":true,"href":"https:\/\/kehila-olomouc.cz\/rs\/wp-json\/wp\/v2\/comments?post=5455"}],"version-history":[{"count":11,"href":"https:\/\/kehila-olomouc.cz\/rs\/wp-json\/wp\/v2\/pages\/5455\/revisions"}],"predecessor-version":[{"id":7763,"href":"https:\/\/kehila-olomouc.cz\/rs\/wp-json\/wp\/v2\/pages\/5455\/revisions\/7763"}],"up":[{"embeddable":true,"href":"https:\/\/kehila-olomouc.cz\/rs\/wp-json\/wp\/v2\/pages\/7602"}],"wp:attachment":[{"href":"https:\/\/kehila-olomouc.cz\/rs\/wp-json\/wp\/v2\/media?parent=5455"}],"curies":[{"name":"wp","href":"https:\/\/api.w.org\/{rel}","templated":true}]}}