{"id":5440,"date":"2012-10-19T11:35:52","date_gmt":"2012-10-19T09:35:52","guid":{"rendered":"http:\/\/kehila-olomouc.cz\/rs\/?page_id=5440"},"modified":"2015-12-04T10:42:31","modified_gmt":"2015-12-04T08:42:31","slug":"tereza-forsterova","status":"publish","type":"page","link":"https:\/\/kehila-olomouc.cz\/rs\/soucastnost\/stolpersteine-2\/tereza-forsterova\/","title":{"rendered":"Tereza F\u00f6rsterov\u00e1"},"content":{"rendered":"<p>Adresa: <strong><a href=\"https:\/\/www.google.com\/maps\/d\/viewer?mid=zFcC0AXi_eZA.kr_Q-_iTZAOc\" target=\"_blank\">Komensk\u00e9ho 862\/7, Olomouc<\/a><\/strong><br \/>\nsou\u0159adnice: N49\u00b0 35&#8242; 49.56&#8243; E17\u00b0 15&#8242; 46.07&#8243;<br \/>\nK\u00e1men zmizel\u00fdch polo\u017een: 2012<\/p>\n<p><a href=\"http:\/\/kehila-olomouc.cz\/rs\/wp-content\/uploads\/T.-F\u00f6rsterov\u00e1.jpg\"><img loading=\"lazy\" decoding=\"async\" class=\"alignnone wp-image-5834\" title=\"Tereza F\u00f6rsterov\u00e1\" src=\"http:\/\/kehila-olomouc.cz\/rs\/wp-content\/uploads\/T.-F\u00f6rsterov\u00e1.jpg\" alt=\"\" width=\"280\" height=\"280\" srcset=\"https:\/\/kehila-olomouc.cz\/rs\/wp-content\/uploads\/T.-F\u00f6rsterov\u00e1.jpg 400w, https:\/\/kehila-olomouc.cz\/rs\/wp-content\/uploads\/T.-F\u00f6rsterov\u00e1-150x150.jpg 150w, https:\/\/kehila-olomouc.cz\/rs\/wp-content\/uploads\/T.-F\u00f6rsterov\u00e1-300x300.jpg 300w\" sizes=\"(max-width: 280px) 100vw, 280px\" \/><\/a><\/p>\n<p><span style=\"text-decoration: underline;\">N\u00e1pis na kameni:<\/span><\/p>\n<p>ZDE BYDLELA<br \/>\nTEREZA F\u00d6RSTEROV\u00c1<br \/>\nNAR. 1859<br \/>\nDEPORTOV\u00c1NA 1942<br \/>\nDO TEREZ\u00cdNA<br \/>\nZAVRA\u017dD\u011aNA 28. 4. 1945<br \/>\nTAMT\u00c9\u017d<\/p>\n<p><span style=\"text-decoration: underline;\"><br \/>\n<\/span><span style=\"text-decoration: underline;\">Dal\u0161\u00ed zn\u00e1m\u00e9 \u00fadaje:<\/span><br \/>\nNarozena 30. 12. 1859<br \/>\ntransport AAm, \u010d. 352 (04. 07. 1942 Olomouc -&gt; Terez\u00edn)<br \/>\nzahynula 28. 04. 1945 Terez\u00edn<\/p>\n<p><a href=\"http:\/\/holocaust.cz\/cz\/victims\/PERSON.ITI.4382\" target=\"_blank\">Ob\u011b\u0165 v datab\u00e1zi Institutu Terez\u00ednsk\u00e9 iniciativy<\/a><\/p>\n<p style=\"text-align: center;\"><strong>Tereza F\u00f6rsterov\u00e1<\/strong><\/p>\n<p style=\"text-align: center;\"><a href=\"http:\/\/kehila-olomouc.cz\/rs\/wp-content\/uploads\/Terezie-F\u00f6rster-l\u00edc.jpg\"><img loading=\"lazy\" decoding=\"async\" class=\"aligncenter wp-image-5679\" title=\"Terezie F\u00f6rster l\u00edc\" src=\"http:\/\/kehila-olomouc.cz\/rs\/wp-content\/uploads\/Terezie-F\u00f6rster-l\u00edc.jpg\" alt=\"\" width=\"466\" height=\"748\" srcset=\"https:\/\/kehila-olomouc.cz\/rs\/wp-content\/uploads\/Terezie-F\u00f6rster-l\u00edc.jpg 1110w, https:\/\/kehila-olomouc.cz\/rs\/wp-content\/uploads\/Terezie-F\u00f6rster-l\u00edc-186x300.jpg 186w, https:\/\/kehila-olomouc.cz\/rs\/wp-content\/uploads\/Terezie-F\u00f6rster-l\u00edc-637x1024.jpg 637w\" sizes=\"(max-width: 466px) 100vw, 466px\" \/><\/a><\/p>\n<p style=\"text-align: center;\"><strong>Tereza F\u00f6rsterov\u00e1<\/strong> s man\u017eelem\u00a0Sigmundem, kter\u00fd zem\u0159el p\u0159ed v\u00e1lkou.<\/p>\n<p style=\"text-align: center;\"><a href=\"http:\/\/kehila-olomouc.cz\/rs\/wp-content\/uploads\/Terezie-a-Sigmund-F\u00f6rsterovi-2-l\u00edc.jpg\"><img loading=\"lazy\" decoding=\"async\" class=\"aligncenter wp-image-5678\" title=\"Terezie a Sigmund F\u00f6rsterovi 2 l\u00edc\" src=\"http:\/\/kehila-olomouc.cz\/rs\/wp-content\/uploads\/Terezie-a-Sigmund-F\u00f6rsterovi-2-l\u00edc.jpg\" alt=\"\" width=\"440\" height=\"670\" srcset=\"https:\/\/kehila-olomouc.cz\/rs\/wp-content\/uploads\/Terezie-a-Sigmund-F\u00f6rsterovi-2-l\u00edc.jpg 1049w, https:\/\/kehila-olomouc.cz\/rs\/wp-content\/uploads\/Terezie-a-Sigmund-F\u00f6rsterovi-2-l\u00edc-197x300.jpg 197w, https:\/\/kehila-olomouc.cz\/rs\/wp-content\/uploads\/Terezie-a-Sigmund-F\u00f6rsterovi-2-l\u00edc-673x1024.jpg 673w\" sizes=\"(max-width: 440px) 100vw, 440px\" \/><\/a><\/p>\n<p style=\"text-align: center;\">Rodokmen<\/p>\n<p style=\"text-align: center;\"><a href=\"http:\/\/kehila-olomouc.cz\/rs\/wp-content\/uploads\/Rodokmen-F\u00f6rster-Abel.jpg\"><img loading=\"lazy\" decoding=\"async\" class=\"aligncenter wp-image-5700\" title=\"Rodokmen F\u00f6rster - Abel\" src=\"http:\/\/kehila-olomouc.cz\/rs\/wp-content\/uploads\/Rodokmen-F\u00f6rster-Abel.jpg\" alt=\"\" width=\"531\" height=\"375\" srcset=\"https:\/\/kehila-olomouc.cz\/rs\/wp-content\/uploads\/Rodokmen-F\u00f6rster-Abel.jpg 3508w, https:\/\/kehila-olomouc.cz\/rs\/wp-content\/uploads\/Rodokmen-F\u00f6rster-Abel-300x212.jpg 300w, https:\/\/kehila-olomouc.cz\/rs\/wp-content\/uploads\/Rodokmen-F\u00f6rster-Abel-1024x723.jpg 1024w\" sizes=\"(max-width: 531px) 100vw, 531px\" \/><\/a><\/p>\n","protected":false},"excerpt":{"rendered":"<p>Adresa: Komensk\u00e9ho 862\/7, Olomouc<br \/>\nsou\u0159adnice: N49\u00b0 35&#8242; 49.56&#8243; E17\u00b0 15&#8242; 46.07&#8243;<br \/>\nK\u00e1men zmizel\u00fdch polo\u017een: 2012<\/p>\n<p>N\u00e1pis na kameni:<br \/>\nZDE BYDLELA<br \/>\nTEREZA F\u00d6RSTEROV\u00c1<br \/>\nNAR. 1859<br \/>\nDEPORTOV\u00c1NA 1942<br \/>\nDO TEREZ\u00cdNA<br \/>\nZAVRA\u017dD\u011aNA 28. 4. 1945<br \/>\nTAMT\u00c9\u017d<\/p>\n<p>Dal\u0161\u00ed zn\u00e1m\u00e9 \u00fadaje:<br \/>\nNarozena 30. 12. 1859<br \/>\ntransport AAm, \u010d. 352 (04. 07. 1942 Olomouc -&gt; Terez\u00edn)<br \/>\nzahynula 28. 04. 1945 Terez\u00edn<br \/>\nOb\u011b\u0165 v datab\u00e1zi Institutu Terez\u00ednsk\u00e9 iniciativy<br \/>\nTereza F\u00f6rsterov\u00e1<\/p>\n<p>Tereza F\u00f6rsterov\u00e1 s man\u017eelem\u00a0Sigmundem, kter\u00fd zem\u0159el p\u0159ed v\u00e1lkou.<\/p>\n<p>Rodokmen<\/p>\n","protected":false},"author":3,"featured_media":0,"parent":7602,"menu_order":0,"comment_status":"closed","ping_status":"closed","template":"","meta":{"ngg_post_thumbnail":0,"footnotes":""},"class_list":["post-5440","page","type-page","status-publish","hentry"],"_links":{"self":[{"href":"https:\/\/kehila-olomouc.cz\/rs\/wp-json\/wp\/v2\/pages\/5440"}],"collection":[{"href":"https:\/\/kehila-olomouc.cz\/rs\/wp-json\/wp\/v2\/pages"}],"about":[{"href":"https:\/\/kehila-olomouc.cz\/rs\/wp-json\/wp\/v2\/types\/page"}],"author":[{"embeddable":true,"href":"https:\/\/kehila-olomouc.cz\/rs\/wp-json\/wp\/v2\/users\/3"}],"replies":[{"embeddable":true,"href":"https:\/\/kehila-olomouc.cz\/rs\/wp-json\/wp\/v2\/comments?post=5440"}],"version-history":[{"count":15,"href":"https:\/\/kehila-olomouc.cz\/rs\/wp-json\/wp\/v2\/pages\/5440\/revisions"}],"predecessor-version":[{"id":7687,"href":"https:\/\/kehila-olomouc.cz\/rs\/wp-json\/wp\/v2\/pages\/5440\/revisions\/7687"}],"up":[{"embeddable":true,"href":"https:\/\/kehila-olomouc.cz\/rs\/wp-json\/wp\/v2\/pages\/7602"}],"wp:attachment":[{"href":"https:\/\/kehila-olomouc.cz\/rs\/wp-json\/wp\/v2\/media?parent=5440"}],"curies":[{"name":"wp","href":"https:\/\/api.w.org\/{rel}","templated":true}]}}