{"id":5402,"date":"2012-09-02T12:14:08","date_gmt":"2012-09-02T10:14:08","guid":{"rendered":"http:\/\/kehila-olomouc.cz\/rs\/?page_id=5402"},"modified":"2021-03-21T17:34:16","modified_gmt":"2021-03-21T15:34:16","slug":"kontakt","status":"publish","type":"page","link":"https:\/\/kehila-olomouc.cz\/rs\/socialni-pece\/kontakt\/","title":{"rendered":"Kontakt"},"content":{"rendered":"<p><strong><em>Soci\u00e1ln\u00ed aktivizace \u017dO Olomouc<\/em><\/strong><\/p>\n<p><strong><em>\u017dIDOVSK\u00c1 OBEC OLOMOUC<\/em><\/strong><br \/>\n<em>KOMENSK\u00c9HO 7<\/em><br \/>\n<em>779 00 OLOMOUC<\/em><br \/>\n<em>Czech Republic<\/em><\/p>\n<p><em>Vedouc\u00ed slu\u017eby, pracovn\u00edk v&nbsp;soci\u00e1ln\u00edch slu\u017eb\u00e1ch<\/em><br \/>\n<em>Jana Coufalov\u00e1<\/em><\/p>\n<p><em>&nbsp;<\/em><em>Soci\u00e1ln\u00ed pracovn\u00edk<\/em><br \/>\n<em>Mgr. Miroslav Prchal<\/em><em>&nbsp;<\/em><\/p>\n<p><em>TEL\/FAX:&nbsp;&nbsp; +420 \u2013 585223119<\/em><br \/>\n<em>e-mail : <\/em><a href=\"mailto:jana.coufalova@kehila-olomouc.cz\"><em>jana.coufalova@kehila-olomouc.cz<\/em><\/a><br \/>\n<em>web : <\/em><a title=\"http:\/\/www.kehila-olomouc.cz\/\" href=\"http:\/\/www.kehila-olomouc.cz\/\"><em>www.kehila-olomouc.cz<\/em><\/a><br \/>\n<em>I\u010cO: 41031717<\/em><br \/>\n<em>\u010d.\u00fa. 194571185\/0600<\/em><\/p>\n<p>Slu\u017eby jsou poskytovan\u00e9 v&nbsp;t\u00fddnu <strong>(po, \u00fat, \u010dt, p\u00e1, od 9:00 hod. do 11:00 hod. st. od 14:00 hod. do 16:00 hod.) <\/strong>v&nbsp;kancel\u00e1\u0159i \u017dOO a v&nbsp;ter\u00e9nu u klient\u016f po p\u0159edchoz\u00ed domluv\u011b s&nbsp;ohledem na pot\u0159eby u\u017eivatele a provozn\u00ed nastaven\u00ed slu\u017eby poskytovatele.<\/p>\n","protected":false},"excerpt":{"rendered":"<p>Soci\u00e1ln\u00ed aktivizace \u017dO Olomouc<br \/>\n\u017dIDOVSK\u00c1 OBEC OLOMOUC<br \/>\nKOMENSK\u00c9HO 7<br \/>\n779 00 OLOMOUC<br \/>\nCzech Republic<br \/>\nVedouc\u00ed slu\u017eby, pracovn\u00edk v&nbsp;soci\u00e1ln\u00edch slu\u017eb\u00e1ch<br \/>\nJana Coufalov\u00e1<br \/>\n&nbsp;Soci\u00e1ln\u00ed pracovn\u00edk<br \/>\nMgr. Miroslav Prchal&nbsp;<br \/>\nTEL\/FAX:&nbsp;&nbsp; +420 \u2013 585223119<br \/>\ne-mail : jana.coufalova@kehila-olomouc.cz<br \/>\nweb : www.kehila-olomouc.cz<br \/>\nI\u010cO: 41031717<br \/>\n\u010d.\u00fa. 194571185\/0600<br \/>\nSlu\u017eby jsou poskytovan\u00e9 v&nbsp;t\u00fddnu (po, \u00fat, \u010dt, p\u00e1, od 9:00 hod. do 11:00 hod. st. od 14:00 hod. do 16:00 hod.) v&nbsp;kancel\u00e1\u0159i \u017dOO a v&nbsp;ter\u00e9nu u klient\u016f po p\u0159edchoz\u00ed domluv\u011b s&nbsp;ohledem na pot\u0159eby u\u017eivatele a provozn\u00ed nastaven\u00ed slu\u017eby poskytovatele.<\/p>\n","protected":false},"author":3,"featured_media":0,"parent":349,"menu_order":14,"comment_status":"closed","ping_status":"closed","template":"","meta":{"ngg_post_thumbnail":0,"footnotes":""},"class_list":["post-5402","page","type-page","status-publish","hentry"],"_links":{"self":[{"href":"https:\/\/kehila-olomouc.cz\/rs\/wp-json\/wp\/v2\/pages\/5402"}],"collection":[{"href":"https:\/\/kehila-olomouc.cz\/rs\/wp-json\/wp\/v2\/pages"}],"about":[{"href":"https:\/\/kehila-olomouc.cz\/rs\/wp-json\/wp\/v2\/types\/page"}],"author":[{"embeddable":true,"href":"https:\/\/kehila-olomouc.cz\/rs\/wp-json\/wp\/v2\/users\/3"}],"replies":[{"embeddable":true,"href":"https:\/\/kehila-olomouc.cz\/rs\/wp-json\/wp\/v2\/comments?post=5402"}],"version-history":[{"count":6,"href":"https:\/\/kehila-olomouc.cz\/rs\/wp-json\/wp\/v2\/pages\/5402\/revisions"}],"predecessor-version":[{"id":9748,"href":"https:\/\/kehila-olomouc.cz\/rs\/wp-json\/wp\/v2\/pages\/5402\/revisions\/9748"}],"up":[{"embeddable":true,"href":"https:\/\/kehila-olomouc.cz\/rs\/wp-json\/wp\/v2\/pages\/349"}],"wp:attachment":[{"href":"https:\/\/kehila-olomouc.cz\/rs\/wp-json\/wp\/v2\/media?parent=5402"}],"curies":[{"name":"wp","href":"https:\/\/api.w.org\/{rel}","templated":true}]}}