{"id":5400,"date":"2012-09-02T12:13:45","date_gmt":"2012-09-02T10:13:45","guid":{"rendered":"http:\/\/kehila-olomouc.cz\/rs\/?page_id=5400"},"modified":"2012-12-11T15:29:30","modified_gmt":"2012-12-11T13:29:30","slug":"dokumenty-ke-stazeni","status":"publish","type":"page","link":"https:\/\/kehila-olomouc.cz\/rs\/socialni-pece\/dokumenty-ke-stazeni\/","title":{"rendered":"Dokumenty ke sta\u017een\u00ed"},"content":{"rendered":"<ul class=\"seznam-pdf\">\n<li><a href=\"http:\/\/kehila-olomouc.cz\/rs\/wp-content\/uploads\/N\u00e1vrh-Smlouva-o-poskytnut\u00ed-smlouvy.pdf\">N\u00e1vrh &#8211; Smlouva o poskytnut\u00ed smlouvy<\/a><\/li>\n<li><a href=\"http:\/\/kehila-olomouc.cz\/rs\/wp-content\/uploads\/St\u00ed\u017enost-formul\u00e1\u0159.pdf\">St\u00ed\u017enost &#8211; formul\u00e1\u0159<\/a><\/li>\n<li><a href=\"http:\/\/kehila-olomouc.cz\/rs\/wp-content\/uploads\/St\u00ed\u017enosti-na-kvalitu.pdf\">St\u00ed\u017enosti na kvalitu<\/a><\/li>\n<\/ul>\n<p><a href=\"http:\/\/get.adobe.com\/reader\/\"><img decoding=\"async\" src=\"http:\/\/www.fzo.cz\/wp-content\/themes\/fzo\/images\/get_adobe_reader_160x41.gif\" alt=\"St\u00e1hnout program pro \u010dten\u00ed soubor\u016f PDF\" \/><\/a><\/p>\n","protected":false},"excerpt":{"rendered":"<p>N\u00e1vrh &#8211; Smlouva o poskytnut\u00ed smlouvy<br \/>\nSt\u00ed\u017enost &#8211; formul\u00e1\u0159<br \/>\nSt\u00ed\u017enosti na kvalitu<\/p>\n","protected":false},"author":3,"featured_media":0,"parent":349,"menu_order":12,"comment_status":"closed","ping_status":"closed","template":"","meta":{"ngg_post_thumbnail":0,"footnotes":""},"class_list":["post-5400","page","type-page","status-publish","hentry"],"_links":{"self":[{"href":"https:\/\/kehila-olomouc.cz\/rs\/wp-json\/wp\/v2\/pages\/5400"}],"collection":[{"href":"https:\/\/kehila-olomouc.cz\/rs\/wp-json\/wp\/v2\/pages"}],"about":[{"href":"https:\/\/kehila-olomouc.cz\/rs\/wp-json\/wp\/v2\/types\/page"}],"author":[{"embeddable":true,"href":"https:\/\/kehila-olomouc.cz\/rs\/wp-json\/wp\/v2\/users\/3"}],"replies":[{"embeddable":true,"href":"https:\/\/kehila-olomouc.cz\/rs\/wp-json\/wp\/v2\/comments?post=5400"}],"version-history":[{"count":3,"href":"https:\/\/kehila-olomouc.cz\/rs\/wp-json\/wp\/v2\/pages\/5400\/revisions"}],"predecessor-version":[{"id":5929,"href":"https:\/\/kehila-olomouc.cz\/rs\/wp-json\/wp\/v2\/pages\/5400\/revisions\/5929"}],"up":[{"embeddable":true,"href":"https:\/\/kehila-olomouc.cz\/rs\/wp-json\/wp\/v2\/pages\/349"}],"wp:attachment":[{"href":"https:\/\/kehila-olomouc.cz\/rs\/wp-json\/wp\/v2\/media?parent=5400"}],"curies":[{"name":"wp","href":"https:\/\/api.w.org\/{rel}","templated":true}]}}