{"id":5396,"date":"2012-09-02T12:12:44","date_gmt":"2012-09-02T10:12:44","guid":{"rendered":"http:\/\/kehila-olomouc.cz\/rs\/?page_id=5396"},"modified":"2012-12-11T15:16:00","modified_gmt":"2012-12-11T13:16:00","slug":"pro-zajemce-o-sluzbu","status":"publish","type":"page","link":"https:\/\/kehila-olomouc.cz\/rs\/socialni-pece\/pro-zajemce-o-sluzbu\/","title":{"rendered":"Pro z\u00e1jemce o slu\u017ebu"},"content":{"rendered":"<h2><a href=\"http:\/\/kehila-olomouc.cz\/rs\/socialni-pece\/pro-zajemce-o-sluzbu\/jednani-se-zajemcem-o-sluzbu\/\">Jedn\u00e1n\u00ed se z\u00e1jemcem o slu\u017ebu<\/a><\/h2>\n<h2><a href=\"http:\/\/kehila-olomouc.cz\/rs\/socialni-pece\/pro-zajemce-o-sluzbu\/mistni-a-casova-dostupnost\/\">M\u00edstn\u00ed a \u010dasov\u00e1 dostupnost<\/a><\/h2>\n<h2><a href=\"http:\/\/kehila-olomouc.cz\/rs\/socialni-pece\/pro-zajemce-o-sluzbu\/prostredi-a-podminky\/\">Prost\u0159ed\u00ed a podm\u00ednky<\/a><\/h2>\n","protected":false},"excerpt":{"rendered":"<p>Jedn\u00e1n\u00ed se z\u00e1jemcem o slu\u017ebu<br \/>\nM\u00edstn\u00ed a \u010dasov\u00e1 dostupnost<br \/>\nProst\u0159ed\u00ed a podm\u00ednky<\/p>\n","protected":false},"author":3,"featured_media":0,"parent":349,"menu_order":8,"comment_status":"closed","ping_status":"closed","template":"","meta":{"ngg_post_thumbnail":0,"footnotes":""},"class_list":["post-5396","page","type-page","status-publish","hentry"],"_links":{"self":[{"href":"https:\/\/kehila-olomouc.cz\/rs\/wp-json\/wp\/v2\/pages\/5396"}],"collection":[{"href":"https:\/\/kehila-olomouc.cz\/rs\/wp-json\/wp\/v2\/pages"}],"about":[{"href":"https:\/\/kehila-olomouc.cz\/rs\/wp-json\/wp\/v2\/types\/page"}],"author":[{"embeddable":true,"href":"https:\/\/kehila-olomouc.cz\/rs\/wp-json\/wp\/v2\/users\/3"}],"replies":[{"embeddable":true,"href":"https:\/\/kehila-olomouc.cz\/rs\/wp-json\/wp\/v2\/comments?post=5396"}],"version-history":[{"count":5,"href":"https:\/\/kehila-olomouc.cz\/rs\/wp-json\/wp\/v2\/pages\/5396\/revisions"}],"predecessor-version":[{"id":5905,"href":"https:\/\/kehila-olomouc.cz\/rs\/wp-json\/wp\/v2\/pages\/5396\/revisions\/5905"}],"up":[{"embeddable":true,"href":"https:\/\/kehila-olomouc.cz\/rs\/wp-json\/wp\/v2\/pages\/349"}],"wp:attachment":[{"href":"https:\/\/kehila-olomouc.cz\/rs\/wp-json\/wp\/v2\/media?parent=5396"}],"curies":[{"name":"wp","href":"https:\/\/api.w.org\/{rel}","templated":true}]}}