{"id":5310,"date":"2012-08-26T00:16:02","date_gmt":"2012-08-25T22:16:02","guid":{"rendered":"http:\/\/kehila-olomouc.cz\/rs\/?page_id=5310"},"modified":"2015-12-04T10:51:04","modified_gmt":"2015-12-04T08:51:04","slug":"marta-hiklova","status":"publish","type":"page","link":"https:\/\/kehila-olomouc.cz\/rs\/soucastnost\/stolpersteine-2\/marta-hiklova\/","title":{"rendered":"Marta Hiklov\u00e1"},"content":{"rendered":"<p>Adresa:\u00a0<a href=\"https:\/\/www.google.com\/maps\/d\/viewer?mid=zFcC0AXi_eZA.kr_Q-_iTZAOc\" target=\"_blank\"><strong>Pavel\u010d\u00e1kova 3\/17,\u00a0<\/strong><strong>Olomouc &#8211; m\u011bsto<\/strong><\/a><br \/>\nsou\u0159adnice: N49\u00b0 35&#8242; 32.38&#8243; E17\u00b0 15&#8242; 1.65&#8243;<br \/>\nK\u00e1men zmizel\u00fdch polo\u017een: 2011<\/p>\n<p>&nbsp;<\/p>\n<p><a href=\"http:\/\/kehila-olomouc.cz\/rs\/wp-content\/uploads\/hiklova_marta_kamen.jpg\"><img loading=\"lazy\" decoding=\"async\" class=\"alignleft wp-image-5311\" title=\"Marta Hiklov\u00e1\" src=\"http:\/\/kehila-olomouc.cz\/rs\/wp-content\/uploads\/hiklova_marta_kamen-300x298.jpg\" alt=\"\" width=\"240\" height=\"238\" srcset=\"https:\/\/kehila-olomouc.cz\/rs\/wp-content\/uploads\/hiklova_marta_kamen-300x298.jpg 300w, https:\/\/kehila-olomouc.cz\/rs\/wp-content\/uploads\/hiklova_marta_kamen-150x150.jpg 150w, https:\/\/kehila-olomouc.cz\/rs\/wp-content\/uploads\/hiklova_marta_kamen.jpg 489w\" sizes=\"(max-width: 240px) 100vw, 240px\" \/><\/a><\/p>\n<p>&nbsp;<\/p>\n<p>&nbsp;<\/p>\n<p>&nbsp;<\/p>\n<p>&nbsp;<\/p>\n<p>&nbsp;<\/p>\n<p>&nbsp;<\/p>\n<p>&nbsp;<\/p>\n<p>&nbsp;<\/p>\n<p>N\u00e1pis na kameni:<\/p>\n<p>ZDE BYDLELA<br \/>\nMARTA HIKLOV\u00c1<br \/>\nNAR. 1902<br \/>\nDEPORTOV\u00c1NA 1942<br \/>\nDO TEREZ\u00cdNA<br \/>\nZAVRA\u017dD\u011aNA<br \/>\nV TREBLINCE<\/p>\n<p>Dal\u0161\u00ed zn\u00e1m\u00e9 \u00fadaje:<br \/>\nnarozena 18. 03. 1902<br \/>\ntransport AAm-118 (04. 07. 1942 Olomouc -&gt; Terez\u00edn)<br \/>\ntransport Bu-191 (08. 10. 1942 Terez\u00edn -&gt; Treblinka)<br \/>\nzahynula<\/p>\n<p><a href=\"http:\/\/holocaust.cz\/cz\/victims\/PERSON.ITI.1459082\" target=\"_blank\">Ob\u011b\u0165 v datab\u00e1zi Institutu Terez\u00ednsk\u00e9 iniciativy<\/a><\/p>\n<p style=\"text-align: justify;\">Marta Hiklov\u00e1, rozen\u00e1 Gr\u00fcnwald, se narodila 18. 3. 1902 (jej\u00ed rodi\u010de <a href=\"http:\/\/kehila-olomouc.cz\/rs\/soucastnost\/stolpersteine\/nathan-grunwald\/\"><strong>Nathan<\/strong><\/a> Gr\u00fcnwald, matka <strong><a href=\"http:\/\/kehila-olomouc.cz\/rs\/soucastnost\/stolpersteine\/josefa-grunwaldova\/\">Josefine<\/a><\/strong> roz. Karpfen). Od 15. 4. 1904 m\u00e1 bratra Williho, pot\u00e9 rodina p\u0159es\u00eddlila do Olomouce. V\u00a0Olomouci se narodili postupn\u011b dal\u0161\u00ed sourozenci &#8211; sestra Irma 4. 8. 1908, kter\u00e1 ji\u017e ve v\u011bku t\u0159\u00ed let zem\u0159ela 29. 8. 1911 (poh\u0159bena v\u00a0d\u011btsk\u00e9 \u010d\u00e1sti ol. \u017eidovsk\u00e9ho h\u0159bitova), pot\u00e9 p\u0159ich\u00e1z\u00ed b\u011bhem jednoho kalend\u00e1\u0159n\u00edho roku na sv\u011bt dal\u0161\u00ed bratr Lotar 25. 1. 1914, sestra Ilka dne 23. 12. 1914 a n\u00e1sledn\u011b pak sestra Lilly 8. 2. 1916.<\/p>\n<p style=\"text-align: justify;\">Bed\u0159ich Hikl &#8211; otec jej\u00edho d\u00edt\u011bte <a href=\"http:\/\/kehila-olomouc.cz\/rs\/soucastnost\/stolpersteine\/erich-hikl\/\"><strong>Ericha<\/strong><\/a> (narozen 26. 6. 1926) je z\u00e1hy opustil, tak\u017ee nejprve pracovala jako \u00fa\u0159ednice v\u00a0Praze, ale od r. 1937 ji\u017e v\u00a0bl\u00edzkosti rodi\u010d\u016f v Olomouci. Cel\u00e1 rodina nav\u0161t\u011bvovala pravideln\u011b bohoslu\u017eby v\u00a0olomouck\u00e9 synagoze (maminka <a href=\"http:\/\/kehila-olomouc.cz\/rs\/soucastnost\/stolpersteine\/josefa-grunwaldova\/\"><strong>Josefine<\/strong><\/a> byla jednou z\u00a0prvn\u00edch \u010dlenek synagog\u00e1ln\u00edho sboru a posl\u00e9ze i v\u0161echny dcery maj\u00edc\u00ed hudebn\u00ed vzd\u011bl\u00e1n\u00ed zp\u00edvaly tak\u00e9 v\u00a0synagog\u00e1ln\u00edm sboru).<\/p>\n<p style=\"text-align: justify;\">Je\u0161t\u011b na po\u010d\u00e1tku r. 1939 byla cel\u00e1 rodina pohromad\u011b v\u00a0Olomouci vyjma bratra Williho, kter\u00fd \u017eil od konce 20. let 20. stol. s\u00a0ne\u017eidovskou man\u017eelkou na Slovensku. V\u00a0l\u00e9t\u011b 1939 se poda\u0159ilo emigrovat ob\u011bma mlad\u0161\u00edm sestr\u00e1m Ilce (vdan\u00e1 Rosenbaum), Lilly (vdan\u00e1 Wertheimer) a bratrovi Lotarovi.<\/p>\n<p style=\"text-align: justify;\">Ostatn\u00ed \u010dlenov\u00e9 rodiny m\u011bli sice p\u0159ipraveny pasy k\u00a0vycestov\u00e1n\u00ed, ale odm\u00edtli opustit republiku a nejstar\u0161\u00ed <strong>Marta<\/strong> tak z\u016fstala se synem <a href=\"http:\/\/kehila-olomouc.cz\/rs\/soucastnost\/stolpersteine\/erich-hikl\/\"><strong>Erichem<\/strong><\/a> pe\u010dovat o\u00a0rodi\u010de v\u00a0Olomouci.<\/p>\n<p style=\"text-align: justify;\">Od 1. 9. 1941 byla p\u0159edeps\u00e1na povinnost nosit Davidovu hv\u011bzdu na od\u011bvu a po ji\u017e d\u0159\u00edve vynucen\u00e9m odevzd\u00e1n\u00ed cennost\u00ed a majetku byli <strong>Marta<\/strong> i <a href=\"http:\/\/kehila-olomouc.cz\/rs\/soucastnost\/stolpersteine\/erich-hikl\/\"><strong>Erich<\/strong><\/a> v\u00a0transportech u AAm pod \u010d\u00edslem 118 a 119 p\u0159evezeni 4. 7. 1942 z\u00a0Olomouce do Terez\u00edna,\u00a0 odkud ji\u017e 8. 10. 1942 odj\u00ed\u017ed\u00ed transportem Bu pod \u010d\u00edsly 192 a 191 do Treblinky, kde jsou oba nacisty zavra\u017ed\u011bni.<\/p>\n<p style=\"text-align: justify;\">Foto Gr\u00fcnwaldovi z roku 1937, v prvn\u00ed \u0159ad\u011b sed\u00edc\u00ed zleva\u00a0<strong>Marta<\/strong>\u00a0\u2013\u00a0<a href=\"http:\/\/kehila-olomouc.cz\/rs\/soucastnost\/stolpersteine\/josefa-grunwaldova\/\"><strong>Josefine<\/strong><\/a>\u00a0\u2013\u00a0<a href=\"http:\/\/kehila-olomouc.cz\/rs\/soucastnost\/stolpersteine\/nathan-grunwald\/%20\"><strong>Nathan<\/strong><\/a>\u00a0\u2013\u00a0<a href=\"http:\/\/kehila-olomouc.cz\/rs\/soucastnost\/stolpersteine\/ruzena-grunwaldova\/\"><strong>R\u016f\u017eena\u00a0<\/strong><\/a>Gr\u00fcnwaldov\u00e1\u00a0 (man\u017eelka Williho) \u2013 uprost\u0159ed p\u0159ed nimi stoj\u00edc\u00ed synov\u00e9 Williho\/R\u016f\u017eenky &#8211; Egy a Freda, za nimi pak stoj\u00edc\u00ed Willy, Lilly, Ilka a Lotar.<\/p>\n<p style=\"text-align: center;\"><a href=\"http:\/\/kehila-olomouc.cz\/rs\/wp-content\/uploads\/Grunwaldovi-2.jpg\"><img loading=\"lazy\" decoding=\"async\" class=\"aligncenter wp-image-5301\" title=\"foto Gr\u00fcnwaldovi z roku 1937, v prvn\u00ed \u0159ad\u011b sed\u00edc\u00ed zleva Marta \u2013 Josefine \u2013 Nathan \u2013 R\u016f\u017eenka (man\u017eelka Williho) \u2013 uprost\u0159ed mezi nimi stoj\u00edc\u00ed synov\u00e9 Williho\/R\u016f\u017eenky Egy a Freda, za nimi pak stoj\u00edc\u00ed Willy, Lilly, Ilka a Lotar. \" src=\"http:\/\/kehila-olomouc.cz\/rs\/wp-content\/uploads\/Grunwaldovi-2.jpg\" alt=\"\" width=\"536\" height=\"345\" srcset=\"https:\/\/kehila-olomouc.cz\/rs\/wp-content\/uploads\/Grunwaldovi-2.jpg 944w, https:\/\/kehila-olomouc.cz\/rs\/wp-content\/uploads\/Grunwaldovi-2-300x193.jpg 300w\" sizes=\"(max-width: 536px) 100vw, 536px\" \/><\/a><\/p>\n<p style=\"text-align: center;\">foto Gr\u00fcnwaldovi \u2013 zleva: Lotar, Lilly, Ilka, <strong>Marta<\/strong>, Willy<\/p>\n<p style=\"text-align: center;\"><a href=\"http:\/\/kehila-olomouc.cz\/rs\/wp-content\/uploads\/Grunwaldovi-1.jpg\"><img loading=\"lazy\" decoding=\"async\" class=\"aligncenter wp-image-5300\" title=\"foto Gr\u00fcnwaldovi \u2013 zleva: Lotar, Lilly, Ilka, Marta, Willy\" src=\"http:\/\/kehila-olomouc.cz\/rs\/wp-content\/uploads\/Grunwaldovi-1-1024x714.jpg\" alt=\"\" width=\"581\" height=\"405\" srcset=\"https:\/\/kehila-olomouc.cz\/rs\/wp-content\/uploads\/Grunwaldovi-1-1024x714.jpg 1024w, https:\/\/kehila-olomouc.cz\/rs\/wp-content\/uploads\/Grunwaldovi-1-300x209.jpg 300w, https:\/\/kehila-olomouc.cz\/rs\/wp-content\/uploads\/Grunwaldovi-1.jpg 1026w\" sizes=\"(max-width: 581px) 100vw, 581px\" \/><\/a><\/p>\n","protected":false},"excerpt":{"rendered":"<div style=\\\"text-align:justify;\\\">Adresa:\u00a0Pavel\u010d\u00e1kova 3\/17,\u00a0Olomouc &#8211; m\u011bsto<br \/>\nsou\u0159adnice: N49\u00b0 35&#8242; 32.38&#8243; E17\u00b0 15&#8242; 1.65&#8243;<br \/>\nK\u00e1men zmizel\u00fdch polo\u017een: 2011<br \/>\n&nbsp;<\/p>\n<p>&nbsp;<br \/>\n&nbsp;<br \/>\n&nbsp;<br \/>\n&nbsp;<br \/>\n&nbsp;<br \/>\n&nbsp;<br \/>\n&nbsp;<br \/>\n&nbsp;<br \/>\nN\u00e1pis na kameni:<br \/>\nZDE BYDLELA<br \/>\nMARTA HIKLOV\u00c1<br \/>\nNAR. 1902<br \/>\nDEPORTOV\u00c1NA 1942<br \/>\nDO TEREZ\u00cdNA<br \/>\nZAVRA\u017dD\u011aNA<br \/>\nV TREBLINCE<br \/>\nDal\u0161\u00ed zn\u00e1m\u00e9 \u00fadaje:<br \/>\nnarozena 18. 03. 1902<br \/>\ntransport AAm-118 (04. 07. 1942 Olomouc -&gt; Terez\u00edn)<br \/>\ntransport Bu-191 (08. 10. 1942 Terez\u00edn -&gt; Treblinka)<br \/>\nzahynula<br \/>\nOb\u011b\u0165 v datab\u00e1zi Institutu Terez\u00ednsk\u00e9 iniciativy<br \/>\nMarta Hiklov\u00e1, rozen\u00e1 Gr\u00fcnwald, se narodila 18. 3. 1902 (jej\u00ed rodi\u010de Nathan Gr\u00fcnwald, matka Josefine roz. Karpfen). Od 15. 4. 1904 m\u00e1 bratra Williho, pot\u00e9 rodina p\u0159es\u00eddlila do Olomouce. V\u00a0Olomouci se narodili postupn\u011b dal\u0161\u00ed sourozenci &#8211; sestra Irma 4. 8. 1908, kter\u00e1 ji\u017e ve v\u011bku t\u0159\u00ed &#8230;<\/p><\/div>\n","protected":false},"author":3,"featured_media":0,"parent":7602,"menu_order":0,"comment_status":"closed","ping_status":"closed","template":"","meta":{"ngg_post_thumbnail":0,"footnotes":""},"class_list":["post-5310","page","type-page","status-publish","hentry"],"_links":{"self":[{"href":"https:\/\/kehila-olomouc.cz\/rs\/wp-json\/wp\/v2\/pages\/5310"}],"collection":[{"href":"https:\/\/kehila-olomouc.cz\/rs\/wp-json\/wp\/v2\/pages"}],"about":[{"href":"https:\/\/kehila-olomouc.cz\/rs\/wp-json\/wp\/v2\/types\/page"}],"author":[{"embeddable":true,"href":"https:\/\/kehila-olomouc.cz\/rs\/wp-json\/wp\/v2\/users\/3"}],"replies":[{"embeddable":true,"href":"https:\/\/kehila-olomouc.cz\/rs\/wp-json\/wp\/v2\/comments?post=5310"}],"version-history":[{"count":11,"href":"https:\/\/kehila-olomouc.cz\/rs\/wp-json\/wp\/v2\/pages\/5310\/revisions"}],"predecessor-version":[{"id":7741,"href":"https:\/\/kehila-olomouc.cz\/rs\/wp-json\/wp\/v2\/pages\/5310\/revisions\/7741"}],"up":[{"embeddable":true,"href":"https:\/\/kehila-olomouc.cz\/rs\/wp-json\/wp\/v2\/pages\/7602"}],"wp:attachment":[{"href":"https:\/\/kehila-olomouc.cz\/rs\/wp-json\/wp\/v2\/media?parent=5310"}],"curies":[{"name":"wp","href":"https:\/\/api.w.org\/{rel}","templated":true}]}}