{"id":5296,"date":"2012-08-25T23:48:46","date_gmt":"2012-08-25T21:48:46","guid":{"rendered":"http:\/\/kehila-olomouc.cz\/rs\/?page_id=5296"},"modified":"2015-12-04T10:48:32","modified_gmt":"2015-12-04T08:48:32","slug":"ruzena-grunwaldova","status":"publish","type":"page","link":"https:\/\/kehila-olomouc.cz\/rs\/soucastnost\/stolpersteine-2\/ruzena-grunwaldova\/","title":{"rendered":"R\u016f\u017eena Gr\u00fcnwaldov\u00e1"},"content":{"rendered":"<p>Adresa:\u00a0<a href=\"https:\/\/www.google.com\/maps\/d\/viewer?mid=zFcC0AXi_eZA.kr_Q-_iTZAOc\" target=\"_blank\"><strong>Doln\u00ed n\u00e1m\u011bst\u00ed 53\/35, Olomouc &#8211; m\u011bsto<\/strong><\/a><br \/>\nsou\u0159adnice: N49\u00b0 35&#8242; 30.07&#8243; E17\u00b0 15&#8242; 10.10&#8243;<br \/>\nK\u00e1men zmizel\u00fdch polo\u017een: 2011<\/p>\n<p><a href=\"http:\/\/kehila-olomouc.cz\/rs\/wp-content\/uploads\/grunwaldova_ruzena_kamen.jpg\"><img loading=\"lazy\" decoding=\"async\" class=\"alignleft wp-image-5297\" title=\"R\u016f\u017eena Gr\u00fcnwaldov\u00e1\" src=\"http:\/\/kehila-olomouc.cz\/rs\/wp-content\/uploads\/grunwaldova_ruzena_kamen-287x300.jpg\" alt=\"\" width=\"230\" height=\"240\" srcset=\"https:\/\/kehila-olomouc.cz\/rs\/wp-content\/uploads\/grunwaldova_ruzena_kamen-287x300.jpg 287w, https:\/\/kehila-olomouc.cz\/rs\/wp-content\/uploads\/grunwaldova_ruzena_kamen.jpg 451w\" sizes=\"(max-width: 230px) 100vw, 230px\" \/><\/a><\/p>\n<p>&nbsp;<\/p>\n<p>&nbsp;<\/p>\n<p>&nbsp;<\/p>\n<p>&nbsp;<\/p>\n<p>&nbsp;<\/p>\n<p>&nbsp;<\/p>\n<p>&nbsp;<\/p>\n<p>&nbsp;<\/p>\n<p>N\u00e1pis na kameni:<\/p>\n<p>ZDE BYDLELA<br \/>\nR\u016e\u017dENA GR\u00dcNWALDOV\u00c1<br \/>\nNAR. 1883<br \/>\nDEPORTOV\u00c1NA 1942<br \/>\nDO TEREZ\u00cdNA<br \/>\nZAVRA\u017dD\u011aNA 1942<br \/>\nV BARANOVI\u010cI<\/p>\n<p>Dal\u0161\u00ed zn\u00e1m\u00e9 \u00fadaje:<br \/>\nnarozena 17. 12. 1883<br \/>\ntransport AAm-120 (04. 07. 1942 Olomouc -&gt; Terez\u00edn)<br \/>\ntransport AAy-179 (28. 07. 1942 Terez\u00edn -&gt; Baranovi\u010di)<br \/>\nzahynula<\/p>\n<p><a href=\"http:\/\/holocaust.cz\/cz\/victims\/PERSON.ITI.1420056\" target=\"_blank\">Ob\u011b\u0165 v datab\u00e1zi Institutu Terez\u00ednsk\u00e9 iniciativy<\/a><\/p>\n<p style=\"text-align: justify;\">Foto Gr\u00fcnwaldovi z roku 1937, v prvn\u00ed \u0159ad\u011b sed\u00edc\u00ed zleva <a href=\"http:\/\/kehila-olomouc.cz\/rs\/soucastnost\/stolpersteine\/marta-hiklova\/\"><strong>Marta<\/strong><\/a> \u2013 <a href=\"http:\/\/kehila-olomouc.cz\/rs\/soucastnost\/stolpersteine\/josefa-grunwaldova\/\"><strong>Josefine<\/strong><\/a> \u2013 <a href=\"http:\/\/kehila-olomouc.cz\/rs\/soucastnost\/stolpersteine\/nathan-grunwald\/%20\"><strong>Nathan<\/strong><\/a> \u2013 <strong>R\u016f\u017eena <\/strong>Gr\u00fcnwaldov\u00e1\u00a0 (man\u017eelka Williho) \u2013 uprost\u0159ed p\u0159ed nimi stoj\u00edc\u00ed synov\u00e9 Williho\/R\u016f\u017eenky &#8211; Egy a Freda, za nimi pak stoj\u00edc\u00ed Willy, Lilly, Ilka a Lotar.<\/p>\n<p style=\"text-align: center;\"><a href=\"http:\/\/kehila-olomouc.cz\/rs\/wp-content\/uploads\/Grunwaldovi-2.jpg\"><img loading=\"lazy\" decoding=\"async\" class=\"aligncenter wp-image-5301\" title=\"foto Gr\u00fcnwaldovi z roku 1937, v prvn\u00ed \u0159ad\u011b sed\u00edc\u00ed zleva Marta \u2013 Josefine \u2013 Nathan \u2013 R\u016f\u017eenka (man\u017eelka Williho) \u2013 uprost\u0159ed mezi nimi stoj\u00edc\u00ed synov\u00e9 Williho\/R\u016f\u017eenky Egy a Freda, za nimi pak stoj\u00edc\u00ed Willy, Lilly, Ilka a Lotar. \" src=\"http:\/\/kehila-olomouc.cz\/rs\/wp-content\/uploads\/Grunwaldovi-2.jpg\" alt=\"\" width=\"536\" height=\"345\" srcset=\"https:\/\/kehila-olomouc.cz\/rs\/wp-content\/uploads\/Grunwaldovi-2.jpg 944w, https:\/\/kehila-olomouc.cz\/rs\/wp-content\/uploads\/Grunwaldovi-2-300x193.jpg 300w\" sizes=\"(max-width: 536px) 100vw, 536px\" \/><\/a><\/p>\n","protected":false},"excerpt":{"rendered":"<p>Adresa:\u00a0Doln\u00ed n\u00e1m\u011bst\u00ed 53\/35, Olomouc &#8211; m\u011bsto<br \/>\nsou\u0159adnice: N49\u00b0 35&#8242; 30.07&#8243; E17\u00b0 15&#8242; 10.10&#8243;<br \/>\nK\u00e1men zmizel\u00fdch polo\u017een: 2011<\/p>\n<p>&nbsp;<br \/>\n&nbsp;<br \/>\n&nbsp;<br \/>\n&nbsp;<br \/>\n&nbsp;<br \/>\n&nbsp;<br \/>\n&nbsp;<br \/>\n&nbsp;<br \/>\nN\u00e1pis na kameni:<br \/>\nZDE BYDLELA<br \/>\nR\u016e\u017dENA GR\u00dcNWALDOV\u00c1<br \/>\nNAR. 1883<br \/>\nDEPORTOV\u00c1NA 1942<br \/>\nDO TEREZ\u00cdNA<br \/>\nZAVRA\u017dD\u011aNA 1942<br \/>\nV BARANOVI\u010cI<br \/>\nDal\u0161\u00ed zn\u00e1m\u00e9 \u00fadaje:<br \/>\nnarozena 17. 12. 1883<br \/>\ntransport AAm-120 (04. 07. 1942 Olomouc -&gt; Terez\u00edn)<br \/>\ntransport AAy-179 (28. 07. 1942 Terez\u00edn -&gt; Baranovi\u010di)<br \/>\nzahynula<br \/>\nOb\u011b\u0165 v datab\u00e1zi Institutu Terez\u00ednsk\u00e9 iniciativy<br \/>\nFoto Gr\u00fcnwaldovi z roku 1937, v prvn\u00ed \u0159ad\u011b sed\u00edc\u00ed zleva Marta \u2013 Josefine \u2013 Nathan \u2013 R\u016f\u017eena Gr\u00fcnwaldov\u00e1\u00a0 (man\u017eelka Williho) \u2013 uprost\u0159ed p\u0159ed nimi stoj\u00edc\u00ed synov\u00e9 Williho\/R\u016f\u017eenky &#8211; Egy a Freda, za nimi pak stoj\u00edc\u00ed Willy, Lilly, Ilka a Lotar.<\/p>\n","protected":false},"author":3,"featured_media":0,"parent":7602,"menu_order":0,"comment_status":"closed","ping_status":"closed","template":"","meta":{"ngg_post_thumbnail":0,"footnotes":""},"class_list":["post-5296","page","type-page","status-publish","hentry"],"_links":{"self":[{"href":"https:\/\/kehila-olomouc.cz\/rs\/wp-json\/wp\/v2\/pages\/5296"}],"collection":[{"href":"https:\/\/kehila-olomouc.cz\/rs\/wp-json\/wp\/v2\/pages"}],"about":[{"href":"https:\/\/kehila-olomouc.cz\/rs\/wp-json\/wp\/v2\/types\/page"}],"author":[{"embeddable":true,"href":"https:\/\/kehila-olomouc.cz\/rs\/wp-json\/wp\/v2\/users\/3"}],"replies":[{"embeddable":true,"href":"https:\/\/kehila-olomouc.cz\/rs\/wp-json\/wp\/v2\/comments?post=5296"}],"version-history":[{"count":8,"href":"https:\/\/kehila-olomouc.cz\/rs\/wp-json\/wp\/v2\/pages\/5296\/revisions"}],"predecessor-version":[{"id":7737,"href":"https:\/\/kehila-olomouc.cz\/rs\/wp-json\/wp\/v2\/pages\/5296\/revisions\/7737"}],"up":[{"embeddable":true,"href":"https:\/\/kehila-olomouc.cz\/rs\/wp-json\/wp\/v2\/pages\/7602"}],"wp:attachment":[{"href":"https:\/\/kehila-olomouc.cz\/rs\/wp-json\/wp\/v2\/media?parent=5296"}],"curies":[{"name":"wp","href":"https:\/\/api.w.org\/{rel}","templated":true}]}}