{"id":5278,"date":"2012-08-25T22:30:34","date_gmt":"2012-08-25T20:30:34","guid":{"rendered":"http:\/\/kehila-olomouc.cz\/rs\/?page_id=5278"},"modified":"2015-12-04T10:48:11","modified_gmt":"2015-12-04T08:48:11","slug":"nathan-grunwald","status":"publish","type":"page","link":"https:\/\/kehila-olomouc.cz\/rs\/soucastnost\/stolpersteine-2\/nathan-grunwald\/","title":{"rendered":"Nathan Gr\u00fcnwald"},"content":{"rendered":"<p>Adresa:\u00a0<a href=\"https:\/\/www.google.com\/maps\/d\/viewer?mid=zFcC0AXi_eZA.kr_Q-_iTZAOc\" target=\"_blank\"><strong>Uheln\u00e1 4 (\u010dp. 34 zbo\u0159eno), Olomouc &#8211; m\u011bsto<\/strong><\/a><br \/>\nsou\u0159adnice: N49\u00b0 35&#8242; 31.98&#8243; E17\u00b0 15&#8242; 3.86&#8243;<br \/>\nK\u00e1men zmizel\u00fdch polo\u017een: 2011<\/p>\n<p><a href=\"http:\/\/kehila-olomouc.cz\/rs\/wp-content\/uploads\/grunwald_nathan_kamen.jpg\"><img loading=\"lazy\" decoding=\"async\" class=\"alignleft wp-image-5279\" title=\"Nathan Gr\u00fcnwald\" src=\"http:\/\/kehila-olomouc.cz\/rs\/wp-content\/uploads\/grunwald_nathan_kamen-298x300.jpg\" alt=\"\" width=\"238\" height=\"240\" srcset=\"https:\/\/kehila-olomouc.cz\/rs\/wp-content\/uploads\/grunwald_nathan_kamen-298x300.jpg 298w, https:\/\/kehila-olomouc.cz\/rs\/wp-content\/uploads\/grunwald_nathan_kamen-150x150.jpg 150w, https:\/\/kehila-olomouc.cz\/rs\/wp-content\/uploads\/grunwald_nathan_kamen.jpg 489w\" sizes=\"(max-width: 238px) 100vw, 238px\" \/><\/a><\/p>\n<p>&nbsp;<\/p>\n<p>&nbsp;<\/p>\n<p>&nbsp;<\/p>\n<p>&nbsp;<\/p>\n<p>&nbsp;<\/p>\n<p>&nbsp;<\/p>\n<p>&nbsp;<\/p>\n<p>&nbsp;<\/p>\n<p>N\u00e1pis na kameni:<\/p>\n<p>ZDE BYDLEL<br \/>\nNATHAN GR\u00dcNWALD<br \/>\nNAR. 1867<br \/>\nDEPORTOV\u00c1N 1942<br \/>\nDO TEREZ\u00cdNA<br \/>\nZAVRA\u017dD\u011aN 1942<br \/>\nTAMT\u00c9\u017d<\/p>\n<p>Dal\u0161\u00ed zn\u00e1m\u00e9 \u00fadaje:<br \/>\nnarozen 10. 06. 1867<br \/>\ntransport AAm-116 (04. 07. 1942 Olomouc -&gt; Terez\u00edn)<br \/>\nzahynul 22. 10. 1942 Terez\u00edn<\/p>\n<p><a href=\"http:\/\/holocaust.cz\/cz\/victims\/PERSON.ITI.1419835\" target=\"_blank\">Ob\u011b\u0165 v datab\u00e1zi Institutu Terez\u00ednsk\u00e9 iniciativy<\/a><\/p>\n<p style=\"text-align: center;\"><strong>Nathan Gr\u00fcnwald <\/strong>v roce 1926<\/p>\n<p style=\"text-align: center;\"><a href=\"http:\/\/kehila-olomouc.cz\/rs\/wp-content\/uploads\/Nathan-1926.jpg\"><img loading=\"lazy\" decoding=\"async\" class=\"aligncenter wp-image-5284\" title=\"Nathan Gr\u00fcnwald v roce 1926\" src=\"http:\/\/kehila-olomouc.cz\/rs\/wp-content\/uploads\/Nathan-1926-659x1024.jpg\" alt=\"\" width=\"461\" height=\"717\" srcset=\"https:\/\/kehila-olomouc.cz\/rs\/wp-content\/uploads\/Nathan-1926-659x1024.jpg 659w, https:\/\/kehila-olomouc.cz\/rs\/wp-content\/uploads\/Nathan-1926-193x300.jpg 193w, https:\/\/kehila-olomouc.cz\/rs\/wp-content\/uploads\/Nathan-1926.jpg 824w\" sizes=\"(max-width: 461px) 100vw, 461px\" \/><\/a><\/p>\n<p style=\"text-align: center;\"><a href=\"http:\/\/kehila-olomouc.cz\/rs\/soucastnost\/stolpersteine\/josefa-grunwaldova\/\"><strong>Josephine<\/strong><\/a> a <strong>Nathan<\/strong> Gr\u00fcnwaldovi v roce 1926<\/p>\n<p style=\"text-align: center;\"><a href=\"http:\/\/kehila-olomouc.cz\/rs\/wp-content\/uploads\/Josephine-Nathan-1926.jpg\"><img loading=\"lazy\" decoding=\"async\" class=\"aligncenter wp-image-5283\" title=\"Josephine a Nathan Gr\u00fcnwaldovi v roce 1926\" src=\"http:\/\/kehila-olomouc.cz\/rs\/wp-content\/uploads\/Josephine-Nathan-1926-1024x683.jpg\" alt=\"\" width=\"553\" height=\"369\" srcset=\"https:\/\/kehila-olomouc.cz\/rs\/wp-content\/uploads\/Josephine-Nathan-1926-1024x683.jpg 1024w, https:\/\/kehila-olomouc.cz\/rs\/wp-content\/uploads\/Josephine-Nathan-1926-300x200.jpg 300w, https:\/\/kehila-olomouc.cz\/rs\/wp-content\/uploads\/Josephine-Nathan-1926.jpg 1245w\" sizes=\"(max-width: 553px) 100vw, 553px\" \/><\/a><\/p>\n<p style=\"text-align: center;\">D\u016fm Uheln\u00e1 4 kde bydleli <a href=\"http:\/\/kehila-olomouc.cz\/rs\/soucastnost\/stolpersteine\/josefa-grunwaldova\/\"><strong>Josephine<\/strong><\/a> a <strong>Nathan<\/strong> Gr\u00fcnwaldovi, kter\u00fd dnes ji\u017e nestoj\u00ed.<\/p>\n<p style=\"text-align: center;\"><a href=\"http:\/\/kehila-olomouc.cz\/rs\/wp-content\/uploads\/D\u016fm-Uheln\u00e1-4.jpg\"><img loading=\"lazy\" decoding=\"async\" class=\"aligncenter wp-image-5282\" title=\"D\u016fm Uheln\u00e1 4 kde bydleli Josephine a Nathan Gr\u00fcnwaldovi, kter\u00fd dnes ji\u017e nestoj\u00ed.\" src=\"http:\/\/kehila-olomouc.cz\/rs\/wp-content\/uploads\/D\u016fm-Uheln\u00e1-4.jpg\" alt=\"\" width=\"566\" height=\"434\" srcset=\"https:\/\/kehila-olomouc.cz\/rs\/wp-content\/uploads\/D\u016fm-Uheln\u00e1-4.jpg 944w, https:\/\/kehila-olomouc.cz\/rs\/wp-content\/uploads\/D\u016fm-Uheln\u00e1-4-300x230.jpg 300w\" sizes=\"(max-width: 566px) 100vw, 566px\" \/><\/a><\/p>\n<p style=\"text-align: justify;\"><strong>Nathan<\/strong> Gr\u00fcnwald se narodil 10.6.1867 ve Floridsdorfu (jeho rodi\u010de Salomon Gr\u00fcnwald nar. 13.2.1846 v\u00a0Alt Leopoldau, matka Johanna Hahn nar. 26.7.1844 Wien) \u017eil po svatb\u011b 24.3.1901 s\u00a0<a href=\"http:\/\/kehila-olomouc.cz\/rs\/soucastnost\/stolpersteine\/josefa-grunwaldova\/\"><strong>Josefinou<\/strong><\/a> G. rozenou Karpfen ve Wiener Neustadtu a v\u00a0Mikulov\u011b. 18. 3. 1902 se jim narodila prvn\u00ed dcera <a href=\"http:\/\/kehila-olomouc.cz\/rs\/soucastnost\/stolpersteine\/marta-hiklova\/\"><strong>Marta<\/strong><\/a> a n\u00e1sledn\u011b 15. 4. 1904 syn Willy, pot\u00e9 rodina p\u0159es\u00eddlila do Olomouce. V\u00a0Olomouci se jim narodila dcera Irma 4. 8. 1908, kter\u00e1 ale ji\u017e ve v\u011bku t\u0159\u00ed let zem\u0159ela 29. 8. 1911 (poh\u0159bena v\u00a0d\u011btsk\u00e9 \u010d\u00e1sti ol. \u017eidovsk\u00e9ho h\u0159bitova) a pot\u00e9 p\u0159ich\u00e1zej\u00ed v jednom kalend\u00e1\u0159n\u00edm roce na sv\u011bt syn Lotar 25. 1. 1914 a dcera Ilka dne 23. 12. 1914 a n\u00e1sledn\u011b dcera Lilly 8. 2. 1916.<\/p>\n<p style=\"text-align: justify;\">Cel\u00e1 rodina m\u011bla bl\u00edzko k\u00a0olomouck\u00e9mu rab\u00ednovi Oppenheimovi (v\u0161echny jeho dcery m\u011bly hudebn\u00ed vzd\u011bl\u00e1n\u00ed a zp\u00edvaly v\u00a0synagog\u00e1ln\u00edm sboru). K\u00a0pravideln\u00fdm z\u00e1kazn\u00edk\u016fm obchodu se staro\u017eitnostmi na Doln\u00edm n\u00e1m\u011bst\u00ed pat\u0159ili v\u00fdznamn\u00ed olomou\u010dt\u00ed m\u011b\u0161\u0165an\u00e9 i hodnost\u00e1\u0159i bez rozd\u00edlu vyzn\u00e1n\u00ed v\u010d. olomouck\u00e9ho arcibiskupa nebo majitele z\u00e1mku v\u00a0N\u00e1m\u011b\u0161ti n. Han\u00e9 Ot\u00e1hala. 10. \u010dervna 1937 zve\u0159ej\u0148uje M\u00e4hrisches Tagblatt blahop\u0159\u00e1n\u00ed k\u00a0jeho 70. narozenin\u00e1m, kde se mj. tak\u00e9 konstatuje: \u201eEr ist in weiten Kreisen wegen seiner Sachkenntnis und der soliden Durchf\u00fchrung ihm \u00fcbertragener Aufgaben bestens bekannt und erfreut sich allgemeiner Beliebtheit\u201c.<\/p>\n<p style=\"text-align: justify;\">Je\u0161t\u011b na po\u010d\u00e1tku r. 1939 byla cel\u00e1 rodina pohromad\u011b vyjma syna Williho, kter\u00fd \u017eil od r. 1926 s\u00a0ne\u017eidovskou man\u017eelkou na Slovensku. V l\u00e9t\u011b 1939 se poda\u0159ilo emigrovat ob\u011bma nejmlad\u0161\u00edm dcer\u00e1m Ilce (vdan\u00e1 Rosenbaum), Lilly (vdan\u00e1 Wertheimer) a synovi Lotarovi. <strong>Nathan<\/strong> i ostatn\u00ed \u010dlenov\u00e9 rodiny v Olomouci m\u011bli sice p\u0159ipraveny pasy k\u00a0vycestov\u00e1n\u00ed, ale odm\u00edtli opustit republiku a z\u016fstali s\u00a0nejstar\u0161\u00ed dcerou <a href=\"http:\/\/kehila-olomouc.cz\/rs\/soucastnost\/stolpersteine\/marta-hiklova\/\"><strong>Martou<\/strong><\/a> (provdanou\u00a0Hiklovou) a jej\u00edm synem <a href=\"http:\/\/kehila-olomouc.cz\/rs\/soucastnost\/stolpersteine\/erich-hikl\/\"><strong>Erichem<\/strong><\/a> v\u00a0Olomouci.<\/p>\n<p style=\"text-align: justify;\">Od 1. 9. 1941 byla p\u0159edeps\u00e1na povinnost nosit Davidovu hv\u011bzdu na od\u011bvu a po ji\u017e d\u0159\u00edve vynucen\u00e9m prodeji domu v\u00a0Pavel\u010d\u00e1kov\u011b ulici a zabaven\u00ed majetku byl <strong>Nathan<\/strong> v transportu AAm pod \u010d\u00edslem 116 p\u0159evezen z\u00a0Olomouce 4. 7. 1942 do Terez\u00edna,\u00a0 kde ale ji\u017e po 3 m\u011bs\u00edc\u00edch um\u00edr\u00e1 dne 22. 10. 1942.<\/p>\n<p style=\"text-align: justify;\">Foto Gr\u00fcnwaldovi z roku 1937, v prvn\u00ed \u0159ad\u011b sed\u00edc\u00ed zleva\u00a0<a href=\"http:\/\/kehila-olomouc.cz\/rs\/soucastnost\/stolpersteine\/marta-hiklova\/\"><strong>Marta<\/strong><\/a>\u00a0\u2013\u00a0<a href=\"http:\/\/kehila-olomouc.cz\/rs\/soucastnost\/stolpersteine\/josefa-grunwaldova\/\"><strong>Josefine<\/strong><\/a>\u00a0\u2013\u00a0<strong>Nathan<\/strong>\u00a0\u2013\u00a0<a href=\"http:\/\/kehila-olomouc.cz\/rs\/soucastnost\/stolpersteine\/ruzena-grunwaldova\/\"><strong>R\u016f\u017eena\u00a0<\/strong><\/a>Gr\u00fcnwaldov\u00e1\u00a0 (man\u017eelka Williho) \u2013 uprost\u0159ed p\u0159ed nimi stoj\u00edc\u00ed synov\u00e9 Williho\/R\u016f\u017eenky &#8211; Egy a Freda, za nimi pak stoj\u00edc\u00ed Willy, Lilly, Ilka a Lotar.<\/p>\n<p style=\"text-align: center;\"><a href=\"http:\/\/kehila-olomouc.cz\/rs\/wp-content\/uploads\/Grunwaldovi-2.jpg\"><img loading=\"lazy\" decoding=\"async\" class=\"aligncenter wp-image-5301\" title=\"foto Gr\u00fcnwaldovi z roku 1937, v prvn\u00ed \u0159ad\u011b sed\u00edc\u00ed zleva Marta \u2013 Josefine \u2013 Nathan \u2013 R\u016f\u017eenka (man\u017eelka Williho) \u2013 uprost\u0159ed mezi nimi stoj\u00edc\u00ed synov\u00e9 Williho\/R\u016f\u017eenky Egy a Freda, za nimi pak stoj\u00edc\u00ed Willy, Lilly, Ilka a Lotar. \" src=\"http:\/\/kehila-olomouc.cz\/rs\/wp-content\/uploads\/Grunwaldovi-2.jpg\" alt=\"\" width=\"529\" height=\"341\" srcset=\"https:\/\/kehila-olomouc.cz\/rs\/wp-content\/uploads\/Grunwaldovi-2.jpg 944w, https:\/\/kehila-olomouc.cz\/rs\/wp-content\/uploads\/Grunwaldovi-2-300x193.jpg 300w\" sizes=\"(max-width: 529px) 100vw, 529px\" \/><\/a><\/p>\n","protected":false},"excerpt":{"rendered":"<div style=\\\"text-align:justify;\\\">Adresa:\u00a0Uheln\u00e1 4 (\u010dp. 34 zbo\u0159eno), Olomouc &#8211; m\u011bsto<br \/>\nsou\u0159adnice: N49\u00b0 35&#8242; 31.98&#8243; E17\u00b0 15&#8242; 3.86&#8243;<br \/>\nK\u00e1men zmizel\u00fdch polo\u017een: 2011<\/p>\n<p>&nbsp;<br \/>\n&nbsp;<br \/>\n&nbsp;<br \/>\n&nbsp;<br \/>\n&nbsp;<br \/>\n&nbsp;<br \/>\n&nbsp;<br \/>\n&nbsp;<br \/>\nN\u00e1pis na kameni:<br \/>\nZDE BYDLEL<br \/>\nNATHAN GR\u00dcNWALD<br \/>\nNAR. 1867<br \/>\nDEPORTOV\u00c1N 1942<br \/>\nDO TEREZ\u00cdNA<br \/>\nZAVRA\u017dD\u011aN 1942<br \/>\nTAMT\u00c9\u017d<br \/>\nDal\u0161\u00ed zn\u00e1m\u00e9 \u00fadaje:<br \/>\nnarozen 10. 06. 1867<br \/>\ntransport AAm-116 (04. 07. 1942 Olomouc -&gt; Terez\u00edn)<br \/>\nzahynul 22. 10. 1942 Terez\u00edn<br \/>\nOb\u011b\u0165 v datab\u00e1zi Institutu Terez\u00ednsk\u00e9 iniciativy<br \/>\nNathan Gr\u00fcnwald v roce 1926<\/p>\n<p>Josephine a Nathan Gr\u00fcnwaldovi v roce 1926<\/p>\n<p>D\u016fm Uheln\u00e1 4 kde bydleli Josephine a Nathan Gr\u00fcnwaldovi, kter\u00fd dnes ji\u017e nestoj\u00ed.<\/p>\n<p>Nathan Gr\u00fcnwald se narodil 10.6.1867 ve Floridsdorfu (jeho rodi\u010de Salomon Gr\u00fcnwald nar. 13.2.1846 v\u00a0Alt Leopoldau, matka Johanna Hahn nar. 26.7.1844 Wien) \u017eil po &#8230;<\/p><\/div>\n","protected":false},"author":3,"featured_media":0,"parent":7602,"menu_order":0,"comment_status":"closed","ping_status":"closed","template":"","meta":{"ngg_post_thumbnail":0,"footnotes":""},"class_list":["post-5278","page","type-page","status-publish","hentry"],"_links":{"self":[{"href":"https:\/\/kehila-olomouc.cz\/rs\/wp-json\/wp\/v2\/pages\/5278"}],"collection":[{"href":"https:\/\/kehila-olomouc.cz\/rs\/wp-json\/wp\/v2\/pages"}],"about":[{"href":"https:\/\/kehila-olomouc.cz\/rs\/wp-json\/wp\/v2\/types\/page"}],"author":[{"embeddable":true,"href":"https:\/\/kehila-olomouc.cz\/rs\/wp-json\/wp\/v2\/users\/3"}],"replies":[{"embeddable":true,"href":"https:\/\/kehila-olomouc.cz\/rs\/wp-json\/wp\/v2\/comments?post=5278"}],"version-history":[{"count":13,"href":"https:\/\/kehila-olomouc.cz\/rs\/wp-json\/wp\/v2\/pages\/5278\/revisions"}],"predecessor-version":[{"id":7733,"href":"https:\/\/kehila-olomouc.cz\/rs\/wp-json\/wp\/v2\/pages\/5278\/revisions\/7733"}],"up":[{"embeddable":true,"href":"https:\/\/kehila-olomouc.cz\/rs\/wp-json\/wp\/v2\/pages\/7602"}],"wp:attachment":[{"href":"https:\/\/kehila-olomouc.cz\/rs\/wp-json\/wp\/v2\/media?parent=5278"}],"curies":[{"name":"wp","href":"https:\/\/api.w.org\/{rel}","templated":true}]}}