{"id":5261,"date":"2012-08-25T22:10:03","date_gmt":"2012-08-25T20:10:03","guid":{"rendered":"http:\/\/kehila-olomouc.cz\/rs\/?page_id=5261"},"modified":"2015-12-04T10:47:39","modified_gmt":"2015-12-04T08:47:39","slug":"walter-furst","status":"publish","type":"page","link":"https:\/\/kehila-olomouc.cz\/rs\/soucastnost\/stolpersteine-2\/walter-furst\/","title":{"rendered":"Walter F\u00fcrst"},"content":{"rendered":"<p>Adresa:\u00a0<a href=\"https:\/\/www.google.com\/maps\/d\/viewer?mid=zFcC0AXi_eZA.kr_Q-_iTZAOc\" target=\"_blank\"><strong>t\u0159. Spojenc\u016f 716\/22, Olomouc \u2013 m\u011bsto<\/strong><\/a><br \/>\nsou\u0159adnice: N49\u00b0 35&#8242; 28.63&#8243; E17\u00b0 14&#8242; 51.30&#8243;<br \/>\nK\u00e1men zmizel\u00fdch polo\u017een: 2011<\/p>\n<p><a href=\"http:\/\/kehila-olomouc.cz\/rs\/wp-content\/uploads\/furst_walter_kamen.jpg\"><img loading=\"lazy\" decoding=\"async\" class=\"alignleft wp-image-5262\" title=\"Walter F\u00fcrst\" src=\"http:\/\/kehila-olomouc.cz\/rs\/wp-content\/uploads\/furst_walter_kamen-296x300.jpg\" alt=\"\" width=\"237\" height=\"240\" srcset=\"https:\/\/kehila-olomouc.cz\/rs\/wp-content\/uploads\/furst_walter_kamen-296x300.jpg 296w, https:\/\/kehila-olomouc.cz\/rs\/wp-content\/uploads\/furst_walter_kamen.jpg 478w\" sizes=\"(max-width: 237px) 100vw, 237px\" \/><\/a><\/p>\n<p>&nbsp;<\/p>\n<p>&nbsp;<\/p>\n<p>&nbsp;<\/p>\n<p>&nbsp;<\/p>\n<p>&nbsp;<\/p>\n<p>&nbsp;<\/p>\n<p>&nbsp;<\/p>\n<p>&nbsp;<\/p>\n<p>N\u00e1pis na kameni:<\/p>\n<p>ZDE BYDLEL<br \/>\nWALTER F\u00dcRST<br \/>\nNAR. 1888<br \/>\nDEPORTOV\u00c1N 1942<br \/>\nDO TEREZ\u00cdNA<br \/>\nZAVRA\u017dD\u011aN<br \/>\nV OSV\u011aTIMI<\/p>\n<p>Dal\u0161\u00ed zn\u00e1m\u00e9 \u00fadaje:<br \/>\nnarozen 04. 02. 1888<br \/>\ntransport AAm-100 (04. 07. 1942 Olomouc -&gt; Terez\u00edn)<br \/>\ntransport Dr-603 (15. 12. 1943 Terez\u00edn -&gt; Osv\u011btim)<br \/>\nzahynul<\/p>\n<p><a href=\"http:\/\/holocaust.cz\/cz\/victims\/PERSON.ITI.1372164\" target=\"_blank\">Ob\u011b\u0165 v datab\u00e1zi Institutu Terez\u00ednsk\u00e9 iniciativy<\/a><\/p>\n<p style=\"text-align: center;\"><strong>Walter F\u00fcrst<\/strong><\/p>\n<p style=\"text-align: center;\"><a href=\"http:\/\/kehila-olomouc.cz\/rs\/wp-content\/uploads\/01-Walter-Fuerst.jpg\"><img loading=\"lazy\" decoding=\"async\" class=\"aligncenter wp-image-5265\" title=\"Walter F\u00fcrst\" src=\"http:\/\/kehila-olomouc.cz\/rs\/wp-content\/uploads\/01-Walter-Fuerst.jpg\" alt=\"\" width=\"486\" height=\"708\" srcset=\"https:\/\/kehila-olomouc.cz\/rs\/wp-content\/uploads\/01-Walter-Fuerst.jpg 694w, https:\/\/kehila-olomouc.cz\/rs\/wp-content\/uploads\/01-Walter-Fuerst-205x300.jpg 205w\" sizes=\"(max-width: 486px) 100vw, 486px\" \/><\/a><\/p>\n<p style=\"text-align: center;\"><strong>Walter F\u00fcrst s man\u017eelkou Irmou, kter\u00e1 p\u0159e\u017eila Osv\u011btim.<\/strong><\/p>\n<p style=\"text-align: center;\"><a href=\"http:\/\/kehila-olomouc.cz\/rs\/wp-content\/uploads\/04-Walter-Fuerst-s-manzelkou-Irmou-prezila-Osvetim.jpg\"><img loading=\"lazy\" decoding=\"async\" class=\"aligncenter wp-image-5266\" title=\"Walter F\u00fcrst s man\u017eelkou Irmou, kter\u00e1 p\u0159e\u017eila Osv\u011btim.\" src=\"http:\/\/kehila-olomouc.cz\/rs\/wp-content\/uploads\/04-Walter-Fuerst-s-manzelkou-Irmou-prezila-Osvetim-1024x664.jpg\" alt=\"\" width=\"491\" height=\"318\" srcset=\"https:\/\/kehila-olomouc.cz\/rs\/wp-content\/uploads\/04-Walter-Fuerst-s-manzelkou-Irmou-prezila-Osvetim-1024x664.jpg 1024w, https:\/\/kehila-olomouc.cz\/rs\/wp-content\/uploads\/04-Walter-Fuerst-s-manzelkou-Irmou-prezila-Osvetim-300x194.jpg 300w, https:\/\/kehila-olomouc.cz\/rs\/wp-content\/uploads\/04-Walter-Fuerst-s-manzelkou-Irmou-prezila-Osvetim.jpg 1091w\" sizes=\"(max-width: 491px) 100vw, 491px\" \/><\/a><\/p>\n","protected":false},"excerpt":{"rendered":"<p>Adresa:\u00a0t\u0159. Spojenc\u016f 716\/22, Olomouc \u2013 m\u011bsto<br \/>\nsou\u0159adnice: N49\u00b0 35&#8242; 28.63&#8243; E17\u00b0 14&#8242; 51.30&#8243;<br \/>\nK\u00e1men zmizel\u00fdch polo\u017een: 2011<\/p>\n<p>&nbsp;<br \/>\n&nbsp;<br \/>\n&nbsp;<br \/>\n&nbsp;<br \/>\n&nbsp;<br \/>\n&nbsp;<br \/>\n&nbsp;<br \/>\n&nbsp;<br \/>\nN\u00e1pis na kameni:<br \/>\nZDE BYDLEL<br \/>\nWALTER F\u00dcRST<br \/>\nNAR. 1888<br \/>\nDEPORTOV\u00c1N 1942<br \/>\nDO TEREZ\u00cdNA<br \/>\nZAVRA\u017dD\u011aN<br \/>\nV OSV\u011aTIMI<br \/>\nDal\u0161\u00ed zn\u00e1m\u00e9 \u00fadaje:<br \/>\nnarozen 04. 02. 1888<br \/>\ntransport AAm-100 (04. 07. 1942 Olomouc -&gt; Terez\u00edn)<br \/>\ntransport Dr-603 (15. 12. 1943 Terez\u00edn -&gt; Osv\u011btim)<br \/>\nzahynul<br \/>\nOb\u011b\u0165 v datab\u00e1zi Institutu Terez\u00ednsk\u00e9 iniciativy<br \/>\nWalter F\u00fcrst<\/p>\n<p>Walter F\u00fcrst s man\u017eelkou Irmou, kter\u00e1 p\u0159e\u017eila Osv\u011btim.<\/p>\n","protected":false},"author":3,"featured_media":0,"parent":7602,"menu_order":0,"comment_status":"closed","ping_status":"closed","template":"","meta":{"ngg_post_thumbnail":0,"footnotes":""},"class_list":["post-5261","page","type-page","status-publish","hentry"],"_links":{"self":[{"href":"https:\/\/kehila-olomouc.cz\/rs\/wp-json\/wp\/v2\/pages\/5261"}],"collection":[{"href":"https:\/\/kehila-olomouc.cz\/rs\/wp-json\/wp\/v2\/pages"}],"about":[{"href":"https:\/\/kehila-olomouc.cz\/rs\/wp-json\/wp\/v2\/types\/page"}],"author":[{"embeddable":true,"href":"https:\/\/kehila-olomouc.cz\/rs\/wp-json\/wp\/v2\/users\/3"}],"replies":[{"embeddable":true,"href":"https:\/\/kehila-olomouc.cz\/rs\/wp-json\/wp\/v2\/comments?post=5261"}],"version-history":[{"count":7,"href":"https:\/\/kehila-olomouc.cz\/rs\/wp-json\/wp\/v2\/pages\/5261\/revisions"}],"predecessor-version":[{"id":7727,"href":"https:\/\/kehila-olomouc.cz\/rs\/wp-json\/wp\/v2\/pages\/5261\/revisions\/7727"}],"up":[{"embeddable":true,"href":"https:\/\/kehila-olomouc.cz\/rs\/wp-json\/wp\/v2\/pages\/7602"}],"wp:attachment":[{"href":"https:\/\/kehila-olomouc.cz\/rs\/wp-json\/wp\/v2\/media?parent=5261"}],"curies":[{"name":"wp","href":"https:\/\/api.w.org\/{rel}","templated":true}]}}