{"id":5258,"date":"2012-08-25T22:07:02","date_gmt":"2012-08-25T20:07:02","guid":{"rendered":"http:\/\/kehila-olomouc.cz\/rs\/?page_id=5258"},"modified":"2015-12-04T10:46:10","modified_gmt":"2015-12-04T08:46:10","slug":"karel-furst","status":"publish","type":"page","link":"https:\/\/kehila-olomouc.cz\/rs\/soucastnost\/stolpersteine-2\/karel-furst\/","title":{"rendered":"Karel F\u00fcrst"},"content":{"rendered":"<p>Adresa:\u00a0<a href=\"https:\/\/www.google.com\/maps\/d\/viewer?mid=zFcC0AXi_eZA.kr_Q-_iTZAOc\" target=\"_blank\"><strong>t\u0159. Spojenc\u016f 716\/22, Olomouc \u2013 m\u011bsto<\/strong><\/a><br \/>\nsou\u0159adnice: N49\u00b0 35&#8242; 28.63&#8243; E17\u00b0 14&#8242; 51.30&#8243;<br \/>\nK\u00e1men zmizel\u00fdch polo\u017een: 2011<\/p>\n<p><a href=\"http:\/\/kehila-olomouc.cz\/rs\/wp-content\/uploads\/furst_karel_kamen.jpg\"><img loading=\"lazy\" decoding=\"async\" class=\"alignleft wp-image-5259\" title=\"Karel F\u00fcrst\" src=\"http:\/\/kehila-olomouc.cz\/rs\/wp-content\/uploads\/furst_karel_kamen-292x300.jpg\" alt=\"\" width=\"234\" height=\"240\" srcset=\"https:\/\/kehila-olomouc.cz\/rs\/wp-content\/uploads\/furst_karel_kamen-292x300.jpg 292w, https:\/\/kehila-olomouc.cz\/rs\/wp-content\/uploads\/furst_karel_kamen.jpg 490w\" sizes=\"(max-width: 234px) 100vw, 234px\" \/><\/a><\/p>\n<p>&nbsp;<\/p>\n<p>&nbsp;<\/p>\n<p>&nbsp;<\/p>\n<p>&nbsp;<\/p>\n<p>&nbsp;<\/p>\n<p>&nbsp;<\/p>\n<p>&nbsp;<\/p>\n<p>&nbsp;<\/p>\n<p>N\u00e1pis na kameni:<\/p>\n<p>ZDE BYDLEL<br \/>\nKAREL F\u00dcRST<br \/>\nNAR. 1926<br \/>\nDEPORTOV\u00c1N 1942<br \/>\nDO TEREZ\u00cdNA<br \/>\nZAVRA\u017dD\u011aN<br \/>\nV OSV\u011aTIMI<\/p>\n<p>Dal\u0161\u00ed zn\u00e1m\u00e9 \u00fadaje:<br \/>\nnarozen 21. 04. 1926<br \/>\ntransport AAm-102 (04. 07. 1942 Olomouc -&gt; Terez\u00edn)<br \/>\ntransport Dr-602 (15. 12. 1943 Terez\u00edn -&gt; Osv\u011btim)<br \/>\nzahynul<\/p>\n<p><a href=\"http:\/\/holocaust.cz\/cz\/victims\/PERSON.ITI.1371930\" target=\"_blank\">Ob\u011b\u0165 v datab\u00e1zi Institutu Terez\u00ednsk\u00e9 iniciativy<\/a><\/p>\n","protected":false},"excerpt":{"rendered":"<p>Adresa:\u00a0t\u0159. Spojenc\u016f 716\/22, Olomouc \u2013 m\u011bsto<br \/>\nsou\u0159adnice: N49\u00b0 35&#8242; 28.63&#8243; E17\u00b0 14&#8242; 51.30&#8243;<br \/>\nK\u00e1men zmizel\u00fdch polo\u017een: 2011<\/p>\n<p>&nbsp;<br \/>\n&nbsp;<br \/>\n&nbsp;<br \/>\n&nbsp;<br \/>\n&nbsp;<br \/>\n&nbsp;<br \/>\n&nbsp;<br \/>\n&nbsp;<br \/>\nN\u00e1pis na kameni:<br \/>\nZDE BYDLEL<br \/>\nKAREL F\u00dcRST<br \/>\nNAR. 1926<br \/>\nDEPORTOV\u00c1N 1942<br \/>\nDO TEREZ\u00cdNA<br \/>\nZAVRA\u017dD\u011aN<br \/>\nV OSV\u011aTIMI<br \/>\nDal\u0161\u00ed zn\u00e1m\u00e9 \u00fadaje:<br \/>\nnarozen 21. 04. 1926<br \/>\ntransport AAm-102 (04. 07. 1942 Olomouc -&gt; Terez\u00edn)<br \/>\ntransport Dr-602 (15. 12. 1943 Terez\u00edn -&gt; Osv\u011btim)<br \/>\nzahynul<br \/>\nOb\u011b\u0165 v datab\u00e1zi Institutu Terez\u00ednsk\u00e9 iniciativy<\/p>\n","protected":false},"author":3,"featured_media":0,"parent":7602,"menu_order":0,"comment_status":"closed","ping_status":"closed","template":"","meta":{"ngg_post_thumbnail":0,"footnotes":""},"class_list":["post-5258","page","type-page","status-publish","hentry"],"_links":{"self":[{"href":"https:\/\/kehila-olomouc.cz\/rs\/wp-json\/wp\/v2\/pages\/5258"}],"collection":[{"href":"https:\/\/kehila-olomouc.cz\/rs\/wp-json\/wp\/v2\/pages"}],"about":[{"href":"https:\/\/kehila-olomouc.cz\/rs\/wp-json\/wp\/v2\/types\/page"}],"author":[{"embeddable":true,"href":"https:\/\/kehila-olomouc.cz\/rs\/wp-json\/wp\/v2\/users\/3"}],"replies":[{"embeddable":true,"href":"https:\/\/kehila-olomouc.cz\/rs\/wp-json\/wp\/v2\/comments?post=5258"}],"version-history":[{"count":5,"href":"https:\/\/kehila-olomouc.cz\/rs\/wp-json\/wp\/v2\/pages\/5258\/revisions"}],"predecessor-version":[{"id":7725,"href":"https:\/\/kehila-olomouc.cz\/rs\/wp-json\/wp\/v2\/pages\/5258\/revisions\/7725"}],"up":[{"embeddable":true,"href":"https:\/\/kehila-olomouc.cz\/rs\/wp-json\/wp\/v2\/pages\/7602"}],"wp:attachment":[{"href":"https:\/\/kehila-olomouc.cz\/rs\/wp-json\/wp\/v2\/media?parent=5258"}],"curies":[{"name":"wp","href":"https:\/\/api.w.org\/{rel}","templated":true}]}}