{"id":5226,"date":"2012-08-24T14:45:55","date_gmt":"2012-08-24T12:45:55","guid":{"rendered":"http:\/\/kehila-olomouc.cz\/rs\/?page_id=5226"},"modified":"2015-12-04T10:45:29","modified_gmt":"2015-12-04T08:45:29","slug":"paula-briessova","status":"publish","type":"page","link":"https:\/\/kehila-olomouc.cz\/rs\/soucastnost\/stolpersteine-2\/paula-briessova\/","title":{"rendered":"Paula Briessov\u00e1"},"content":{"rendered":"<p>Adresa:\u00a0<a href=\"https:\/\/www.google.com\/maps\/d\/viewer?mid=zFcC0AXi_eZA.kr_Q-_iTZAOc\" target=\"_blank\"><strong>Na Vozovce 549\/12, Olomouc \u2013 Nov\u00e1 ulice<\/strong><\/a><br \/>\nsou\u0159adnice: N49\u00b0 35&#8242; 34.75&#8243; E17\u00b0 14&#8242; 30.87&#8243;<br \/>\nK\u00e1men zmizel\u00fdch polo\u017een: 2011<\/p>\n<p><a href=\"http:\/\/kehila-olomouc.cz\/rs\/wp-content\/uploads\/briessova_paula_kamen.jpg\"><img loading=\"lazy\" decoding=\"async\" class=\"alignleft wp-image-5241\" title=\"Paula Briessov\u00e1\" src=\"http:\/\/kehila-olomouc.cz\/rs\/wp-content\/uploads\/briessova_paula_kamen-290x300.jpg\" alt=\"\" width=\"232\" height=\"240\" srcset=\"https:\/\/kehila-olomouc.cz\/rs\/wp-content\/uploads\/briessova_paula_kamen-290x300.jpg 290w, https:\/\/kehila-olomouc.cz\/rs\/wp-content\/uploads\/briessova_paula_kamen.jpg 474w\" sizes=\"(max-width: 232px) 100vw, 232px\" \/><\/a><\/p>\n<p>&nbsp;<\/p>\n<p>&nbsp;<\/p>\n<p>&nbsp;<\/p>\n<p>&nbsp;<\/p>\n<p>&nbsp;<\/p>\n<p>&nbsp;<\/p>\n<p>&nbsp;<\/p>\n<p>&nbsp;<\/p>\n<p>N\u00e1pis na kameni:<\/p>\n<p>ZDE BYDLELA<br \/>\nPAULA BRIESSOV\u00c1<br \/>\nNAR. 1881<br \/>\nDEPORTOV\u00c1NA 1942<br \/>\nDO TEREZ\u00cdNA<br \/>\nZAVRA\u017dD\u011aNA 1942<br \/>\nV BARANOVI\u010cI<\/p>\n<p>Dal\u0161\u00ed zn\u00e1m\u00e9 \u00fadaje:<br \/>\nnarozena 06. 01. 1881<br \/>\ntransport AAo-619 (08. 07. 1942 Olomouc -&gt; Terez\u00edn)<br \/>\ntransport AAy-579 (28. 07. 1942 Terez\u00edn -&gt; Baranovi\u010di)<br \/>\nzahynula<\/p>\n<p><a href=\"http:\/\/holocaust.cz\/cz\/victims\/PERSON.ITI.1268645\" target=\"_blank\">Ob\u011b\u0165 v datab\u00e1zi Institutu Terez\u00ednsk\u00e9 iniciativy<\/a><\/p>\n<p style=\"text-align: center;\"><strong>Paula Briessov\u00e1 v roce 1938<\/strong><\/p>\n<p style=\"text-align: center;\"><a href=\"http:\/\/kehila-olomouc.cz\/rs\/wp-content\/uploads\/Paula-Briess1938.jpg\"><img loading=\"lazy\" decoding=\"async\" class=\"aligncenter wp-image-5230\" title=\"Paula Briessov\u00e1 v roce 1938\" src=\"http:\/\/kehila-olomouc.cz\/rs\/wp-content\/uploads\/Paula-Briess1938.jpg\" alt=\"\" width=\"469\" height=\"637\" srcset=\"https:\/\/kehila-olomouc.cz\/rs\/wp-content\/uploads\/Paula-Briess1938.jpg 586w, https:\/\/kehila-olomouc.cz\/rs\/wp-content\/uploads\/Paula-Briess1938-220x300.jpg 220w\" sizes=\"(max-width: 469px) 100vw, 469px\" \/><\/a><\/p>\n","protected":false},"excerpt":{"rendered":"<p>Adresa:\u00a0Na Vozovce 549\/12, Olomouc \u2013 Nov\u00e1 ulice<br \/>\nsou\u0159adnice: N49\u00b0 35&#8242; 34.75&#8243; E17\u00b0 14&#8242; 30.87&#8243;<br \/>\nK\u00e1men zmizel\u00fdch polo\u017een: 2011<\/p>\n<p>&nbsp;<br \/>\n&nbsp;<br \/>\n&nbsp;<br \/>\n&nbsp;<br \/>\n&nbsp;<br \/>\n&nbsp;<br \/>\n&nbsp;<br \/>\n&nbsp;<br \/>\nN\u00e1pis na kameni:<br \/>\nZDE BYDLELA<br \/>\nPAULA BRIESSOV\u00c1<br \/>\nNAR. 1881<br \/>\nDEPORTOV\u00c1NA 1942<br \/>\nDO TEREZ\u00cdNA<br \/>\nZAVRA\u017dD\u011aNA 1942<br \/>\nV BARANOVI\u010cI<br \/>\nDal\u0161\u00ed zn\u00e1m\u00e9 \u00fadaje:<br \/>\nnarozena 06. 01. 1881<br \/>\ntransport AAo-619 (08. 07. 1942 Olomouc -&gt; Terez\u00edn)<br \/>\ntransport AAy-579 (28. 07. 1942 Terez\u00edn -&gt; Baranovi\u010di)<br \/>\nzahynula<br \/>\nOb\u011b\u0165 v datab\u00e1zi Institutu Terez\u00ednsk\u00e9 iniciativy<br \/>\nPaula Briessov\u00e1 v roce 1938<\/p>\n","protected":false},"author":3,"featured_media":0,"parent":7602,"menu_order":0,"comment_status":"closed","ping_status":"closed","template":"","meta":{"ngg_post_thumbnail":0,"footnotes":""},"class_list":["post-5226","page","type-page","status-publish","hentry"],"_links":{"self":[{"href":"https:\/\/kehila-olomouc.cz\/rs\/wp-json\/wp\/v2\/pages\/5226"}],"collection":[{"href":"https:\/\/kehila-olomouc.cz\/rs\/wp-json\/wp\/v2\/pages"}],"about":[{"href":"https:\/\/kehila-olomouc.cz\/rs\/wp-json\/wp\/v2\/types\/page"}],"author":[{"embeddable":true,"href":"https:\/\/kehila-olomouc.cz\/rs\/wp-json\/wp\/v2\/users\/3"}],"replies":[{"embeddable":true,"href":"https:\/\/kehila-olomouc.cz\/rs\/wp-json\/wp\/v2\/comments?post=5226"}],"version-history":[{"count":8,"href":"https:\/\/kehila-olomouc.cz\/rs\/wp-json\/wp\/v2\/pages\/5226\/revisions"}],"predecessor-version":[{"id":7719,"href":"https:\/\/kehila-olomouc.cz\/rs\/wp-json\/wp\/v2\/pages\/5226\/revisions\/7719"}],"up":[{"embeddable":true,"href":"https:\/\/kehila-olomouc.cz\/rs\/wp-json\/wp\/v2\/pages\/7602"}],"wp:attachment":[{"href":"https:\/\/kehila-olomouc.cz\/rs\/wp-json\/wp\/v2\/media?parent=5226"}],"curies":[{"name":"wp","href":"https:\/\/api.w.org\/{rel}","templated":true}]}}