{"id":5217,"date":"2012-08-24T14:05:07","date_gmt":"2012-08-24T12:05:07","guid":{"rendered":"http:\/\/kehila-olomouc.cz\/rs\/?page_id=5217"},"modified":"2015-12-04T10:45:18","modified_gmt":"2015-12-04T08:45:18","slug":"siegfried-briess","status":"publish","type":"page","link":"https:\/\/kehila-olomouc.cz\/rs\/soucastnost\/stolpersteine-2\/siegfried-briess\/","title":{"rendered":"Siegfried Briess"},"content":{"rendered":"<p>Adresa:\u00a0<a href=\"https:\/\/www.google.com\/maps\/d\/viewer?mid=zFcC0AXi_eZA.kr_Q-_iTZAOc\" target=\"_blank\"><strong>28. \u0159\u00edjna 459\/11, Olomouc &#8211; m\u011bsto<\/strong><\/a><br \/>\nsou\u0159adnice: N49\u00b0 35&#8242; 42.17&#8243; E17\u00b0 14&#8242; 59.20&#8243;<br \/>\nK\u00e1men zmizel\u00fdch polo\u017een: 2011<\/p>\n<p><a href=\"http:\/\/kehila-olomouc.cz\/rs\/wp-content\/uploads\/briess_siegfried_kamen.jpg\"><img loading=\"lazy\" decoding=\"async\" class=\"alignleft wp-image-5219\" title=\"Siegfried Briess\" src=\"http:\/\/kehila-olomouc.cz\/rs\/wp-content\/uploads\/briess_siegfried_kamen-296x300.jpg\" alt=\"\" width=\"237\" height=\"240\" srcset=\"https:\/\/kehila-olomouc.cz\/rs\/wp-content\/uploads\/briess_siegfried_kamen-296x300.jpg 296w, https:\/\/kehila-olomouc.cz\/rs\/wp-content\/uploads\/briess_siegfried_kamen.jpg 592w\" sizes=\"(max-width: 237px) 100vw, 237px\" \/><\/a><\/p>\n<p>&nbsp;<\/p>\n<p>&nbsp;<\/p>\n<p>&nbsp;<\/p>\n<p>&nbsp;<\/p>\n<p>&nbsp;<\/p>\n<p>&nbsp;<\/p>\n<p>&nbsp;<\/p>\n<p>&nbsp;<\/p>\n<p>N\u00e1pis na kameni:<\/p>\n<p>ZDE BYDLEL<br \/>\nSIEGFRIED BRIESS<br \/>\nNAR. 1871<br \/>\nDEPORTOV\u00c1N 1942<br \/>\nDO TEREZ\u00cdNA<br \/>\nZAVRA\u017dD\u011aN 1942<br \/>\nTAMT\u00c9\u017d<\/p>\n<p>Dal\u0161\u00ed zn\u00e1m\u00e9 \u00fadaje:<br \/>\nnarozen 10. 10. 1871<br \/>\ntransport AAm-250 (04. 07. 1942 Olomouc -&gt; Terez\u00edn)<br \/>\nzahynul 04. 10. 1942 Terez\u00edn<\/p>\n<p><a href=\"http:\/\/holocaust.cz\/cz\/victims\/PERSON.ITI.1268671\" target=\"_blank\">Ob\u011b\u0165 v datab\u00e1zi Institutu Terez\u00ednsk\u00e9 iniciativy<\/a><\/p>\n<p style=\"text-align: center;\"><strong>Siegfried Briess<\/strong><\/p>\n<p style=\"text-align: center;\"><a href=\"http:\/\/kehila-olomouc.cz\/rs\/wp-content\/uploads\/Siegfried-Briess.jpg\"><img loading=\"lazy\" decoding=\"async\" class=\"aligncenter wp-image-5222\" title=\"Siegfried Briess\" src=\"http:\/\/kehila-olomouc.cz\/rs\/wp-content\/uploads\/Siegfried-Briess.jpg\" alt=\"\" width=\"386\" height=\"456\" srcset=\"https:\/\/kehila-olomouc.cz\/rs\/wp-content\/uploads\/Siegfried-Briess.jpg 482w, https:\/\/kehila-olomouc.cz\/rs\/wp-content\/uploads\/Siegfried-Briess-253x300.jpg 253w\" sizes=\"(max-width: 386px) 100vw, 386px\" \/><\/a><\/p>\n<p style=\"text-align: justify;\">Budova na 28. \u0159\u00edjna 459\/11 byla domovem i pracovi\u0161t\u011bm pro rodinu <strong>Siegfrieda Briesse<\/strong>. On a v\u011bt\u0161ina z\u00a0rodiny Briess\u016f se p\u0159est\u011bhovali z\u00a0P\u0159erova do Olomouce, kde v roce 1870 zalo\u017eili sv\u00e9 podnik\u00e1n\u00ed s obil\u00edm. Siegfried se v\u00a0roce 1905 o\u017eenil s Rosou Schimmerlingovou z Doln\u00edch Kounic, se kterou m\u011bl 3 d\u011bti. \u00a0Nejstar\u0161\u00ed byla Marianne, kter\u00e1 nakonec emigrovala na Nov\u00fd Z\u00e9land s man\u017eelem a dcerou Mariettou. Prost\u0159edn\u00ed d\u00edt\u011b byl Franti\u0161ek, Franz, nebo Frank. Nejmlad\u0161\u00edm byl <a href=\"http:\/\/kehila-olomouc.cz\/rs\/soucastnost\/stolpersteine\/alfred-briess\/\">Alfred<\/a>, nebo se mu \u0159\u00edkalo Fredi. Nev\u00ed se p\u0159esn\u011b, kdy se poprv\u00e9 p\u0159est\u011bhovali do budovy na 28. \u0159\u00edjna, ale v\u00edme, \u017ee zde \u017eili a\u017e do roku 1937, kdy se p\u0159est\u011bhovali do nov\u00e9ho domu, kter\u00fd <strong>Siegfried<\/strong> a \u010derstv\u011b \u017eenat\u00fd Franz postavili na Wellnerov\u011b ulici, co\u017e bylo tenkr\u00e1t na okraji m\u011bsta. Siegfried a jeho druh\u00e1 man\u017eelka Adele, nebo Adi, \u017eili na Wellnerov\u011b, a\u017e byli 15. 2. 1940 p\u0159inuceni N\u011bmci tento d\u016fm opustit a p\u0159est\u011bhovat se zp\u00e1tky na 28. \u0159\u00edjna 459\/11.<br \/>\n04. 07. 1942 byl <strong>Siegfried Briess<\/strong> deportov\u00e1n transportem AAm pod \u010d\u00edslem 250 do Terez\u00edna. Spolu s\u00a0n\u00edm i jeho \u017eena Adele, dal\u0161\u00ed \u010dlenov\u00e9 rodiny a p\u0159\u00e1tel\u00e9. Siegfried zem\u0159el na podv\u00fd\u017eivu v Terez\u00edn\u011b, co\u017e je zdvo\u0159il\u00fd v\u00fdraz pro &#8222;hladov\u011bn\u00ed&#8220;. Adele nicm\u00e9n\u011b v\u00e1lku p\u0159e\u017eila a po osvobozen\u00ed se odst\u011bhovala na Nov\u00fd Z\u00e9land za rodinou, kter\u00e1 p\u0159ed nacisty utekla.<\/p>\n","protected":false},"excerpt":{"rendered":"<div style=\\\"text-align:justify;\\\">Adresa:\u00a028. \u0159\u00edjna 459\/11, Olomouc &#8211; m\u011bsto<br \/>\nsou\u0159adnice: N49\u00b0 35&#8242; 42.17&#8243; E17\u00b0 14&#8242; 59.20&#8243;<br \/>\nK\u00e1men zmizel\u00fdch polo\u017een: 2011<\/p>\n<p>&nbsp;<br \/>\n&nbsp;<br \/>\n&nbsp;<br \/>\n&nbsp;<br \/>\n&nbsp;<br \/>\n&nbsp;<br \/>\n&nbsp;<br \/>\n&nbsp;<br \/>\nN\u00e1pis na kameni:<br \/>\nZDE BYDLEL<br \/>\nSIEGFRIED BRIESS<br \/>\nNAR. 1871<br \/>\nDEPORTOV\u00c1N 1942<br \/>\nDO TEREZ\u00cdNA<br \/>\nZAVRA\u017dD\u011aN 1942<br \/>\nTAMT\u00c9\u017d<br \/>\nDal\u0161\u00ed zn\u00e1m\u00e9 \u00fadaje:<br \/>\nnarozen 10. 10. 1871<br \/>\ntransport AAm-250 (04. 07. 1942 Olomouc -&gt; Terez\u00edn)<br \/>\nzahynul 04. 10. 1942 Terez\u00edn<br \/>\nOb\u011b\u0165 v datab\u00e1zi Institutu Terez\u00ednsk\u00e9 iniciativy<br \/>\nSiegfried Briess<\/p>\n<p>Budova na 28. \u0159\u00edjna 459\/11 byla domovem i pracovi\u0161t\u011bm pro rodinu Siegfrieda Briesse. On a v\u011bt\u0161ina z\u00a0rodiny Briess\u016f se p\u0159est\u011bhovali z\u00a0P\u0159erova do Olomouce, kde v roce 1870 zalo\u017eili sv\u00e9 podnik\u00e1n\u00ed s obil\u00edm. Siegfried se v\u00a0roce 1905 o\u017eenil s Rosou Schimmerlingovou z Doln\u00edch Kounic, se kterou m\u011bl &#8230;<\/p><\/div>\n","protected":false},"author":3,"featured_media":0,"parent":7602,"menu_order":0,"comment_status":"closed","ping_status":"closed","template":"","meta":{"ngg_post_thumbnail":0,"footnotes":""},"class_list":["post-5217","page","type-page","status-publish","hentry"],"_links":{"self":[{"href":"https:\/\/kehila-olomouc.cz\/rs\/wp-json\/wp\/v2\/pages\/5217"}],"collection":[{"href":"https:\/\/kehila-olomouc.cz\/rs\/wp-json\/wp\/v2\/pages"}],"about":[{"href":"https:\/\/kehila-olomouc.cz\/rs\/wp-json\/wp\/v2\/types\/page"}],"author":[{"embeddable":true,"href":"https:\/\/kehila-olomouc.cz\/rs\/wp-json\/wp\/v2\/users\/3"}],"replies":[{"embeddable":true,"href":"https:\/\/kehila-olomouc.cz\/rs\/wp-json\/wp\/v2\/comments?post=5217"}],"version-history":[{"count":9,"href":"https:\/\/kehila-olomouc.cz\/rs\/wp-json\/wp\/v2\/pages\/5217\/revisions"}],"predecessor-version":[{"id":7717,"href":"https:\/\/kehila-olomouc.cz\/rs\/wp-json\/wp\/v2\/pages\/5217\/revisions\/7717"}],"up":[{"embeddable":true,"href":"https:\/\/kehila-olomouc.cz\/rs\/wp-json\/wp\/v2\/pages\/7602"}],"wp:attachment":[{"href":"https:\/\/kehila-olomouc.cz\/rs\/wp-json\/wp\/v2\/media?parent=5217"}],"curies":[{"name":"wp","href":"https:\/\/api.w.org\/{rel}","templated":true}]}}