{"id":5045,"date":"2012-06-20T22:33:17","date_gmt":"2012-06-20T20:33:17","guid":{"rendered":"http:\/\/kehila-olomouc.cz\/rs\/soucastnost\/fotogalerie-2\/souhrn-fotogalerii\/kavarna-tri-generaci-20-6-2012\/"},"modified":"2012-06-20T22:33:36","modified_gmt":"2012-06-20T20:33:36","slug":"kavarna-tri-generaci-20-6-2012","status":"publish","type":"page","link":"https:\/\/kehila-olomouc.cz\/rs\/soucastnost\/fotogalerie-2\/souhrn-fotogalerii\/kavarna-tri-generaci-20-6-2012\/","title":{"rendered":"Kav\u00e1rna t\u0159\u00ed generac\u00ed 20.6.2012"},"content":{"rendered":"","protected":true},"excerpt":{"rendered":"","protected":true},"author":3,"featured_media":0,"parent":1770,"menu_order":0,"comment_status":"closed","ping_status":"closed","template":"","meta":{"ngg_post_thumbnail":0,"footnotes":""},"class_list":["post-5045","page","type-page","status-publish","post-password-required","hentry"],"_links":{"self":[{"href":"https:\/\/kehila-olomouc.cz\/rs\/wp-json\/wp\/v2\/pages\/5045"}],"collection":[{"href":"https:\/\/kehila-olomouc.cz\/rs\/wp-json\/wp\/v2\/pages"}],"about":[{"href":"https:\/\/kehila-olomouc.cz\/rs\/wp-json\/wp\/v2\/types\/page"}],"author":[{"embeddable":true,"href":"https:\/\/kehila-olomouc.cz\/rs\/wp-json\/wp\/v2\/users\/3"}],"replies":[{"embeddable":true,"href":"https:\/\/kehila-olomouc.cz\/rs\/wp-json\/wp\/v2\/comments?post=5045"}],"version-history":[{"count":1,"href":"https:\/\/kehila-olomouc.cz\/rs\/wp-json\/wp\/v2\/pages\/5045\/revisions"}],"predecessor-version":[{"id":5046,"href":"https:\/\/kehila-olomouc.cz\/rs\/wp-json\/wp\/v2\/pages\/5045\/revisions\/5046"}],"up":[{"embeddable":true,"href":"https:\/\/kehila-olomouc.cz\/rs\/wp-json\/wp\/v2\/pages\/1770"}],"wp:attachment":[{"href":"https:\/\/kehila-olomouc.cz\/rs\/wp-json\/wp\/v2\/media?parent=5045"}],"curies":[{"name":"wp","href":"https:\/\/api.w.org\/{rel}","templated":true}]}}