{"id":48,"date":"2008-09-21T20:06:36","date_gmt":"2008-09-21T18:06:36","guid":{"rendered":"http:\/\/kehila-olomouc.cz\/rs\/?page_id=48"},"modified":"2021-01-21T00:41:21","modified_gmt":"2021-01-20T22:41:21","slug":"soucastnost","status":"publish","type":"page","link":"https:\/\/kehila-olomouc.cz\/rs\/soucastnost\/","title":{"rendered":"Sou\u010dasnost"},"content":{"rendered":"<h2><a href=\"http:\/\/kehila-olomouc.cz\/rs\/soucastnost\/fotogalerie-2\/\">Fotogalerie<\/a><\/h2>\n<h2 style=\"text-align: justify;\"><a href=\"http:\/\/kehila-olomouc.cz\/rs\/soucastnost\/socialni-pece\/\">Soci\u00e1ln\u00ed slu\u017eby<\/a><\/h2>\n<h2 style=\"text-align: justify;\"><a href=\"https:\/\/kehila-olomouc.cz\/rs\/soucastnost\/koser-potraviny\/\">Ko\u0161er potraviny<\/a><\/h2>\n<h2><a href=\"http:\/\/kehila-olomouc.cz\/rs\/soucastnost\/z-nabidky-kabinetu-judaistikycentra-judaisticxkych-studii-kurta-a-ursuly-schubertovych\/\">Centrum judaistick\u00fdch studi\u00ed Kurta a Ursuly Schubertov\u00fdch<\/a><\/h2>\n<h2><a href=\"http:\/\/kehila-olomouc.cz\/rs\/soucastnost\/chajejnu-%D7%97%D7%99%D7%99%D7%A0%D7%95-nas-zivot-list-zidovske-obce-olomouc\/\">Chajejnu \u05d7\u05d9\u05d9\u05e0\u05d5 \u2013 N\u00e1\u0161 \u017eivot (\u010dasopis \u017dO Olomouc)<\/a><\/h2>\n<p style=\"text-align: center;\">______________________________________________________________________________<\/p>\n<p style=\"text-align: justify;\">\u017didovsk\u00e1 obec Olomouc zaji\u0161\u0165uje n\u00e1bo\u017eensk\u00fd a kulturn\u00ed \u017eivot sv\u00fdch \u010dlen\u016f a star\u00e1 se o jejich soci\u00e1ln\u00ed pot\u0159eby. V okruhu sv\u00e9 p\u016fsobnosti (okresy Brunt\u00e1l, Jesen\u00edk, Olomouc, P\u0159erov, \u0160umperk) pe\u010duje o kulturn\u00ed a n\u00e1bo\u017eensk\u00e9 pam\u00e1tky (synagogy, h\u0159bitovy, muzea, pam\u00e1tn\u00edky apod.), pokud p\u00e9\u010de o n\u011b nen\u00ed sv\u011b\u0159ena Federaci \u017eidovsk\u00fdch obc\u00ed \u010cesk\u00e9 republiky.<\/p>\n<p style=\"text-align: justify;\">\u017didovsk\u00e1 obec podporuje vzd\u011bl\u00e1v\u00e1n\u00ed sv\u00fdch \u010dlen\u016f v \u017eidovsk\u00fdch tradic\u00edch a p\u0159isp\u00edv\u00e1 k v\u0161eobecn\u00e9mu vzd\u011bl\u00e1n\u00ed v judaismu a \u017eidovsk\u00e9 historii, zejm\u00e9na p\u0159i pr\u00e1ci s ml\u00e1de\u017e\u00ed.<\/p>\n<p style=\"text-align: justify;\">Vystupuje aktivn\u011b proti v\u0161em projev\u016fm antisemitismu, rasismu, xenofobie, nacismu, fa\u0161ismu, proti jak\u00e9koliv diskriminaci a chr\u00e1n\u00ed pam\u00e1tku \u017eidovsk\u00fdch ob\u011bt\u00ed. M\u016f\u017ee podporovat a \u00fa\u010dastnit se \u010dinnosti i jin\u00fdch organizac\u00ed a instituc\u00ed. V&nbsp;roce 2013 m\u011bla obec 154 \u010dlen\u016f.<\/p>\n<p><b>N\u00e1bo\u017eensk\u00fd \u017eivot obce<\/b><\/p>\n<p style=\"text-align: justify;\">Z\u00e1kladn\u00edm stavebn\u00edm kamenem n\u00e1bo\u017eensk\u00e9ho \u017eivota \u017didovsk\u00e9 obce Olomouc jsou pravideln\u00e9 \u0161abatov\u00e9 bohoslu\u017eby, oslavy v\u0161ech \u017eidovsk\u00fdch sv\u00e1tk\u016f, p\u0159edev\u0161\u00edm vysok\u00fdch sv\u00e1tk\u016f, kter\u00e9 jsou hojn\u011b nav\u0161t\u011bvov\u00e1ny. Bohoslu\u017eby vede kantor, p\u0159edseda obce \u010di hostuj\u00edc\u00ed rab\u00edn. Na bohoslu\u017eby v modlitebn\u011b navazuje spole\u010dn\u00e9 stolov\u00e1n\u00ed.<\/p>\n<p style=\"text-align: justify;\">J\u00eddlo se p\u0159ipravuje v ko\u0161er kuchyni veden\u00e9 podle tradi\u010dn\u00edch pravidel a doporu\u010den\u00ed vrchn\u00edho rabin\u00e1tu. Krom\u011b \u0161abatov\u00fdch ob\u011bd\u016f a ve\u010de\u0159\u00ed se zde p\u0159ipravuj\u00ed i pokrmy p\u0159edepsan\u00e9 pro r\u016fzn\u00e9 sv\u00e1tky. Nab\u00eddky ko\u0161er kuchyn\u011b mohou vyu\u017e\u00edt i host\u00e9.&nbsp;P\u0159i sv\u00e1tku Sukot se vyu\u017e\u00edv\u00e1 pergola na dvo\u0159e jako suka.<\/p>\n<p style=\"text-align: justify;\">Dal\u0161\u00edm d\u016fle\u017eit\u00fdm m\u00edstem pro n\u00e1bo\u017eensk\u00fd \u017eivot je \u017eidovsk\u00fd h\u0159bitov v Olomouci &#8211; Ne\u0159ed\u00edn\u011b. Zde se konaj\u00ed \u017eidovsk\u00e9 poh\u0159by a obec se zde sch\u00e1z\u00ed p\u0159i vzpom\u00ednkov\u00fdch p\u0159\u00edle\u017eitostech a jahrzeitech.<\/p>\n<p><b>Spole\u010densk\u00fd \u017eivot obce<\/b><\/p>\n<p style=\"text-align: justify;\">V\u00fdrazn\u00fdm rysem \u017didovsk\u00e9 obce Olomouc je otev\u0159enost. Veden\u00ed obce udr\u017euje individu\u00e1ln\u00ed kontakty se sv\u00fdmi \u010dleny, a to i s t\u011bmi, kte\u0159\u00ed se z r\u016fzn\u00fdch d\u016fvod\u016f nemohou \u00fa\u010dastnit \u017eivota obce. Veden\u00ed obce se pravideln\u011b setk\u00e1v\u00e1 s \u010dlenskou z\u00e1kladnou p\u0159i v\u00fdro\u010dn\u00edch shrom\u00e1\u017ed\u011bn\u00edch i dal\u0161\u00edch p\u0159\u00edle\u017eitostech. \u010clenov\u00e9 obce mohou p\u0159ij\u00edt se sv\u00fdmi probl\u00e9my a po\u017eadavky do kancel\u00e1\u0159e v \u00fa\u0159edn\u00edch hodin\u00e1ch \u010di si dohodnout sch\u016fzku i mimo n\u011b.<\/p>\n<p style=\"text-align: justify;\">Informa\u010dn\u00edm a kulturn\u00edm m\u00e9diem obce je m\u011bs\u00ed\u010dn\u00edk Chajejnu &#8211; N\u00e1\u0161 \u017eivot, kter\u00fd v\u017edy mapuje ud\u00e1losti uplynul\u00e9ho m\u011bs\u00edce a p\u0159in\u00e1\u0161\u00ed \u010dl\u00e1nky souvisej\u00edc\u00ed se sou\u010dasn\u00fdm i minul\u00fdm \u017eivotem \u017eidovsk\u00e9 komunity na Olomoucku. Upozor\u0148uje na nadch\u00e1zej\u00edc\u00ed akce obce. D\u016fle\u017eitou sou\u010d\u00e1st\u00ed redak\u010dn\u00ed pr\u00e1ce je mapov\u00e1n\u00ed osud\u016f p\u0159e\u017eiv\u0161\u00edch i ob\u011bt\u00ed holocaustu. Pot\u0159ebn\u00e9 informace najdou \u010dlenov\u00e9 obce i n\u00e1v\u0161t\u011bvn\u00edci na webov\u00fdch str\u00e1nk\u00e1ch, jejich\u017e \u00faprava a obsah se permanentn\u011b inovuje.<\/p>\n<p style=\"text-align: justify;\">\u017didovsk\u00e1 obec Olomouc organizuje pro sv\u00e9 \u010dleny z\u00e1jezdy, p\u0159edn\u00e1\u0161ky, kulturn\u00ed vystoupen\u00ed, zve v\u00fdznamn\u00e9 hosty. Spolupracuje s Centrem judaistick\u00fdch studi\u00ed Filozofick\u00e9 fakulty Univerzity Palack\u00e9ho. Spolkov\u00fd \u017eivot dopl\u0148uje program D\u00e1msk\u00e9ho a P\u00e1nsk\u00e9ho klubu p\u0159i obci.<\/p>\n<p><b>Soci\u00e1ln\u00ed program<\/b><\/p>\n<p style=\"text-align: justify;\">Soci\u00e1ln\u00ed odd\u011blen\u00ed \u017didovsk\u00e9 obce poskytuje ter\u00e9nn\u00ed a ambulantn\u00ed slu\u017eby z\u00e1kladn\u00edho a odborn\u00e9ho soci\u00e1ln\u00edho poradenstv\u00ed pro klienty prvn\u00ed a druh\u00e9 generace. C\u00edlem odd\u011blen\u00ed je pomoci \u010dlen\u016fm \u017eidovsk\u00e9 komunity, kte\u0159\u00ed se ocitli trvale \u010di do\u010dasn\u011b v nep\u0159\u00edzniv\u00e9 \u017eivotn\u00ed situaci, aby mohli i p\u0159i handicapu z\u016fstat v prost\u0159ed\u00ed, na kter\u00e9 jsou zvykl\u00ed. D\u016fle\u017eitou sou\u010d\u00e1st\u00ed pr\u00e1ce odd\u011blen\u00ed je p\u0159edch\u00e1zen\u00ed soci\u00e1ln\u00edmu vylou\u010den\u00ed ohro\u017een\u00fdch \u010dlen\u016f p\u0159i respektov\u00e1n\u00ed \u017eidovsk\u00fdch tradic. K poskytovan\u00fdm slu\u017eb\u00e1m pat\u0159\u00ed nap\u0159. podpora hospitalizovan\u00fdch klient\u016f, poskytnut\u00ed aktivn\u00ed pomoci p\u0159i cest\u00e1ch na \u00fa\u0159ady a k&nbsp;l\u00e9ka\u0159i, pomoc p\u0159i um\u00edst\u011bn\u00ed do domova pro seniory, aktivizace klient\u016f, doprava na akce \u017didovsk\u00e9 obce Olomouc, n\u00e1v\u0161t\u011bva klient\u016f, kte\u0159\u00ed se nemohou aktivn\u011b z\u00fa\u010dastnit \u017eivota obce, atd.&nbsp;Soci\u00e1ln\u00ed odd\u011blen\u00ed organizuje spole\u010dn\u00e9 i individu\u00e1ln\u00ed ozdravn\u00e9 pobyty v&nbsp;l\u00e1zn\u00edch, jejich ambulantn\u00ed n\u00e1v\u0161t\u011bvu.&nbsp;Finan\u010dn\u011b je soci\u00e1ln\u00ed program zaji\u0161\u0165ov\u00e1n granty Claims Conference a Nada\u010dn\u00edho fondu ob\u011btem holocaustu.<\/p>\n<p><b><\/b><b>Vztahy k ve\u0159ejnosti<\/b><\/p>\n<p style=\"text-align: justify;\">\u017didovsk\u00e1 obec Olomouc vstupuje tak\u00e9 do ve\u0159ejn\u00e9ho \u017eivota Olomouce a do pov\u011bdom\u00ed Olomou\u010dan\u016f. Udr\u017euje a rozv\u00edj\u00ed kontakty s \u017didy rozpt\u00fdlen\u00fdmi po sv\u011bt\u011b, kte\u0159\u00ed maj\u00ed v Olomouci sv\u00e9 ko\u0159eny \u010di maj\u00ed k Olomouci vztah.&nbsp;Ke spole\u010dn\u00fdm akc\u00edm obce, m\u011bsta Olomouce a Olomouck\u00e9ho kraje pat\u0159\u00ed kladen\u00ed Kamen\u016f zmizel\u00fdch, Stolpersteine.&nbsp;S Divadlem hudby spolupracuje obec p\u0159i po\u0159\u00e1d\u00e1n\u00ed ka\u017edoro\u010dn\u00edho festivalu Dny \u017eidovsk\u00e9 kultury Olomouc.&nbsp;Spolu s americk\u00fdmi partnery, m\u011bstem Tr\u0161ice a Olomouck\u00fdm krajem vybudovala \u017didovsk\u00e1 obec Olomouc dva pam\u00e1tn\u00edky p\u0159ipom\u00ednaj\u00edc\u00ed osud rodiny Wolf\u016f, kter\u00e1 se skr\u00fdvala v dob\u011b okupace v tr\u0161ick\u00e9m lese, i ob\u010dany Tr\u0161ic, kte\u0159\u00ed rodinu chr\u00e1nili. Na tuto akci, jej\u00ed\u017e realizace trvala \u0161est let, navazuje propagace Den\u00edku Otty Wolfa a p\u0159edn\u00e1\u0161kov\u00e1 \u010dinnost ve \u0161kol\u00e1ch.&nbsp;Do \u0161kol jsou zv\u00e1ni i p\u0159e\u017eiv\u0161\u00ed holocaust a dal\u0161\u00ed \u010dlenov\u00e9 obce, kte\u0159\u00ed maj\u00ed ml\u00e1de\u017ei co \u0159\u00edct.<\/p>\n<p style=\"text-align: justify;\">Tradic\u00ed se st\u00e1v\u00e1 Den otev\u0159en\u00fdch dve\u0159\u00ed \u017didovsk\u00e9 obce Olomouc. N\u00e1v\u0161t\u011bvn\u00edci si p\u0159i n\u011bm mohou prohl\u00e9dnout komunitn\u00ed centrum obce a dozv\u011bd\u011bt se o v\u0161em, co je zaj\u00edm\u00e1.&nbsp;Rozv\u00edj\u00ed se rovn\u011b\u017e \u00fazk\u00e1 spolupr\u00e1ce s Odd\u011blen\u00edm cestovn\u00edho ruchu Magistr\u00e1tu m\u011bsta Olomouce.<\/p>\n<p><b>Projekt datab\u00e1ze<\/b><\/p>\n<p style=\"text-align: justify;\">V\u00fdznamn\u00fdm dlouhodob\u00fdm projektem \u017didovsk\u00e9 obce Olomouc je tvorba a napl\u0148ov\u00e1n\u00ed digit\u00e1ln\u00ed datab\u00e1ze obyvatel \u017eidovsk\u00e9ho p\u016fvodu \u017eij\u00edc\u00edch ve m\u011bst\u011b Olomouc p\u0159ed druhou sv\u011btovou v\u00e1lkou.&nbsp;Jeho pot\u0159ebu vyvolaly jednak \u010dast\u00e9 dotazy po p\u0159edc\u00edch, kter\u00e9 p\u0159ich\u00e1zej\u00ed zejm\u00e9na od za\u010d\u00e1tku druh\u00e9ho mil\u00e9nia z cel\u00e9ho sv\u011bta, jednak pot\u0159eba zjistit p\u0159esn\u00e1 bydli\u0161t\u011b ob\u011bt\u00ed holocaustu, pro kter\u00e9 se pokl\u00e1daj\u00ed pam\u011btn\u00ed kameny Stolpersteine. C\u00edlem projektu je vytvo\u0159it kompletn\u00ed datab\u00e1zi v\u0161ech \u017did\u016f \u017eij\u00edc\u00edch v&nbsp;Olomouci p\u0159ed druhou sv\u011btovou v\u00e1lkou.<\/p>\n","protected":false},"excerpt":{"rendered":"<div style=\\\"text-align:justify;\\\">Fotogalerie<br \/>\nSoci\u00e1ln\u00ed slu\u017eby<br \/>\nKo\u0161er potraviny<br \/>\nCentrum judaistick\u00fdch studi\u00ed Kurta a Ursuly Schubertov\u00fdch<br \/>\nChajejnu \u05d7\u05d9\u05d9\u05e0\u05d5 \u2013 N\u00e1\u0161 \u017eivot (\u010dasopis \u017dO Olomouc)<br \/>\n______________________________________________________________________________<br \/>\n\u017didovsk\u00e1 obec Olomouc zaji\u0161\u0165uje n\u00e1bo\u017eensk\u00fd a kulturn\u00ed \u017eivot sv\u00fdch \u010dlen\u016f a star\u00e1 se o jejich soci\u00e1ln\u00ed pot\u0159eby. V okruhu sv\u00e9 p\u016fsobnosti (okresy Brunt\u00e1l, Jesen\u00edk, Olomouc, P\u0159erov, \u0160umperk) pe\u010duje o kulturn\u00ed a n\u00e1bo\u017eensk\u00e9 pam\u00e1tky (synagogy, h\u0159bitovy, muzea, pam\u00e1tn\u00edky apod.), pokud p\u00e9\u010de o n\u011b nen\u00ed sv\u011b\u0159ena Federaci \u017eidovsk\u00fdch obc\u00ed \u010cesk\u00e9 republiky.<br \/>\n\u017didovsk\u00e1 obec podporuje vzd\u011bl\u00e1v\u00e1n\u00ed sv\u00fdch \u010dlen\u016f v \u017eidovsk\u00fdch tradic\u00edch a p\u0159isp\u00edv\u00e1 k v\u0161eobecn\u00e9mu vzd\u011bl\u00e1n\u00ed v judaismu a \u017eidovsk\u00e9 historii, zejm\u00e9na p\u0159i pr\u00e1ci s ml\u00e1de\u017e\u00ed.<br \/>\nVystupuje aktivn\u011b proti v\u0161em &#8230;<\/div>\n","protected":false},"author":3,"featured_media":0,"parent":0,"menu_order":2,"comment_status":"closed","ping_status":"open","template":"","meta":{"ngg_post_thumbnail":0,"footnotes":""},"class_list":["post-48","page","type-page","status-publish","hentry"],"_links":{"self":[{"href":"https:\/\/kehila-olomouc.cz\/rs\/wp-json\/wp\/v2\/pages\/48"}],"collection":[{"href":"https:\/\/kehila-olomouc.cz\/rs\/wp-json\/wp\/v2\/pages"}],"about":[{"href":"https:\/\/kehila-olomouc.cz\/rs\/wp-json\/wp\/v2\/types\/page"}],"author":[{"embeddable":true,"href":"https:\/\/kehila-olomouc.cz\/rs\/wp-json\/wp\/v2\/users\/3"}],"replies":[{"embeddable":true,"href":"https:\/\/kehila-olomouc.cz\/rs\/wp-json\/wp\/v2\/comments?post=48"}],"version-history":[{"count":28,"href":"https:\/\/kehila-olomouc.cz\/rs\/wp-json\/wp\/v2\/pages\/48\/revisions"}],"predecessor-version":[{"id":9743,"href":"https:\/\/kehila-olomouc.cz\/rs\/wp-json\/wp\/v2\/pages\/48\/revisions\/9743"}],"wp:attachment":[{"href":"https:\/\/kehila-olomouc.cz\/rs\/wp-json\/wp\/v2\/media?parent=48"}],"curies":[{"name":"wp","href":"https:\/\/api.w.org\/{rel}","templated":true}]}}