{"id":4356,"date":"2011-05-18T10:22:38","date_gmt":"2011-05-18T08:22:38","guid":{"rendered":"http:\/\/kehila-olomouc.cz\/rs\/soucastnost\/fotogalerie-2\/souhrn-fotogalerii\/navsteva-americkeho-velvyslance-normana-l-eisena\/"},"modified":"2018-08-23T13:52:49","modified_gmt":"2018-08-23T11:52:49","slug":"navsteva-americkeho-velvyslance-normana-l-eisena","status":"publish","type":"page","link":"https:\/\/kehila-olomouc.cz\/rs\/soucastnost\/fotogalerie-2\/souhrn-fotogalerii\/navsteva-americkeho-velvyslance-normana-l-eisena\/","title":{"rendered":"N\u00e1v\u0161t\u011bva americk\u00e9ho velvyslance Normana L. Eisena"},"content":{"rendered":"","protected":true},"excerpt":{"rendered":"","protected":true},"author":3,"featured_media":0,"parent":1770,"menu_order":0,"comment_status":"open","ping_status":"closed","template":"","meta":{"ngg_post_thumbnail":0,"footnotes":""},"class_list":["post-4356","page","type-page","status-publish","post-password-required","hentry"],"_links":{"self":[{"href":"https:\/\/kehila-olomouc.cz\/rs\/wp-json\/wp\/v2\/pages\/4356"}],"collection":[{"href":"https:\/\/kehila-olomouc.cz\/rs\/wp-json\/wp\/v2\/pages"}],"about":[{"href":"https:\/\/kehila-olomouc.cz\/rs\/wp-json\/wp\/v2\/types\/page"}],"author":[{"embeddable":true,"href":"https:\/\/kehila-olomouc.cz\/rs\/wp-json\/wp\/v2\/users\/3"}],"replies":[{"embeddable":true,"href":"https:\/\/kehila-olomouc.cz\/rs\/wp-json\/wp\/v2\/comments?post=4356"}],"version-history":[{"count":1,"href":"https:\/\/kehila-olomouc.cz\/rs\/wp-json\/wp\/v2\/pages\/4356\/revisions"}],"predecessor-version":[{"id":9422,"href":"https:\/\/kehila-olomouc.cz\/rs\/wp-json\/wp\/v2\/pages\/4356\/revisions\/9422"}],"up":[{"embeddable":true,"href":"https:\/\/kehila-olomouc.cz\/rs\/wp-json\/wp\/v2\/pages\/1770"}],"wp:attachment":[{"href":"https:\/\/kehila-olomouc.cz\/rs\/wp-json\/wp\/v2\/media?parent=4356"}],"curies":[{"name":"wp","href":"https:\/\/api.w.org\/{rel}","templated":true}]}}