{"id":3804,"date":"2010-08-01T17:10:16","date_gmt":"2010-08-01T15:10:16","guid":{"rendered":"http:\/\/kehila-olomouc.cz\/rs\/soucastnost\/fotogalerie-2\/souhrn-fotogalerii\/sabes_s_asf\/"},"modified":"2011-01-02T02:55:22","modified_gmt":"2011-01-02T00:55:22","slug":"sabes_s_asf","status":"publish","type":"page","link":"https:\/\/kehila-olomouc.cz\/rs\/soucastnost\/fotogalerie-2\/souhrn-fotogalerii\/sabes_s_asf\/","title":{"rendered":"\u0160abat s dobrovoln\u00edky ASF 30. \u010dervence 2010"},"content":{"rendered":"","protected":true},"excerpt":{"rendered":"","protected":true},"author":3,"featured_media":0,"parent":1770,"menu_order":0,"comment_status":"open","ping_status":"closed","template":"","meta":{"ngg_post_thumbnail":0,"footnotes":""},"class_list":["post-3804","page","type-page","status-publish","post-password-required","hentry"],"_links":{"self":[{"href":"https:\/\/kehila-olomouc.cz\/rs\/wp-json\/wp\/v2\/pages\/3804"}],"collection":[{"href":"https:\/\/kehila-olomouc.cz\/rs\/wp-json\/wp\/v2\/pages"}],"about":[{"href":"https:\/\/kehila-olomouc.cz\/rs\/wp-json\/wp\/v2\/types\/page"}],"author":[{"embeddable":true,"href":"https:\/\/kehila-olomouc.cz\/rs\/wp-json\/wp\/v2\/users\/3"}],"replies":[{"embeddable":true,"href":"https:\/\/kehila-olomouc.cz\/rs\/wp-json\/wp\/v2\/comments?post=3804"}],"version-history":[{"count":3,"href":"https:\/\/kehila-olomouc.cz\/rs\/wp-json\/wp\/v2\/pages\/3804\/revisions"}],"predecessor-version":[{"id":3809,"href":"https:\/\/kehila-olomouc.cz\/rs\/wp-json\/wp\/v2\/pages\/3804\/revisions\/3809"}],"up":[{"embeddable":true,"href":"https:\/\/kehila-olomouc.cz\/rs\/wp-json\/wp\/v2\/pages\/1770"}],"wp:attachment":[{"href":"https:\/\/kehila-olomouc.cz\/rs\/wp-json\/wp\/v2\/media?parent=3804"}],"curies":[{"name":"wp","href":"https:\/\/api.w.org\/{rel}","templated":true}]}}