{"id":349,"date":"2008-10-30T09:16:23","date_gmt":"2008-10-30T07:16:23","guid":{"rendered":"http:\/\/kehila-olomouc.cz\/rs\/?page_id=349"},"modified":"2025-02-20T16:32:53","modified_gmt":"2025-02-20T14:32:53","slug":"socialni-pece","status":"publish","type":"page","link":"https:\/\/kehila-olomouc.cz\/rs\/socialni-pece\/","title":{"rendered":"Soci\u00e1ln\u00ed slu\u017eby"},"content":{"rendered":"<h2 style=\"text-align: justify;\"><a href=\"http:\/\/kehila-olomouc.cz\/rs\/socialni-pece\/zakladni-informace\/\">Ve\u0159ejn\u00fd z\u00e1vazek<\/a><\/h2>\n<h2 style=\"text-align: justify;\"><a href=\"http:\/\/kehila-olomouc.cz\/rs\/socialni-pece\/popis-realizace\/\">Popis realizace<\/a><\/h2>\n<h2 style=\"text-align: justify;\"><a href=\"http:\/\/kehila-olomouc.cz\/rs\/socialni-pece\/pro-zajemce-o-sluzbu\/\">Pro z\u00e1jemce o slu\u017ebu<\/a><\/h2>\n<h2 style=\"text-align: justify;\"><a href=\"http:\/\/kehila-olomouc.cz\/rs\/socialni-pece\/dokumenty-ke-stazeni\/%20\">Dokumenty ke sta\u017een\u00ed<\/a><\/h2>\n<h2><a href=\"http:\/\/kehila-olomouc.cz\/rs\/dokumenty-2\/zapisy-socialni-a-zdravotni-komise-zo-olomouc\/\">Z\u00e1pisy soci\u00e1ln\u00ed a zdravotn\u00ed komise \u017dO Olomouc<\/a><\/h2>\n<h2 style=\"text-align: justify;\"><a href=\"http:\/\/kehila-olomouc.cz\/rs\/socialni-pece\/kontakt\/\">Kontakt<\/a><\/h2>\n<p style=\"text-align: center;\"><strong>Podporuj\u00ed n\u00e1s:<\/strong><\/p>\n<p style=\"text-align: center;\"><a href=\"http:\/\/www.fondholocaust.cz\" target=\"_blank\" rel=\"noopener\"><img loading=\"lazy\" decoding=\"async\" class=\"alignleft\" title=\"NFOH_logo\" src=\"http:\/\/kehila-olomouc.cz\/rs\/wp-content\/uploads\/NFOH_logo.jpg\" alt=\"\" width=\"289\" height=\"103\"><\/a><\/p>\n<p><a href=\"http:\/\/www.claimscon.org\/\" target=\"_blank\" rel=\"noopener\"><img loading=\"lazy\" decoding=\"async\" class=\"alignnone\" title=\"CC logo\" src=\"http:\/\/kehila-olomouc.cz\/rs\/wp-content\/uploads\/CC-logo.png\" alt=\"\" width=\"453\" height=\"99\"><\/a><\/p>\n<p><a href=\"https:\/\/kehila-olomouc.cz\/rs\/wp-content\/uploads\/BMF_Fz_2017_DTP_CMYK_ENGLISCH-Konvertiert-01-291x300-1.png\"><img loading=\"lazy\" decoding=\"async\" class=\"wp-image-9924 alignnone\" src=\"https:\/\/kehila-olomouc.cz\/rs\/wp-content\/uploads\/BMF_Fz_2017_DTP_CMYK_ENGLISCH-Konvertiert-01-291x300-1.png\" alt=\"\" width=\"229\" height=\"236\"><\/a><\/p>\n<p style=\"text-align: center;\">Poskytov\u00e1n\u00ed soci\u00e1ln\u00edch slu\u017eeb \u017eidovsk\u00fdm ob\u011btem nacistick\u00e9 perzekuce podporuj\u00ed granty<br \/>\nConference on Jewish Material Claims Against Germany, Inc. (organizac\u00ed zab\u00fdvaj\u00edc\u00ed se od\u0161kodn\u011bn\u00edm ob\u011bt\u00ed holocaustu) &nbsp;se s\u00eddlem v&nbsp;New Yorku, USA.<\/p>\n<p style=\"text-align: center;\">Tzv. fond nal\u00e9hav\u00e9 pomoci je financov\u00e1n z&nbsp;Claims Conference a rovn\u011b\u017e z&nbsp;Programu nal\u00e9hav\u00e9 pomoci pro ob\u011bti nacismu<br \/>\npod veden\u00edm Okresn\u00edho soudu Spojen\u00fdch st\u00e1t\u016f&nbsp;dohl\u00ed\u017eej\u00edc\u00edho na soudn\u00ed \u0159\u00edzen\u00ed ve v\u011bci sporu o aktiva ob\u011bt\u00ed holocaustu (\u0160v\u00fdcarsk\u00e9 banky)<\/p>\n","protected":false},"excerpt":{"rendered":"<p>Ve\u0159ejn\u00fd z\u00e1vazek<br \/>\nPopis realizace<br \/>\nPro z\u00e1jemce o slu\u017ebu<br \/>\nDokumenty ke sta\u017een\u00ed<br \/>\nZ\u00e1pisy soci\u00e1ln\u00ed a zdravotn\u00ed komise \u017dO Olomouc<br \/>\nKontakt<br \/>\nPodporuj\u00ed n\u00e1s:<\/p>\n<p>Poskytov\u00e1n\u00ed soci\u00e1ln\u00edch slu\u017eeb \u017eidovsk\u00fdm ob\u011btem nacistick\u00e9 perzekuce podporuj\u00ed granty<br \/>\nConference on Jewish Material Claims Against Germany, Inc. (organizac\u00ed zab\u00fdvaj\u00edc\u00ed se od\u0161kodn\u011bn\u00edm ob\u011bt\u00ed holocaustu) &nbsp;se s\u00eddlem v&nbsp;New Yorku, USA.<br \/>\nTzv. fond nal\u00e9hav\u00e9 pomoci je financov\u00e1n z&nbsp;Claims Conference a rovn\u011b\u017e z&nbsp;Programu nal\u00e9hav\u00e9 pomoci pro ob\u011bti nacismu<br \/>\npod veden\u00edm Okresn\u00edho soudu Spojen\u00fdch st\u00e1t\u016f&nbsp;dohl\u00ed\u017eej\u00edc\u00edho na soudn\u00ed \u0159\u00edzen\u00ed ve v\u011bci sporu o aktiva ob\u011bt\u00ed holocaustu (\u0160v\u00fdcarsk\u00e9 banky)<\/p>\n","protected":false},"author":3,"featured_media":0,"parent":0,"menu_order":4,"comment_status":"open","ping_status":"open","template":"","meta":{"ngg_post_thumbnail":0,"footnotes":""},"class_list":["post-349","page","type-page","status-publish","hentry"],"_links":{"self":[{"href":"https:\/\/kehila-olomouc.cz\/rs\/wp-json\/wp\/v2\/pages\/349"}],"collection":[{"href":"https:\/\/kehila-olomouc.cz\/rs\/wp-json\/wp\/v2\/pages"}],"about":[{"href":"https:\/\/kehila-olomouc.cz\/rs\/wp-json\/wp\/v2\/types\/page"}],"author":[{"embeddable":true,"href":"https:\/\/kehila-olomouc.cz\/rs\/wp-json\/wp\/v2\/users\/3"}],"replies":[{"embeddable":true,"href":"https:\/\/kehila-olomouc.cz\/rs\/wp-json\/wp\/v2\/comments?post=349"}],"version-history":[{"count":50,"href":"https:\/\/kehila-olomouc.cz\/rs\/wp-json\/wp\/v2\/pages\/349\/revisions"}],"predecessor-version":[{"id":9928,"href":"https:\/\/kehila-olomouc.cz\/rs\/wp-json\/wp\/v2\/pages\/349\/revisions\/9928"}],"wp:attachment":[{"href":"https:\/\/kehila-olomouc.cz\/rs\/wp-json\/wp\/v2\/media?parent=349"}],"curies":[{"name":"wp","href":"https:\/\/api.w.org\/{rel}","templated":true}]}}