{"id":20,"date":"2008-09-20T21:28:08","date_gmt":"2008-09-20T19:28:08","guid":{"rendered":"http:\/\/kehila-olomouc.cz\/rs\/?page_id=20"},"modified":"2012-02-02T22:13:07","modified_gmt":"2012-02-02T20:13:07","slug":"historie","status":"publish","type":"page","link":"https:\/\/kehila-olomouc.cz\/rs\/historie\/","title":{"rendered":"Historie"},"content":{"rendered":"<p style=\"text-align: justify;\"><span style=\"font-size: medium;\"><a href=\"http:\/\/kehila-olomouc.cz\/rs\/wp-content\/uploads\/deska-pamatniku.png\"><img loading=\"lazy\" decoding=\"async\" class=\"alignleft size-medium wp-image-537\" title=\"deska-pamatniku\" src=\"http:\/\/kehila-olomouc.cz\/rs\/wp-content\/uploads\/deska-pamatniku-163x300.png\" alt=\"\" width=\"163\" height=\"300\" \/><\/a><a href=\"http:\/\/kehila-olomouc.cz\/rs\/?page_id=24\" target=\"_self\">Historick\u00fd v\u00fdvoj \u017eidovsk\u00e9 komunity v Olomouci<\/a><\/span><\/p>\n<div><span style=\"font-size: medium;\"><a href=\"http:\/\/kehila-olomouc.cz\/rs\/?page_id=28\" target=\"_self\">V\u00fdvoj po\u010dtu obyvetel, v\u00fdznamn\u00e9 osobnosti<\/a><\/span><\/div>\n<p><span style=\"font-size: medium;\"><a href=\"http:\/\/kehila-olomouc.cz\/rs\/?page_id=32\" target=\"_self\">P\u0159\u00ednos \u017did\u016f k rozvoji m\u011bsta Olomouce<\/a><\/span><\/p>\n<p><span style=\"font-size: medium;\"><a href=\"http:\/\/kehila-olomouc.cz\/rs\/?page_id=94\" target=\"_self\">St\u0159edov\u011bk\u00e9 pam\u00e1tky<\/a><\/span><\/p>\n<div><span style=\"font-size: medium;\"><a href=\"http:\/\/kehila-olomouc.cz\/rs\/?page_id=89\">H\u0159bitovy<\/a><\/span><\/div>\n<p><span style=\"font-size: medium;\"><a href=\"http:\/\/kehila-olomouc.cz\/rs\/?page_id=96\">Synagoga a modlitebny<\/a>\u00a0 <\/span><\/p>\n<p><span style=\"font-size: medium;\"><a href=\"http:\/\/kehila-olomouc.cz\/rs\/?page_id=521\" target=\"_self\">Vzpom\u00ednky na vyp\u00e1len\u00ed olomouck\u00e9 synagogy<\/a><\/span><\/p>\n<p><span style=\"font-size: medium;\"><a href=\"http:\/\/kehila-olomouc.cz\/rs\/?page_id=92\" target=\"_self\">Pam\u00e1tn\u00edk ob\u011btem holocaustu<\/a><\/span><\/p>\n<p><span style=\"font-size: medium;\"><a href=\"http:\/\/kehila-olomouc.cz\/rs\/wp-content\/uploads\/okna.pdf\" target=\"_blank\">Okna a lavice z olomouck\u00e9 synagogy<\/a>\u00a0<\/span><\/p>\n<p style=\"text-align: justify;\"><span style=\"font-size: medium;\">Na str\u00e1nk\u00e1ch historie najdete z\u00e1kladn\u00ed\u00a0 informace o \u017eivot\u011b \u017eidovsk\u00e9 komunity v Olomouci, o v\u00fdzna\u010dn\u00fdch osobnostech \u017eidovsk\u00e9ho p\u016fvodu se vztahem k Olomouci, o p\u0159\u00ednosu \u017did\u016f k rozvoji m\u011bsta Olomouce do za\u010d\u00e1tku 2. sv\u011btov\u00e9 v\u00e1lky, kter\u00e1 p\u0159inesla nov\u00fd fenomen, holocaust. Dal\u0161\u00ed str\u00e1nky jsou v\u011bnov\u00e1ny pam\u00e1tn\u00fdm m\u00edst\u016fm a objekt\u016fm &#8211; st\u0159edov\u011bk\u00fdm pam\u00e1tk\u00e1m, h\u0159bitov\u016fm, modlitebn\u00e1m a synagoze, jej\u00edmu vyp\u00e1len\u00ed, a Pam\u00e1tn\u00edku \u00a0ob\u011btem holocaustu.<\/span><\/p>\n<p>&nbsp;<\/p>\n<p style=\"text-align: justify;\">\n","protected":false},"excerpt":{"rendered":"<p>Historick\u00fd v\u00fdvoj \u017eidovsk\u00e9 komunity v Olomouci<br \/>\nV\u00fdvoj po\u010dtu obyvetel, v\u00fdznamn\u00e9 osobnosti<br \/>\nP\u0159\u00ednos \u017did\u016f k rozvoji m\u011bsta Olomouce<br \/>\nSt\u0159edov\u011bk\u00e9 pam\u00e1tky<br \/>\nH\u0159bitovy<br \/>\nSynagoga a modlitebny\u00a0<br \/>\nVzpom\u00ednky na vyp\u00e1len\u00ed olomouck\u00e9 synagogy<br \/>\nPam\u00e1tn\u00edk ob\u011btem holocaustu<br \/>\nOkna a lavice z olomouck\u00e9 synagogy\u00a0<br \/>\nNa str\u00e1nk\u00e1ch historie najdete z\u00e1kladn\u00ed\u00a0 informace o \u017eivot\u011b \u017eidovsk\u00e9 komunity v Olomouci, o v\u00fdzna\u010dn\u00fdch osobnostech \u017eidovsk\u00e9ho p\u016fvodu se vztahem k Olomouci, o p\u0159\u00ednosu \u017did\u016f k rozvoji m\u011bsta Olomouce do za\u010d\u00e1tku 2. sv\u011btov\u00e9 v\u00e1lky, kter\u00e1 p\u0159inesla nov\u00fd fenomen, holocaust. Dal\u0161\u00ed str\u00e1nky jsou v\u011bnov\u00e1ny pam\u00e1tn\u00fdm m\u00edst\u016fm a objekt\u016fm &#8211; st\u0159edov\u011bk\u00fdm pam\u00e1tk\u00e1m, h\u0159bitov\u016fm, modlitebn\u00e1m a synagoze, jej\u00edmu vyp\u00e1len\u00ed, a Pam\u00e1tn\u00edku \u00a0ob\u011btem holocaustu.<br \/>\n&nbsp;<\/p>\n","protected":false},"author":3,"featured_media":0,"parent":0,"menu_order":1,"comment_status":"closed","ping_status":"closed","template":"","meta":{"ngg_post_thumbnail":0,"footnotes":""},"class_list":["post-20","page","type-page","status-publish","hentry"],"_links":{"self":[{"href":"https:\/\/kehila-olomouc.cz\/rs\/wp-json\/wp\/v2\/pages\/20"}],"collection":[{"href":"https:\/\/kehila-olomouc.cz\/rs\/wp-json\/wp\/v2\/pages"}],"about":[{"href":"https:\/\/kehila-olomouc.cz\/rs\/wp-json\/wp\/v2\/types\/page"}],"author":[{"embeddable":true,"href":"https:\/\/kehila-olomouc.cz\/rs\/wp-json\/wp\/v2\/users\/3"}],"replies":[{"embeddable":true,"href":"https:\/\/kehila-olomouc.cz\/rs\/wp-json\/wp\/v2\/comments?post=20"}],"version-history":[{"count":32,"href":"https:\/\/kehila-olomouc.cz\/rs\/wp-json\/wp\/v2\/pages\/20\/revisions"}],"predecessor-version":[{"id":187,"href":"https:\/\/kehila-olomouc.cz\/rs\/wp-json\/wp\/v2\/pages\/20\/revisions\/187"}],"wp:attachment":[{"href":"https:\/\/kehila-olomouc.cz\/rs\/wp-json\/wp\/v2\/media?parent=20"}],"curies":[{"name":"wp","href":"https:\/\/api.w.org\/{rel}","templated":true}]}}