{"id":1749,"date":"2009-02-06T15:59:42","date_gmt":"2009-02-06T13:59:42","guid":{"rendered":"http:\/\/kehila-olomouc.cz\/rs\/?page_id=1749"},"modified":"2012-12-11T15:34:31","modified_gmt":"2012-12-11T13:34:31","slug":"zapisy-socialni-a-zdravotni-komise-zo-olomouc","status":"publish","type":"page","link":"https:\/\/kehila-olomouc.cz\/rs\/socialni-pece\/zapisy-socialni-a-zdravotni-komise-zo-olomouc\/","title":{"rendered":"Z\u00e1pisy soci\u00e1ln\u00ed a zdravotn\u00ed komise \u017dO Olomouc"},"content":{"rendered":"","protected":true},"excerpt":{"rendered":"","protected":true},"author":3,"featured_media":0,"parent":349,"menu_order":13,"comment_status":"open","ping_status":"closed","template":"","meta":{"ngg_post_thumbnail":0,"footnotes":""},"class_list":["post-1749","page","type-page","status-publish","post-password-required","hentry"],"_links":{"self":[{"href":"https:\/\/kehila-olomouc.cz\/rs\/wp-json\/wp\/v2\/pages\/1749"}],"collection":[{"href":"https:\/\/kehila-olomouc.cz\/rs\/wp-json\/wp\/v2\/pages"}],"about":[{"href":"https:\/\/kehila-olomouc.cz\/rs\/wp-json\/wp\/v2\/types\/page"}],"author":[{"embeddable":true,"href":"https:\/\/kehila-olomouc.cz\/rs\/wp-json\/wp\/v2\/users\/3"}],"replies":[{"embeddable":true,"href":"https:\/\/kehila-olomouc.cz\/rs\/wp-json\/wp\/v2\/comments?post=1749"}],"version-history":[{"count":22,"href":"https:\/\/kehila-olomouc.cz\/rs\/wp-json\/wp\/v2\/pages\/1749\/revisions"}],"predecessor-version":[{"id":1761,"href":"https:\/\/kehila-olomouc.cz\/rs\/wp-json\/wp\/v2\/pages\/1749\/revisions\/1761"}],"up":[{"embeddable":true,"href":"https:\/\/kehila-olomouc.cz\/rs\/wp-json\/wp\/v2\/pages\/349"}],"wp:attachment":[{"href":"https:\/\/kehila-olomouc.cz\/rs\/wp-json\/wp\/v2\/media?parent=1749"}],"curies":[{"name":"wp","href":"https:\/\/api.w.org\/{rel}","templated":true}]}}