{"id":1532,"date":"2010-02-21T21:44:54","date_gmt":"2010-02-21T19:44:54","guid":{"rendered":"http:\/\/kehila-olomouc.cz\/rs\/?page_id=1532"},"modified":"2015-12-04T10:13:38","modified_gmt":"2015-12-04T08:13:38","slug":"z-nabidky-kabinetu-judaistikycentra-judaisticxkych-studii-kurta-a-ursuly-schubertovych","status":"publish","type":"page","link":"https:\/\/kehila-olomouc.cz\/rs\/soucastnost\/z-nabidky-kabinetu-judaistikycentra-judaisticxkych-studii-kurta-a-ursuly-schubertovych\/","title":{"rendered":"Centrum judaistick\u00fdch studi\u00ed Kurta a Ursuly Schubertov\u00fdch"},"content":{"rendered":"<p><strong>S\u00eddlo:<\/strong> Centrum judaistick\u00fdch studi\u00ed Kurta a Ursuly Schubertov\u00fdch, FF UP v Olomouci, T\u0159. Svobody 26, CZ &#8211; 772 00 OLOMOUC<\/p>\n<div><strong>Koresponden\u010dn\u00ed adresa:<\/strong> Centrum judaistick\u00fdch studi\u00ed Kurta a Ursuly Schubertov\u00fdch,FF UP v Olomouci, K\u0159\u00ed\u017ekovsk\u00e9ho 10, CZ &#8211; 77200 OLOMOUC<\/div>\n<div><\/div>\n<h2 style=\"text-align: center;\"><a href=\"http:\/\/www.jud.upol.cz\/\" target=\"_blank\">http:\/\/www.jud.upol.cz\/<\/a><\/h2>\n<p style=\"text-align: justify;\">Centrum judaistick\u00fdch studi\u00ed navazuje na v\u011bdeckou tradici, kter\u00e1 byla v\u00a0\u010desk\u00fdch zem\u00edch p\u0159eru\u0161ena druhou sv\u011btovou v\u00e1lkou a obdob\u00edm komunismu na v\u00edce ne\u017e p\u016fl stolet\u00ed.<\/p>\n<p style=\"text-align: justify;\">Obory Judaistika: \u017didovsk\u00e1 a izraelsk\u00e1 studia a Judaistika: D\u011bjiny a kultura \u017did\u016f zaplnily pr\u00e1zdn\u00e9 m\u00edsto vytvo\u0159en\u00e9 holocaustem a jeho n\u00e1sledky a znovu integrovaly \u017eidovsk\u00e1 t\u00e9mata do r\u00e1mce akademick\u00e9ho vzd\u011bl\u00e1v\u00e1n\u00ed a v\u00fdzkumu. U\u017e\u0161\u00ed zam\u011b\u0159en\u00ed obor\u016f na region\u00e1ln\u00ed tematiku &#8211; \u017did\u00e9 na Morav\u011b &#8211; je v\u00a0\u010cesk\u00e9 republice unik\u00e1tn\u00ed. \u010cin\u00ed tak Centrum judaistick\u00fdch studi\u00ed region\u00e1ln\u00edm v\u00fdzkumn\u00fdm a vzd\u011bl\u00e1vac\u00edm centrem a z\u00e1rove\u0148 m\u00edstem stimuluj\u00edc\u00edm z\u00e1jem o Izrael, kter\u00e9 p\u0159isp\u00edv\u00e1 k\u00a0formov\u00e1n\u00ed nezaujat\u00fdch postoj\u016f k bl\u00edzkov\u00fdchodn\u00ed problematice. V\u011bdeck\u00e9 b\u00e1d\u00e1n\u00ed v\u00a0oblasti historie a kultury \u017did\u016f v \u010desk\u00fdch zem\u00edch vy\u017eaduje interdisciplin\u00e1rn\u011b vzd\u011blan\u00e9 odborn\u00edky, kter\u00fdmi se absolventi oboru st\u00e1vaj\u00ed.<\/p>\n<p><strong>Historie:<\/strong><\/p>\n<p style=\"text-align: justify;\">Kabinet judaistiky Kurta Schuberta byl zalo\u017een z iniciativy d\u011bkana FF UP, prof. Ivo Barte\u010dka v roce 2004, p\u0159i\u010dem\u017e se o zaveden\u00ed &#8222;judaistick\u00fdch studi\u00ed&#8220; na UP diskutovalo ji\u017e p\u0159ed mnoha lety: prvn\u00ed kroky t\u00edmto sm\u011brem podnikal ji\u017e prof. J. Ja\u0159ab, prvn\u00ed porevolu\u010dn\u00ed rektor; v\u016fle etablovat judaistick\u00e1 studia na UP &#8222;vis\u00ed ve vzduchu&#8220; ji\u017e dob\u0159e 10 let.<\/p>\n<p style=\"text-align: justify;\">Zalo\u017een\u00ed Kabinetu judaistiky a snaha o etablov\u00e1n\u00ed studijn\u00edho oboru judaistika reagovali na sou\u010dasn\u00fd stav problematiky: Ve 40 letech komunistick\u00e9ho re\u017eimu, latentn\u011b i otev\u0159en\u011b antisemitsk\u00e9ho, bylo jak\u00e9koli b\u00e1d\u00e1n\u00ed \u010di jak\u00e1koli otev\u0159en\u00e1 diskuse \u017eidovsk\u00e9 problematiky zapov\u011bzena. Hrstka \u017eidovsk\u00fdch instituc\u00ed \u017eivo\u0159ila pod p\u0159\u00edsn\u00fdm dohledem StB, odborn\u00edci v\u0161ech zam\u011b\u0159en\u00ed ode\u0161li do exilu, anebo byli nuceni v\u011bnovat se jin\u00e9 pr\u00e1ci. V\u00fdsledky t\u00e9to politiky jsou alarmuj\u00edc\u00ed: Do\u0161lo k dal\u0161\u00edmu vylidn\u011bn\u00ed \u017eidovsk\u00fdch obc\u00ed, ke ztr\u00e1t\u011b kontinuity s p\u0159edv\u00e1le\u010dn\u00fdm v\u00fdvojem, ke ztr\u00e1t\u011b schopnosti v\u011bdecky i publicisticky zpracov\u00e1vat &#8222;\u017eidovsk\u00e1 t\u00e9mata&#8220; (\u010desk\u00e9 a moravsk\u00e9 archivy jsou pln\u00e9 text\u016f psan\u00fdch hebrejsky a jidi\u0161, kter\u00e9 dnes nikdo neum\u00ed \u010d\u00edst; neznalosti \u017eidovsk\u00e9 problematiky mezi novin\u00e1\u0159i &#8211; by\u0165 seri\u00f3zn\u00edch m\u00e9di\u00ed &#8211; jsou katastrof\u00e1ln\u00ed), k vymizen\u00ed \u017eidovsk\u00fdch t\u00e9mat z osnov \u0161kol a univerzit. Zat\u00edmco judaistika je na zahrani\u010dn\u00edch univerzit\u00e1ch p\u0159edm\u011btem samostatn\u00fdch studijn\u00edch program\u016f, v \u010cesk\u00e9 republice je z\u0159eteln\u00fd studentsk\u00fd z\u00e1jem o tuto problematiku bu\u010fto ignorov\u00e1n nebo podchycov\u00e1n n\u00e1hodn\u00fdmi kurzy.<\/p>\n<p style=\"text-align: justify;\">\u00a0Filozofick\u00e1 fakulta UP sm\u011b\u0159uje ji\u017e n\u011bkolik let ke stimulaci z\u00e1jmu uchaze\u010d\u016f o sv\u00e9 obory cestou zvy\u0161ov\u00e1n\u00ed nab\u00eddky nov\u00fdch kvalitn\u00edch studijn\u00edch program\u016f v navazuj\u00edc\u00edm magistersk\u00e9m studiu, k jeho\u017e absolvov\u00e1n\u00ed se m\u016f\u017ee p\u0159ihl\u00e1sit uchaze\u010d s bakal\u00e1\u0159sk\u00fdm diplomem z univerzit a V\u0160 v \u010cesk\u00e9 republice i v zahrani\u010d\u00ed. Obor &#8222;Judaistika: d\u011bjiny a kultura \u017did\u016f&#8220;, p\u0159ipravovan\u00fd v souladu s touto prioritou FF, byl koncipov\u00e1n jako interdisciplin\u00e1rn\u00ed studium &#8222;v\u011bdy o kultu\u0159e&#8220; s modul\u00e1rn\u00ed skladbou p\u0159edm\u011bt\u016f, p\u0159i\u010dem\u017e obsah i organiza\u010dn\u00ed formy studia byli pl\u00e1nov\u00e1ny tak, aby studium bylo kompatibiln\u00ed se zahrani\u010dn\u00edmi univerzitami a snadno modifikovateln\u00e9 pro distan\u010dn\u00ed formy studia. Tomuto z\u00e1m\u011bru odpov\u00edd\u00e1 i d\u016fraz, kter\u00fd je kladen na ovl\u00e1d\u00e1n\u00ed ciz\u00edch jazyk\u016f a jejich pou\u017eit\u00ed p\u0159i studiu (n\u011bm\u010dina, angli\u010dtina, ivrit, jidi\u0161).<\/p>\n<p style=\"text-align: justify;\">\u00a0Kabinet judaistiky zavedl ji\u017e v akademick\u00e9m roce 2004\/2005 pro studenty v\u0161ech fakult UP v\u00fduku kreditov\u011b hodnocen\u00fdch judaistick\u00fdch kurz\u016f (semin\u00e1\u0159e, cyklus p\u0159edn\u00e1\u0161ek, jazykov\u00e1 cvi\u010den\u00ed), p\u0159i\u010dem\u017e hlavn\u00edm \u00fakolem kabinetu v t\u011bchto po\u010d\u00e1te\u010dn\u00edch f\u00e1z\u00edch v\u00fdvoje bylo:<\/p>\n<p style=\"text-align: justify;\">&#8211; sondovat prost\u0159ednictv\u00edm t\u00e9to nab\u00eddky z\u00e1jem student\u016f o p\u0159ipravovan\u00fd obor (setkali jsme se v tomto ohledu s velk\u00fdm ohlasem: nab\u00edzen\u00e9 kurzy jsou napln\u011bn\u00e9, cyklus p\u0159edn\u00e1\u0161ek nav\u0161t\u011bvuje v pr\u016fm\u011bru 50 poslucha\u010d\u016f r\u016fzn\u00fdch fakult UP,<\/p>\n<p style=\"text-align: justify;\">&#8211; sondovat prost\u0159ednictv\u00edm t\u00e9to nab\u00eddky m\u00edru schopnosti FF a CMTF (spolupr\u00e1ce obou fakult je v tomto ohledu p\u0159\u00edkladn\u00e1) zajistit v\u00fduku judaistiky vlastn\u00edmi silami. T\u00edmto postupem kabinet kolem sebe soust\u0159edil okruh u\u010ditel\u016f UP, kte\u0159\u00ed se i nad\u00e1le budou pod\u00edlet na \u00fasp\u011b\u0161n\u00e9m chodu oboru,<\/p>\n<p style=\"text-align: justify;\">&#8211; nav\u00e1zat kontakty s podobn\u011b zam\u011b\u0159en\u00fdmi pracovi\u0161ti tuzemsk\u00fdmi i zahrani\u010dn\u00edmi.<\/p>\n<p style=\"text-align: justify;\">\u00a0Kardin\u00e1ln\u00edm \u00fakolem Kabinetu judaistiky ov\u0161em bylo vypracovat akredita\u010dn\u00ed materi\u00e1l a po\u017e\u00e1dat Ministerstvo \u0161kolstv\u00ed \u010cR o povolen\u00ed vyu\u010dovat studijn\u00ed obor. Akredita\u010dn\u00ed materi\u00e1l byl odevzd\u00e1n v srpnu roku 2005, kladn\u00fd v\u00fdrok Akredita\u010dn\u00ed komise M\u0160MT pak padnul na ja\u0159e 2006. Na z\u00e1klad\u011b toho byli p\u0159ijati prvn\u00ed studenti magistersk\u00e9ho navazuj\u00edc\u00edho studia pro akademick\u00fd rok 2006.<\/p>\n<p style=\"text-align: justify;\">\u00a0D\u00edky finan\u010dn\u00edm prost\u0159edk\u016fm tzv. rozvojov\u00e9ho programu M\u0160MT a d\u00edky finan\u010dn\u00ed podpo\u0159e FF UP si kabinet mohl zajistit z\u00e1kladn\u00ed infrastrukturu: dv\u011b vybaven\u00e9 pracovny na ul. 1. m\u00e1je 5, z\u00e1rodek z\u00e1kladn\u00edho kni\u017en\u00edho fondu. D\u00edky dobr\u00fdm vztah\u016fm k Centru distan\u010dn\u00edho vzd\u011bl\u00e1v\u00e1n\u00ed FF UP vyu\u017e\u00edv\u00e1 kabinet od zimn\u00edho semestru 2005 tak\u00e9 novou multimedi\u00e1ln\u00ed u\u010debnu n\u00e1le\u017e\u00edc\u00ed Centru distan\u010dn\u00edho vzd\u011bl\u00e1v\u00e1n\u00ed ve stejn\u00e9m objektu.<\/p>\n<p style=\"text-align: justify;\">\u00a0Slavnostn\u00edmu otev\u0159en\u00ed pracovi\u0161t\u011b Kabinetu judaistiky FF UP, kter\u00e9 se konalo dne 30.9. 2006 byl mimo jin\u00e9 p\u0159\u00edtomen i ned\u00e1vno zem\u0159el\u00fd sv\u011btov\u011b proslul\u00fd judaista, prof. Kurt Schubert, nestor a zakladatel partnersk\u00e9 v\u00edde\u0148sk\u00e9 judaistiky.<\/p>\n<p style=\"text-align: justify;\">B\u011bhem prvn\u00edch dvou let p\u016fsoben\u00ed se kabinet vyprofiloval v dob\u0159e funguj\u00edc\u00ed pracovi\u0161t\u011b, kter\u00e9 i nad\u00e1le funguje na syst\u00e9mu interdisciplinarity. Ta se prom\u00edtla i do slo\u017een\u00ed doktorandsk\u00e9ho t\u00fdmu, kter\u00fd se z\u00e1sadn\u011b pod\u00edl\u00ed na v\u00fduce i na chodu cel\u00e9ho kabinetu. Nab\u00eddka vyu\u010dovan\u00fdch p\u0159edm\u011bt\u016f je velmi pestr\u00e1 a rozr\u016fst\u00e1 se podle pot\u0159eb a zvy\u0161uj\u00edc\u00edho se po\u010dtu student\u016f.<\/p>\n<p style=\"text-align: justify;\">B\u011bhem b\u0159ezna a\u017e kv\u011btna 2007 do\u0161lo ke zna\u010dn\u00e9mu roz\u0161\u00ed\u0159en\u00ed knihovn\u00edho fondu Kabinetu judaistiky z\u00e1sluhou velkorys\u00e9 bezplatn\u00e9 p\u016fj\u010dky asi 400 svazk\u016f, kterou poskytlo sdru\u017een\u00ed &#8222;Respekt a tolerance&#8220;.<\/p>\n<p style=\"text-align: justify;\">Kabinet judaistiky tak\u00e9 v letn\u00edm semestru roku 2007 podal dv\u011b \u017e\u00e1dosti o na podporu sv\u00e9ho rozvoje. V\u00fdrok Grantov\u00e9 agentury \u010cR a Grantov\u00e9 agentury Akademie V\u011bd lze o\u010dek\u00e1vat koncem roku 2007.<\/p>\n<p style=\"text-align: justify;\">\u00a0<strong>\u010clenov\u00e9 centra<\/strong>:<\/p>\n<p style=\"text-align: justify;\">Obor D\u011bjiny a kultura \u017did\u016f je oborem interdisciplin\u00e1rn\u00edm, na v\u00fduce se pod\u00edlej\u00ed odborn\u00edci z r\u016fzn\u00fdch obor\u016f\/kateder FF UP a CMTF i jin\u00fdch pracovi\u0161\u0165. (Kurzy, kter\u00e9 vyu\u010duj\u00edc\u00ed nab\u00edzej\u00ed v oboru judaistika jsou sou\u010dasn\u011b kurzy v jejich z\u00e1kladn\u00edch oborech a jako takov\u00e9 se zapo\u010d\u00edt\u00e1vaj\u00ed i student\u016fm jin\u00fdch obor\u016f). Person\u00e1ln\u00ed struktura oboru judaistika je proto slo\u017eena z pracovn\u00edk\u016f 1. &#8222;kmenov\u00fdch&#8220; (oborov\u00e1 rada, garanti jednotliv\u00fdch modul\u016f) a 2. z pracovn\u00edk\u016f &#8222;voln\u011b p\u0159idru\u017een\u00fdch&#8220;, kte\u0159\u00ed se nepravideln\u011b pod\u00edlej\u00ed na nab\u00eddce jednotliv\u00fdch kurz\u016f.<\/p>\n","protected":false},"excerpt":{"rendered":"<div style=\\\"text-align:justify;\\\">S\u00eddlo: Centrum judaistick\u00fdch studi\u00ed Kurta a Ursuly Schubertov\u00fdch, FF UP v Olomouci, T\u0159. Svobody 26, CZ &#8211; 772 00 OLOMOUC<br \/>\nKoresponden\u010dn\u00ed adresa: Centrum judaistick\u00fdch studi\u00ed Kurta a Ursuly Schubertov\u00fdch,FF UP v Olomouci, K\u0159\u00ed\u017ekovsk\u00e9ho 10, CZ &#8211; 77200 OLOMOUC<\/p>\n<p>http:\/\/www.jud.upol.cz\/<br \/>\nCentrum judaistick\u00fdch studi\u00ed navazuje na v\u011bdeckou tradici, kter\u00e1 byla v\u00a0\u010desk\u00fdch zem\u00edch p\u0159eru\u0161ena druhou sv\u011btovou v\u00e1lkou a obdob\u00edm komunismu na v\u00edce ne\u017e p\u016fl stolet\u00ed.<br \/>\nObory Judaistika: \u017didovsk\u00e1 a izraelsk\u00e1 studia a Judaistika: D\u011bjiny a kultura \u017did\u016f zaplnily pr\u00e1zdn\u00e9 m\u00edsto vytvo\u0159en\u00e9 holocaustem a jeho n\u00e1sledky a znovu integrovaly \u017eidovsk\u00e1 t\u00e9mata do r\u00e1mce akademick\u00e9ho vzd\u011bl\u00e1v\u00e1n\u00ed a v\u00fdzkumu. U\u017e\u0161\u00ed &#8230;<\/p><\/div>\n","protected":false},"author":3,"featured_media":0,"parent":48,"menu_order":6,"comment_status":"open","ping_status":"open","template":"","meta":{"ngg_post_thumbnail":0,"footnotes":""},"class_list":["post-1532","page","type-page","status-publish","hentry"],"_links":{"self":[{"href":"https:\/\/kehila-olomouc.cz\/rs\/wp-json\/wp\/v2\/pages\/1532"}],"collection":[{"href":"https:\/\/kehila-olomouc.cz\/rs\/wp-json\/wp\/v2\/pages"}],"about":[{"href":"https:\/\/kehila-olomouc.cz\/rs\/wp-json\/wp\/v2\/types\/page"}],"author":[{"embeddable":true,"href":"https:\/\/kehila-olomouc.cz\/rs\/wp-json\/wp\/v2\/users\/3"}],"replies":[{"embeddable":true,"href":"https:\/\/kehila-olomouc.cz\/rs\/wp-json\/wp\/v2\/comments?post=1532"}],"version-history":[{"count":25,"href":"https:\/\/kehila-olomouc.cz\/rs\/wp-json\/wp\/v2\/pages\/1532\/revisions"}],"predecessor-version":[{"id":7679,"href":"https:\/\/kehila-olomouc.cz\/rs\/wp-json\/wp\/v2\/pages\/1532\/revisions\/7679"}],"up":[{"embeddable":true,"href":"https:\/\/kehila-olomouc.cz\/rs\/wp-json\/wp\/v2\/pages\/48"}],"wp:attachment":[{"href":"https:\/\/kehila-olomouc.cz\/rs\/wp-json\/wp\/v2\/media?parent=1532"}],"curies":[{"name":"wp","href":"https:\/\/api.w.org\/{rel}","templated":true}]}}